{"id":2961,"date":"2016-09-07T18:18:30","date_gmt":"2016-09-07T16:18:30","guid":{"rendered":"http:\/\/www.taxialicante.eu\/voorwaarden-transfer-luchthaven-taxi\/"},"modified":"2024-04-30T20:27:12","modified_gmt":"2024-04-30T18:27:12","slug":"allgemeine-geschafts-bedingungen","status":"publish","type":"page","link":"https:\/\/taxialicante.eu\/de\/allgemeine-geschafts-bedingungen\/","title":{"rendered":"Allgemeine Gesch\u00e4ftsbedingungen"},"content":{"rendered":"<section class=\"wpb-content-wrapper\"><p>[vc_row css=&#8221;.vc_custom_1487152582755{margin-top: -15px !important;margin-bottom: 60px !important;}&#8221;][vc_column][rev_slider_vc alias=&#8221;slider-faqs&#8221;][\/vc_column][\/vc_row][vc_row][vc_column css=&#8221;.vc_custom_1487104510437{margin-top: -30px !important;}&#8221;][vc_column_text]Die Verlegungs-Dienstleistungen von Taxi Alicante (<strong><a style=\"color: #e62d38;\" href=\"https:\/\/taxialicante.eu\/de\/flughafenservice-alicante-valencia\/\">Flughafenservice<\/a><\/strong>, <strong><a style=\"color: #e62d38;\" href=\"https:\/\/taxialicante.eu\/de\/taxiservice-taxitransfer-costablanca\/\">Taxiservice<\/a><\/strong> und <strong><a style=\"color: #e62d38;\" href=\"https:\/\/taxialicante.eu\/de\/unternehmen-transfer-verlegung-spanien\/\">Unternehmen\u00a0transfer<\/a><\/strong>) richten sich nach folgenden allgemeinen Bedingungen:[\/vc_column_text][vc_column_text css=&#8221;.vc_custom_1714501630960{margin-top: -5px !important;margin-bottom: 20px !important;padding-left: 40px !important;}&#8221;]<\/p>\n<ul>\n<li><em>Taxi Alicante ist nicht verantwortlich f\u00fcr Versp\u00e4tungen w\u00e4hrend der Verlegungs-Dienstleistung, welche durch Verkehrsstauungen, unvorhersehbare Pannen, Wetter-Verh\u00e4ltnisse, u.s.w. verursacht werden und den Verlust des entsprechenden Fluges zur Folge haben k\u00f6nnen. Aus diesem Grund sollten Sie sich vergewissern, dass Sie einen vern\u00fcnftigen Zeitpunkt f\u00fcr den Abholdienst angeben, damit m\u00f6gliche Versp\u00e4tungen Ihre p\u00fcnktliche Anwesenheit am Flughafen oder in anderen Bestimmungsorten nicht verhindern k\u00f6nnen.<\/em><\/li>\n<li><em>Um uns zu vergewissern, dass die erw\u00fcnschte Dienstleistung in korrekter Art und Weise durchgef\u00fchrt wird, soll der Fahrgast, der den Service verlangt, alle Angaben gew\u00e4hren, welche von Taxi Alicante erfordert werden. Man soll wenigstens die Adresse des Abholens und\/oder des Bestimmungsortes, den Zeitpunkt des Abholens oder beziehungsweise der Ankunft des Fluges und eine Telefonnummer angeben.<\/em><\/li>\n<li><em>Beim Abholen am Flughafen soll der Antragsteller den Fahrer von Taxi Alicante suchen, welcher ein Plakat mit dem Namen des Antragstellers aufrecht halten wird. Deswegen, sollte der Antragsteller sich nicht in dem im voraus angegebenen Flug befinden, w\u00e4re es angemessen, sowohl diese \u00c4nderung als auch m\u00f6gliche wichtige \u00c4nderungen des Zeitpunktes der Ankunft und\/oder des Abholens so bald wie nur m\u00f6glich bekanntzugeben. Sollte diese Bedingung nicht erf\u00fcllt werden, wird der Antragsteller mit den gesamten Unkosten der verlangten Verlegung und, beziehungsweise, mit den Kosten der bereits durchgef\u00fchrten Verlegung belastet werden.<\/em><\/li>\n<li><em>Kindersitze\/H\u00f6henkissen sind <strong>AUF IHRE ANFRAGE<\/strong> kostenlos erh\u00e4ltlich. Sie als Kunde m\u00fcssen also immer angeben, ob es Kinder gibt, die einen Autositz ben\u00f6tigen. Dies ist f\u00fcr Kinder bis 12 Jahre obligatorisch. Wenn Sie dies nicht reservieren und die Dienstleistung aus Sicherheits- und Versicherungsgr\u00fcnden nicht durchgef\u00fchrt werden kann, haften Sie und m\u00fcssen in jedem Fall 100% der Transfer bezahlen.<\/em><\/li>\n<li><em>Die Fahrg\u00e4ste sind f\u00fcr jeden eingetretenen Schaden von seiten der Antragsteller verantwortlich, die Taxi Alicante betreffen und sch\u00e4digen.<\/em><\/li>\n<li><em>Taxi Alicante hat die zugeh\u00f6rigen gesetzliche Versicherungen f\u00fcr die Verlegung von Personen abgeschlossen.<\/em><\/li>\n<li><em>Reklamationen gegen der von Taxi Alicante ausgef\u00fchrten Dienstleistung werden nur dann angenommen wenn diese mittels Einschreibebrief innerhalb 8 Tagen nach der ausgef\u00fchrten Dienstleistung zugeschickt werden. Die Reklamation bildet keinen Grund daf\u00fcr, dass man die Zahlung f\u00fcr den durchgef\u00fchrten Service nicht leisten oder hinausschieben kann.<\/em><\/li>\n<li><em>Die Wartezeit unserer Fahrer am Flughafen betr\u00e4gt maximal 1 Stunde nach der Landung des Flugzeugs. Wenn sich diese Zeit verl\u00e4ngert, wird der vereinbarte Gesamtpreis f\u00fcr die Verlegung um 20 Euro erh\u00f6ht.<\/em><\/li>\n<li><em>Das Unternehmen Taxi Alicante beh\u00e4lt das Recht, eine Verlegungs-Dienstleistung wegen Ursachen ausser seiner Kontrolle wie chaotische Verkehrsstauungen, gef\u00e4hrliche Wetter-Verh\u00e4ltnisse, Anschl\u00e4ge u.s.w. kurzfristig zu annullieren. Trotzdem werden wir alles tun, um solche Annullierungen in diesen Situationen zu vermeiden.<\/em><\/li>\n<li><em>Sie k\u00f6nnen bis zu 24 Stunden vor Reiseantritt stornieren. Danach sind wir verpflichtet, Ihnen den vollen Preis in Rechnung zu stellen.<\/em><\/li>\n<li><em>Die Zahlung kann im voraus mittels Bank\u00fcberweisung auf das Konto IBAN ES82 3045 2662 4027 2001 0013 &#8211; B.I.C.: CCRIES2A045 durchgef\u00fchrt werden. Wenn die Zahlung durchgef\u00fchrt ist, Leiten Sie eine Kopie als Beweis. Auf unserer Website www.taxialicante.eu k\u00f6nnen Sie online per Kreditkarte buchen und bezahlen.<\/em><\/li>\n<li><em>Im Falle von Konflikt und Streit sind nur die Gerichtsh\u00f6fe des Rechtsgebietes, zu welchem der Gesch\u00e4ftssitz der Firma Taxi Alicante geh\u00f6rt, zust\u00e4ndig.<\/em><\/li>\n<\/ul>\n<p>[\/vc_column_text][vc_column_text css=&#8221;.vc_custom_1491121444235{margin-top: 10px !important;margin-bottom: -30px !important;}&#8221;]Sollten sich irgendwelche Zweifel erheben oder wenn Sie weitere Information \u00fcber unsere allgemeinen Gesch\u00e4fts bedingungen ben\u00f6tigen, setzen Sie sich bitte in Verbindung mit uns per <a style=\"color: #e62d38;\" href=\"https:\/\/taxialicante.eu\/de\/gunstige-flughafentransfer\/\"><strong>Email<\/strong><\/a> oder Telefon.[\/vc_column_text][\/vc_column][\/vc_row]<\/p>\n<\/section>","protected":false},"excerpt":{"rendered":"<p>[vc_row css=&#8221;.vc_custom_1487152582755{margin-top: -15px !important;margin-bottom: 60px !important;}&#8221;][vc_column][rev_slider_vc alias=&#8221;slider-faqs&#8221;][\/vc_column][\/vc_row][vc_row][vc_column css=&#8221;.vc_custom_1487104510437{margin-top: -30px !important;}&#8221;][vc_column_text]Die Verlegungs-Dienstleistungen von Taxi Alicante (Flughafenservice, Taxiservice und Unternehmen\u00a0transfer) richten sich nach folgenden allgemeinen Bedingungen:[\/vc_column_text][vc_column_text css=&#8221;.vc_custom_1714501630960{margin-top: -5px !important;margin-bottom: 20px !important;padding-left: 40px !important;}&#8221;] Taxi Alicante ist nicht verantwortlich f\u00fcr Versp\u00e4tungen w\u00e4hrend der Verlegungs-Dienstleistung, welche durch Verkehrsstauungen, unvorhersehbare Pannen, Wetter-Verh\u00e4ltnisse, u.s.w. verursacht werden und den Verlust des entsprechenden Fluges zur Folge haben k\u00f6nnen. Aus diesem Grund sollten Sie sich vergewissern, dass Sie einen vern\u00fcnftigen Zeitpunkt f\u00fcr den Abholdienst angeben, damit m\u00f6gliche Versp\u00e4tungen Ihre p\u00fcnktliche Anwesenheit am Flughafen oder in anderen Bestimmungsorten nicht verhindern k\u00f6nnen. Um uns zu vergewissern, dass die erw\u00fcnschte Dienstleistung in korrekter Art und Weise durchgef\u00fchrt wird, soll der Fahrgast, der den Service verlangt, alle Angaben gew\u00e4hren, welche von Taxi Alicante erfordert werden. Man soll wenigstens die Adresse des Abholens und\/oder des Bestimmungsortes, den Zeitpunkt des Abholens oder beziehungsweise der Ankunft des Fluges und eine Telefonnummer angeben. Beim Abholen am Flughafen soll der Antragsteller den Fahrer von Taxi Alicante suchen, welcher ein Plakat mit dem Namen des Antragstellers aufrecht halten wird. Deswegen, sollte der Antragsteller sich nicht in dem im voraus angegebenen Flug befinden, w\u00e4re es angemessen, sowohl diese \u00c4nderung als auch m\u00f6gliche wichtige \u00c4nderungen des Zeitpunktes der Ankunft und\/oder des [&hellip;]<\/p>\n","protected":false},"author":1,"featured_media":0,"parent":0,"menu_order":0,"comment_status":"closed","ping_status":"closed","template":"","meta":{"footnotes":""},"class_list":["post-2961","page","type-page","status-publish","hentry"],"yoast_head":"<!-- This site is optimized with the Yoast SEO plugin v26.5 - https:\/\/yoast.com\/wordpress\/plugins\/seo\/ -->\n<title>Bedingungen f\u00fcr Flughafenservice von Taxi Alicante, Alicante und Valencia<\/title>\n<meta name=\"description\" content=\"Die Fahrt mit Taxi Alicante (Flughafenservice Alicante und Valencia, Taxiservice, Unternehmentransfer) richtet sich nach folgenden Gesch\u00e4fts bedingungen\" \/>\n<meta name=\"robots\" content=\"index, follow, max-snippet:-1, max-image-preview:large, max-video-preview:-1\" \/>\n<meta property=\"og:locale\" content=\"de_DE\" \/>\n<meta property=\"og:type\" content=\"article\" \/>\n<meta property=\"og:title\" content=\"Bedingungen f\u00fcr Flughafenservice von Taxi Alicante, Alicante und Valencia\" \/>\n<meta property=\"og:description\" content=\"Die Fahrt mit Taxi Alicante (Flughafenservice Alicante und Valencia, Taxiservice, Unternehmentransfer) richtet sich nach folgenden Gesch\u00e4fts bedingungen\" \/>\n<meta property=\"og:url\" content=\"https:\/\/taxialicante.eu\/de\/allgemeine-geschafts-bedingungen\/\" \/>\n<meta property=\"og:site_name\" content=\"Taxi Alicante\" \/>\n<meta property=\"article:publisher\" content=\"https:\/\/www.facebook.com\/taxialicantevalencia\/?fref=ts\" \/>\n<meta property=\"article:modified_time\" content=\"2024-04-30T18:27:12+00:00\" \/>\n<meta name=\"twitter:card\" content=\"summary_large_image\" \/>\n<meta name=\"twitter:label1\" content=\"Est. reading time\" \/>\n\t<meta name=\"twitter:data1\" content=\"3 minutes\" \/>\n<script type=\"application\/ld+json\" class=\"yoast-schema-graph\">{\"@context\":\"https:\/\/schema.org\",\"@graph\":[{\"@type\":\"WebPage\",\"@id\":\"https:\/\/taxialicante.eu\/de\/allgemeine-geschafts-bedingungen\/\",\"url\":\"https:\/\/taxialicante.eu\/de\/allgemeine-geschafts-bedingungen\/\",\"name\":\"Bedingungen f\u00fcr Flughafenservice von Taxi Alicante, Alicante und Valencia\",\"isPartOf\":{\"@id\":\"https:\/\/taxialicante.eu\/#website\"},\"datePublished\":\"2016-09-07T16:18:30+00:00\",\"dateModified\":\"2024-04-30T18:27:12+00:00\",\"description\":\"Die Fahrt mit Taxi Alicante (Flughafenservice Alicante und Valencia, Taxiservice, Unternehmentransfer) richtet sich nach folgenden Gesch\u00e4fts bedingungen\",\"breadcrumb\":{\"@id\":\"https:\/\/taxialicante.eu\/de\/allgemeine-geschafts-bedingungen\/#breadcrumb\"},\"inLanguage\":\"de\",\"potentialAction\":[{\"@type\":\"ReadAction\",\"target\":[\"https:\/\/taxialicante.eu\/de\/allgemeine-geschafts-bedingungen\/\"]}]},{\"@type\":\"BreadcrumbList\",\"@id\":\"https:\/\/taxialicante.eu\/de\/allgemeine-geschafts-bedingungen\/#breadcrumb\",\"itemListElement\":[{\"@type\":\"ListItem\",\"position\":1,\"name\":\"Home\",\"item\":\"https:\/\/taxialicante.eu\/de\/\"},{\"@type\":\"ListItem\",\"position\":2,\"name\":\"Allgemeine Gesch\u00e4ftsbedingungen\"}]},{\"@type\":\"WebSite\",\"@id\":\"https:\/\/taxialicante.eu\/#website\",\"url\":\"https:\/\/taxialicante.eu\/\",\"name\":\"Taxi Alicante\",\"description\":\"25 jaar ervaring in luchthavenvervoer\",\"publisher\":{\"@id\":\"https:\/\/taxialicante.eu\/#organization\"},\"potentialAction\":[{\"@type\":\"SearchAction\",\"target\":{\"@type\":\"EntryPoint\",\"urlTemplate\":\"https:\/\/taxialicante.eu\/?s={search_term_string}\"},\"query-input\":{\"@type\":\"PropertyValueSpecification\",\"valueRequired\":true,\"valueName\":\"search_term_string\"}}],\"inLanguage\":\"de\"},{\"@type\":\"Organization\",\"@id\":\"https:\/\/taxialicante.eu\/#organization\",\"name\":\"Taxi Alicante\",\"url\":\"https:\/\/taxialicante.eu\/\",\"logo\":{\"@type\":\"ImageObject\",\"inLanguage\":\"de\",\"@id\":\"https:\/\/taxialicante.eu\/#\/schema\/logo\/image\/\",\"url\":\"https:\/\/taxialicante.eu\/wp-content\/uploads\/2017\/02\/logo-red-1.png\",\"contentUrl\":\"https:\/\/taxialicante.eu\/wp-content\/uploads\/2017\/02\/logo-red-1.png\",\"width\":350,\"height\":84,\"caption\":\"Taxi Alicante\"},\"image\":{\"@id\":\"https:\/\/taxialicante.eu\/#\/schema\/logo\/image\/\"},\"sameAs\":[\"https:\/\/www.facebook.com\/taxialicantevalencia\/?fref=ts\"]}]}<\/script>\n<!-- \/ Yoast SEO plugin. -->","yoast_head_json":{"title":"Bedingungen f\u00fcr Flughafenservice von Taxi Alicante, Alicante und Valencia","description":"Die Fahrt mit Taxi Alicante (Flughafenservice Alicante und Valencia, Taxiservice, Unternehmentransfer) richtet sich nach folgenden Gesch\u00e4fts bedingungen","robots":{"index":"index","follow":"follow","max-snippet":"max-snippet:-1","max-image-preview":"max-image-preview:large","max-video-preview":"max-video-preview:-1"},"og_locale":"de_DE","og_type":"article","og_title":"Bedingungen f\u00fcr Flughafenservice von Taxi Alicante, Alicante und Valencia","og_description":"Die Fahrt mit Taxi Alicante (Flughafenservice Alicante und Valencia, Taxiservice, Unternehmentransfer) richtet sich nach folgenden Gesch\u00e4fts bedingungen","og_url":"https:\/\/taxialicante.eu\/de\/allgemeine-geschafts-bedingungen\/","og_site_name":"Taxi Alicante","article_publisher":"https:\/\/www.facebook.com\/taxialicantevalencia\/?fref=ts","article_modified_time":"2024-04-30T18:27:12+00:00","twitter_card":"summary_large_image","twitter_misc":{"Est. reading time":"3 minutes"},"schema":{"@context":"https:\/\/schema.org","@graph":[{"@type":"WebPage","@id":"https:\/\/taxialicante.eu\/de\/allgemeine-geschafts-bedingungen\/","url":"https:\/\/taxialicante.eu\/de\/allgemeine-geschafts-bedingungen\/","name":"Bedingungen f\u00fcr Flughafenservice von Taxi Alicante, Alicante und Valencia","isPartOf":{"@id":"https:\/\/taxialicante.eu\/#website"},"datePublished":"2016-09-07T16:18:30+00:00","dateModified":"2024-04-30T18:27:12+00:00","description":"Die Fahrt mit Taxi Alicante (Flughafenservice Alicante und Valencia, Taxiservice, Unternehmentransfer) richtet sich nach folgenden Gesch\u00e4fts bedingungen","breadcrumb":{"@id":"https:\/\/taxialicante.eu\/de\/allgemeine-geschafts-bedingungen\/#breadcrumb"},"inLanguage":"de","potentialAction":[{"@type":"ReadAction","target":["https:\/\/taxialicante.eu\/de\/allgemeine-geschafts-bedingungen\/"]}]},{"@type":"BreadcrumbList","@id":"https:\/\/taxialicante.eu\/de\/allgemeine-geschafts-bedingungen\/#breadcrumb","itemListElement":[{"@type":"ListItem","position":1,"name":"Home","item":"https:\/\/taxialicante.eu\/de\/"},{"@type":"ListItem","position":2,"name":"Allgemeine Gesch\u00e4ftsbedingungen"}]},{"@type":"WebSite","@id":"https:\/\/taxialicante.eu\/#website","url":"https:\/\/taxialicante.eu\/","name":"Taxi Alicante","description":"25 jaar ervaring in luchthavenvervoer","publisher":{"@id":"https:\/\/taxialicante.eu\/#organization"},"potentialAction":[{"@type":"SearchAction","target":{"@type":"EntryPoint","urlTemplate":"https:\/\/taxialicante.eu\/?s={search_term_string}"},"query-input":{"@type":"PropertyValueSpecification","valueRequired":true,"valueName":"search_term_string"}}],"inLanguage":"de"},{"@type":"Organization","@id":"https:\/\/taxialicante.eu\/#organization","name":"Taxi Alicante","url":"https:\/\/taxialicante.eu\/","logo":{"@type":"ImageObject","inLanguage":"de","@id":"https:\/\/taxialicante.eu\/#\/schema\/logo\/image\/","url":"https:\/\/taxialicante.eu\/wp-content\/uploads\/2017\/02\/logo-red-1.png","contentUrl":"https:\/\/taxialicante.eu\/wp-content\/uploads\/2017\/02\/logo-red-1.png","width":350,"height":84,"caption":"Taxi Alicante"},"image":{"@id":"https:\/\/taxialicante.eu\/#\/schema\/logo\/image\/"},"sameAs":["https:\/\/www.facebook.com\/taxialicantevalencia\/?fref=ts"]}]}},"_links":{"self":[{"href":"https:\/\/taxialicante.eu\/de\/wp-json\/wp\/v2\/pages\/2961","targetHints":{"allow":["GET"]}}],"collection":[{"href":"https:\/\/taxialicante.eu\/de\/wp-json\/wp\/v2\/pages"}],"about":[{"href":"https:\/\/taxialicante.eu\/de\/wp-json\/wp\/v2\/types\/page"}],"author":[{"embeddable":true,"href":"https:\/\/taxialicante.eu\/de\/wp-json\/wp\/v2\/users\/1"}],"replies":[{"embeddable":true,"href":"https:\/\/taxialicante.eu\/de\/wp-json\/wp\/v2\/comments?post=2961"}],"version-history":[{"count":6,"href":"https:\/\/taxialicante.eu\/de\/wp-json\/wp\/v2\/pages\/2961\/revisions"}],"predecessor-version":[{"id":6716,"href":"https:\/\/taxialicante.eu\/de\/wp-json\/wp\/v2\/pages\/2961\/revisions\/6716"}],"wp:attachment":[{"href":"https:\/\/taxialicante.eu\/de\/wp-json\/wp\/v2\/media?parent=2961"}],"curies":[{"name":"wp","href":"https:\/\/api.w.org\/{rel}","templated":true}]}}