{"id":2968,"date":"2016-09-04T15:03:27","date_gmt":"2016-09-04T13:03:27","guid":{"rendered":"http:\/\/www.taxialicante.eu\/luchthaventransfer-luchthavenvervoer\/"},"modified":"2021-04-05T18:20:07","modified_gmt":"2021-04-05T16:20:07","slug":"flughafentransfer-alicante-valencia","status":"publish","type":"page","link":"https:\/\/taxialicante.eu\/de\/flughafentransfer-alicante-valencia\/","title":{"rendered":"Warum Taxi Alicante?"},"content":{"rendered":"<section class=\"wpb-content-wrapper\"><p>[vc_row css=&#8221;.vc_custom_1487164369415{margin-bottom: 30px !important;}&#8221;][vc_column width=&#8221;1\/2&#8243;][vc_custom_heading text=&#8221;Wer sind wir&#8230;&#8221; font_container=&#8221;tag:h2|font_size:20|text_align:left|line_height:1&#8243; use_theme_fonts=&#8221;yes&#8221; show_box_icon=&#8221;yes&#8221; font_weight=&#8221;700&#8243; text_transform=&#8221;none&#8221;][vc_column_text css=&#8221;.vc_custom_1491121886381{margin-top: 25px !important;margin-bottom: 0px !important;}&#8221;]Als Fahrdienstleister kann unser Unternehmen auf \u00fcber 25 Jahre Erfahrung zur\u00fcckgreifen. Entsprechend sind wir Spezialisten f\u00fcr <strong><a style=\"color: #e62d38;\" href=\"https:\/\/taxialicante.eu\/de\/taxiservice-taxitransfer-costablanca\/\">Fahrdienste mit dem Taxi<\/a><\/strong> sowohl f\u00fcr einzelne Personen als auch f\u00fcr Gruppen zu oder von Flugh\u00e4fen. Dabei stehen nat\u00fcrlich stets die W\u00fcnsche unserer Kunden im Vordergrund, sodass wir Sie auf Verlangen gerne auch \u00fcber die Grenzen Spaniens hinaus chauffieren. Au\u00dferdem beschr\u00e4nken sich unsere Fahrdienste nicht nur auf den <strong><a style=\"color: #e62d38;\" href=\"https:\/\/taxialicante.eu\/de\/flughafenservice-alicante-valencia\/\">Flughafentransfer<\/a><\/strong>, dar\u00fcber hinaus bieten wir unseren Service auch f\u00fcr <strong><a style=\"color: #e62d38;\" href=\"https:\/\/taxialicante.eu\/de\/unternehmen-transfer-verlegung-spanien\/\">Betriebsfahrten<\/a><\/strong> zu oder von Besprechungen an. Auf Wunsch chauffieren wir Sie hierzu auch gern mit Bussen.[\/vc_column_text][\/vc_column][vc_column width=&#8221;1\/2&#8243;][vc_custom_heading text=&#8221;Unsere Aufgabe&#8230;&#8221; font_container=&#8221;tag:h2|font_size:20|text_align:left|line_height:1&#8243; use_theme_fonts=&#8221;yes&#8221; show_box_icon=&#8221;yes&#8221; font_weight=&#8221;700&#8243; text_transform=&#8221;none&#8221;][vc_column_text css=&#8221;.vc_custom_1491121899524{margin-top: 25px !important;margin-bottom: 0px !important;}&#8221;]Jeder Kunde von <a style=\"color: #e62d38;\" href=\"https:\/\/taxialicante.eu\/de\/\"><strong>Taxi Alicante<\/strong><\/a> bekommt einen pers\u00f6nlichen und p\u00fcnktlichen Service, ohne Stress.<\/p>\n<p>Bei Ihrer Ankunft warten wir schon auf Sie in der Ankunftshalle und Sie k\u00f6nnen jegliche Probleme vergessen, welche mit der Verlegung oder mit Ihrem Gep\u00e4ck zu tun haben \u2013 wir fahren Sie und Ihre Familie zum\/vom Flughafen und bieten Ihnen auch die M\u00f6glichkeit, unseren Taxiservice nach anderen Bestimmungsorten in Spanien zu benutzen.<\/p>\n<p>In anderen Worten, Sie k\u00f6nnen Ihren Urlaub ohne Sorgen beginnen.[\/vc_column_text][\/vc_column][\/vc_row][vc_row][vc_column][vc_separator color=&#8221;custom&#8221; accent_color=&#8221;#eeeeee&#8221;][\/vc_column][\/vc_row][vc_row css=&#8221;.vc_custom_1487164406829{margin-top: 5px !important;}&#8221;][vc_column width=&#8221;1\/2&#8243;][vc_single_image image=&#8221;2063&#8243; img_size=&#8221;large&#8221;][\/vc_column][vc_column width=&#8221;1\/2&#8243;][vc_custom_heading text=&#8221;Moderne Fahrzeug-Flotte&#8230;&#8221;font_container=&#8221;tag:h2|font_size:20|text_align:left|line_height:1&#8243; use_theme_fonts=&#8221;yes&#8221; show_box_icon=&#8221;yes&#8221; font_weight=&#8221;700&#8243; text_transform=&#8221;none&#8221;][vc_column_text css=&#8221;.vc_custom_1491121918764{margin-top: 25px !important;}&#8221;]Wir verf\u00fcgen \u00fcber eine moderne und gut erhaltene Flotte von Fahrzeugen und Kleinbussen, damit wir Ihnen eine bequeme und angenehme Reise nach\/von Flugh\u00e4fen (Flughafentransfer), bei <a style=\"color: #e62d38;\" href=\"https:\/\/taxialicante.eu\/de\/transfers-fur-gruppen-verlegung\/\"><strong>Transfers von Gruppen<\/strong><\/a>, f\u00fcr <a style=\"color: #e62d38;\" href=\"https:\/\/taxialicante.eu\/de\/unternehmen-transfer-verlegung-spanien\/\"><strong>Unternehmen transfer<\/strong><\/a> und beim Taxiservice versichern k\u00f6nnen. Unsere Flotte schliesst Mercedes-Benz Klasse S, Mercedes Viano, Mercedes Vito, Mercedes Klasse E, unter anderen, ein. Ebenso bieten wir L\u00f6sungen f\u00fcr grosse Gruppen wie Bus Neoplan Cityliner (f\u00fcr maximal 54 Personen) und verschiedene Kleinbusse f\u00fcr maximal 20 Personen.<\/p>\n<p>Mit uns sind Sie in guten H\u00e4nden.<\/p>\n<p>Um die Reservierung f\u00fcr die Flughafentransfer oder andere L\u00f6sungen f\u00fcr Ihre konkreten Verlegungs-Bed\u00fcrfnisse durchzuf\u00fchren, k\u00f6nnen Sie uns unter der Nummer 0034 620 666 661 erreichen oder das <a style=\"color: #e62d38;\" href=\"https:\/\/taxialicante.eu\/de\/kostenvoranschlag-flughafentransfer\/\"><strong>Reservierungs-Formular<\/strong><\/a> ausf\u00fcllen.[\/vc_column_text][\/vc_column][\/vc_row][vc_row css=&#8221;.vc_custom_1486826179661{margin-bottom: -80px !important;}&#8221;][vc_column][vc_text_separator title=&#8221;Taxi Alicante, die Nummer 1 Firma bei Flughafentransfer zu g\u00fcnstigen Preisen&#8221; i_icon_fontawesome=&#8221;fa fa-plane&#8221; i_size=&#8221;lg&#8221; style=&#8221;dotted&#8221; border_width=&#8221;2&#8243; add_icon=&#8221;true&#8221;][\/vc_column][\/vc_row]<\/p>\n<\/section>","protected":false},"excerpt":{"rendered":"<p>[vc_row css=&#8221;.vc_custom_1487164369415{margin-bottom: 30px !important;}&#8221;][vc_column width=&#8221;1\/2&#8243;][vc_custom_heading text=&#8221;Wer sind wir&#8230;&#8221; font_container=&#8221;tag:h2|font_size:20|text_align:left|line_height:1&#8243; use_theme_fonts=&#8221;yes&#8221; show_box_icon=&#8221;yes&#8221; font_weight=&#8221;700&#8243; text_transform=&#8221;none&#8221;][vc_column_text css=&#8221;.vc_custom_1491121886381{margin-top: 25px !important;margin-bottom: 0px !important;}&#8221;]Als Fahrdienstleister kann unser Unternehmen auf \u00fcber 25 Jahre Erfahrung zur\u00fcckgreifen. Entsprechend sind wir Spezialisten f\u00fcr Fahrdienste mit dem Taxi sowohl f\u00fcr einzelne Personen als auch f\u00fcr Gruppen zu oder von Flugh\u00e4fen. Dabei stehen nat\u00fcrlich stets die W\u00fcnsche unserer Kunden im Vordergrund, sodass wir Sie auf Verlangen gerne auch \u00fcber die Grenzen Spaniens hinaus chauffieren. Au\u00dferdem beschr\u00e4nken sich unsere Fahrdienste nicht nur auf den Flughafentransfer, dar\u00fcber hinaus bieten wir unseren Service auch f\u00fcr Betriebsfahrten zu oder von Besprechungen an. Auf Wunsch chauffieren wir Sie hierzu auch gern mit Bussen.[\/vc_column_text][\/vc_column][vc_column width=&#8221;1\/2&#8243;][vc_custom_heading text=&#8221;Unsere Aufgabe&#8230;&#8221; font_container=&#8221;tag:h2|font_size:20|text_align:left|line_height:1&#8243; use_theme_fonts=&#8221;yes&#8221; show_box_icon=&#8221;yes&#8221; font_weight=&#8221;700&#8243; text_transform=&#8221;none&#8221;][vc_column_text css=&#8221;.vc_custom_1491121899524{margin-top: 25px !important;margin-bottom: 0px !important;}&#8221;]Jeder Kunde von Taxi Alicante bekommt einen pers\u00f6nlichen und p\u00fcnktlichen Service, ohne Stress. Bei Ihrer Ankunft warten wir schon auf Sie in der Ankunftshalle und Sie k\u00f6nnen jegliche Probleme vergessen, welche mit der Verlegung oder mit Ihrem Gep\u00e4ck zu tun haben \u2013 wir fahren Sie und Ihre Familie zum\/vom Flughafen und bieten Ihnen auch die M\u00f6glichkeit, unseren Taxiservice nach anderen Bestimmungsorten in Spanien zu benutzen. In anderen Worten, Sie k\u00f6nnen Ihren Urlaub ohne Sorgen beginnen.[\/vc_column_text][\/vc_column][\/vc_row][vc_row][vc_column][vc_separator color=&#8221;custom&#8221; accent_color=&#8221;#eeeeee&#8221;][\/vc_column][\/vc_row][vc_row css=&#8221;.vc_custom_1487164406829{margin-top: 5px !important;}&#8221;][vc_column width=&#8221;1\/2&#8243;][vc_single_image image=&#8221;2063&#8243; [&hellip;]<\/p>\n","protected":false},"author":1,"featured_media":0,"parent":0,"menu_order":0,"comment_status":"closed","ping_status":"closed","template":"","meta":{"footnotes":""},"class_list":["post-2968","page","type-page","status-publish","hentry"],"yoast_head":"<!-- This site is optimized with the Yoast SEO plugin v26.5 - https:\/\/yoast.com\/wordpress\/plugins\/seo\/ -->\n<title>Flughafentransfer Alicante und Valencia, g\u00fcnstige Fahrt mit Taxi Alicante<\/title>\n<meta name=\"description\" content=\"Flughafentransfer nach Alicante und Valencia. Taxi Alicante, mehr als 25 Jahre Erfahrung in Taxiservice und Verlegung nach\/von Flughafen.\" \/>\n<meta name=\"robots\" content=\"index, follow, max-snippet:-1, max-image-preview:large, max-video-preview:-1\" \/>\n<meta property=\"og:locale\" content=\"de_DE\" \/>\n<meta property=\"og:type\" content=\"article\" \/>\n<meta property=\"og:title\" content=\"Flughafentransfer Alicante und Valencia, g\u00fcnstige Fahrt mit Taxi Alicante\" \/>\n<meta property=\"og:description\" content=\"Flughafentransfer nach Alicante und Valencia. Taxi Alicante, mehr als 25 Jahre Erfahrung in Taxiservice und Verlegung nach\/von Flughafen.\" \/>\n<meta property=\"og:url\" content=\"https:\/\/taxialicante.eu\/de\/flughafentransfer-alicante-valencia\/\" \/>\n<meta property=\"og:site_name\" content=\"Taxi Alicante\" \/>\n<meta property=\"article:publisher\" content=\"https:\/\/www.facebook.com\/taxialicantevalencia\/?fref=ts\" \/>\n<meta property=\"article:modified_time\" content=\"2021-04-05T16:20:07+00:00\" \/>\n<meta name=\"twitter:card\" content=\"summary_large_image\" \/>\n<meta name=\"twitter:label1\" content=\"Est. reading time\" \/>\n\t<meta name=\"twitter:data1\" content=\"2 minutes\" \/>\n<script type=\"application\/ld+json\" class=\"yoast-schema-graph\">{\"@context\":\"https:\/\/schema.org\",\"@graph\":[{\"@type\":\"WebPage\",\"@id\":\"https:\/\/taxialicante.eu\/de\/flughafentransfer-alicante-valencia\/\",\"url\":\"https:\/\/taxialicante.eu\/de\/flughafentransfer-alicante-valencia\/\",\"name\":\"Flughafentransfer Alicante und Valencia, g\u00fcnstige Fahrt mit Taxi Alicante\",\"isPartOf\":{\"@id\":\"https:\/\/taxialicante.eu\/#website\"},\"datePublished\":\"2016-09-04T13:03:27+00:00\",\"dateModified\":\"2021-04-05T16:20:07+00:00\",\"description\":\"Flughafentransfer nach Alicante und Valencia. Taxi Alicante, mehr als 25 Jahre Erfahrung in Taxiservice und Verlegung nach\/von Flughafen.\",\"breadcrumb\":{\"@id\":\"https:\/\/taxialicante.eu\/de\/flughafentransfer-alicante-valencia\/#breadcrumb\"},\"inLanguage\":\"de\",\"potentialAction\":[{\"@type\":\"ReadAction\",\"target\":[\"https:\/\/taxialicante.eu\/de\/flughafentransfer-alicante-valencia\/\"]}]},{\"@type\":\"BreadcrumbList\",\"@id\":\"https:\/\/taxialicante.eu\/de\/flughafentransfer-alicante-valencia\/#breadcrumb\",\"itemListElement\":[{\"@type\":\"ListItem\",\"position\":1,\"name\":\"Home\",\"item\":\"https:\/\/taxialicante.eu\/de\/\"},{\"@type\":\"ListItem\",\"position\":2,\"name\":\"Warum Taxi Alicante?\"}]},{\"@type\":\"WebSite\",\"@id\":\"https:\/\/taxialicante.eu\/#website\",\"url\":\"https:\/\/taxialicante.eu\/\",\"name\":\"Taxi Alicante\",\"description\":\"25 jaar ervaring in luchthavenvervoer\",\"publisher\":{\"@id\":\"https:\/\/taxialicante.eu\/#organization\"},\"potentialAction\":[{\"@type\":\"SearchAction\",\"target\":{\"@type\":\"EntryPoint\",\"urlTemplate\":\"https:\/\/taxialicante.eu\/?s={search_term_string}\"},\"query-input\":{\"@type\":\"PropertyValueSpecification\",\"valueRequired\":true,\"valueName\":\"search_term_string\"}}],\"inLanguage\":\"de\"},{\"@type\":\"Organization\",\"@id\":\"https:\/\/taxialicante.eu\/#organization\",\"name\":\"Taxi Alicante\",\"url\":\"https:\/\/taxialicante.eu\/\",\"logo\":{\"@type\":\"ImageObject\",\"inLanguage\":\"de\",\"@id\":\"https:\/\/taxialicante.eu\/#\/schema\/logo\/image\/\",\"url\":\"https:\/\/taxialicante.eu\/wp-content\/uploads\/2017\/02\/logo-red-1.png\",\"contentUrl\":\"https:\/\/taxialicante.eu\/wp-content\/uploads\/2017\/02\/logo-red-1.png\",\"width\":350,\"height\":84,\"caption\":\"Taxi Alicante\"},\"image\":{\"@id\":\"https:\/\/taxialicante.eu\/#\/schema\/logo\/image\/\"},\"sameAs\":[\"https:\/\/www.facebook.com\/taxialicantevalencia\/?fref=ts\"]}]}<\/script>\n<!-- \/ Yoast SEO plugin. -->","yoast_head_json":{"title":"Flughafentransfer Alicante und Valencia, g\u00fcnstige Fahrt mit Taxi Alicante","description":"Flughafentransfer nach Alicante und Valencia. Taxi Alicante, mehr als 25 Jahre Erfahrung in Taxiservice und Verlegung nach\/von Flughafen.","robots":{"index":"index","follow":"follow","max-snippet":"max-snippet:-1","max-image-preview":"max-image-preview:large","max-video-preview":"max-video-preview:-1"},"og_locale":"de_DE","og_type":"article","og_title":"Flughafentransfer Alicante und Valencia, g\u00fcnstige Fahrt mit Taxi Alicante","og_description":"Flughafentransfer nach Alicante und Valencia. Taxi Alicante, mehr als 25 Jahre Erfahrung in Taxiservice und Verlegung nach\/von Flughafen.","og_url":"https:\/\/taxialicante.eu\/de\/flughafentransfer-alicante-valencia\/","og_site_name":"Taxi Alicante","article_publisher":"https:\/\/www.facebook.com\/taxialicantevalencia\/?fref=ts","article_modified_time":"2021-04-05T16:20:07+00:00","twitter_card":"summary_large_image","twitter_misc":{"Est. reading time":"2 minutes"},"schema":{"@context":"https:\/\/schema.org","@graph":[{"@type":"WebPage","@id":"https:\/\/taxialicante.eu\/de\/flughafentransfer-alicante-valencia\/","url":"https:\/\/taxialicante.eu\/de\/flughafentransfer-alicante-valencia\/","name":"Flughafentransfer Alicante und Valencia, g\u00fcnstige Fahrt mit Taxi Alicante","isPartOf":{"@id":"https:\/\/taxialicante.eu\/#website"},"datePublished":"2016-09-04T13:03:27+00:00","dateModified":"2021-04-05T16:20:07+00:00","description":"Flughafentransfer nach Alicante und Valencia. Taxi Alicante, mehr als 25 Jahre Erfahrung in Taxiservice und Verlegung nach\/von Flughafen.","breadcrumb":{"@id":"https:\/\/taxialicante.eu\/de\/flughafentransfer-alicante-valencia\/#breadcrumb"},"inLanguage":"de","potentialAction":[{"@type":"ReadAction","target":["https:\/\/taxialicante.eu\/de\/flughafentransfer-alicante-valencia\/"]}]},{"@type":"BreadcrumbList","@id":"https:\/\/taxialicante.eu\/de\/flughafentransfer-alicante-valencia\/#breadcrumb","itemListElement":[{"@type":"ListItem","position":1,"name":"Home","item":"https:\/\/taxialicante.eu\/de\/"},{"@type":"ListItem","position":2,"name":"Warum Taxi Alicante?"}]},{"@type":"WebSite","@id":"https:\/\/taxialicante.eu\/#website","url":"https:\/\/taxialicante.eu\/","name":"Taxi Alicante","description":"25 jaar ervaring in luchthavenvervoer","publisher":{"@id":"https:\/\/taxialicante.eu\/#organization"},"potentialAction":[{"@type":"SearchAction","target":{"@type":"EntryPoint","urlTemplate":"https:\/\/taxialicante.eu\/?s={search_term_string}"},"query-input":{"@type":"PropertyValueSpecification","valueRequired":true,"valueName":"search_term_string"}}],"inLanguage":"de"},{"@type":"Organization","@id":"https:\/\/taxialicante.eu\/#organization","name":"Taxi Alicante","url":"https:\/\/taxialicante.eu\/","logo":{"@type":"ImageObject","inLanguage":"de","@id":"https:\/\/taxialicante.eu\/#\/schema\/logo\/image\/","url":"https:\/\/taxialicante.eu\/wp-content\/uploads\/2017\/02\/logo-red-1.png","contentUrl":"https:\/\/taxialicante.eu\/wp-content\/uploads\/2017\/02\/logo-red-1.png","width":350,"height":84,"caption":"Taxi Alicante"},"image":{"@id":"https:\/\/taxialicante.eu\/#\/schema\/logo\/image\/"},"sameAs":["https:\/\/www.facebook.com\/taxialicantevalencia\/?fref=ts"]}]}},"_links":{"self":[{"href":"https:\/\/taxialicante.eu\/de\/wp-json\/wp\/v2\/pages\/2968","targetHints":{"allow":["GET"]}}],"collection":[{"href":"https:\/\/taxialicante.eu\/de\/wp-json\/wp\/v2\/pages"}],"about":[{"href":"https:\/\/taxialicante.eu\/de\/wp-json\/wp\/v2\/types\/page"}],"author":[{"embeddable":true,"href":"https:\/\/taxialicante.eu\/de\/wp-json\/wp\/v2\/users\/1"}],"replies":[{"embeddable":true,"href":"https:\/\/taxialicante.eu\/de\/wp-json\/wp\/v2\/comments?post=2968"}],"version-history":[{"count":3,"href":"https:\/\/taxialicante.eu\/de\/wp-json\/wp\/v2\/pages\/2968\/revisions"}],"predecessor-version":[{"id":5338,"href":"https:\/\/taxialicante.eu\/de\/wp-json\/wp\/v2\/pages\/2968\/revisions\/5338"}],"wp:attachment":[{"href":"https:\/\/taxialicante.eu\/de\/wp-json\/wp\/v2\/media?parent=2968"}],"curies":[{"name":"wp","href":"https:\/\/api.w.org\/{rel}","templated":true}]}}