{"id":2972,"date":"2016-10-04T16:51:09","date_gmt":"2016-10-04T14:51:09","guid":{"rendered":"http:\/\/www.taxialicante.eu\/offerte-goedkoop-luchthavenvervoer\/"},"modified":"2024-04-30T20:19:08","modified_gmt":"2024-04-30T18:19:08","slug":"gunstige-flughafentransfer","status":"publish","type":"page","link":"https:\/\/taxialicante.eu\/de\/gunstige-flughafentransfer\/","title":{"rendered":"Kontakt"},"content":{"rendered":"<section class=\"wpb-content-wrapper\"><p>[vc_row][vc_column css=&#8221;.vc_custom_1486571020393{margin-top: -20px !important;}&#8221;][vc_column_text]M\u00f6chten Sie Ihren Teilhabern einen Luxus-Taxiservice mit unserer Dienstleistung f\u00fcr die <strong><a style=\"color: #e62d38;\" href=\"https:\/\/taxialicante.eu\/de\/unternehmen-transfer-verlegung-spanien\/\">Unternehmen\u00a0transfer<\/a><\/strong> bieten? Suchen Sie eine g\u00fcnstige <a style=\"color: #e62d38;\" href=\"https:\/\/taxialicante.eu\/de\/flughafenverlegung-alicante-valencia\/\"><strong>Flughafenservice<\/strong><\/a> (Shuttle-Service) zum\/vom Alicante oder Valencia an der Costa Blanca, Spanien? Haben Sie noch Fragen oder m\u00f6chten Sie irgendwelche \u00c4nderungen mitteilen?<\/p>\n<p>Wir freuen uns, Sie mit unseren Dienstleistungen betreuen zu d\u00fcrfen. In Taxi Alicante versichern wir uns, dass Sie mit unserem wirksamen Service an Ihrem Bestimmungsort sicher ankommen.<\/p>\n<p>Bitte nehmen Sie unverbindlich Kontakt mit uns auf f\u00fcr eine g\u00fcnstige Verlegung von\/nach Flugh\u00e4fen oder f\u00fcr weitere Information \u00fcber die verschiedenen <a style=\"color: #e62d38;\" href=\"https:\/\/taxialicante.eu\/de\/flughafen-transport\/\"><strong>Dienstleistungen f\u00fcr Verlegungen<\/strong><\/a>, die wir Ihnen bieten. Sie k\u00f6nnen auch das folgende <a style=\"color: #e62d38;\" href=\"https:\/\/taxialicante.eu\/de\/kostenvoranschlag-flughafentransfer\/\"><strong>Kontakt-Formular<\/strong><\/a> ausf\u00fcllen. Bis bald in einem unserer Taxis!<\/p>\n<p>Taxi Alicante nimmt an der Konsumgenossenschaft von Alicante Elite Transfers SL mit CIF: B-02809770 teil.[\/vc_column_text][\/vc_column][\/vc_row][vc_row css=&#8221;.vc_custom_1539679739915{margin-top: 30px !important;}&#8221;][vc_column][vc_tta_tabs][vc_tta_section title=&#8221;ALICANTE B\u00dcRO&#8221; tab_id=&#8221;1475599785799-27ae17b5-d1c5&#8243;][vc_row_inner equal_height=&#8221;yes&#8221; css=&#8221;.vc_custom_1539679703476{padding-top: 30px !important;}&#8221;][vc_column_inner width=&#8221;1\/3&#8243; css=&#8221;.vc_custom_1539618092718{padding-left: 50px !important;background-color: #00182d !important;}&#8221;][boardthemes_contact_details style=&#8221;style2&#8243; location=&#8221;Partida el Planet 113, 03590 Altea&#8221; phone_number=&#8221;0034 620 666 661&#8243; email=&#8221;info@taxialicante.eu&#8221; working_hours=&#8221;24u\/24u&#8221; weekend_working_hours=&#8221;&#8221; css=&#8221;.vc_custom_1714501145468{margin-top: 28px !important;}&#8221;][boardthemes_social_icons style=&#8221;style2&#8243; facebook=&#8221;https:\/\/www.facebook.com\/taxialicantevalencia\/&#8221; google_plus=&#8221;&#8221; instagram=&#8221;https:\/\/www.instagram.com\/taxi.alicante\/&#8221; css=&#8221;.vc_custom_1539616052143{margin-top: 25px !important;}&#8221;][\/vc_column_inner][vc_column_inner el_class=&#8221;padding-left-md-0&#8243; width=&#8221;2\/3&#8243;][vc_gmaps link=&#8221;#E-8_JTNDaWZyYW1lJTIwc3JjJTNEJTIyaHR0cHMlM0ElMkYlMkZ3d3cuZ29vZ2xlLmNvbSUyRm1hcHMlMkZlbWJlZCUzRnBiJTNEJTIxMW0xOCUyMTFtMTIlMjExbTMlMjExZDMxMjguMDA2NzYzNjEzMjIwOCUyMTJkLTAuNDczODk5Njg0MTkyOTA5NyUyMTNkMzguMzcxOTY0OTc5NjU1MjMlMjEybTMlMjExZjAlMjEyZjAlMjEzZjAlMjEzbTIlMjExaTEwMjQlMjEyaTc2OCUyMTRmMTMuMSUyMTNtMyUyMTFtMiUyMTFzMHhkNjIzNzEzOTA1N2ZjMTMlMjUzQTB4MTNjZjM4YjYzNWM1NTEwNiUyMTJzVGF4aSUyQkFsaWNhbnRlJTIxNWUwJTIxM20yJTIxMXNubCUyMTJzYmUlMjE0djE1Mzk2MTMxMjQ1MjUlMjIlM0UlM0MlMkZpZnJhbWUlM0U=&#8221; size=&#8221;&#8221;][\/vc_column_inner][\/vc_row_inner][\/vc_tta_section][\/vc_tta_tabs][\/vc_column][\/vc_row][vc_row wrap_container=&#8221;yes&#8221; css=&#8221;.vc_custom_1487626475373{margin-top: -50px !important;margin-bottom: -100px !important;padding-top: 100px !important;padding-bottom: 88px !important;}&#8221;][vc_column width=&#8221;1\/2&#8243;][vc_custom_heading text=&#8221;Bitte f\u00fcllen Sie folgendes Kontakt-Formular aus:&#8221; font_container=&#8221;tag:h2|font_size:30|text_align:left|line_height:1&#8243; use_theme_fonts=&#8221;yes&#8221; show_box_icon=&#8221;yes&#8221; font_weight=&#8221;700&#8243; text_transform=&#8221;none&#8221; css=&#8221;.vc_custom_1486228145277{margin-bottom: 44px !important;}&#8221;]\n<div class=\"wpcf7 no-js\" id=\"wpcf7-f2979-o1\" lang=\"nl-NL\" dir=\"ltr\" data-wpcf7-id=\"2979\">\n<div class=\"screen-reader-response\"><p role=\"status\" aria-live=\"polite\" aria-atomic=\"true\"><\/p> <ul><\/ul><\/div>\n<form action=\"\/de\/wp-json\/wp\/v2\/pages\/2972#wpcf7-f2979-o1\" method=\"post\" class=\"wpcf7-form init\" aria-label=\"Contact form\" novalidate=\"novalidate\" data-status=\"init\">\n<fieldset class=\"hidden-fields-container\"><input type=\"hidden\" name=\"_wpcf7\" value=\"2979\" \/><input type=\"hidden\" name=\"_wpcf7_version\" value=\"6.1.4\" \/><input type=\"hidden\" name=\"_wpcf7_locale\" value=\"nl_NL\" \/><input type=\"hidden\" name=\"_wpcf7_unit_tag\" value=\"wpcf7-f2979-o1\" \/><input type=\"hidden\" name=\"_wpcf7_container_post\" value=\"0\" \/><input type=\"hidden\" name=\"_wpcf7_posted_data_hash\" value=\"\" \/><input type=\"hidden\" name=\"_wpcf7_recaptcha_response\" value=\"\" \/>\n<\/fieldset>\n<div class=\"fcp-wrapper\">\n\t<div class=\"row\">\n\t\t<div class=\"col-xs-6\">\n\t\t\t<div class=\"form-field-wrapper\">\n\t\t\t\t<p><label><br \/>\n<\/label>\n\t\t\t\t<\/p>\n\t\t\t\t<div class=\"form-field-label\">\n\t\t\t\t\t<p>VOR- UND FAMILIENNAME\n\t\t\t\t\t\t<font color=\"red\">*\n\t\t\t\t\t\t<\/font>\n\t\t\t\t\t<\/p>\n\t\t\t\t<\/div>\n\t\t\t\t<div class=\"form-field form-field-user\">\n\t\t\t\t\t<p><span class=\"wpcf7-form-control-wrap\" data-name=\"your-name\"><input size=\"40\" maxlength=\"400\" class=\"wpcf7-form-control wpcf7-text wpcf7-validates-as-required\" aria-required=\"true\" aria-invalid=\"false\" value=\"\" type=\"text\" name=\"your-name\" \/><\/span>\n\t\t\t\t\t<\/p>\n\t\t\t\t<\/div>\n\t\t\t<\/div>\n\t\t<\/div>\n\t\t<div class=\"col-xs-6\">\n\t\t\t<div class=\"form-field-wrapper\">\n\t\t\t\t<p><label><br \/>\n<\/label>\n\t\t\t\t<\/p>\n\t\t\t\t<div class=\"form-field-label\">\n\t\t\t\t\t<p>EMAIL\n\t\t\t\t\t\t<font color=\"red\">*\n\t\t\t\t\t\t<\/font>\n\t\t\t\t\t<\/p>\n\t\t\t\t<\/div>\n\t\t\t\t<div class=\"form-field form-field-email\">\n\t\t\t\t\t<p><span class=\"wpcf7-form-control-wrap\" data-name=\"your-email\"><input size=\"40\" maxlength=\"400\" class=\"wpcf7-form-control wpcf7-email wpcf7-validates-as-required wpcf7-text wpcf7-validates-as-email\" aria-required=\"true\" aria-invalid=\"false\" value=\"\" type=\"email\" name=\"your-email\" \/><\/span>\n\t\t\t\t\t<\/p>\n\t\t\t\t<\/div>\n\t\t\t<\/div>\n\t\t<\/div>\n\t<\/div>\n\t<div class=\"row\">\n\t\t<div class=\"col-xs-6\">\n\t\t\t<div class=\"form-field-wrapper\">\n\t\t\t\t<p><label><br \/>\n<\/label>\n\t\t\t\t<\/p>\n\t\t\t\t<div class=\"form-field-label\">\n\t\t\t\t\t<p>TELEFONNUMMER\n\t\t\t\t\t\t<font color=\"red\">*\n\t\t\t\t\t\t<\/font>\n\t\t\t\t\t<\/p>\n\t\t\t\t<\/div>\n\t\t\t\t<div class=\"form-field form-field-phone\">\n\t\t\t\t\t<p><span class=\"wpcf7-form-control-wrap\" data-name=\"tel-565\"><input size=\"40\" maxlength=\"400\" class=\"wpcf7-form-control wpcf7-tel wpcf7-validates-as-required wpcf7-text wpcf7-validates-as-tel\" aria-required=\"true\" aria-invalid=\"false\" value=\"\" type=\"tel\" name=\"tel-565\" \/><\/span>\n\t\t\t\t\t<\/p>\n\t\t\t\t<\/div>\n\t\t\t<\/div>\n\t\t<\/div>\n\t\t<div class=\"col-xs-6\">\n\t\t\t<div class=\"form-field-wrapper\">\n\t\t\t\t<p><label><br \/>\n<\/label>\n\t\t\t\t<\/p>\n\t\t\t\t<div class=\"form-field-label\">\n\t\t\t\t\t<p>ANLIEGEN\n\t\t\t\t\t\t<font color=\"red\">*\n\t\t\t\t\t\t<\/font>\n\t\t\t\t\t<\/p>\n\t\t\t\t<\/div>\n\t\t\t\t<div class=\"form-field form-field-select\">\n\t\t\t\t\t<p><span class=\"wpcf7-form-control-wrap\" data-name=\"menu-636\"><select class=\"wpcf7-form-control wpcf7-select wpcf7-validates-as-required\" aria-required=\"true\" aria-invalid=\"false\" name=\"menu-636\"><option value=\"Gesamtnachfrage\">Gesamtnachfrage<\/option><option value=\"Frage an Transport\">Frage an Transport<\/option><option value=\"Spontanbewerbung\">Spontanbewerbung<\/option><\/select><\/span>\n\t\t\t\t\t<\/p>\n\t\t\t\t<\/div>\n\t\t\t<\/div>\n\t\t<\/div>\n\t<\/div>\n\t<div class=\"row\">\n\t\t<div class=\"col-xs-12\">\n\t\t\t<div class=\"form-field-wrapper\">\n\t\t\t\t<div class=\"form-field-label\">\n\t\t\t\t\t<p>NACHRICHT\n\t\t\t\t\t\t<font color=\"red\">*\n\t\t\t\t\t\t<\/font>\n\t\t\t\t\t<\/p>\n\t\t\t\t<\/div>\n\t\t\t\t<div class=\"form-field form-field-textarea\">\n\t\t\t\t\t<p><span class=\"wpcf7-form-control-wrap\" data-name=\"message\"><textarea cols=\"40\" rows=\"10\" maxlength=\"2000\" class=\"wpcf7-form-control wpcf7-textarea wpcf7-validates-as-required\" aria-required=\"true\" aria-invalid=\"false\" name=\"message\"><\/textarea><\/span>\n\t\t\t\t\t<\/p>\n\t\t\t\t<\/div>\n\t\t\t<\/div>\n\t\t<\/div>\n\t<\/div>\n\t<div class=\"row\">\n\t\t<div class=\"col-xs-12\">\n\t\t\t<p><button class=\"button-primary button-block\">ABSENDEN!<\/button>\n\t\t\t<\/p>\n\t\t<\/div>\n\t<\/div>\n<\/div><div class=\"wpcf7-response-output\" aria-hidden=\"true\"><\/div>\n<\/form>\n<\/div>\n[\/vc_column][vc_column width=&#8221;1\/2&#8243; css=&#8221;.vc_custom_1473862959988{padding-left: 60px !important;}&#8221; el_class=&#8221;padding-left-xs-15 padding-top-xs-30&#8243;][vc_custom_heading text=&#8221;Ihr Kontakt&#8221; font_container=&#8221;tag:h2|font_size:30|text_align:left|line_height:1&#8243; use_theme_fonts=&#8221;yes&#8221; show_box_icon=&#8221;yes&#8221; font_weight=&#8221;700&#8243; text_transform=&#8221;none&#8221;][boardthemes_staff_grid style=&#8221;list&#8221; max_items=&#8221;1&#8243; show_description=&#8221;&#8221; show_phone=&#8221;&#8221; show_email=&#8221;yes&#8221; show_skype=&#8221;yes&#8221; css=&#8221;.vc_custom_1492854631796{margin-top: 50px !important;padding-bottom: 20px !important;background-image: url(https:\/\/taxialicante.eu\/wp-content\/uploads\/2016\/10\/members-1-klein-1.png?id=2097) !important;background-position: 0 0 !important;background-repeat: no-repeat !important;}&#8221; el_class=&#8221;contact-staff-grid&#8221;][vc_separator][\/vc_column][\/vc_row]<\/p>\n<\/section>","protected":false},"excerpt":{"rendered":"<p>[vc_row][vc_column css=&#8221;.vc_custom_1486571020393{margin-top: -20px !important;}&#8221;][vc_column_text]M\u00f6chten Sie Ihren Teilhabern einen Luxus-Taxiservice mit unserer Dienstleistung f\u00fcr die Unternehmen\u00a0transfer bieten? Suchen Sie eine g\u00fcnstige Flughafenservice (Shuttle-Service) zum\/vom Alicante oder Valencia an der Costa Blanca, Spanien? Haben Sie noch Fragen oder m\u00f6chten Sie irgendwelche \u00c4nderungen mitteilen? Wir freuen uns, Sie mit unseren Dienstleistungen betreuen zu d\u00fcrfen. In Taxi Alicante versichern wir uns, dass Sie mit unserem wirksamen Service an Ihrem Bestimmungsort sicher ankommen. Bitte nehmen Sie unverbindlich Kontakt mit uns auf f\u00fcr eine g\u00fcnstige Verlegung von\/nach Flugh\u00e4fen oder f\u00fcr weitere Information \u00fcber die verschiedenen Dienstleistungen f\u00fcr Verlegungen, die wir Ihnen bieten. Sie k\u00f6nnen auch das folgende Kontakt-Formular ausf\u00fcllen. Bis bald in einem unserer Taxis! Taxi Alicante nimmt an der Konsumgenossenschaft von Alicante Elite Transfers SL mit CIF: B-02809770 teil.[\/vc_column_text][\/vc_column][\/vc_row][vc_row css=&#8221;.vc_custom_1539679739915{margin-top: 30px !important;}&#8221;][vc_column][vc_tta_tabs][vc_tta_section title=&#8221;ALICANTE B\u00dcRO&#8221; tab_id=&#8221;1475599785799-27ae17b5-d1c5&#8243;][vc_row_inner equal_height=&#8221;yes&#8221; css=&#8221;.vc_custom_1539679703476{padding-top: 30px !important;}&#8221;][vc_column_inner width=&#8221;1\/3&#8243; css=&#8221;.vc_custom_1539618092718{padding-left: 50px !important;background-color: #00182d !important;}&#8221;][boardthemes_contact_details style=&#8221;style2&#8243; location=&#8221;Partida el Planet 113, 03590 Altea&#8221; phone_number=&#8221;0034 620 666 661&#8243; email=&#8221;info@taxialicante.eu&#8221; working_hours=&#8221;24u\/24u&#8221; weekend_working_hours=&#8221;&#8221; css=&#8221;.vc_custom_1714501145468{margin-top: 28px !important;}&#8221;][boardthemes_social_icons style=&#8221;style2&#8243; facebook=&#8221;https:\/\/www.facebook.com\/taxialicantevalencia\/&#8221; google_plus=&#8221;&#8221; instagram=&#8221;https:\/\/www.instagram.com\/taxi.alicante\/&#8221; css=&#8221;.vc_custom_1539616052143{margin-top: 25px !important;}&#8221;][\/vc_column_inner][vc_column_inner el_class=&#8221;padding-left-md-0&#8243; width=&#8221;2\/3&#8243;][vc_gmaps link=&#8221;#E-8_JTNDaWZyYW1lJTIwc3JjJTNEJTIyaHR0cHMlM0ElMkYlMkZ3d3cuZ29vZ2xlLmNvbSUyRm1hcHMlMkZlbWJlZCUzRnBiJTNEJTIxMW0xOCUyMTFtMTIlMjExbTMlMjExZDMxMjguMDA2NzYzNjEzMjIwOCUyMTJkLTAuNDczODk5Njg0MTkyOTA5NyUyMTNkMzguMzcxOTY0OTc5NjU1MjMlMjEybTMlMjExZjAlMjEyZjAlMjEzZjAlMjEzbTIlMjExaTEwMjQlMjEyaTc2OCUyMTRmMTMuMSUyMTNtMyUyMTFtMiUyMTFzMHhkNjIzNzEzOTA1N2ZjMTMlMjUzQTB4MTNjZjM4YjYzNWM1NTEwNiUyMTJzVGF4aSUyQkFsaWNhbnRlJTIxNWUwJTIxM20yJTIxMXNubCUyMTJzYmUlMjE0djE1Mzk2MTMxMjQ1MjUlMjIlM0UlM0MlMkZpZnJhbWUlM0U=&#8221; size=&#8221;&#8221;][\/vc_column_inner][\/vc_row_inner][\/vc_tta_section][\/vc_tta_tabs][\/vc_column][\/vc_row][vc_row wrap_container=&#8221;yes&#8221; css=&#8221;.vc_custom_1487626475373{margin-top: -50px !important;margin-bottom: -100px !important;padding-top: 100px !important;padding-bottom: 88px !important;}&#8221;][vc_column width=&#8221;1\/2&#8243;][vc_custom_heading text=&#8221;Bitte f\u00fcllen Sie folgendes Kontakt-Formular aus:&#8221; font_container=&#8221;tag:h2|font_size:30|text_align:left|line_height:1&#8243; use_theme_fonts=&#8221;yes&#8221; show_box_icon=&#8221;yes&#8221; font_weight=&#8221;700&#8243; text_transform=&#8221;none&#8221; css=&#8221;.vc_custom_1486228145277{margin-bottom: 44px !important;}&#8221;][\/vc_column][vc_column width=&#8221;1\/2&#8243; css=&#8221;.vc_custom_1473862959988{padding-left: 60px !important;}&#8221; el_class=&#8221;padding-left-xs-15 padding-top-xs-30&#8243;][vc_custom_heading text=&#8221;Ihr [&hellip;]<\/p>\n","protected":false},"author":1,"featured_media":0,"parent":0,"menu_order":0,"comment_status":"closed","ping_status":"closed","template":"","meta":{"footnotes":""},"class_list":["post-2972","page","type-page","status-publish","hentry"],"yoast_head":"<!-- This site is optimized with the Yoast SEO plugin v26.5 - https:\/\/yoast.com\/wordpress\/plugins\/seo\/ -->\n<title>G\u00fcnstige Flughafentransfer mit Taxi Alicante - Costa Blanca - Spanien<\/title>\n<meta name=\"description\" content=\"F\u00fcr weitere Information \u00fcber g\u00fcnstige Flughafentransfer, bitte nehmen Sie Kontakt mit uns auf oder f\u00fcllen Sie das online Formular aus.\" \/>\n<meta name=\"robots\" content=\"index, follow, max-snippet:-1, max-image-preview:large, max-video-preview:-1\" \/>\n<meta property=\"og:locale\" content=\"de_DE\" \/>\n<meta property=\"og:type\" content=\"article\" \/>\n<meta property=\"og:title\" content=\"G\u00fcnstige Flughafentransfer mit Taxi Alicante - Costa Blanca - Spanien\" \/>\n<meta property=\"og:description\" content=\"F\u00fcr weitere Information \u00fcber g\u00fcnstige Flughafentransfer, bitte nehmen Sie Kontakt mit uns auf oder f\u00fcllen Sie das online Formular aus.\" \/>\n<meta property=\"og:url\" content=\"https:\/\/taxialicante.eu\/de\/gunstige-flughafentransfer\/\" \/>\n<meta property=\"og:site_name\" content=\"Taxi Alicante\" \/>\n<meta property=\"article:publisher\" content=\"https:\/\/www.facebook.com\/taxialicantevalencia\/?fref=ts\" \/>\n<meta property=\"article:modified_time\" content=\"2024-04-30T18:19:08+00:00\" \/>\n<meta name=\"twitter:card\" content=\"summary_large_image\" \/>\n<meta name=\"twitter:label1\" content=\"Est. reading time\" \/>\n\t<meta name=\"twitter:data1\" content=\"2 minutes\" \/>\n<script type=\"application\/ld+json\" class=\"yoast-schema-graph\">{\"@context\":\"https:\/\/schema.org\",\"@graph\":[{\"@type\":\"WebPage\",\"@id\":\"https:\/\/taxialicante.eu\/de\/gunstige-flughafentransfer\/\",\"url\":\"https:\/\/taxialicante.eu\/de\/gunstige-flughafentransfer\/\",\"name\":\"G\u00fcnstige Flughafentransfer mit Taxi Alicante - Costa Blanca - Spanien\",\"isPartOf\":{\"@id\":\"https:\/\/taxialicante.eu\/#website\"},\"datePublished\":\"2016-10-04T14:51:09+00:00\",\"dateModified\":\"2024-04-30T18:19:08+00:00\",\"description\":\"F\u00fcr weitere Information \u00fcber g\u00fcnstige Flughafentransfer, bitte nehmen Sie Kontakt mit uns auf oder f\u00fcllen Sie das online Formular aus.\",\"breadcrumb\":{\"@id\":\"https:\/\/taxialicante.eu\/de\/gunstige-flughafentransfer\/#breadcrumb\"},\"inLanguage\":\"de\",\"potentialAction\":[{\"@type\":\"ReadAction\",\"target\":[\"https:\/\/taxialicante.eu\/de\/gunstige-flughafentransfer\/\"]}]},{\"@type\":\"BreadcrumbList\",\"@id\":\"https:\/\/taxialicante.eu\/de\/gunstige-flughafentransfer\/#breadcrumb\",\"itemListElement\":[{\"@type\":\"ListItem\",\"position\":1,\"name\":\"Home\",\"item\":\"https:\/\/taxialicante.eu\/de\/\"},{\"@type\":\"ListItem\",\"position\":2,\"name\":\"Kontakt\"}]},{\"@type\":\"WebSite\",\"@id\":\"https:\/\/taxialicante.eu\/#website\",\"url\":\"https:\/\/taxialicante.eu\/\",\"name\":\"Taxi Alicante\",\"description\":\"25 jaar ervaring in luchthavenvervoer\",\"publisher\":{\"@id\":\"https:\/\/taxialicante.eu\/#organization\"},\"potentialAction\":[{\"@type\":\"SearchAction\",\"target\":{\"@type\":\"EntryPoint\",\"urlTemplate\":\"https:\/\/taxialicante.eu\/?s={search_term_string}\"},\"query-input\":{\"@type\":\"PropertyValueSpecification\",\"valueRequired\":true,\"valueName\":\"search_term_string\"}}],\"inLanguage\":\"de\"},{\"@type\":\"Organization\",\"@id\":\"https:\/\/taxialicante.eu\/#organization\",\"name\":\"Taxi Alicante\",\"url\":\"https:\/\/taxialicante.eu\/\",\"logo\":{\"@type\":\"ImageObject\",\"inLanguage\":\"de\",\"@id\":\"https:\/\/taxialicante.eu\/#\/schema\/logo\/image\/\",\"url\":\"https:\/\/taxialicante.eu\/wp-content\/uploads\/2017\/02\/logo-red-1.png\",\"contentUrl\":\"https:\/\/taxialicante.eu\/wp-content\/uploads\/2017\/02\/logo-red-1.png\",\"width\":350,\"height\":84,\"caption\":\"Taxi Alicante\"},\"image\":{\"@id\":\"https:\/\/taxialicante.eu\/#\/schema\/logo\/image\/\"},\"sameAs\":[\"https:\/\/www.facebook.com\/taxialicantevalencia\/?fref=ts\"]}]}<\/script>\n<!-- \/ Yoast SEO plugin. -->","yoast_head_json":{"title":"G\u00fcnstige Flughafentransfer mit Taxi Alicante - Costa Blanca - Spanien","description":"F\u00fcr weitere Information \u00fcber g\u00fcnstige Flughafentransfer, bitte nehmen Sie Kontakt mit uns auf oder f\u00fcllen Sie das online Formular aus.","robots":{"index":"index","follow":"follow","max-snippet":"max-snippet:-1","max-image-preview":"max-image-preview:large","max-video-preview":"max-video-preview:-1"},"og_locale":"de_DE","og_type":"article","og_title":"G\u00fcnstige Flughafentransfer mit Taxi Alicante - Costa Blanca - Spanien","og_description":"F\u00fcr weitere Information \u00fcber g\u00fcnstige Flughafentransfer, bitte nehmen Sie Kontakt mit uns auf oder f\u00fcllen Sie das online Formular aus.","og_url":"https:\/\/taxialicante.eu\/de\/gunstige-flughafentransfer\/","og_site_name":"Taxi Alicante","article_publisher":"https:\/\/www.facebook.com\/taxialicantevalencia\/?fref=ts","article_modified_time":"2024-04-30T18:19:08+00:00","twitter_card":"summary_large_image","twitter_misc":{"Est. reading time":"2 minutes"},"schema":{"@context":"https:\/\/schema.org","@graph":[{"@type":"WebPage","@id":"https:\/\/taxialicante.eu\/de\/gunstige-flughafentransfer\/","url":"https:\/\/taxialicante.eu\/de\/gunstige-flughafentransfer\/","name":"G\u00fcnstige Flughafentransfer mit Taxi Alicante - Costa Blanca - Spanien","isPartOf":{"@id":"https:\/\/taxialicante.eu\/#website"},"datePublished":"2016-10-04T14:51:09+00:00","dateModified":"2024-04-30T18:19:08+00:00","description":"F\u00fcr weitere Information \u00fcber g\u00fcnstige Flughafentransfer, bitte nehmen Sie Kontakt mit uns auf oder f\u00fcllen Sie das online Formular aus.","breadcrumb":{"@id":"https:\/\/taxialicante.eu\/de\/gunstige-flughafentransfer\/#breadcrumb"},"inLanguage":"de","potentialAction":[{"@type":"ReadAction","target":["https:\/\/taxialicante.eu\/de\/gunstige-flughafentransfer\/"]}]},{"@type":"BreadcrumbList","@id":"https:\/\/taxialicante.eu\/de\/gunstige-flughafentransfer\/#breadcrumb","itemListElement":[{"@type":"ListItem","position":1,"name":"Home","item":"https:\/\/taxialicante.eu\/de\/"},{"@type":"ListItem","position":2,"name":"Kontakt"}]},{"@type":"WebSite","@id":"https:\/\/taxialicante.eu\/#website","url":"https:\/\/taxialicante.eu\/","name":"Taxi Alicante","description":"25 jaar ervaring in luchthavenvervoer","publisher":{"@id":"https:\/\/taxialicante.eu\/#organization"},"potentialAction":[{"@type":"SearchAction","target":{"@type":"EntryPoint","urlTemplate":"https:\/\/taxialicante.eu\/?s={search_term_string}"},"query-input":{"@type":"PropertyValueSpecification","valueRequired":true,"valueName":"search_term_string"}}],"inLanguage":"de"},{"@type":"Organization","@id":"https:\/\/taxialicante.eu\/#organization","name":"Taxi Alicante","url":"https:\/\/taxialicante.eu\/","logo":{"@type":"ImageObject","inLanguage":"de","@id":"https:\/\/taxialicante.eu\/#\/schema\/logo\/image\/","url":"https:\/\/taxialicante.eu\/wp-content\/uploads\/2017\/02\/logo-red-1.png","contentUrl":"https:\/\/taxialicante.eu\/wp-content\/uploads\/2017\/02\/logo-red-1.png","width":350,"height":84,"caption":"Taxi Alicante"},"image":{"@id":"https:\/\/taxialicante.eu\/#\/schema\/logo\/image\/"},"sameAs":["https:\/\/www.facebook.com\/taxialicantevalencia\/?fref=ts"]}]}},"_links":{"self":[{"href":"https:\/\/taxialicante.eu\/de\/wp-json\/wp\/v2\/pages\/2972","targetHints":{"allow":["GET"]}}],"collection":[{"href":"https:\/\/taxialicante.eu\/de\/wp-json\/wp\/v2\/pages"}],"about":[{"href":"https:\/\/taxialicante.eu\/de\/wp-json\/wp\/v2\/types\/page"}],"author":[{"embeddable":true,"href":"https:\/\/taxialicante.eu\/de\/wp-json\/wp\/v2\/users\/1"}],"replies":[{"embeddable":true,"href":"https:\/\/taxialicante.eu\/de\/wp-json\/wp\/v2\/comments?post=2972"}],"version-history":[{"count":8,"href":"https:\/\/taxialicante.eu\/de\/wp-json\/wp\/v2\/pages\/2972\/revisions"}],"predecessor-version":[{"id":6711,"href":"https:\/\/taxialicante.eu\/de\/wp-json\/wp\/v2\/pages\/2972\/revisions\/6711"}],"wp:attachment":[{"href":"https:\/\/taxialicante.eu\/de\/wp-json\/wp\/v2\/media?parent=2972"}],"curies":[{"name":"wp","href":"https:\/\/api.w.org\/{rel}","templated":true}]}}