{"id":2983,"date":"2016-09-17T06:58:41","date_gmt":"2016-09-17T04:58:41","guid":{"rendered":"http:\/\/www.taxialicante.eu\/vervoer-zakenvervoer-luchthaventransfer\/"},"modified":"2021-04-05T17:04:38","modified_gmt":"2021-04-05T15:04:38","slug":"flughafen-transport","status":"publish","type":"page","link":"https:\/\/taxialicante.eu\/de\/flughafen-transport\/","title":{"rendered":"Dienstleistungen"},"content":{"rendered":"<section class=\"wpb-content-wrapper\"><p>[vc_row css=&#8221;.vc_custom_1487165061681{padding-top: 148px !important;padding-bottom: 164px !important;background-image: url(https:\/\/taxialicante.eu\/wp-content\/uploads\/2016\/08\/slider-bg-1-1.jpg?id=15) !important;background-position: center !important;background-repeat: no-repeat !important;background-size: cover !important;}&#8221; row_bg_overlay=&#8221;rgba(0,23,46,0.52)&#8221;][vc_column][vc_custom_heading text=&#8221;ENTDECKEN SIE UNSERE ZUVERL\u00c4SSIGE DIENSTLEISTUNGEN&#8221; font_container=&#8221;tag:h2|font_size:48|text_align:center|color:%23ffffff|line_height:1&#8243; use_theme_fonts=&#8221;yes&#8221; show_box_icon=&#8221;&#8221; font_weight=&#8221;700&#8243; text_transform=&#8221;none&#8221;][vc_column_text css=&#8221;.vc_custom_1486761761841{margin-top: 36px !important;margin-bottom: 0px !important;}&#8221;]<\/p>\n<p style=\"text-align: center; color: #fff; font-weight: 600; margin-bottom: 0;\">Taxi Alicante bietet Ihnen die sicherste L\u00f6sung zum Reisen.<br \/>\nOb es sich um eine einzelne Person handelt oder mit Familie oder Freunden, wir verschaffen Ihnen einen sehr wirksamen,<br \/>\nzuverl\u00e4ssigen und preiswerten Verlegung.<\/p>\n<p>[\/vc_column_text][\/vc_column][\/vc_row][vc_row wrap_container=&#8221;yes&#8221; css=&#8221;.vc_custom_1474096775021{padding-top: 70px !important;padding-bottom: 70px !important;}&#8221;][vc_column width=&#8221;1\/2&#8243;][vc_single_image image=&#8221;1198&#8243; img_size=&#8221;full&#8221; alignment=&#8221;center&#8221; style=&#8221;vc_box_shadow_3d&#8221; css_animation=&#8221;appear&#8221; css=&#8221;.vc_custom_1486593253129{margin-bottom: 0px !important;}&#8221;][\/vc_column][vc_column width=&#8221;1\/2&#8243; css=&#8221;.vc_custom_1474096025922{padding-left: 40px !important;}&#8221;][vc_custom_heading text=&#8221;Flugh\u00e4fenservice&#8221; font_container=&#8221;tag:h1|font_size:30|text_align:left|line_height:1&#8243; use_theme_fonts=&#8221;yes&#8221; show_box_icon=&#8221;&#8221; font_weight=&#8221;700&#8243; text_transform=&#8221;none&#8221; el_class=&#8221;padding-left-xs-15&#8243; css=&#8221;.vc_custom_1491505258552{margin-top: 80px !important;}&#8221;][vc_column_text css=&#8221;.vc_custom_1491121519301{margin-top: 26px !important;margin-bottom: 0px !important;}&#8221;]Brauchen Sie eine schnelle, fachm\u00e4nnische und, vor allem, p\u00fcnktliche Flughafentransfer? In diesem Fall ist <strong><a style=\"color: #e62d38;\" href=\"https:\/\/taxialicante.eu\/de\/\">Taxi Alicante<\/a><\/strong> die beste Wahl. Ihrem Wunsch gem\u00e4ss bieten wir Ihnen Flughafen transport.[\/vc_column_text][boardthemes_button has_arrow=&#8221;&#8221; text=&#8221;MEHR LESEN&#8221; link=&#8221;url:http%3A%2F%2Fwww.taxialicante.eu%2Fde%2Fflughafenservice-alicante-valencia%2F|||&#8221; css=&#8221;.vc_custom_1490189512346{margin-top: 34px !important;}&#8221;][\/vc_column][\/vc_row][vc_row wrap_container=&#8221;yes&#8221; css=&#8221;.vc_custom_1487622035538{padding-top: 70px !important;background-image: url(https:\/\/taxialicante.eu\/wp-content\/uploads\/2016\/09\/banner-groepsvervoer-1.jpg?id=2050) !important;background-position: center !important;background-repeat: no-repeat !important;background-size: cover !important;}&#8221;][vc_column width=&#8221;1\/2&#8243; css=&#8221;.vc_custom_1474097460750{padding-right: 50px !important;}&#8221; el_class=&#8221;padding-right-xs-15&#8243;][vc_custom_heading text=&#8221;Gruppen-Verlegungen&#8221; font_container=&#8221;tag:h1|font_size:30|text_align:left|line_height:1&#8243; use_theme_fonts=&#8221;yes&#8221; show_box_icon=&#8221;&#8221; font_weight=&#8221;700&#8243; text_transform=&#8221;none&#8221; el_class=&#8221;padding-left-xs-15&#8243; css=&#8221;.vc_custom_1491505333088{margin-top: 80px !important;}&#8221;][vc_column_text css=&#8221;.vc_custom_1486760271989{margin-top: 26px !important;margin-bottom: 0px !important;}&#8221;]Taxi Alicante bietet Dienstleistungen f\u00fcr die Verlegung von personifizierte Gruppen, sowohl f\u00fcr Privatpersonen als auch f\u00fcr Unternehmen. Zum Beispiel: wir fahren problemlos eine grosse Anzahl von Personen ins Hotel oder zum Flughafen.[\/vc_column_text][boardthemes_button has_arrow=&#8221;&#8221; text=&#8221;MEHR LESEN&#8221; link=&#8221;url:http%3A%2F%2Fwww.taxialicante.eu%2Fde%2Ftransfers-fur-gruppen-verlegung%2F|||&#8221; css=&#8221;.vc_custom_1490189521303{margin-top: 34px !important;}&#8221;][\/vc_column][vc_column width=&#8221;1\/2&#8243;][vc_single_image image=&#8221;1172&#8243; img_size=&#8221;full&#8221; css_animation=&#8221;right-to-left&#8221; css=&#8221;.vc_custom_1487622090774{margin-top: 65px !important;margin-bottom: 0px !important;}&#8221;][\/vc_column][\/vc_row][vc_row wrap_container=&#8221;yes&#8221; css=&#8221;.vc_custom_1474098200033{padding-top: 58px !important;padding-bottom: 70px !important;}&#8221;][vc_column width=&#8221;1\/2&#8243;][vc_single_image image=&#8221;1123&#8243; img_size=&#8221;full&#8221; alignment=&#8221;center&#8221; style=&#8221;vc_box_shadow_3d&#8221; css_animation=&#8221;appear&#8221; css=&#8221;.vc_custom_1486588417290{margin-bottom: 0px !important;}&#8221;][\/vc_column][vc_column width=&#8221;1\/2&#8243; css=&#8221;.vc_custom_1474096025922{padding-left: 40px !important;}&#8221;][vc_custom_heading text=&#8221;Taxiservice&#8221; font_container=&#8221;tag:h1|font_size:30|text_align:left|line_height:1&#8243; use_theme_fonts=&#8221;yes&#8221; show_box_icon=&#8221;&#8221; font_weight=&#8221;700&#8243; text_transform=&#8221;none&#8221; el_class=&#8221;padding-left-xs-15&#8243; css=&#8221;.vc_custom_1491505340735{margin-top: 80px !important;}&#8221;][vc_column_text css=&#8221;.vc_custom_1491121539916{margin-top: 26px !important;margin-bottom: 0px !important;}&#8221;]Wir bieten nicht nur <strong><a style=\"color: #e62d38;\" href=\"https:\/\/taxialicante.eu\/de\/flughafenservice-alicante-valencia\/\">Flughafentransfers<\/a> <\/strong>an. Manchmal m\u00f6chten unsere Kunden einfach innerhalb einer Stadt oder zwischen St\u00e4dten von Punkt A nach Punkt B gefahren werden. In diesen F\u00e4llen ist Taxi Alicante auch das Unternehmen, an das Sie sich wenden k\u00f6nnen. Wir bieten Taxiservices in ganz Spanien an.[\/vc_column_text][boardthemes_button has_arrow=&#8221;&#8221; text=&#8221;MEHR LESEN&#8221; link=&#8221;url:http%3A%2F%2Fwww.taxialicante.eu%2Fde%2Ftaxiservice-taxitransfer-costablanca%2F|||&#8221; css=&#8221;.vc_custom_1490189539999{margin-top: 34px !important;}&#8221;][\/vc_column][\/vc_row][vc_row wrap_container=&#8221;yes&#8221; css=&#8221;.vc_custom_1486592451075{padding-top: 70px !important;background-image: url(https:\/\/taxialicante.eu\/wp-content\/uploads\/2016\/09\/banner-zakenvervoer-1.jpg?id=1195) !important;background-position: center !important;background-repeat: no-repeat !important;background-size: cover !important;}&#8221;][vc_column width=&#8221;1\/2&#8243; css=&#8221;.vc_custom_1474097460750{padding-right: 50px !important;}&#8221; el_class=&#8221;padding-right-xs-15&#8243;][vc_custom_heading text=&#8221;Unternehmens Transfers&#8221; font_container=&#8221;tag:h1|font_size:30|text_align:left|line_height:1&#8243; use_theme_fonts=&#8221;yes&#8221; show_box_icon=&#8221;&#8221; font_weight=&#8221;700&#8243; text_transform=&#8221;none&#8221; el_class=&#8221;padding-left-xs-15&#8243; css=&#8221;.vc_custom_1491505348095{margin-top: 80px !important;}&#8221;][vc_column_text css=&#8221;.vc_custom_1486761132475{margin-top: 26px !important;margin-bottom: 0px !important;}&#8221;]Mit der Dienstleistung f\u00fcr die Unternehmenstransfer von Taxi Alicante k\u00f6nnen Sie bequem und sicher reisen. Wir benutzen f\u00fcr diesen Service unsere luxuri\u00f6sen Fahrzeuge damit Ihr leitendes Personal, Ihre Angestellten und Ihre Kunden sich ausruhen und Zeit gewinnen k\u00f6nnen w\u00e4hrend sie ans Ziel mit Sicherheit und totale Diskretion ankommen.[\/vc_column_text][boardthemes_button has_arrow=&#8221;&#8221; text=&#8221;MEHR LESEN&#8221; link=&#8221;url:http%3A%2F%2Fwww.taxialicante.eu%2Fde%2Funternehmen-transfer-verlegung-spanien%2F|||&#8221; css=&#8221;.vc_custom_1490189550082{margin-top: 34px !important;}&#8221;][\/vc_column][vc_column width=&#8221;1\/2&#8243;][vc_single_image image=&#8221;1215&#8243; img_size=&#8221;full&#8221; alignment=&#8221;center&#8221; css_animation=&#8221;right-to-left&#8221; css=&#8221;.vc_custom_1486761434709{margin-bottom: 0px !important;}&#8221;][\/vc_column][\/vc_row][vc_row wrap_container=&#8221;yes&#8221; css=&#8221;.vc_custom_1474098200033{padding-top: 58px !important;padding-bottom: 70px !important;}&#8221;][vc_column width=&#8221;1\/2&#8243;][vc_single_image image=&#8221;4387&#8243; img_size=&#8221;full&#8221; alignment=&#8221;center&#8221; style=&#8221;vc_box_shadow_3d&#8221; css_animation=&#8221;appear&#8221; css=&#8221;.vc_custom_1545054030575{margin-bottom: 0px !important;}&#8221;][\/vc_column][vc_column width=&#8221;1\/2&#8243; css=&#8221;.vc_custom_1474096025922{padding-left: 40px !important;}&#8221;][vc_custom_heading text=&#8221;Zeremonie-Transport&#8221; font_container=&#8221;tag:h1|font_size:30|text_align:left|line_height:1&#8243; use_theme_fonts=&#8221;yes&#8221; show_box_icon=&#8221;&#8221; font_weight=&#8221;700&#8243; text_transform=&#8221;none&#8221; el_class=&#8221;padding-left-xs-15&#8243; css=&#8221;.vc_custom_1545053707522{margin-top: 80px !important;}&#8221;][vc_column_text css=&#8221;.vc_custom_1545054074880{margin-top: 26px !important;margin-bottom: 0px !important;}&#8221;]Suchen Sie stilvolle <strong><a style=\"color: #e62d38;\" href=\"https:\/\/taxialicante.eu\/de\/zeremonie-transport\/\">zeremonieautos<\/a><\/strong> mit Fahrer f\u00fcr Ihre Hochzeit? Organisieren Sie eine besondere Veranstaltung und m\u00f6chten, dass Ihre G\u00e4ste in einer luxuri\u00f6sen oder nostalgischen Atmosph\u00e4re transportiert werden?[\/vc_column_text][boardthemes_button has_arrow=&#8221;&#8221; text=&#8221;MEHR LESEN&#8221; link=&#8221;url:https%3A%2F%2Fwww.taxialicante.eu%2Fde%2Fzeremonie-transport%2F|title:Zeremonie-Transport|||&#8221; css=&#8221;.vc_custom_1545053966150{margin-top: 34px !important;}&#8221;][\/vc_column][\/vc_row]<\/p>\n<\/section>","protected":false},"excerpt":{"rendered":"<p>[vc_row css=&#8221;.vc_custom_1487165061681{padding-top: 148px !important;padding-bottom: 164px !important;background-image: url(https:\/\/taxialicante.eu\/wp-content\/uploads\/2016\/08\/slider-bg-1-1.jpg?id=15) !important;background-position: center !important;background-repeat: no-repeat !important;background-size: cover !important;}&#8221; row_bg_overlay=&#8221;rgba(0,23,46,0.52)&#8221;][vc_column][vc_custom_heading text=&#8221;ENTDECKEN SIE UNSERE ZUVERL\u00c4SSIGE DIENSTLEISTUNGEN&#8221; font_container=&#8221;tag:h2|font_size:48|text_align:center|color:%23ffffff|line_height:1&#8243; use_theme_fonts=&#8221;yes&#8221; show_box_icon=&#8221;&#8221; font_weight=&#8221;700&#8243; text_transform=&#8221;none&#8221;][vc_column_text css=&#8221;.vc_custom_1486761761841{margin-top: 36px !important;margin-bottom: 0px !important;}&#8221;] Taxi Alicante bietet Ihnen die sicherste L\u00f6sung zum Reisen. Ob es sich um eine einzelne Person handelt oder mit Familie oder Freunden, wir verschaffen Ihnen einen sehr wirksamen, zuverl\u00e4ssigen und preiswerten Verlegung. [\/vc_column_text][\/vc_column][\/vc_row][vc_row wrap_container=&#8221;yes&#8221; css=&#8221;.vc_custom_1474096775021{padding-top: 70px !important;padding-bottom: 70px !important;}&#8221;][vc_column width=&#8221;1\/2&#8243;][vc_single_image image=&#8221;1198&#8243; img_size=&#8221;full&#8221; alignment=&#8221;center&#8221; style=&#8221;vc_box_shadow_3d&#8221; css_animation=&#8221;appear&#8221; css=&#8221;.vc_custom_1486593253129{margin-bottom: 0px !important;}&#8221;][\/vc_column][vc_column width=&#8221;1\/2&#8243; css=&#8221;.vc_custom_1474096025922{padding-left: 40px !important;}&#8221;][vc_custom_heading text=&#8221;Flugh\u00e4fenservice&#8221; font_container=&#8221;tag:h1|font_size:30|text_align:left|line_height:1&#8243; use_theme_fonts=&#8221;yes&#8221; show_box_icon=&#8221;&#8221; font_weight=&#8221;700&#8243; text_transform=&#8221;none&#8221; el_class=&#8221;padding-left-xs-15&#8243; css=&#8221;.vc_custom_1491505258552{margin-top: 80px !important;}&#8221;][vc_column_text css=&#8221;.vc_custom_1491121519301{margin-top: 26px !important;margin-bottom: 0px !important;}&#8221;]Brauchen Sie eine schnelle, fachm\u00e4nnische und, vor allem, p\u00fcnktliche Flughafentransfer? In diesem Fall ist Taxi Alicante die beste Wahl. Ihrem Wunsch gem\u00e4ss bieten wir Ihnen Flughafen transport.[\/vc_column_text][boardthemes_button has_arrow=&#8221;&#8221; text=&#8221;MEHR LESEN&#8221; link=&#8221;url:http%3A%2F%2Fwww.taxialicante.eu%2Fde%2Fflughafenservice-alicante-valencia%2F|||&#8221; css=&#8221;.vc_custom_1490189512346{margin-top: 34px !important;}&#8221;][\/vc_column][\/vc_row][vc_row wrap_container=&#8221;yes&#8221; css=&#8221;.vc_custom_1487622035538{padding-top: 70px !important;background-image: url(https:\/\/taxialicante.eu\/wp-content\/uploads\/2016\/09\/banner-groepsvervoer-1.jpg?id=2050) !important;background-position: center !important;background-repeat: no-repeat !important;background-size: cover !important;}&#8221;][vc_column width=&#8221;1\/2&#8243; css=&#8221;.vc_custom_1474097460750{padding-right: 50px !important;}&#8221; el_class=&#8221;padding-right-xs-15&#8243;][vc_custom_heading text=&#8221;Gruppen-Verlegungen&#8221; font_container=&#8221;tag:h1|font_size:30|text_align:left|line_height:1&#8243; use_theme_fonts=&#8221;yes&#8221; show_box_icon=&#8221;&#8221; font_weight=&#8221;700&#8243; text_transform=&#8221;none&#8221; el_class=&#8221;padding-left-xs-15&#8243; css=&#8221;.vc_custom_1491505333088{margin-top: 80px !important;}&#8221;][vc_column_text css=&#8221;.vc_custom_1486760271989{margin-top: 26px !important;margin-bottom: 0px !important;}&#8221;]Taxi Alicante bietet Dienstleistungen f\u00fcr die Verlegung von personifizierte Gruppen, sowohl f\u00fcr Privatpersonen als auch f\u00fcr Unternehmen. Zum Beispiel: wir fahren problemlos eine grosse Anzahl von Personen ins Hotel oder zum Flughafen.[\/vc_column_text][boardthemes_button has_arrow=&#8221;&#8221; text=&#8221;MEHR LESEN&#8221; link=&#8221;url:http%3A%2F%2Fwww.taxialicante.eu%2Fde%2Ftransfers-fur-gruppen-verlegung%2F|||&#8221; css=&#8221;.vc_custom_1490189521303{margin-top: 34px !important;}&#8221;][\/vc_column][vc_column [&hellip;]<\/p>\n","protected":false},"author":1,"featured_media":0,"parent":0,"menu_order":0,"comment_status":"closed","ping_status":"closed","template":"","meta":{"footnotes":""},"class_list":["post-2983","page","type-page","status-publish","hentry"],"yoast_head":"<!-- This site is optimized with the Yoast SEO plugin v26.5 - https:\/\/yoast.com\/wordpress\/plugins\/seo\/ -->\n<title>Flughafen transport? G\u00fcnstig mit Taxi Alicante an der Costa Blanca<\/title>\n<meta name=\"description\" content=\"Brauchen Sie eine individuelle flughafen transport an der Costa Blanca, oder mit Familie oder Freunden? Wir bieten immer einen sehr sicheren Taxiservice\" \/>\n<meta name=\"robots\" content=\"index, follow, max-snippet:-1, max-image-preview:large, max-video-preview:-1\" \/>\n<meta property=\"og:locale\" content=\"de_DE\" \/>\n<meta property=\"og:type\" content=\"article\" \/>\n<meta property=\"og:title\" content=\"Flughafen transport? G\u00fcnstig mit Taxi Alicante an der Costa Blanca\" \/>\n<meta property=\"og:description\" content=\"Brauchen Sie eine individuelle flughafen transport an der Costa Blanca, oder mit Familie oder Freunden? Wir bieten immer einen sehr sicheren Taxiservice\" \/>\n<meta property=\"og:url\" content=\"https:\/\/taxialicante.eu\/de\/flughafen-transport\/\" \/>\n<meta property=\"og:site_name\" content=\"Taxi Alicante\" \/>\n<meta property=\"article:publisher\" content=\"https:\/\/www.facebook.com\/taxialicantevalencia\/?fref=ts\" \/>\n<meta property=\"article:modified_time\" content=\"2021-04-05T15:04:38+00:00\" \/>\n<meta name=\"twitter:card\" content=\"summary_large_image\" \/>\n<meta name=\"twitter:label1\" content=\"Est. reading time\" \/>\n\t<meta name=\"twitter:data1\" content=\"3 minutes\" \/>\n<script type=\"application\/ld+json\" class=\"yoast-schema-graph\">{\"@context\":\"https:\/\/schema.org\",\"@graph\":[{\"@type\":\"WebPage\",\"@id\":\"https:\/\/taxialicante.eu\/de\/flughafen-transport\/\",\"url\":\"https:\/\/taxialicante.eu\/de\/flughafen-transport\/\",\"name\":\"Flughafen transport? G\u00fcnstig mit Taxi Alicante an der Costa Blanca\",\"isPartOf\":{\"@id\":\"https:\/\/taxialicante.eu\/#website\"},\"datePublished\":\"2016-09-17T04:58:41+00:00\",\"dateModified\":\"2021-04-05T15:04:38+00:00\",\"description\":\"Brauchen Sie eine individuelle flughafen transport an der Costa Blanca, oder mit Familie oder Freunden? Wir bieten immer einen sehr sicheren Taxiservice\",\"breadcrumb\":{\"@id\":\"https:\/\/taxialicante.eu\/de\/flughafen-transport\/#breadcrumb\"},\"inLanguage\":\"de\",\"potentialAction\":[{\"@type\":\"ReadAction\",\"target\":[\"https:\/\/taxialicante.eu\/de\/flughafen-transport\/\"]}]},{\"@type\":\"BreadcrumbList\",\"@id\":\"https:\/\/taxialicante.eu\/de\/flughafen-transport\/#breadcrumb\",\"itemListElement\":[{\"@type\":\"ListItem\",\"position\":1,\"name\":\"Home\",\"item\":\"https:\/\/taxialicante.eu\/de\/\"},{\"@type\":\"ListItem\",\"position\":2,\"name\":\"Dienstleistungen\"}]},{\"@type\":\"WebSite\",\"@id\":\"https:\/\/taxialicante.eu\/#website\",\"url\":\"https:\/\/taxialicante.eu\/\",\"name\":\"Taxi Alicante\",\"description\":\"25 jaar ervaring in luchthavenvervoer\",\"publisher\":{\"@id\":\"https:\/\/taxialicante.eu\/#organization\"},\"potentialAction\":[{\"@type\":\"SearchAction\",\"target\":{\"@type\":\"EntryPoint\",\"urlTemplate\":\"https:\/\/taxialicante.eu\/?s={search_term_string}\"},\"query-input\":{\"@type\":\"PropertyValueSpecification\",\"valueRequired\":true,\"valueName\":\"search_term_string\"}}],\"inLanguage\":\"de\"},{\"@type\":\"Organization\",\"@id\":\"https:\/\/taxialicante.eu\/#organization\",\"name\":\"Taxi Alicante\",\"url\":\"https:\/\/taxialicante.eu\/\",\"logo\":{\"@type\":\"ImageObject\",\"inLanguage\":\"de\",\"@id\":\"https:\/\/taxialicante.eu\/#\/schema\/logo\/image\/\",\"url\":\"https:\/\/taxialicante.eu\/wp-content\/uploads\/2017\/02\/logo-red-1.png\",\"contentUrl\":\"https:\/\/taxialicante.eu\/wp-content\/uploads\/2017\/02\/logo-red-1.png\",\"width\":350,\"height\":84,\"caption\":\"Taxi Alicante\"},\"image\":{\"@id\":\"https:\/\/taxialicante.eu\/#\/schema\/logo\/image\/\"},\"sameAs\":[\"https:\/\/www.facebook.com\/taxialicantevalencia\/?fref=ts\"]}]}<\/script>\n<!-- \/ Yoast SEO plugin. -->","yoast_head_json":{"title":"Flughafen transport? G\u00fcnstig mit Taxi Alicante an der Costa Blanca","description":"Brauchen Sie eine individuelle flughafen transport an der Costa Blanca, oder mit Familie oder Freunden? Wir bieten immer einen sehr sicheren Taxiservice","robots":{"index":"index","follow":"follow","max-snippet":"max-snippet:-1","max-image-preview":"max-image-preview:large","max-video-preview":"max-video-preview:-1"},"og_locale":"de_DE","og_type":"article","og_title":"Flughafen transport? G\u00fcnstig mit Taxi Alicante an der Costa Blanca","og_description":"Brauchen Sie eine individuelle flughafen transport an der Costa Blanca, oder mit Familie oder Freunden? Wir bieten immer einen sehr sicheren Taxiservice","og_url":"https:\/\/taxialicante.eu\/de\/flughafen-transport\/","og_site_name":"Taxi Alicante","article_publisher":"https:\/\/www.facebook.com\/taxialicantevalencia\/?fref=ts","article_modified_time":"2021-04-05T15:04:38+00:00","twitter_card":"summary_large_image","twitter_misc":{"Est. reading time":"3 minutes"},"schema":{"@context":"https:\/\/schema.org","@graph":[{"@type":"WebPage","@id":"https:\/\/taxialicante.eu\/de\/flughafen-transport\/","url":"https:\/\/taxialicante.eu\/de\/flughafen-transport\/","name":"Flughafen transport? G\u00fcnstig mit Taxi Alicante an der Costa Blanca","isPartOf":{"@id":"https:\/\/taxialicante.eu\/#website"},"datePublished":"2016-09-17T04:58:41+00:00","dateModified":"2021-04-05T15:04:38+00:00","description":"Brauchen Sie eine individuelle flughafen transport an der Costa Blanca, oder mit Familie oder Freunden? Wir bieten immer einen sehr sicheren Taxiservice","breadcrumb":{"@id":"https:\/\/taxialicante.eu\/de\/flughafen-transport\/#breadcrumb"},"inLanguage":"de","potentialAction":[{"@type":"ReadAction","target":["https:\/\/taxialicante.eu\/de\/flughafen-transport\/"]}]},{"@type":"BreadcrumbList","@id":"https:\/\/taxialicante.eu\/de\/flughafen-transport\/#breadcrumb","itemListElement":[{"@type":"ListItem","position":1,"name":"Home","item":"https:\/\/taxialicante.eu\/de\/"},{"@type":"ListItem","position":2,"name":"Dienstleistungen"}]},{"@type":"WebSite","@id":"https:\/\/taxialicante.eu\/#website","url":"https:\/\/taxialicante.eu\/","name":"Taxi Alicante","description":"25 jaar ervaring in luchthavenvervoer","publisher":{"@id":"https:\/\/taxialicante.eu\/#organization"},"potentialAction":[{"@type":"SearchAction","target":{"@type":"EntryPoint","urlTemplate":"https:\/\/taxialicante.eu\/?s={search_term_string}"},"query-input":{"@type":"PropertyValueSpecification","valueRequired":true,"valueName":"search_term_string"}}],"inLanguage":"de"},{"@type":"Organization","@id":"https:\/\/taxialicante.eu\/#organization","name":"Taxi Alicante","url":"https:\/\/taxialicante.eu\/","logo":{"@type":"ImageObject","inLanguage":"de","@id":"https:\/\/taxialicante.eu\/#\/schema\/logo\/image\/","url":"https:\/\/taxialicante.eu\/wp-content\/uploads\/2017\/02\/logo-red-1.png","contentUrl":"https:\/\/taxialicante.eu\/wp-content\/uploads\/2017\/02\/logo-red-1.png","width":350,"height":84,"caption":"Taxi Alicante"},"image":{"@id":"https:\/\/taxialicante.eu\/#\/schema\/logo\/image\/"},"sameAs":["https:\/\/www.facebook.com\/taxialicantevalencia\/?fref=ts"]}]}},"_links":{"self":[{"href":"https:\/\/taxialicante.eu\/de\/wp-json\/wp\/v2\/pages\/2983","targetHints":{"allow":["GET"]}}],"collection":[{"href":"https:\/\/taxialicante.eu\/de\/wp-json\/wp\/v2\/pages"}],"about":[{"href":"https:\/\/taxialicante.eu\/de\/wp-json\/wp\/v2\/types\/page"}],"author":[{"embeddable":true,"href":"https:\/\/taxialicante.eu\/de\/wp-json\/wp\/v2\/users\/1"}],"replies":[{"embeddable":true,"href":"https:\/\/taxialicante.eu\/de\/wp-json\/wp\/v2\/comments?post=2983"}],"version-history":[{"count":12,"href":"https:\/\/taxialicante.eu\/de\/wp-json\/wp\/v2\/pages\/2983\/revisions"}],"predecessor-version":[{"id":5293,"href":"https:\/\/taxialicante.eu\/de\/wp-json\/wp\/v2\/pages\/2983\/revisions\/5293"}],"wp:attachment":[{"href":"https:\/\/taxialicante.eu\/de\/wp-json\/wp\/v2\/media?parent=2983"}],"curies":[{"name":"wp","href":"https:\/\/api.w.org\/{rel}","templated":true}]}}