{"id":2986,"date":"2016-09-08T16:14:24","date_gmt":"2016-09-08T14:14:24","guid":{"rendered":"http:\/\/www.taxialicante.eu\/luchthaven-transfer-faqs\/"},"modified":"2024-04-30T20:29:38","modified_gmt":"2024-04-30T18:29:38","slug":"verlegung-flughafen-costablanca-fragen","status":"publish","type":"page","link":"https:\/\/taxialicante.eu\/de\/verlegung-flughafen-costablanca-fragen\/","title":{"rendered":"H\u00e4ufige Fragen"},"content":{"rendered":"<section class=\"wpb-content-wrapper\"><p>[vc_row css=&#8221;.vc_custom_1487103403488{margin-top: -15px !important;}&#8221;][vc_column][vc_column_text][rev_slider_vc alias=&#8221;slider-faqs&#8221;][\/vc_column_text][\/vc_column][\/vc_row][vc_row css=&#8221;.vc_custom_1486722061065{margin-bottom: -50px !important;}&#8221;][vc_column][vc_column_text]Sehr h\u00e4ufig werden Fragen und Zweifel \u00fcber unsere Dienstleistung f\u00fcr die Flughafenservice gestellt und es handelt sich fast immer \u00fcber Zweifel bei Versp\u00e4tung des Fluges, \u00fcber das erlaubte Gep\u00e4ck, u.s.w. Deshalb m\u00f6chten wir Ihnen in diesem Abschnitt die Antwort f\u00fcr die h\u00e4ufigsten Fragen geben. Wenn Sie mehr spezifische Information w\u00fcnschen, bitte befragen Sie uns unverbindlich.[\/vc_column_text][\/vc_column][\/vc_row][vc_row css=&#8221;.vc_custom_1486982197246{margin-top: 56px !important;margin-bottom: 10px !important;}&#8221;][vc_column width=&#8221;1\/2&#8243;][vc_custom_heading text=&#8221;<b>1.<\/b>Wie werde ich am Flughafen erwartet und abgeholt?&#8221; font_container=&#8221;tag:h2|font_size:16|text_align:left|line_height:1&#8243; use_theme_fonts=&#8221;yes&#8221; show_box_icon=&#8221;&#8221; font_weight=&#8221;600&#8243; text_transform=&#8221;none&#8221; el_class=&#8221;heading-letter&#8221;][vc_column_text css=&#8221;.vc_custom_1491121570268{margin-top: 20px !important;}&#8221;]Der Fahrer von <a style=\"color: #e62d38;\" href=\"https:\/\/taxialicante.eu\/de\/\"><strong>Taxi Alicante<\/strong><\/a> wird in der Ankunftshalle im Flughafen mit einem Plakat mit Ihrem Namen auf Sie warten. Es ist ratsam, dass Sie Ihr Handy knapp nach der Landung anmachen und operativ halten damit der Fahrer, wenn n\u00f6tig, mit Ihnen Kontakt aufnehmen kann.[\/vc_column_text][\/vc_column][vc_column width=&#8221;1\/2&#8243;][vc_custom_heading text=&#8221;<b>2.<\/b>Kann ich verlangen, dass noch mehr Personen w\u00e4hrend der Fahrt zu meinem Bestimmungsort abgeholt werden?&#8221; font_container=&#8221;tag:h2|font_size:16|text_align:left|line_height:1&#8243; use_theme_fonts=&#8221;yes&#8221; show_box_icon=&#8221;&#8221; font_weight=&#8221;600&#8243; text_transform=&#8221;none&#8221; el_class=&#8221;heading-letter&#8221;][vc_column_text css=&#8221;.vc_custom_1491121582603{margin-top: 20px !important;}&#8221;]Ja, wir bieten diese Dienstleistung. Aber Sie m\u00fcssen es im Antrag des Kostenvoranschlages als \u201e<a style=\"color: #e62d38;\" href=\"https:\/\/taxialicante.eu\/de\/transfers-fur-gruppen-verlegung\/\"><strong>Verlegung f\u00fcr Gruppen<\/strong><\/a>\u201c andeuten. Wir werden immer die beste Wahl f\u00fcr Ihre Bed\u00fcrfnisse bei <a style=\"color: #e62d38;\" href=\"https:\/\/taxialicante.eu\/de\/flughafenverlegung-alicante-valencia\/\"><strong>Flughafentransfer<\/strong><\/a>\u00a0(Verlegung nach\/von Flugh\u00e4fen) suchen.[\/vc_column_text][\/vc_column][\/vc_row][vc_row css=&#8221;.vc_custom_1486982584036{margin-top: 10px !important;margin-bottom: 10px !important;}&#8221;][vc_column width=&#8221;1\/2&#8243;][vc_custom_heading text=&#8221;<b>3.<\/b>Was soll ich tun wenn der Abflugs- oder Ankunfts-Zeitpunkt meines Fluges ge\u00e4ndert wird?&#8221; font_container=&#8221;tag:h2|font_size:16|text_align:left|line_height:1&#8243; use_theme_fonts=&#8221;yes&#8221; show_box_icon=&#8221;&#8221; font_weight=&#8221;600&#8243; text_transform=&#8221;none&#8221; el_class=&#8221;heading-letter&#8221;][vc_column_text css=&#8221;.vc_custom_1486982315834{margin-top: 20px !important;}&#8221;]Diese Zeitpunkte sind niemals 100 Prozent korrekt. Wenn es wichtige \u00c4nderungen gibt ist es ratsam, dass Sie uns so schnell wie m\u00f6glich dar\u00fcber informieren.[\/vc_column_text][\/vc_column][vc_column width=&#8221;1\/2&#8243;][vc_custom_heading text=&#8221;<b>4.<\/b>Es gibt Versp\u00e4tung beim Ankunfts-Zeitpunkt. Was soll ich tun?&#8221; font_container=&#8221;tag:h2|font_size:16|text_align:left|line_height:1&#8243; use_theme_fonts=&#8221;yes&#8221; show_box_icon=&#8221;&#8221; font_weight=&#8221;600&#8243; text_transform=&#8221;none&#8221; el_class=&#8221;heading-letter&#8221;][vc_column_text css=&#8221;.vc_custom_1486982322381{margin-top: 20px !important;}&#8221;]Wenn Ihr Flug eine Versp\u00e4tung von mehr als 45 Minuten bei Ihrer Ankunft in Alicante oder Valencia hat bitten wir Sie, uns dar\u00fcber per Telefon zu informieren (nicht per SMS oder Whatsapp).[\/vc_column_text][\/vc_column][\/vc_row][vc_row css=&#8221;.vc_custom_1486982589265{margin-top: 10px !important;margin-bottom: 10px !important;}&#8221;][vc_column width=&#8221;1\/2&#8243;][vc_custom_heading text=&#8221;<b>5.<\/b>Welche Preise haben unsere Dienstleistungen?&#8221; font_container=&#8221;tag:h2|font_size:16|text_align:left|line_height:1&#8243; use_theme_fonts=&#8221;yes&#8221; show_box_icon=&#8221;&#8221; font_weight=&#8221;600&#8243; text_transform=&#8221;none&#8221; el_class=&#8221;heading-letter&#8221;][vc_column_text css=&#8221;.vc_custom_1491121595964{margin-top: 20px !important;}&#8221;]Auf der Seite Preise k\u00f6nnen Sie die <a style=\"color: #e62d38;\" href=\"https:\/\/taxialicante.eu\/de\/preise-flughafentransfer\/\"><strong>Preisliste<\/strong><\/a> f\u00fcr die Strecken finden. Wenn Sie eine konkrete Verlegung brauchen oder irgendwelche Zweifel haben, bitte <strong><a style=\"color: #e62d38;\" href=\"https:\/\/taxialicante.eu\/de\/gunstige-flughafentransfer\/\">befragen<\/a><\/strong> Sie uns unverbindlich.[\/vc_column_text][\/vc_column][vc_column width=&#8221;1\/2&#8243;][vc_custom_heading text=&#8221;<b>6.<\/b>Welche Zahlungsweise kann ich benutzen?&#8221; font_container=&#8221;tag:h2|font_size:16|text_align:left|line_height:1&#8243; use_theme_fonts=&#8221;yes&#8221; show_box_icon=&#8221;&#8221; font_weight=&#8221;600&#8243; text_transform=&#8221;none&#8221; el_class=&#8221;heading-letter&#8221;][vc_column_text css=&#8221;.vc_custom_1714501776193{margin-top: 20px !important;}&#8221;]Sie k\u00f6nnen im voraus mittels Bank\u00fcberweisung auf das Konto IBAN ES82 3045 2662 4027 2001 0013 &#8211; B.I.C.: CCRIES2A045 bezahlen. Auf unserer Website www.taxialicante.eu k\u00f6nnen Sie online per Kreditkarte buchen und bezahlen.[\/vc_column_text][\/vc_column][\/vc_row][vc_row css=&#8221;.vc_custom_1486982594770{margin-top: 10px !important;margin-bottom: 10px !important;}&#8221;][vc_column width=&#8221;1\/2&#8243;][vc_custom_heading text=&#8221;<b>7.<\/b>Wann und wie kann ich eine Reservierung annullieren?&#8221; font_container=&#8221;tag:h2|font_size:16|text_align:left|line_height:1&#8243; use_theme_fonts=&#8221;yes&#8221; show_box_icon=&#8221;&#8221; font_weight=&#8221;600&#8243; text_transform=&#8221;none&#8221; el_class=&#8221;heading-letter&#8221;][vc_column_text css=&#8221;.vc_custom_1486982340828{margin-top: 20px !important;}&#8221;]Wir nehmen Annullierungen wegen dringenden Gr\u00fcnden bis 24 Stunden vor dem Anfang der Verlegung an. Wenn die Annullierung aber weniger als 24 Stunden im voraus bekanntgegeben wird muss der Kunde den ganzen vereinbarten Preis bezahlen.[\/vc_column_text][\/vc_column][vc_column width=&#8221;1\/2&#8243;][vc_custom_heading text=&#8221;<b>8.<\/b>Habt ihr einen anderen Preis f\u00fcr Dienstleistungen in der Nacht?&#8221; font_container=&#8221;tag:h2|font_size:16|text_align:left|line_height:1&#8243; use_theme_fonts=&#8221;yes&#8221; show_box_icon=&#8221;&#8221; font_weight=&#8221;600&#8243; text_transform=&#8221;none&#8221; el_class=&#8221;heading-letter&#8221;][vc_column_text css=&#8221;.vc_custom_1491121605108{margin-top: 20px !important;}&#8221;]Ja. Zwischen 22:00 und 06:00 Uhr gibt es den Nacht-Dienst-Preis, welcher einen Zuschlag von 10 Euro \u00fcber den normalen <a style=\"color: #e62d38;\" href=\"https:\/\/taxialicante.eu\/de\/preise-flughafentransfer\/\"><strong>Preis<\/strong><\/a> bedeutet.\u00a0Taxi Alicante,\u00a0Ihr Partner f\u00fcr\u00a0Verlegung nach\/von Flugh\u00e4fen Alicante und\u00a0Valencia![\/vc_column_text][\/vc_column][\/vc_row][vc_row css=&#8221;.vc_custom_1486982627753{margin-top: 20px !important;}&#8221;][vc_column][vc_custom_heading text=&#8221;Haben Sie noch weitere Fragen?&#8221; font_container=&#8221;tag:h2|font_size:20|text_align:left|line_height:1&#8243; use_theme_fonts=&#8221;yes&#8221; show_box_icon=&#8221;yes&#8221; font_weight=&#8221;700&#8243; text_transform=&#8221;none&#8221;][vc_tta_accordion c_position=&#8221;right&#8221; active_section=&#8221;1&#8243; el_class=&#8221;accordion-dark&#8221; css=&#8221;.vc_custom_1473357285041{margin-top: 35px !important;}&#8221;][vc_tta_section title=&#8221;Kinder j\u00fcnger als 4 Jahre?&#8221; tab_id=&#8221;1473098956105-f6dbc580-eeb9&#8243;][vc_column_text]<\/p>\n<div><img loading=\"lazy\" decoding=\"async\" class=\"float-left alignnone wp-image-760 size-full\" title=\"luchthavenvervoer kinderen\" src=\"https:\/\/taxialicante.eu\/wp-content\/uploads\/2016\/09\/faqs1-1.jpg\" alt=\"luchthavenvervoer kinderen\" width=\"130\" height=\"100\" \/><\/div>\n<div class=\"margin-left-150\">Damit wir Ihnen die gr\u00f6sste Sicherheit w\u00e4hrend der Fahrt versichern und die gesetzlichen Regelungen der Costa Blanca befolgen k\u00f6nnen f\u00e4hrt Taxi Alicante immer die Kinder j\u00fcnger als 4 Jahre auf den n\u00f6tigen Auto- und Hebesitzen f\u00fcr das entsprechende Alter ohne extra Kosten. Das Bed\u00fcrfnis dieser Sitze f\u00fcr Kinder muss beim Antrag der Dienstleistung genau angedeutet werden.<\/div>\n<p>[\/vc_column_text][\/vc_tta_section][vc_tta_section title=&#8221;Rollst\u00fchle, Fahrr\u00e4der, Golftaschen, Haustiere, u.s.w.?&#8221; tab_id=&#8221;1473098956169-46a6ac8d-a36a&#8221;][vc_column_text]<\/p>\n<div><img loading=\"lazy\" decoding=\"async\" class=\"float-left alignnone wp-image-760 size-full\" title=\"luchthaven transfer baggage\" src=\"https:\/\/taxialicante.eu\/wp-content\/uploads\/2017\/02\/faqs2-1.jpg\" alt=\"luchthaven transfer baggage\" width=\"130\" height=\"100\" \/><\/div>\n<div class=\"margin-left-150\">Wenn Sie eine Verlegung mit Rollstuhl, Golftasche, Fahrr\u00e4dern oder anderem Gep\u00e4ck von bedeutender Gr\u00f6sse brauchen bitten wir Sie, uns diese Tatsache im voraus mitzuteilen. In fast allen F\u00e4llen werden die Standard- Bedingungen und Preise f\u00fcr die entsprechende Dienstleistung angewendet, aber Ausnahmen k\u00f6nnen vorkommen. Bitte befragen Sie uns deshalb \u00fcber den Endpreis. F\u00fcr die Sicherheit ihrer Haustiere bevorzugen wir, diese in speziellen Taschen zu fahren, die wir leider nicht zur Verf\u00fcgung haben.<\/div>\n<p>[\/vc_column_text][\/vc_tta_section][vc_tta_section title=&#8221;Wie lange warten unsere Fahrer am Flughafen?&#8221; tab_id=&#8221;1473099021379-9163903b-bdad&#8221;][vc_column_text]<\/p>\n<div><img loading=\"lazy\" decoding=\"async\" class=\"float-left alignnone wp-image-760 size-full\" title=\"wachttijd chauffeur luchthaven transfer\" src=\"https:\/\/taxialicante.eu\/wp-content\/uploads\/2016\/09\/faqs3-1.jpg\" alt=\"wachttijd chauffeur luchthavenvervoer\" width=\"130\" height=\"100\" \/><\/div>\n<div class=\"margin-left-150\">Die im vereinbarten Preis inbegriffene Wartezeit ist 1 Stunde nach der Ankunft Ihres Fluges. Nach dieser Zeit wird ein Betrag von 20 Euro auf dem Gesamtpreis f\u00fcr die Verlegung hinzugerechnet. Bitte <strong><a style=\"color: #e62d38;\" href=\"https:\/\/taxialicante.eu\/de\/gunstige-flughafentransfer\/\">melden Sie sich<\/a><\/strong> bei uns im Falle von Versp\u00e4tungen oder anderen Problemen mit Ihrem Flug damit wir Ihnen die beste L\u00f6sungen bieten k\u00f6nnen.<\/div>\n<p>[\/vc_column_text][\/vc_tta_section][\/vc_tta_accordion][\/vc_column][\/vc_row]<\/p>\n<\/section>","protected":false},"excerpt":{"rendered":"<p>[vc_row css=&#8221;.vc_custom_1487103403488{margin-top: -15px !important;}&#8221;][vc_column][vc_column_text][rev_slider_vc alias=&#8221;slider-faqs&#8221;][\/vc_column_text][\/vc_column][\/vc_row][vc_row css=&#8221;.vc_custom_1486722061065{margin-bottom: -50px !important;}&#8221;][vc_column][vc_column_text]Sehr h\u00e4ufig werden Fragen und Zweifel \u00fcber unsere Dienstleistung f\u00fcr die Flughafenservice gestellt und es handelt sich fast immer \u00fcber Zweifel bei Versp\u00e4tung des Fluges, \u00fcber das erlaubte Gep\u00e4ck, u.s.w. Deshalb m\u00f6chten wir Ihnen in diesem Abschnitt die Antwort f\u00fcr die h\u00e4ufigsten Fragen geben. Wenn Sie mehr spezifische Information w\u00fcnschen, bitte befragen Sie uns unverbindlich.[\/vc_column_text][\/vc_column][\/vc_row][vc_row css=&#8221;.vc_custom_1486982197246{margin-top: 56px !important;margin-bottom: 10px !important;}&#8221;][vc_column width=&#8221;1\/2&#8243;][vc_custom_heading text=&#8221;1.Wie werde ich am Flughafen erwartet und abgeholt?&#8221; font_container=&#8221;tag:h2|font_size:16|text_align:left|line_height:1&#8243; use_theme_fonts=&#8221;yes&#8221; show_box_icon=&#8221;&#8221; font_weight=&#8221;600&#8243; text_transform=&#8221;none&#8221; el_class=&#8221;heading-letter&#8221;][vc_column_text css=&#8221;.vc_custom_1491121570268{margin-top: 20px !important;}&#8221;]Der Fahrer von Taxi Alicante wird in der Ankunftshalle im Flughafen mit einem Plakat mit Ihrem Namen auf Sie warten. Es ist ratsam, dass Sie Ihr Handy knapp nach der Landung anmachen und operativ halten damit der Fahrer, wenn n\u00f6tig, mit Ihnen Kontakt aufnehmen kann.[\/vc_column_text][\/vc_column][vc_column width=&#8221;1\/2&#8243;][vc_custom_heading text=&#8221;2.Kann ich verlangen, dass noch mehr Personen w\u00e4hrend der Fahrt zu meinem Bestimmungsort abgeholt werden?&#8221; font_container=&#8221;tag:h2|font_size:16|text_align:left|line_height:1&#8243; use_theme_fonts=&#8221;yes&#8221; show_box_icon=&#8221;&#8221; font_weight=&#8221;600&#8243; text_transform=&#8221;none&#8221; el_class=&#8221;heading-letter&#8221;][vc_column_text css=&#8221;.vc_custom_1491121582603{margin-top: 20px !important;}&#8221;]Ja, wir bieten diese Dienstleistung. Aber Sie m\u00fcssen es im Antrag des Kostenvoranschlages als \u201eVerlegung f\u00fcr Gruppen\u201c andeuten. Wir werden immer die beste Wahl f\u00fcr Ihre Bed\u00fcrfnisse bei Flughafentransfer\u00a0(Verlegung nach\/von Flugh\u00e4fen) suchen.[\/vc_column_text][\/vc_column][\/vc_row][vc_row css=&#8221;.vc_custom_1486982584036{margin-top: 10px !important;margin-bottom: 10px !important;}&#8221;][vc_column width=&#8221;1\/2&#8243;][vc_custom_heading text=&#8221;3.Was soll ich tun wenn der Abflugs- oder Ankunfts-Zeitpunkt [&hellip;]<\/p>\n","protected":false},"author":1,"featured_media":0,"parent":0,"menu_order":0,"comment_status":"closed","ping_status":"closed","template":"","meta":{"footnotes":""},"class_list":["post-2986","page","type-page","status-publish","hentry"],"yoast_head":"<!-- This site is optimized with the Yoast SEO plugin v26.5 - https:\/\/yoast.com\/wordpress\/plugins\/seo\/ -->\n<title>Verlegung nach\/von Flugh\u00e4fen? H\u00e4ufige Fragen an Taxi Alicante, Spanien<\/title>\n<meta name=\"description\" content=\"In Taxi Alicante erhalten wir h\u00e4ufig Fragen \u00fcber unsere Dienstleistungen f\u00fcr die Verlegung nach\/von Flugh\u00e4fen, wie zum Beispiel \u00fcber Flug-Versp\u00e4tungen, ...\" \/>\n<meta name=\"robots\" content=\"index, follow, max-snippet:-1, max-image-preview:large, max-video-preview:-1\" \/>\n<meta property=\"og:locale\" content=\"de_DE\" \/>\n<meta property=\"og:type\" content=\"article\" \/>\n<meta property=\"og:title\" content=\"Verlegung nach\/von Flugh\u00e4fen? H\u00e4ufige Fragen an Taxi Alicante, Spanien\" \/>\n<meta property=\"og:description\" content=\"In Taxi Alicante erhalten wir h\u00e4ufig Fragen \u00fcber unsere Dienstleistungen f\u00fcr die Verlegung nach\/von Flugh\u00e4fen, wie zum Beispiel \u00fcber Flug-Versp\u00e4tungen, ...\" \/>\n<meta property=\"og:url\" content=\"https:\/\/taxialicante.eu\/de\/verlegung-flughafen-costablanca-fragen\/\" \/>\n<meta property=\"og:site_name\" content=\"Taxi Alicante\" \/>\n<meta property=\"article:publisher\" content=\"https:\/\/www.facebook.com\/taxialicantevalencia\/?fref=ts\" \/>\n<meta property=\"article:modified_time\" content=\"2024-04-30T18:29:38+00:00\" \/>\n<meta property=\"og:image\" content=\"https:\/\/taxialicante.eu\/wp-content\/uploads\/2016\/09\/faqs1-1.jpg\" \/>\n<meta name=\"twitter:card\" content=\"summary_large_image\" \/>\n<meta name=\"twitter:label1\" content=\"Est. reading time\" \/>\n\t<meta name=\"twitter:data1\" content=\"5 minutes\" \/>\n<script type=\"application\/ld+json\" class=\"yoast-schema-graph\">{\"@context\":\"https:\/\/schema.org\",\"@graph\":[{\"@type\":\"WebPage\",\"@id\":\"https:\/\/taxialicante.eu\/de\/verlegung-flughafen-costablanca-fragen\/\",\"url\":\"https:\/\/taxialicante.eu\/de\/verlegung-flughafen-costablanca-fragen\/\",\"name\":\"Verlegung nach\/von Flugh\u00e4fen? H\u00e4ufige Fragen an Taxi Alicante, Spanien\",\"isPartOf\":{\"@id\":\"https:\/\/taxialicante.eu\/#website\"},\"primaryImageOfPage\":{\"@id\":\"https:\/\/taxialicante.eu\/de\/verlegung-flughafen-costablanca-fragen\/#primaryimage\"},\"image\":{\"@id\":\"https:\/\/taxialicante.eu\/de\/verlegung-flughafen-costablanca-fragen\/#primaryimage\"},\"thumbnailUrl\":\"https:\/\/taxialicante.eu\/wp-content\/uploads\/2016\/09\/faqs1-1.jpg\",\"datePublished\":\"2016-09-08T14:14:24+00:00\",\"dateModified\":\"2024-04-30T18:29:38+00:00\",\"description\":\"In Taxi Alicante erhalten wir h\u00e4ufig Fragen \u00fcber unsere Dienstleistungen f\u00fcr die Verlegung nach\/von Flugh\u00e4fen, wie zum Beispiel \u00fcber Flug-Versp\u00e4tungen, ...\",\"breadcrumb\":{\"@id\":\"https:\/\/taxialicante.eu\/de\/verlegung-flughafen-costablanca-fragen\/#breadcrumb\"},\"inLanguage\":\"de\",\"potentialAction\":[{\"@type\":\"ReadAction\",\"target\":[\"https:\/\/taxialicante.eu\/de\/verlegung-flughafen-costablanca-fragen\/\"]}]},{\"@type\":\"ImageObject\",\"inLanguage\":\"de\",\"@id\":\"https:\/\/taxialicante.eu\/de\/verlegung-flughafen-costablanca-fragen\/#primaryimage\",\"url\":\"https:\/\/taxialicante.eu\/wp-content\/uploads\/2016\/09\/faqs1-1.jpg\",\"contentUrl\":\"https:\/\/taxialicante.eu\/wp-content\/uploads\/2016\/09\/faqs1-1.jpg\"},{\"@type\":\"BreadcrumbList\",\"@id\":\"https:\/\/taxialicante.eu\/de\/verlegung-flughafen-costablanca-fragen\/#breadcrumb\",\"itemListElement\":[{\"@type\":\"ListItem\",\"position\":1,\"name\":\"Home\",\"item\":\"https:\/\/taxialicante.eu\/de\/\"},{\"@type\":\"ListItem\",\"position\":2,\"name\":\"H\u00e4ufige Fragen\"}]},{\"@type\":\"WebSite\",\"@id\":\"https:\/\/taxialicante.eu\/#website\",\"url\":\"https:\/\/taxialicante.eu\/\",\"name\":\"Taxi Alicante\",\"description\":\"25 jaar ervaring in luchthavenvervoer\",\"publisher\":{\"@id\":\"https:\/\/taxialicante.eu\/#organization\"},\"potentialAction\":[{\"@type\":\"SearchAction\",\"target\":{\"@type\":\"EntryPoint\",\"urlTemplate\":\"https:\/\/taxialicante.eu\/?s={search_term_string}\"},\"query-input\":{\"@type\":\"PropertyValueSpecification\",\"valueRequired\":true,\"valueName\":\"search_term_string\"}}],\"inLanguage\":\"de\"},{\"@type\":\"Organization\",\"@id\":\"https:\/\/taxialicante.eu\/#organization\",\"name\":\"Taxi Alicante\",\"url\":\"https:\/\/taxialicante.eu\/\",\"logo\":{\"@type\":\"ImageObject\",\"inLanguage\":\"de\",\"@id\":\"https:\/\/taxialicante.eu\/#\/schema\/logo\/image\/\",\"url\":\"https:\/\/taxialicante.eu\/wp-content\/uploads\/2017\/02\/logo-red-1.png\",\"contentUrl\":\"https:\/\/taxialicante.eu\/wp-content\/uploads\/2017\/02\/logo-red-1.png\",\"width\":350,\"height\":84,\"caption\":\"Taxi Alicante\"},\"image\":{\"@id\":\"https:\/\/taxialicante.eu\/#\/schema\/logo\/image\/\"},\"sameAs\":[\"https:\/\/www.facebook.com\/taxialicantevalencia\/?fref=ts\"]}]}<\/script>\n<!-- \/ Yoast SEO plugin. -->","yoast_head_json":{"title":"Verlegung nach\/von Flugh\u00e4fen? H\u00e4ufige Fragen an Taxi Alicante, Spanien","description":"In Taxi Alicante erhalten wir h\u00e4ufig Fragen \u00fcber unsere Dienstleistungen f\u00fcr die Verlegung nach\/von Flugh\u00e4fen, wie zum Beispiel \u00fcber Flug-Versp\u00e4tungen, ...","robots":{"index":"index","follow":"follow","max-snippet":"max-snippet:-1","max-image-preview":"max-image-preview:large","max-video-preview":"max-video-preview:-1"},"og_locale":"de_DE","og_type":"article","og_title":"Verlegung nach\/von Flugh\u00e4fen? H\u00e4ufige Fragen an Taxi Alicante, Spanien","og_description":"In Taxi Alicante erhalten wir h\u00e4ufig Fragen \u00fcber unsere Dienstleistungen f\u00fcr die Verlegung nach\/von Flugh\u00e4fen, wie zum Beispiel \u00fcber Flug-Versp\u00e4tungen, ...","og_url":"https:\/\/taxialicante.eu\/de\/verlegung-flughafen-costablanca-fragen\/","og_site_name":"Taxi Alicante","article_publisher":"https:\/\/www.facebook.com\/taxialicantevalencia\/?fref=ts","article_modified_time":"2024-04-30T18:29:38+00:00","og_image":[{"url":"https:\/\/taxialicante.eu\/wp-content\/uploads\/2016\/09\/faqs1-1.jpg","type":"","width":"","height":""}],"twitter_card":"summary_large_image","twitter_misc":{"Est. reading time":"5 minutes"},"schema":{"@context":"https:\/\/schema.org","@graph":[{"@type":"WebPage","@id":"https:\/\/taxialicante.eu\/de\/verlegung-flughafen-costablanca-fragen\/","url":"https:\/\/taxialicante.eu\/de\/verlegung-flughafen-costablanca-fragen\/","name":"Verlegung nach\/von Flugh\u00e4fen? H\u00e4ufige Fragen an Taxi Alicante, Spanien","isPartOf":{"@id":"https:\/\/taxialicante.eu\/#website"},"primaryImageOfPage":{"@id":"https:\/\/taxialicante.eu\/de\/verlegung-flughafen-costablanca-fragen\/#primaryimage"},"image":{"@id":"https:\/\/taxialicante.eu\/de\/verlegung-flughafen-costablanca-fragen\/#primaryimage"},"thumbnailUrl":"https:\/\/taxialicante.eu\/wp-content\/uploads\/2016\/09\/faqs1-1.jpg","datePublished":"2016-09-08T14:14:24+00:00","dateModified":"2024-04-30T18:29:38+00:00","description":"In Taxi Alicante erhalten wir h\u00e4ufig Fragen \u00fcber unsere Dienstleistungen f\u00fcr die Verlegung nach\/von Flugh\u00e4fen, wie zum Beispiel \u00fcber Flug-Versp\u00e4tungen, ...","breadcrumb":{"@id":"https:\/\/taxialicante.eu\/de\/verlegung-flughafen-costablanca-fragen\/#breadcrumb"},"inLanguage":"de","potentialAction":[{"@type":"ReadAction","target":["https:\/\/taxialicante.eu\/de\/verlegung-flughafen-costablanca-fragen\/"]}]},{"@type":"ImageObject","inLanguage":"de","@id":"https:\/\/taxialicante.eu\/de\/verlegung-flughafen-costablanca-fragen\/#primaryimage","url":"https:\/\/taxialicante.eu\/wp-content\/uploads\/2016\/09\/faqs1-1.jpg","contentUrl":"https:\/\/taxialicante.eu\/wp-content\/uploads\/2016\/09\/faqs1-1.jpg"},{"@type":"BreadcrumbList","@id":"https:\/\/taxialicante.eu\/de\/verlegung-flughafen-costablanca-fragen\/#breadcrumb","itemListElement":[{"@type":"ListItem","position":1,"name":"Home","item":"https:\/\/taxialicante.eu\/de\/"},{"@type":"ListItem","position":2,"name":"H\u00e4ufige Fragen"}]},{"@type":"WebSite","@id":"https:\/\/taxialicante.eu\/#website","url":"https:\/\/taxialicante.eu\/","name":"Taxi Alicante","description":"25 jaar ervaring in luchthavenvervoer","publisher":{"@id":"https:\/\/taxialicante.eu\/#organization"},"potentialAction":[{"@type":"SearchAction","target":{"@type":"EntryPoint","urlTemplate":"https:\/\/taxialicante.eu\/?s={search_term_string}"},"query-input":{"@type":"PropertyValueSpecification","valueRequired":true,"valueName":"search_term_string"}}],"inLanguage":"de"},{"@type":"Organization","@id":"https:\/\/taxialicante.eu\/#organization","name":"Taxi Alicante","url":"https:\/\/taxialicante.eu\/","logo":{"@type":"ImageObject","inLanguage":"de","@id":"https:\/\/taxialicante.eu\/#\/schema\/logo\/image\/","url":"https:\/\/taxialicante.eu\/wp-content\/uploads\/2017\/02\/logo-red-1.png","contentUrl":"https:\/\/taxialicante.eu\/wp-content\/uploads\/2017\/02\/logo-red-1.png","width":350,"height":84,"caption":"Taxi Alicante"},"image":{"@id":"https:\/\/taxialicante.eu\/#\/schema\/logo\/image\/"},"sameAs":["https:\/\/www.facebook.com\/taxialicantevalencia\/?fref=ts"]}]}},"_links":{"self":[{"href":"https:\/\/taxialicante.eu\/de\/wp-json\/wp\/v2\/pages\/2986","targetHints":{"allow":["GET"]}}],"collection":[{"href":"https:\/\/taxialicante.eu\/de\/wp-json\/wp\/v2\/pages"}],"about":[{"href":"https:\/\/taxialicante.eu\/de\/wp-json\/wp\/v2\/types\/page"}],"author":[{"embeddable":true,"href":"https:\/\/taxialicante.eu\/de\/wp-json\/wp\/v2\/users\/1"}],"replies":[{"embeddable":true,"href":"https:\/\/taxialicante.eu\/de\/wp-json\/wp\/v2\/comments?post=2986"}],"version-history":[{"count":5,"href":"https:\/\/taxialicante.eu\/de\/wp-json\/wp\/v2\/pages\/2986\/revisions"}],"predecessor-version":[{"id":6720,"href":"https:\/\/taxialicante.eu\/de\/wp-json\/wp\/v2\/pages\/2986\/revisions\/6720"}],"wp:attachment":[{"href":"https:\/\/taxialicante.eu\/de\/wp-json\/wp\/v2\/media?parent=2986"}],"curies":[{"name":"wp","href":"https:\/\/api.w.org\/{rel}","templated":true}]}}