{"id":3016,"date":"2017-02-03T14:16:23","date_gmt":"2017-02-03T13:16:23","guid":{"rendered":"http:\/\/www.taxialicante.eu\/goedkoop-groepsvervoer\/"},"modified":"2021-04-05T18:43:11","modified_gmt":"2021-04-05T16:43:11","slug":"transfers-fur-gruppen-verlegung","status":"publish","type":"page","link":"https:\/\/taxialicante.eu\/de\/transfers-fur-gruppen-verlegung\/","title":{"rendered":"Verlegung von Gruppen"},"content":{"rendered":"<section class=\"wpb-content-wrapper\"><p>[vc_row][vc_column css=&#8221;.vc_custom_1486570994307{margin-top: -20px !important;margin-bottom: -40px !important;}&#8221;][vc_column_text]Brauchen Sie eine Gruppenfahrt, wie zum Beispiel, f\u00fcr mehrere Angestellten zu einem Kongress, einer Nacht mit Freunden, einer Tour durch die Costa Blanca oder nach anderen Bestimmungsorten in Spanien? <a style=\"color: #e62d38;\" href=\"https:\/\/taxialicante.eu\/de\/\"><strong>Taxi Alicante<\/strong><\/a> bietet wirksame und sichere Verlegungen f\u00fcr grosse und kleine Gruppen zu Ereignissen oder von\/nach Flugh\u00e4fen in Alicante und Valencia. Wir verf\u00fcgen \u00fcber verschiedene Kleinbusse f\u00fcr kleine Gruppen und \u00fcber einen Neoplan Cityliner Bus f\u00fcr grosse Gruppen bis 54 Personen. Unser Fahrer hat ausgedehnte Erfahrung in der Gruppenfahr und spricht mehrere Sprachen, um Ihnen eine sichere und angenehme Reise nach Ihrem Bestimmungsort zu bieten.<\/p>\n<p>Wenn Sie einen preiswerten Kleinbus ben\u00f6tigen, ist Taxi Alicante die beste Wahl. Wir bieten Transfers f\u00fcr Gruppen zu einem g\u00fcnstigen Festpreis. Eine Verlegung sp\u00e4t in der Nacht oder mitten in der Stosszeit&#8230; der vereinbarte Preis wird nicht ver\u00e4ndert. Das ist sehr vorteilhaft f\u00fcr Sie weil wir keinen Taxameter benutzen und uns immer, unabh\u00e4ngig von den Umst\u00e4nden, an den vereinbarten Preis halten. Wir bieten ebenfalls Gruppenfahrten von Alicante und Valencia nach Bestimmungsorten in ganz Spanien mit Kleinbussen f\u00fcr 20 Personen zu einem niedrigen Festpreis. Wir fahren sie selbstverst\u00e4ndlich zum genauen Punkt des Bestimmungsortes, ob es sich um ein Hotel, eine Ferienwohnung, u.s.w. handeln m\u00f6ge. Informieren Sie sich \u00fcber unsere wettbewerbsf\u00e4higen Preise auf unserer Website <strong><a style=\"color: #e62d38;\" href=\"http:\/\/www.alicante-private-airportshuttle.com\">http:\/\/www.alicante-private-airportshuttle.com<\/a><\/strong>.<\/p>\n<h2>PRIVATER TAXIBUS ZUM FLUGHAFEN ALICANTE<\/h2>\n<p>Abh\u00e4ngig von der Anzahl der Fahrg\u00e4ste wird der Endpreis normalerweise niedriger sein als derjenige, der Ihnen f\u00fcr die Fahrt in mehreren Taxis oder in einem geteilten Taxibus angeboten werden kann. Taxi Alicante wird Sie ausserdem in einem privaten Kleinbus fahren, ohne das Fahrzeug mit Unbekannten teilen zu m\u00fcssen. Sie brauchen nur den Zeitpunkt f\u00fcr das Abholen vor der T\u00fcr anzudeuten und wir machen den Rest.<\/p>\n<p>Brauchen Sie eine <a style=\"color: #e62d38;\" href=\"https:\/\/taxialicante.eu\/de\/flughafenservice-alicante-valencia\/\"><strong>Flughafenservice<\/strong><\/a>? Auch in diesem Falle k\u00f6nnen Sie unsere Transfers f\u00fcr Gruppen bis 20 Personen festsetzen. Wenn es sich um eine gr\u00f6ssere Gruppe handelt, bitte befragen Sie uns und wir werden Ihnen die verschiedene M\u00f6glichkeiten andeuten.[\/vc_column_text][\/vc_column][\/vc_row][vc_row css=&#8221;.vc_custom_1486580172252{margin-top: 40px !important;}&#8221;][vc_column][vc_gallery type=&#8221;image_grid&#8221; images=&#8221;4807,4808,4809,4810,4811,4813&#8243;][\/vc_column][\/vc_row][vc_row content_placement=&#8221;middle&#8221; css=&#8221;.vc_custom_1486585373634{margin-right: 2px !important;margin-left: 2px !important;background-image: url(https:\/\/taxialicante.eu\/wp-content\/uploads\/2017\/02\/service-bg-5-2-1.png?id=1009) !important;background-position: center !important;background-repeat: no-repeat !important;background-size: cover !important;}&#8221;][vc_column][vc_row_inner][vc_column_inner el_class=&#8221;.padding-left-xs-15&#8243; css=&#8221;.vc_custom_1486561868414{padding-top: 120px !important;padding-bottom: 40px !important;padding-left: 58px !important;background-position: center !important;background-repeat: no-repeat !important;background-size: contain !important;}&#8221;][vc_custom_heading text=&#8221;Bitte beantragen Sie hier&#8221; font_container=&#8221;tag:h2|font_size:30|text_align:left|line_height:1&#8243; use_theme_fonts=&#8221;yes&#8221; show_box_icon=&#8221;&#8221; font_weight=&#8221;700&#8243; text_transform=&#8221;none&#8221;][vc_custom_heading text=&#8221;einen unverbindlichen Kostenvoranschlag.&#8221; font_container=&#8221;tag:h2|font_size:30|text_align:left|line_height:1&#8243; use_theme_fonts=&#8221;yes&#8221; show_box_icon=&#8221;&#8221; font_weight=&#8221;700&#8243; text_transform=&#8221;none&#8221; css=&#8221;.vc_custom_1491062693077{margin-top: 6px !important;}&#8221;][\/vc_column_inner][\/vc_row_inner][boardthemes_button has_arrow=&#8221;yes&#8221; text=&#8221;KLICKEN SIE HIER&#8221; link=&#8221;url:http%3A%2F%2Fwww.taxialicante.eu%2Fde%2Fkostenvoranschlag-flughafentransfer%2F|||&#8221; css=&#8221;.vc_custom_1490189879712{margin-bottom: 30px !important;margin-left: 45px !important;}&#8221;][\/vc_column][\/vc_row]<\/p>\n<\/section>","protected":false},"excerpt":{"rendered":"<p>[vc_row][vc_column css=&#8221;.vc_custom_1486570994307{margin-top: -20px !important;margin-bottom: -40px !important;}&#8221;][vc_column_text]Brauchen Sie eine Gruppenfahrt, wie zum Beispiel, f\u00fcr mehrere Angestellten zu einem Kongress, einer Nacht mit Freunden, einer Tour durch die Costa Blanca oder nach anderen Bestimmungsorten in Spanien? Taxi Alicante bietet wirksame und sichere Verlegungen f\u00fcr grosse und kleine Gruppen zu Ereignissen oder von\/nach Flugh\u00e4fen in Alicante und Valencia. Wir verf\u00fcgen \u00fcber verschiedene Kleinbusse f\u00fcr kleine Gruppen und \u00fcber einen Neoplan Cityliner Bus f\u00fcr grosse Gruppen bis 54 Personen. Unser Fahrer hat ausgedehnte Erfahrung in der Gruppenfahr und spricht mehrere Sprachen, um Ihnen eine sichere und angenehme Reise nach Ihrem Bestimmungsort zu bieten. Wenn Sie einen preiswerten Kleinbus ben\u00f6tigen, ist Taxi Alicante die beste Wahl. Wir bieten Transfers f\u00fcr Gruppen zu einem g\u00fcnstigen Festpreis. Eine Verlegung sp\u00e4t in der Nacht oder mitten in der Stosszeit&#8230; der vereinbarte Preis wird nicht ver\u00e4ndert. Das ist sehr vorteilhaft f\u00fcr Sie weil wir keinen Taxameter benutzen und uns immer, unabh\u00e4ngig von den Umst\u00e4nden, an den vereinbarten Preis halten. Wir bieten ebenfalls Gruppenfahrten von Alicante und Valencia nach Bestimmungsorten in ganz Spanien mit Kleinbussen f\u00fcr 20 Personen zu einem niedrigen Festpreis. Wir fahren sie selbstverst\u00e4ndlich zum genauen Punkt des Bestimmungsortes, ob es sich um ein Hotel, eine Ferienwohnung, u.s.w. [&hellip;]<\/p>\n","protected":false},"author":1,"featured_media":0,"parent":0,"menu_order":0,"comment_status":"closed","ping_status":"closed","template":"","meta":{"footnotes":""},"class_list":["post-3016","page","type-page","status-publish","hentry"],"yoast_head":"<!-- This site is optimized with the Yoast SEO plugin v26.5 - https:\/\/yoast.com\/wordpress\/plugins\/seo\/ -->\n<title>Transfers f\u00fcr Gruppen zum Flughafen oder zu irgendwelcher Veranstaltung<\/title>\n<meta name=\"description\" content=\"Brauchen Sie die Verlegung von einer Gruppe wie f\u00fcr eine Nacht mit Freunden in Costa Blanca? Taxi Alicante bietet sichere Transfers f\u00fcr Gruppen.\" \/>\n<meta name=\"robots\" content=\"index, follow, max-snippet:-1, max-image-preview:large, max-video-preview:-1\" \/>\n<meta property=\"og:locale\" content=\"de_DE\" \/>\n<meta property=\"og:type\" content=\"article\" \/>\n<meta property=\"og:title\" content=\"Transfers f\u00fcr Gruppen zum Flughafen oder zu irgendwelcher Veranstaltung\" \/>\n<meta property=\"og:description\" content=\"Brauchen Sie die Verlegung von einer Gruppe wie f\u00fcr eine Nacht mit Freunden in Costa Blanca? Taxi Alicante bietet sichere Transfers f\u00fcr Gruppen.\" \/>\n<meta property=\"og:url\" content=\"https:\/\/taxialicante.eu\/de\/transfers-fur-gruppen-verlegung\/\" \/>\n<meta property=\"og:site_name\" content=\"Taxi Alicante\" \/>\n<meta property=\"article:publisher\" content=\"https:\/\/www.facebook.com\/taxialicantevalencia\/?fref=ts\" \/>\n<meta property=\"article:modified_time\" content=\"2021-04-05T16:43:11+00:00\" \/>\n<meta name=\"twitter:card\" content=\"summary_large_image\" \/>\n<meta name=\"twitter:label1\" content=\"Est. reading time\" \/>\n\t<meta name=\"twitter:data1\" content=\"2 minutes\" \/>\n<script type=\"application\/ld+json\" class=\"yoast-schema-graph\">{\"@context\":\"https:\/\/schema.org\",\"@graph\":[{\"@type\":\"WebPage\",\"@id\":\"https:\/\/taxialicante.eu\/de\/transfers-fur-gruppen-verlegung\/\",\"url\":\"https:\/\/taxialicante.eu\/de\/transfers-fur-gruppen-verlegung\/\",\"name\":\"Transfers f\u00fcr Gruppen zum Flughafen oder zu irgendwelcher Veranstaltung\",\"isPartOf\":{\"@id\":\"https:\/\/taxialicante.eu\/#website\"},\"datePublished\":\"2017-02-03T13:16:23+00:00\",\"dateModified\":\"2021-04-05T16:43:11+00:00\",\"description\":\"Brauchen Sie die Verlegung von einer Gruppe wie f\u00fcr eine Nacht mit Freunden in Costa Blanca? Taxi Alicante bietet sichere Transfers f\u00fcr Gruppen.\",\"breadcrumb\":{\"@id\":\"https:\/\/taxialicante.eu\/de\/transfers-fur-gruppen-verlegung\/#breadcrumb\"},\"inLanguage\":\"de\",\"potentialAction\":[{\"@type\":\"ReadAction\",\"target\":[\"https:\/\/taxialicante.eu\/de\/transfers-fur-gruppen-verlegung\/\"]}]},{\"@type\":\"BreadcrumbList\",\"@id\":\"https:\/\/taxialicante.eu\/de\/transfers-fur-gruppen-verlegung\/#breadcrumb\",\"itemListElement\":[{\"@type\":\"ListItem\",\"position\":1,\"name\":\"Home\",\"item\":\"https:\/\/taxialicante.eu\/de\/\"},{\"@type\":\"ListItem\",\"position\":2,\"name\":\"Verlegung von Gruppen\"}]},{\"@type\":\"WebSite\",\"@id\":\"https:\/\/taxialicante.eu\/#website\",\"url\":\"https:\/\/taxialicante.eu\/\",\"name\":\"Taxi Alicante\",\"description\":\"25 jaar ervaring in luchthavenvervoer\",\"publisher\":{\"@id\":\"https:\/\/taxialicante.eu\/#organization\"},\"potentialAction\":[{\"@type\":\"SearchAction\",\"target\":{\"@type\":\"EntryPoint\",\"urlTemplate\":\"https:\/\/taxialicante.eu\/?s={search_term_string}\"},\"query-input\":{\"@type\":\"PropertyValueSpecification\",\"valueRequired\":true,\"valueName\":\"search_term_string\"}}],\"inLanguage\":\"de\"},{\"@type\":\"Organization\",\"@id\":\"https:\/\/taxialicante.eu\/#organization\",\"name\":\"Taxi Alicante\",\"url\":\"https:\/\/taxialicante.eu\/\",\"logo\":{\"@type\":\"ImageObject\",\"inLanguage\":\"de\",\"@id\":\"https:\/\/taxialicante.eu\/#\/schema\/logo\/image\/\",\"url\":\"https:\/\/taxialicante.eu\/wp-content\/uploads\/2017\/02\/logo-red-1.png\",\"contentUrl\":\"https:\/\/taxialicante.eu\/wp-content\/uploads\/2017\/02\/logo-red-1.png\",\"width\":350,\"height\":84,\"caption\":\"Taxi Alicante\"},\"image\":{\"@id\":\"https:\/\/taxialicante.eu\/#\/schema\/logo\/image\/\"},\"sameAs\":[\"https:\/\/www.facebook.com\/taxialicantevalencia\/?fref=ts\"]}]}<\/script>\n<!-- \/ Yoast SEO plugin. -->","yoast_head_json":{"title":"Transfers f\u00fcr Gruppen zum Flughafen oder zu irgendwelcher Veranstaltung","description":"Brauchen Sie die Verlegung von einer Gruppe wie f\u00fcr eine Nacht mit Freunden in Costa Blanca? Taxi Alicante bietet sichere Transfers f\u00fcr Gruppen.","robots":{"index":"index","follow":"follow","max-snippet":"max-snippet:-1","max-image-preview":"max-image-preview:large","max-video-preview":"max-video-preview:-1"},"og_locale":"de_DE","og_type":"article","og_title":"Transfers f\u00fcr Gruppen zum Flughafen oder zu irgendwelcher Veranstaltung","og_description":"Brauchen Sie die Verlegung von einer Gruppe wie f\u00fcr eine Nacht mit Freunden in Costa Blanca? Taxi Alicante bietet sichere Transfers f\u00fcr Gruppen.","og_url":"https:\/\/taxialicante.eu\/de\/transfers-fur-gruppen-verlegung\/","og_site_name":"Taxi Alicante","article_publisher":"https:\/\/www.facebook.com\/taxialicantevalencia\/?fref=ts","article_modified_time":"2021-04-05T16:43:11+00:00","twitter_card":"summary_large_image","twitter_misc":{"Est. reading time":"2 minutes"},"schema":{"@context":"https:\/\/schema.org","@graph":[{"@type":"WebPage","@id":"https:\/\/taxialicante.eu\/de\/transfers-fur-gruppen-verlegung\/","url":"https:\/\/taxialicante.eu\/de\/transfers-fur-gruppen-verlegung\/","name":"Transfers f\u00fcr Gruppen zum Flughafen oder zu irgendwelcher Veranstaltung","isPartOf":{"@id":"https:\/\/taxialicante.eu\/#website"},"datePublished":"2017-02-03T13:16:23+00:00","dateModified":"2021-04-05T16:43:11+00:00","description":"Brauchen Sie die Verlegung von einer Gruppe wie f\u00fcr eine Nacht mit Freunden in Costa Blanca? Taxi Alicante bietet sichere Transfers f\u00fcr Gruppen.","breadcrumb":{"@id":"https:\/\/taxialicante.eu\/de\/transfers-fur-gruppen-verlegung\/#breadcrumb"},"inLanguage":"de","potentialAction":[{"@type":"ReadAction","target":["https:\/\/taxialicante.eu\/de\/transfers-fur-gruppen-verlegung\/"]}]},{"@type":"BreadcrumbList","@id":"https:\/\/taxialicante.eu\/de\/transfers-fur-gruppen-verlegung\/#breadcrumb","itemListElement":[{"@type":"ListItem","position":1,"name":"Home","item":"https:\/\/taxialicante.eu\/de\/"},{"@type":"ListItem","position":2,"name":"Verlegung von Gruppen"}]},{"@type":"WebSite","@id":"https:\/\/taxialicante.eu\/#website","url":"https:\/\/taxialicante.eu\/","name":"Taxi Alicante","description":"25 jaar ervaring in luchthavenvervoer","publisher":{"@id":"https:\/\/taxialicante.eu\/#organization"},"potentialAction":[{"@type":"SearchAction","target":{"@type":"EntryPoint","urlTemplate":"https:\/\/taxialicante.eu\/?s={search_term_string}"},"query-input":{"@type":"PropertyValueSpecification","valueRequired":true,"valueName":"search_term_string"}}],"inLanguage":"de"},{"@type":"Organization","@id":"https:\/\/taxialicante.eu\/#organization","name":"Taxi Alicante","url":"https:\/\/taxialicante.eu\/","logo":{"@type":"ImageObject","inLanguage":"de","@id":"https:\/\/taxialicante.eu\/#\/schema\/logo\/image\/","url":"https:\/\/taxialicante.eu\/wp-content\/uploads\/2017\/02\/logo-red-1.png","contentUrl":"https:\/\/taxialicante.eu\/wp-content\/uploads\/2017\/02\/logo-red-1.png","width":350,"height":84,"caption":"Taxi Alicante"},"image":{"@id":"https:\/\/taxialicante.eu\/#\/schema\/logo\/image\/"},"sameAs":["https:\/\/www.facebook.com\/taxialicantevalencia\/?fref=ts"]}]}},"_links":{"self":[{"href":"https:\/\/taxialicante.eu\/de\/wp-json\/wp\/v2\/pages\/3016","targetHints":{"allow":["GET"]}}],"collection":[{"href":"https:\/\/taxialicante.eu\/de\/wp-json\/wp\/v2\/pages"}],"about":[{"href":"https:\/\/taxialicante.eu\/de\/wp-json\/wp\/v2\/types\/page"}],"author":[{"embeddable":true,"href":"https:\/\/taxialicante.eu\/de\/wp-json\/wp\/v2\/users\/1"}],"replies":[{"embeddable":true,"href":"https:\/\/taxialicante.eu\/de\/wp-json\/wp\/v2\/comments?post=3016"}],"version-history":[{"count":2,"href":"https:\/\/taxialicante.eu\/de\/wp-json\/wp\/v2\/pages\/3016\/revisions"}],"predecessor-version":[{"id":5364,"href":"https:\/\/taxialicante.eu\/de\/wp-json\/wp\/v2\/pages\/3016\/revisions\/5364"}],"wp:attachment":[{"href":"https:\/\/taxialicante.eu\/de\/wp-json\/wp\/v2\/media?parent=3016"}],"curies":[{"name":"wp","href":"https:\/\/api.w.org\/{rel}","templated":true}]}}