{"id":3019,"date":"2017-02-03T14:16:12","date_gmt":"2017-02-03T13:16:12","guid":{"rendered":"http:\/\/www.taxialicante.eu\/luchthavenvervoer-alicante-valencia\/"},"modified":"2021-04-27T14:23:43","modified_gmt":"2021-04-27T12:23:43","slug":"flughafenservice-alicante-valencia","status":"publish","type":"page","link":"https:\/\/taxialicante.eu\/de\/flughafenservice-alicante-valencia\/","title":{"rendered":"Flughafenservice"},"content":{"rendered":"<section class=\"wpb-content-wrapper\"><p>[vc_row][vc_column css=&#8221;.vc_custom_1486570994307{margin-top: -20px !important;margin-bottom: -40px !important;}&#8221;][vc_column_text]Der Beginn des Urlaubs kann durch den Stress, welcher die Flughafenservice, die P\u00fcnktlichkeit beim Abflug und das viele Gep\u00e4ck, die Suche nach einer Verlegung ins Hotel&#8230; bewirken kann, in Gem\u00fctsbewegung geraten. Wenn das Ihr Fall ist, bitte setzen Sie sich in Verbindung mit <a style=\"color: #e62d38;\" href=\"https:\/\/taxialicante.eu\/de\/\"><strong>Taxi Alicante<\/strong><\/a>!<\/p>\n<p>Unser Taxi-Unternehmen verf\u00fcgt \u00fcber mehr als 25 Jahre Erfahrung in der Transfer nach\/von Flugh\u00e4fen an der Costa Blanca und immer zum besten Preis. Wir bieten eine hervorragende Dienstleistung, Tag und Nacht und an jedem Tag der Woche.<\/p>\n<p>Mit dem Flughafentransfer von Taxi Alicante m\u00fcssen Sie sich um nichts k\u00fcmmern. Bei Ihrer Ankunft in den Flugh\u00e4fen Valencia oder Alicante wartet unser Fahrer auf Sie mit einem Plakat mit Ihrem Namen. Er wird Sie zum Fahrzeug oder Kleinbus f\u00fchren und Ihr Gep\u00e4ck ins Fahrzeug laden. Dann wird er Sie bequem und sicher ins Hotel, in die Ferienwohnung oder nach anderen Bestimmungsorten fahren. Alle unsere Fahrer sind dementsprechend gebildet und sprechen mehrere Sprachen. Sie sind die sichtbare Abbildung unseres Unternehmens!<\/p>\n<p>Ausserdem bieten wir eine p\u00fcnktliche und genaue Dienstleistung f\u00fcr Ihre Transfer zur\u00fcck zum Flughafen. Unser Fahrer wird Sie zum vereinbarten Zeitpunkt abholen und Sie zum Flughafen fahren, wo Sie Ihre Reise problemlos fortsetzen k\u00f6nnen. Wir haben auch zur Verf\u00fcgung unserer j\u00fcngsten Kunden die n\u00f6tigen Auto- und Hebesitze f\u00fcr das entsprechende Alter ohne extra Kosten. Das Bed\u00fcrfnis dieser Sitze f\u00fcr Kinder muss beim Antrag der Dienstleistung genau angedeutet werden.<\/p>\n<p>M\u00f6chten Sie, dass Ihr leitendes Personal oder Ihre Kunden eine m\u00fchelose und direkte Flughafenservice in ihr Hotel, zum Konferenzsaal oder zur Firma geniessen? In diesem Falle setzen Sie sich bitte mit uns in Verbindung mit Bezug auf <a style=\"color: #e62d38;\" href=\"https:\/\/taxialicante.eu\/de\/unternehmen-transfer-verlegung-spanien\/\"><strong>Unternehmen transfer<\/strong><\/a>\u00a0f\u00fcr Ihre Angestellten oder VIPs.<\/p>\n<h2>FORDERN SIE JETZT IHREN FLUGHAFENSERVICE AN!<\/h2>\n<p>Wenn Sie eine fachm\u00e4nnische und preiswerte Flughafenservice in Spanien suchen, dann ist Taxi Alicante ohne Zweifel die beste Wahl. Haben Sie irgendwelche Ungewissheiten oder m\u00f6chten Sie weitere Information? Bitte setzen Sie sich mit uns in <a style=\"color: #e62d38;\" href=\"https:\/\/taxialicante.eu\/de\/gunstige-flughafentransfer\/\"><strong>Verbindung<\/strong><\/a>. Brauchen Sie dringend Verlegung zum Flughafen? Sie k\u00f6nnen unseren schnellen und p\u00fcnktlichen Service benutzen.[\/vc_column_text][\/vc_column][\/vc_row][vc_row css=&#8221;.vc_custom_1612365954775{border-top-width: 20px !important;}&#8221;][vc_column][boardthemes_image_carousel images=&#8221;5451&#8243; items_on_desktop=&#8221;1&#8243; items_on_tabs=&#8221;1&#8243; items_on_mobile=&#8221;1&#8243; autoplay=&#8221;&#8221; hide_prev_next_buttons=&#8221;&#8221;][\/vc_column][\/vc_row][vc_row content_placement=&#8221;middle&#8221; css=&#8221;.vc_custom_1486585373634{margin-right: 2px !important;margin-left: 2px !important;background-image: url(https:\/\/taxialicante.eu\/wp-content\/uploads\/2017\/02\/service-bg-5-2-1.png?id=1009) !important;background-position: center !important;background-repeat: no-repeat !important;background-size: cover !important;}&#8221;][vc_column][vc_row_inner][vc_column_inner el_class=&#8221;.padding-left-xs-15&#8243; css=&#8221;.vc_custom_1486561868414{padding-top: 120px !important;padding-bottom: 40px !important;padding-left: 58px !important;background-position: center !important;background-repeat: no-repeat !important;background-size: contain !important;}&#8221;][vc_custom_heading text=&#8221;Bitte beantragen Sie hier&#8221; font_container=&#8221;tag:h2|font_size:30|text_align:left|line_height:1&#8243; use_theme_fonts=&#8221;yes&#8221; show_box_icon=&#8221;&#8221; font_weight=&#8221;700&#8243; text_transform=&#8221;none&#8221;][vc_custom_heading text=&#8221;einen unverbindlichen Kostenvoranschlag.&#8221; font_container=&#8221;tag:h2|font_size:30|text_align:left|line_height:1&#8243; use_theme_fonts=&#8221;yes&#8221; show_box_icon=&#8221;&#8221; font_weight=&#8221;700&#8243; text_transform=&#8221;none&#8221; css=&#8221;.vc_custom_1491063554843{margin-top: 6px !important;}&#8221;][\/vc_column_inner][\/vc_row_inner][boardthemes_button has_arrow=&#8221;yes&#8221; text=&#8221;KLICKEN SIE HIER&#8221; link=&#8221;url:http%3A%2F%2Fwww.taxialicante.eu%2Fde%2Fkostenvoranschlag-flughafentransfer%2F|||&#8221; css=&#8221;.vc_custom_1490190149576{margin-bottom: 30px !important;margin-left: 45px !important;}&#8221;][\/vc_column][\/vc_row]<\/p>\n<\/section>","protected":false},"excerpt":{"rendered":"<p>[vc_row][vc_column css=&#8221;.vc_custom_1486570994307{margin-top: -20px !important;margin-bottom: -40px !important;}&#8221;][vc_column_text]Der Beginn des Urlaubs kann durch den Stress, welcher die Flughafenservice, die P\u00fcnktlichkeit beim Abflug und das viele Gep\u00e4ck, die Suche nach einer Verlegung ins Hotel&#8230; bewirken kann, in Gem\u00fctsbewegung geraten. Wenn das Ihr Fall ist, bitte setzen Sie sich in Verbindung mit Taxi Alicante! Unser Taxi-Unternehmen verf\u00fcgt \u00fcber mehr als 25 Jahre Erfahrung in der Transfer nach\/von Flugh\u00e4fen an der Costa Blanca und immer zum besten Preis. Wir bieten eine hervorragende Dienstleistung, Tag und Nacht und an jedem Tag der Woche. Mit dem Flughafentransfer von Taxi Alicante m\u00fcssen Sie sich um nichts k\u00fcmmern. Bei Ihrer Ankunft in den Flugh\u00e4fen Valencia oder Alicante wartet unser Fahrer auf Sie mit einem Plakat mit Ihrem Namen. Er wird Sie zum Fahrzeug oder Kleinbus f\u00fchren und Ihr Gep\u00e4ck ins Fahrzeug laden. Dann wird er Sie bequem und sicher ins Hotel, in die Ferienwohnung oder nach anderen Bestimmungsorten fahren. Alle unsere Fahrer sind dementsprechend gebildet und sprechen mehrere Sprachen. Sie sind die sichtbare Abbildung unseres Unternehmens! Ausserdem bieten wir eine p\u00fcnktliche und genaue Dienstleistung f\u00fcr Ihre Transfer zur\u00fcck zum Flughafen. Unser Fahrer wird Sie zum vereinbarten Zeitpunkt abholen und Sie zum Flughafen fahren, wo Sie Ihre Reise problemlos fortsetzen [&hellip;]<\/p>\n","protected":false},"author":1,"featured_media":0,"parent":0,"menu_order":0,"comment_status":"closed","ping_status":"closed","template":"","meta":{"footnotes":""},"class_list":["post-3019","page","type-page","status-publish","hentry"],"yoast_head":"<!-- This site is optimized with the Yoast SEO plugin v26.5 - https:\/\/yoast.com\/wordpress\/plugins\/seo\/ -->\n<title>Flughafenservice in Alicante oder Valencia mit Taxi Alicante - Costa Blanca<\/title>\n<meta name=\"description\" content=\"Mit der preiswerten Flughafenservice von Taxi Alicante m\u00fcssen Sie sich jetzt um nichts k\u00fcmmern. Wir bieten p\u00fcnktliche und zuverl\u00e4ssige Dienstleistungen.\" \/>\n<meta name=\"robots\" content=\"index, follow, max-snippet:-1, max-image-preview:large, max-video-preview:-1\" \/>\n<meta property=\"og:locale\" content=\"de_DE\" \/>\n<meta property=\"og:type\" content=\"article\" \/>\n<meta property=\"og:title\" content=\"Flughafenservice in Alicante oder Valencia mit Taxi Alicante - Costa Blanca\" \/>\n<meta property=\"og:description\" content=\"Mit der preiswerten Flughafenservice von Taxi Alicante m\u00fcssen Sie sich jetzt um nichts k\u00fcmmern. Wir bieten p\u00fcnktliche und zuverl\u00e4ssige Dienstleistungen.\" \/>\n<meta property=\"og:url\" content=\"https:\/\/taxialicante.eu\/de\/flughafenservice-alicante-valencia\/\" \/>\n<meta property=\"og:site_name\" content=\"Taxi Alicante\" \/>\n<meta property=\"article:publisher\" content=\"https:\/\/www.facebook.com\/taxialicantevalencia\/?fref=ts\" \/>\n<meta property=\"article:modified_time\" content=\"2021-04-27T12:23:43+00:00\" \/>\n<meta name=\"twitter:card\" content=\"summary_large_image\" \/>\n<meta name=\"twitter:label1\" content=\"Est. reading time\" \/>\n\t<meta name=\"twitter:data1\" content=\"2 minutes\" \/>\n<script type=\"application\/ld+json\" class=\"yoast-schema-graph\">{\"@context\":\"https:\/\/schema.org\",\"@graph\":[{\"@type\":\"WebPage\",\"@id\":\"https:\/\/taxialicante.eu\/de\/flughafenservice-alicante-valencia\/\",\"url\":\"https:\/\/taxialicante.eu\/de\/flughafenservice-alicante-valencia\/\",\"name\":\"Flughafenservice in Alicante oder Valencia mit Taxi Alicante - Costa Blanca\",\"isPartOf\":{\"@id\":\"https:\/\/taxialicante.eu\/#website\"},\"datePublished\":\"2017-02-03T13:16:12+00:00\",\"dateModified\":\"2021-04-27T12:23:43+00:00\",\"description\":\"Mit der preiswerten Flughafenservice von Taxi Alicante m\u00fcssen Sie sich jetzt um nichts k\u00fcmmern. Wir bieten p\u00fcnktliche und zuverl\u00e4ssige Dienstleistungen.\",\"breadcrumb\":{\"@id\":\"https:\/\/taxialicante.eu\/de\/flughafenservice-alicante-valencia\/#breadcrumb\"},\"inLanguage\":\"de\",\"potentialAction\":[{\"@type\":\"ReadAction\",\"target\":[\"https:\/\/taxialicante.eu\/de\/flughafenservice-alicante-valencia\/\"]}]},{\"@type\":\"BreadcrumbList\",\"@id\":\"https:\/\/taxialicante.eu\/de\/flughafenservice-alicante-valencia\/#breadcrumb\",\"itemListElement\":[{\"@type\":\"ListItem\",\"position\":1,\"name\":\"Home\",\"item\":\"https:\/\/taxialicante.eu\/de\/\"},{\"@type\":\"ListItem\",\"position\":2,\"name\":\"Flughafenservice\"}]},{\"@type\":\"WebSite\",\"@id\":\"https:\/\/taxialicante.eu\/#website\",\"url\":\"https:\/\/taxialicante.eu\/\",\"name\":\"Taxi Alicante\",\"description\":\"25 jaar ervaring in luchthavenvervoer\",\"publisher\":{\"@id\":\"https:\/\/taxialicante.eu\/#organization\"},\"potentialAction\":[{\"@type\":\"SearchAction\",\"target\":{\"@type\":\"EntryPoint\",\"urlTemplate\":\"https:\/\/taxialicante.eu\/?s={search_term_string}\"},\"query-input\":{\"@type\":\"PropertyValueSpecification\",\"valueRequired\":true,\"valueName\":\"search_term_string\"}}],\"inLanguage\":\"de\"},{\"@type\":\"Organization\",\"@id\":\"https:\/\/taxialicante.eu\/#organization\",\"name\":\"Taxi Alicante\",\"url\":\"https:\/\/taxialicante.eu\/\",\"logo\":{\"@type\":\"ImageObject\",\"inLanguage\":\"de\",\"@id\":\"https:\/\/taxialicante.eu\/#\/schema\/logo\/image\/\",\"url\":\"https:\/\/taxialicante.eu\/wp-content\/uploads\/2017\/02\/logo-red-1.png\",\"contentUrl\":\"https:\/\/taxialicante.eu\/wp-content\/uploads\/2017\/02\/logo-red-1.png\",\"width\":350,\"height\":84,\"caption\":\"Taxi Alicante\"},\"image\":{\"@id\":\"https:\/\/taxialicante.eu\/#\/schema\/logo\/image\/\"},\"sameAs\":[\"https:\/\/www.facebook.com\/taxialicantevalencia\/?fref=ts\"]}]}<\/script>\n<!-- \/ Yoast SEO plugin. -->","yoast_head_json":{"title":"Flughafenservice in Alicante oder Valencia mit Taxi Alicante - Costa Blanca","description":"Mit der preiswerten Flughafenservice von Taxi Alicante m\u00fcssen Sie sich jetzt um nichts k\u00fcmmern. Wir bieten p\u00fcnktliche und zuverl\u00e4ssige Dienstleistungen.","robots":{"index":"index","follow":"follow","max-snippet":"max-snippet:-1","max-image-preview":"max-image-preview:large","max-video-preview":"max-video-preview:-1"},"og_locale":"de_DE","og_type":"article","og_title":"Flughafenservice in Alicante oder Valencia mit Taxi Alicante - Costa Blanca","og_description":"Mit der preiswerten Flughafenservice von Taxi Alicante m\u00fcssen Sie sich jetzt um nichts k\u00fcmmern. Wir bieten p\u00fcnktliche und zuverl\u00e4ssige Dienstleistungen.","og_url":"https:\/\/taxialicante.eu\/de\/flughafenservice-alicante-valencia\/","og_site_name":"Taxi Alicante","article_publisher":"https:\/\/www.facebook.com\/taxialicantevalencia\/?fref=ts","article_modified_time":"2021-04-27T12:23:43+00:00","twitter_card":"summary_large_image","twitter_misc":{"Est. reading time":"2 minutes"},"schema":{"@context":"https:\/\/schema.org","@graph":[{"@type":"WebPage","@id":"https:\/\/taxialicante.eu\/de\/flughafenservice-alicante-valencia\/","url":"https:\/\/taxialicante.eu\/de\/flughafenservice-alicante-valencia\/","name":"Flughafenservice in Alicante oder Valencia mit Taxi Alicante - Costa Blanca","isPartOf":{"@id":"https:\/\/taxialicante.eu\/#website"},"datePublished":"2017-02-03T13:16:12+00:00","dateModified":"2021-04-27T12:23:43+00:00","description":"Mit der preiswerten Flughafenservice von Taxi Alicante m\u00fcssen Sie sich jetzt um nichts k\u00fcmmern. Wir bieten p\u00fcnktliche und zuverl\u00e4ssige Dienstleistungen.","breadcrumb":{"@id":"https:\/\/taxialicante.eu\/de\/flughafenservice-alicante-valencia\/#breadcrumb"},"inLanguage":"de","potentialAction":[{"@type":"ReadAction","target":["https:\/\/taxialicante.eu\/de\/flughafenservice-alicante-valencia\/"]}]},{"@type":"BreadcrumbList","@id":"https:\/\/taxialicante.eu\/de\/flughafenservice-alicante-valencia\/#breadcrumb","itemListElement":[{"@type":"ListItem","position":1,"name":"Home","item":"https:\/\/taxialicante.eu\/de\/"},{"@type":"ListItem","position":2,"name":"Flughafenservice"}]},{"@type":"WebSite","@id":"https:\/\/taxialicante.eu\/#website","url":"https:\/\/taxialicante.eu\/","name":"Taxi Alicante","description":"25 jaar ervaring in luchthavenvervoer","publisher":{"@id":"https:\/\/taxialicante.eu\/#organization"},"potentialAction":[{"@type":"SearchAction","target":{"@type":"EntryPoint","urlTemplate":"https:\/\/taxialicante.eu\/?s={search_term_string}"},"query-input":{"@type":"PropertyValueSpecification","valueRequired":true,"valueName":"search_term_string"}}],"inLanguage":"de"},{"@type":"Organization","@id":"https:\/\/taxialicante.eu\/#organization","name":"Taxi Alicante","url":"https:\/\/taxialicante.eu\/","logo":{"@type":"ImageObject","inLanguage":"de","@id":"https:\/\/taxialicante.eu\/#\/schema\/logo\/image\/","url":"https:\/\/taxialicante.eu\/wp-content\/uploads\/2017\/02\/logo-red-1.png","contentUrl":"https:\/\/taxialicante.eu\/wp-content\/uploads\/2017\/02\/logo-red-1.png","width":350,"height":84,"caption":"Taxi Alicante"},"image":{"@id":"https:\/\/taxialicante.eu\/#\/schema\/logo\/image\/"},"sameAs":["https:\/\/www.facebook.com\/taxialicantevalencia\/?fref=ts"]}]}},"_links":{"self":[{"href":"https:\/\/taxialicante.eu\/de\/wp-json\/wp\/v2\/pages\/3019","targetHints":{"allow":["GET"]}}],"collection":[{"href":"https:\/\/taxialicante.eu\/de\/wp-json\/wp\/v2\/pages"}],"about":[{"href":"https:\/\/taxialicante.eu\/de\/wp-json\/wp\/v2\/types\/page"}],"author":[{"embeddable":true,"href":"https:\/\/taxialicante.eu\/de\/wp-json\/wp\/v2\/users\/1"}],"replies":[{"embeddable":true,"href":"https:\/\/taxialicante.eu\/de\/wp-json\/wp\/v2\/comments?post=3019"}],"version-history":[{"count":4,"href":"https:\/\/taxialicante.eu\/de\/wp-json\/wp\/v2\/pages\/3019\/revisions"}],"predecessor-version":[{"id":5455,"href":"https:\/\/taxialicante.eu\/de\/wp-json\/wp\/v2\/pages\/3019\/revisions\/5455"}],"wp:attachment":[{"href":"https:\/\/taxialicante.eu\/de\/wp-json\/wp\/v2\/media?parent=3019"}],"curies":[{"name":"wp","href":"https:\/\/api.w.org\/{rel}","templated":true}]}}