{"id":3022,"date":"2017-02-03T14:17:35","date_gmt":"2017-02-03T13:17:35","guid":{"rendered":"http:\/\/www.taxialicante.eu\/taxidienst-taxivervoer-costablanca\/"},"modified":"2021-04-27T14:35:37","modified_gmt":"2021-04-27T12:35:37","slug":"taxiservice-taxitransfer-costablanca","status":"publish","type":"page","link":"https:\/\/taxialicante.eu\/de\/taxiservice-taxitransfer-costablanca\/","title":{"rendered":"Taxiservice"},"content":{"rendered":"<section class=\"wpb-content-wrapper\"><p>[vc_row][vc_column css=&#8221;.vc_custom_1486570994307{margin-top: -20px !important;margin-bottom: -40px !important;}&#8221;][vc_column_text]Taxi Alicante ist im sicheren und p\u00fcnktlichen Taxiservice spezialisiert. Wir stehen das ganze Jahr 24 Stunden am Tag zur Verf\u00fcgung, um Ihnen die beste Dienstleistung f\u00fcr die Fahrt nach Ihrem Bestimmungsort bieten zu k\u00f6nnen.<\/p>\n<p>Nach vorl\u00e4ufiger Reservierung werden wir Sie zum vereinbarten Zeitpunkt abholen und Sie auf einer ruhigen und entspannten Reise zum erw\u00fcnschten Bestimmungsort in Spanien fahren. Jetzt brauchen Sie sich nicht mehr darum zu k\u00fcmmern, wo Sie den Wagen abstellen k\u00f6nnen oder ob Sie Familie und Freunde um den Gefallen bitten sollten, Sie abzuholen oder Sie zum <a style=\"color: #e62d38;\" href=\"https:\/\/taxialicante.eu\/de\/flughafenservice-alicante-valencia\/\"><strong>Flughafen<\/strong><\/a> oder Bahnhof zu fahren.<\/p>\n<h2>TAXISERVICE VOM UND ZUM FLUGHAFEN<\/h2>\n<p>Ausserdem gehen wir noch einen Schritt weiter mit unserem Taxiservice. Brauchen Sie eine <a style=\"color: #e62d38;\" href=\"https:\/\/taxialicante.eu\/de\/transfers-fur-gruppen-verlegung\/\"><strong>Verlegung f\u00fcr eine Gruppe von Freunden oder Familie<\/strong><\/a> zu einer bestimmten Adresse? Auch f\u00fcr solche F\u00e4lle bietet Taxi Alicante L\u00f6sungen. Wir verf\u00fcgen \u00fcber Kleinbusse bis 8 Personen damit wir sie in bequemer und sicherer Weise fahren k\u00f6nnen. Handelt es sich um eine gr\u00f6ssere Gruppe? Befragen Sie uns bitte \u00fcber die verschiedenen M\u00f6glichkeiten da wir in Taxi Alicante flexibel sind und immer die beste Wahl f\u00fcr unsere Kunden suchen werden.<\/p>\n<p>Wir sind auch die ideale Wahl f\u00fcr Unternehmen da wir mit unseren <a style=\"color: #e62d38;\" href=\"https:\/\/taxialicante.eu\/de\/unternehmen-transfer-verlegung-spanien\/\"><strong>Verlegungs-Dienstleistungen f\u00fcr Unternehmen<\/strong><\/a> eine Qualit\u00e4ts-Fahrt von Personen bieten. Haben Sie noch irgendwelche Zweifel oder m\u00f6chten Sie weitere Information \u00fcber unseren Taxiservice erhalten? Bitte befragen Sie uns unverbindlich.[\/vc_column_text][\/vc_column][\/vc_row][vc_row css=&#8221;.vc_custom_1612365954775{border-top-width: 20px !important;}&#8221;][vc_column][boardthemes_image_carousel images=&#8221;5449&#8243; items_on_desktop=&#8221;1&#8243; items_on_tabs=&#8221;1&#8243; items_on_mobile=&#8221;1&#8243; autoplay=&#8221;&#8221; hide_prev_next_buttons=&#8221;&#8221;][\/vc_column][\/vc_row][vc_row content_placement=&#8221;middle&#8221; css=&#8221;.vc_custom_1486585373634{margin-right: 2px !important;margin-left: 2px !important;background-image: url(https:\/\/taxialicante.eu\/wp-content\/uploads\/2017\/02\/service-bg-5-2-1.png?id=1009) !important;background-position: center !important;background-repeat: no-repeat !important;background-size: cover !important;}&#8221;][vc_column][vc_row_inner][vc_column_inner el_class=&#8221;.padding-left-xs-15&#8243; css=&#8221;.vc_custom_1486561868414{padding-top: 120px !important;padding-bottom: 40px !important;padding-left: 58px !important;background-position: center !important;background-repeat: no-repeat !important;background-size: contain !important;}&#8221;][vc_custom_heading text=&#8221;Bitte beantragen Sie hier&#8221; font_container=&#8221;tag:h2|font_size:30|text_align:left|line_height:1&#8243; use_theme_fonts=&#8221;yes&#8221; show_box_icon=&#8221;&#8221; font_weight=&#8221;700&#8243; text_transform=&#8221;none&#8221;][vc_custom_heading text=&#8221;einen unverbindlichen Kostenvoranschlag.&#8221; font_container=&#8221;tag:h2|font_size:30|text_align:left|line_height:1&#8243; use_theme_fonts=&#8221;yes&#8221; show_box_icon=&#8221;&#8221; font_weight=&#8221;700&#8243; text_transform=&#8221;none&#8221; css=&#8221;.vc_custom_1491063554843{margin-top: 6px !important;}&#8221;][\/vc_column_inner][\/vc_row_inner][boardthemes_button has_arrow=&#8221;yes&#8221; text=&#8221;KLICKEN SIE HIER&#8221; link=&#8221;url:http%3A%2F%2Fwww.taxialicante.eu%2Fde%2Fkostenvoranschlag-flughafentransfer%2F|||&#8221; css=&#8221;.vc_custom_1490190149576{margin-bottom: 30px !important;margin-left: 45px !important;}&#8221;][\/vc_column][\/vc_row]<\/p>\n<\/section>","protected":false},"excerpt":{"rendered":"<p>[vc_row][vc_column css=&#8221;.vc_custom_1486570994307{margin-top: -20px !important;margin-bottom: -40px !important;}&#8221;][vc_column_text]Taxi Alicante ist im sicheren und p\u00fcnktlichen Taxiservice spezialisiert. Wir stehen das ganze Jahr 24 Stunden am Tag zur Verf\u00fcgung, um Ihnen die beste Dienstleistung f\u00fcr die Fahrt nach Ihrem Bestimmungsort bieten zu k\u00f6nnen. Nach vorl\u00e4ufiger Reservierung werden wir Sie zum vereinbarten Zeitpunkt abholen und Sie auf einer ruhigen und entspannten Reise zum erw\u00fcnschten Bestimmungsort in Spanien fahren. Jetzt brauchen Sie sich nicht mehr darum zu k\u00fcmmern, wo Sie den Wagen abstellen k\u00f6nnen oder ob Sie Familie und Freunde um den Gefallen bitten sollten, Sie abzuholen oder Sie zum Flughafen oder Bahnhof zu fahren. TAXISERVICE VOM UND ZUM FLUGHAFEN Ausserdem gehen wir noch einen Schritt weiter mit unserem Taxiservice. Brauchen Sie eine Verlegung f\u00fcr eine Gruppe von Freunden oder Familie zu einer bestimmten Adresse? Auch f\u00fcr solche F\u00e4lle bietet Taxi Alicante L\u00f6sungen. Wir verf\u00fcgen \u00fcber Kleinbusse bis 8 Personen damit wir sie in bequemer und sicherer Weise fahren k\u00f6nnen. Handelt es sich um eine gr\u00f6ssere Gruppe? Befragen Sie uns bitte \u00fcber die verschiedenen M\u00f6glichkeiten da wir in Taxi Alicante flexibel sind und immer die beste Wahl f\u00fcr unsere Kunden suchen werden. Wir sind auch die ideale Wahl f\u00fcr Unternehmen da wir mit unseren Verlegungs-Dienstleistungen f\u00fcr [&hellip;]<\/p>\n","protected":false},"author":1,"featured_media":0,"parent":0,"menu_order":0,"comment_status":"closed","ping_status":"closed","template":"","meta":{"footnotes":""},"class_list":["post-3022","page","type-page","status-publish","hentry"],"yoast_head":"<!-- This site is optimized with the Yoast SEO plugin v26.5 - https:\/\/yoast.com\/wordpress\/plugins\/seo\/ -->\n<title>Taxiservice von Personen in Spanien - Costa Blanca mit Taxi Alicante<\/title>\n<meta name=\"description\" content=\"Taxi Alicante garantiert einen sicheren Taxiservice und Flughafentransfer zum besten Preis. Sie k\u00f6nnen in aller Ruhe geniessen in Calpe, Alicante, Valencia\" \/>\n<meta name=\"robots\" content=\"index, follow, max-snippet:-1, max-image-preview:large, max-video-preview:-1\" \/>\n<meta property=\"og:locale\" content=\"de_DE\" \/>\n<meta property=\"og:type\" content=\"article\" \/>\n<meta property=\"og:title\" content=\"Taxiservice von Personen in Spanien - Costa Blanca mit Taxi Alicante\" \/>\n<meta property=\"og:description\" content=\"Taxi Alicante garantiert einen sicheren Taxiservice und Flughafentransfer zum besten Preis. Sie k\u00f6nnen in aller Ruhe geniessen in Calpe, Alicante, Valencia\" \/>\n<meta property=\"og:url\" content=\"https:\/\/taxialicante.eu\/de\/taxiservice-taxitransfer-costablanca\/\" \/>\n<meta property=\"og:site_name\" content=\"Taxi Alicante\" \/>\n<meta property=\"article:publisher\" content=\"https:\/\/www.facebook.com\/taxialicantevalencia\/?fref=ts\" \/>\n<meta property=\"article:modified_time\" content=\"2021-04-27T12:35:37+00:00\" \/>\n<meta name=\"twitter:card\" content=\"summary_large_image\" \/>\n<meta name=\"twitter:label1\" content=\"Est. reading time\" \/>\n\t<meta name=\"twitter:data1\" content=\"2 minutes\" \/>\n<script type=\"application\/ld+json\" class=\"yoast-schema-graph\">{\"@context\":\"https:\/\/schema.org\",\"@graph\":[{\"@type\":\"WebPage\",\"@id\":\"https:\/\/taxialicante.eu\/de\/taxiservice-taxitransfer-costablanca\/\",\"url\":\"https:\/\/taxialicante.eu\/de\/taxiservice-taxitransfer-costablanca\/\",\"name\":\"Taxiservice von Personen in Spanien - Costa Blanca mit Taxi Alicante\",\"isPartOf\":{\"@id\":\"https:\/\/taxialicante.eu\/#website\"},\"datePublished\":\"2017-02-03T13:17:35+00:00\",\"dateModified\":\"2021-04-27T12:35:37+00:00\",\"description\":\"Taxi Alicante garantiert einen sicheren Taxiservice und Flughafentransfer zum besten Preis. Sie k\u00f6nnen in aller Ruhe geniessen in Calpe, Alicante, Valencia\",\"breadcrumb\":{\"@id\":\"https:\/\/taxialicante.eu\/de\/taxiservice-taxitransfer-costablanca\/#breadcrumb\"},\"inLanguage\":\"de\",\"potentialAction\":[{\"@type\":\"ReadAction\",\"target\":[\"https:\/\/taxialicante.eu\/de\/taxiservice-taxitransfer-costablanca\/\"]}]},{\"@type\":\"BreadcrumbList\",\"@id\":\"https:\/\/taxialicante.eu\/de\/taxiservice-taxitransfer-costablanca\/#breadcrumb\",\"itemListElement\":[{\"@type\":\"ListItem\",\"position\":1,\"name\":\"Home\",\"item\":\"https:\/\/taxialicante.eu\/de\/\"},{\"@type\":\"ListItem\",\"position\":2,\"name\":\"Taxiservice\"}]},{\"@type\":\"WebSite\",\"@id\":\"https:\/\/taxialicante.eu\/#website\",\"url\":\"https:\/\/taxialicante.eu\/\",\"name\":\"Taxi Alicante\",\"description\":\"25 jaar ervaring in luchthavenvervoer\",\"publisher\":{\"@id\":\"https:\/\/taxialicante.eu\/#organization\"},\"potentialAction\":[{\"@type\":\"SearchAction\",\"target\":{\"@type\":\"EntryPoint\",\"urlTemplate\":\"https:\/\/taxialicante.eu\/?s={search_term_string}\"},\"query-input\":{\"@type\":\"PropertyValueSpecification\",\"valueRequired\":true,\"valueName\":\"search_term_string\"}}],\"inLanguage\":\"de\"},{\"@type\":\"Organization\",\"@id\":\"https:\/\/taxialicante.eu\/#organization\",\"name\":\"Taxi Alicante\",\"url\":\"https:\/\/taxialicante.eu\/\",\"logo\":{\"@type\":\"ImageObject\",\"inLanguage\":\"de\",\"@id\":\"https:\/\/taxialicante.eu\/#\/schema\/logo\/image\/\",\"url\":\"https:\/\/taxialicante.eu\/wp-content\/uploads\/2017\/02\/logo-red-1.png\",\"contentUrl\":\"https:\/\/taxialicante.eu\/wp-content\/uploads\/2017\/02\/logo-red-1.png\",\"width\":350,\"height\":84,\"caption\":\"Taxi Alicante\"},\"image\":{\"@id\":\"https:\/\/taxialicante.eu\/#\/schema\/logo\/image\/\"},\"sameAs\":[\"https:\/\/www.facebook.com\/taxialicantevalencia\/?fref=ts\"]}]}<\/script>\n<!-- \/ Yoast SEO plugin. -->","yoast_head_json":{"title":"Taxiservice von Personen in Spanien - Costa Blanca mit Taxi Alicante","description":"Taxi Alicante garantiert einen sicheren Taxiservice und Flughafentransfer zum besten Preis. Sie k\u00f6nnen in aller Ruhe geniessen in Calpe, Alicante, Valencia","robots":{"index":"index","follow":"follow","max-snippet":"max-snippet:-1","max-image-preview":"max-image-preview:large","max-video-preview":"max-video-preview:-1"},"og_locale":"de_DE","og_type":"article","og_title":"Taxiservice von Personen in Spanien - Costa Blanca mit Taxi Alicante","og_description":"Taxi Alicante garantiert einen sicheren Taxiservice und Flughafentransfer zum besten Preis. Sie k\u00f6nnen in aller Ruhe geniessen in Calpe, Alicante, Valencia","og_url":"https:\/\/taxialicante.eu\/de\/taxiservice-taxitransfer-costablanca\/","og_site_name":"Taxi Alicante","article_publisher":"https:\/\/www.facebook.com\/taxialicantevalencia\/?fref=ts","article_modified_time":"2021-04-27T12:35:37+00:00","twitter_card":"summary_large_image","twitter_misc":{"Est. reading time":"2 minutes"},"schema":{"@context":"https:\/\/schema.org","@graph":[{"@type":"WebPage","@id":"https:\/\/taxialicante.eu\/de\/taxiservice-taxitransfer-costablanca\/","url":"https:\/\/taxialicante.eu\/de\/taxiservice-taxitransfer-costablanca\/","name":"Taxiservice von Personen in Spanien - Costa Blanca mit Taxi Alicante","isPartOf":{"@id":"https:\/\/taxialicante.eu\/#website"},"datePublished":"2017-02-03T13:17:35+00:00","dateModified":"2021-04-27T12:35:37+00:00","description":"Taxi Alicante garantiert einen sicheren Taxiservice und Flughafentransfer zum besten Preis. Sie k\u00f6nnen in aller Ruhe geniessen in Calpe, Alicante, Valencia","breadcrumb":{"@id":"https:\/\/taxialicante.eu\/de\/taxiservice-taxitransfer-costablanca\/#breadcrumb"},"inLanguage":"de","potentialAction":[{"@type":"ReadAction","target":["https:\/\/taxialicante.eu\/de\/taxiservice-taxitransfer-costablanca\/"]}]},{"@type":"BreadcrumbList","@id":"https:\/\/taxialicante.eu\/de\/taxiservice-taxitransfer-costablanca\/#breadcrumb","itemListElement":[{"@type":"ListItem","position":1,"name":"Home","item":"https:\/\/taxialicante.eu\/de\/"},{"@type":"ListItem","position":2,"name":"Taxiservice"}]},{"@type":"WebSite","@id":"https:\/\/taxialicante.eu\/#website","url":"https:\/\/taxialicante.eu\/","name":"Taxi Alicante","description":"25 jaar ervaring in luchthavenvervoer","publisher":{"@id":"https:\/\/taxialicante.eu\/#organization"},"potentialAction":[{"@type":"SearchAction","target":{"@type":"EntryPoint","urlTemplate":"https:\/\/taxialicante.eu\/?s={search_term_string}"},"query-input":{"@type":"PropertyValueSpecification","valueRequired":true,"valueName":"search_term_string"}}],"inLanguage":"de"},{"@type":"Organization","@id":"https:\/\/taxialicante.eu\/#organization","name":"Taxi Alicante","url":"https:\/\/taxialicante.eu\/","logo":{"@type":"ImageObject","inLanguage":"de","@id":"https:\/\/taxialicante.eu\/#\/schema\/logo\/image\/","url":"https:\/\/taxialicante.eu\/wp-content\/uploads\/2017\/02\/logo-red-1.png","contentUrl":"https:\/\/taxialicante.eu\/wp-content\/uploads\/2017\/02\/logo-red-1.png","width":350,"height":84,"caption":"Taxi Alicante"},"image":{"@id":"https:\/\/taxialicante.eu\/#\/schema\/logo\/image\/"},"sameAs":["https:\/\/www.facebook.com\/taxialicantevalencia\/?fref=ts"]}]}},"_links":{"self":[{"href":"https:\/\/taxialicante.eu\/de\/wp-json\/wp\/v2\/pages\/3022","targetHints":{"allow":["GET"]}}],"collection":[{"href":"https:\/\/taxialicante.eu\/de\/wp-json\/wp\/v2\/pages"}],"about":[{"href":"https:\/\/taxialicante.eu\/de\/wp-json\/wp\/v2\/types\/page"}],"author":[{"embeddable":true,"href":"https:\/\/taxialicante.eu\/de\/wp-json\/wp\/v2\/users\/1"}],"replies":[{"embeddable":true,"href":"https:\/\/taxialicante.eu\/de\/wp-json\/wp\/v2\/comments?post=3022"}],"version-history":[{"count":2,"href":"https:\/\/taxialicante.eu\/de\/wp-json\/wp\/v2\/pages\/3022\/revisions"}],"predecessor-version":[{"id":5460,"href":"https:\/\/taxialicante.eu\/de\/wp-json\/wp\/v2\/pages\/3022\/revisions\/5460"}],"wp:attachment":[{"href":"https:\/\/taxialicante.eu\/de\/wp-json\/wp\/v2\/media?parent=3022"}],"curies":[{"name":"wp","href":"https:\/\/api.w.org\/{rel}","templated":true}]}}