{"id":3028,"date":"2017-02-03T14:17:47","date_gmt":"2017-02-03T13:17:47","guid":{"rendered":"http:\/\/www.taxialicante.eu\/zakenvervoer-directievervoer-spanje\/"},"modified":"2023-12-04T19:04:23","modified_gmt":"2023-12-04T18:04:23","slug":"unternehmen-transfer-verlegung-spanien","status":"publish","type":"page","link":"https:\/\/taxialicante.eu\/de\/unternehmen-transfer-verlegung-spanien\/","title":{"rendered":"Unternehmen transfer"},"content":{"rendered":"<section class=\"wpb-content-wrapper\"><p>[vc_row][vc_column css=&#8221;.vc_custom_1486570994307{margin-top: -20px !important;margin-bottom: -40px !important;}&#8221;][vc_column_text]Als Gesch\u00e4ftsf\u00fchrer oder Verantwortlicher k\u00f6nnen Sie mit einer p\u00fcnktlichen Qualit\u00e4ts-Verlegung f\u00fcr Ihr leitendes Personal z\u00e4hlen. Unsere <strong>Firmenfahrten<\/strong>-Dienstleistung f\u00fcr Unternehmen (Unternehmen transfer) ist ideal f\u00fcr Betriebe, welche oft mit Teilhabern, Angestellten oder ausl\u00e4ndischen Kunden arbeiten. Deswegen versichern wir uns in Taxi Alicante, dass diese Personen problemlos und mit maximal Bequemlichkeit in ihr Hotel oder <a style=\"color: #e62d38;\" href=\"https:\/\/taxialicante.eu\/de\/flughafenservice-alicante-valencia\/\"><strong>Flugzeug<\/strong><\/a> ankommen.<\/p>\n<p>Unsere jahrelange Erfahrung garantiert Ihnen eine sichere und, vor allem, diskrete L\u00f6sung f\u00fcr Ihre Firmenfahrt. Ihre Kunden, Angestellten und Teilhaber werden unsere Arbeitsweise sehr positiv absch\u00e4tzen, was Sie ohne Zweifel auch beg\u00fcnstigt. Unsere diskreten Luxus-Fahrzeuge garantieren eine sichere <a style=\"color: #e62d38;\" href=\"https:\/\/taxialicante.eu\/de\/flughafen-transport\/\"><strong>Dienstleistung<\/strong><\/a> von maximaler Qualit\u00e4t. Wir stehen zu Ihrer Verf\u00fcgung 24 Stunden am Tag und 365 Tage im Jahr, das heisst, immer&#8230; aber Sie k\u00f6nnen nat\u00fcrlich auch Ihre Reservierung im voraus machen.<\/p>\n<h2>DISKRETE UNTERNEHMEN TRANSFER<\/h2>\n<p>Unsere Fahrer beachten immer den Ort und Zeitpunkt der Ankunft oder des Abholens und dadurch k\u00f6nnen sie Ihnen den m\u00f6glichen Stress durch Zeitmangel vermeiden und Ihnen die M\u00f6glichkeit geben, w\u00e4hrend der Fahrt zu arbeiten. Auch bei Verlegungen mit Flugverbindungen nach Flugh\u00e4fen, Bahnh\u00f6fen oder Hotels innerhalb und rund um die <strong>Costa Blanca<\/strong> (<strong>Alicante, Valencia, Calpe, Benidorm, Cartagena, Elche, Murcia, Altea, Albir, Orihuela, Torrevieja, Javea, Jalon, Denia, Moraira, <\/strong>&#8230;) k\u00f6nnen Sie mit <a style=\"color: #e62d38;\" href=\"https:\/\/taxialicante.eu\/de\/\"><strong>Taxi Alicante<\/strong><\/a> z\u00e4hlen.<\/p>\n<p>Haben Sie irgendwelche Zweifel oder ben\u00f6tigen Sie weitere Information \u00fcber Unternehmen transfer? Bitte <a style=\"color: #e62d38;\" href=\"https:\/\/taxialicante.eu\/de\/gunstige-flughafentransfer\/\"><strong>befragen<\/strong><\/a> Sie uns unverbindlich.[\/vc_column_text][\/vc_column][\/vc_row][vc_row css=&#8221;.vc_custom_1612365954775{border-top-width: 20px !important;}&#8221;][vc_column][boardthemes_image_carousel images=&#8221;6645&#8243; items_on_desktop=&#8221;1&#8243; items_on_tabs=&#8221;1&#8243; items_on_mobile=&#8221;1&#8243; autoplay=&#8221;&#8221; hide_prev_next_buttons=&#8221;&#8221;][\/vc_column][\/vc_row][vc_row content_placement=&#8221;middle&#8221; css=&#8221;.vc_custom_1486585373634{margin-right: 2px !important;margin-left: 2px !important;background-image: url(https:\/\/taxialicante.eu\/wp-content\/uploads\/2017\/02\/service-bg-5-2-1.png?id=1009) !important;background-position: center !important;background-repeat: no-repeat !important;background-size: cover !important;}&#8221;][vc_column][vc_row_inner][vc_column_inner el_class=&#8221;.padding-left-xs-15&#8243; css=&#8221;.vc_custom_1486561868414{padding-top: 120px !important;padding-bottom: 40px !important;padding-left: 58px !important;background-position: center !important;background-repeat: no-repeat !important;background-size: contain !important;}&#8221;][vc_custom_heading text=&#8221;Bitte beantragen Sie hier&#8221; font_container=&#8221;tag:h2|font_size:30|text_align:left|line_height:1&#8243; use_theme_fonts=&#8221;yes&#8221; show_box_icon=&#8221;&#8221; font_weight=&#8221;700&#8243; text_transform=&#8221;none&#8221;][vc_custom_heading text=&#8221;einen unverbindlichen Kostenvoranschlag.&#8221; font_container=&#8221;tag:h2|font_size:30|text_align:left|line_height:1&#8243; use_theme_fonts=&#8221;yes&#8221; show_box_icon=&#8221;&#8221; font_weight=&#8221;700&#8243; text_transform=&#8221;none&#8221; css=&#8221;.vc_custom_1491063554843{margin-top: 6px !important;}&#8221;][\/vc_column_inner][\/vc_row_inner][boardthemes_button has_arrow=&#8221;yes&#8221; text=&#8221;KLICKEN SIE HIER&#8221; link=&#8221;url:http%3A%2F%2Fwww.taxialicante.eu%2Fde%2Fkostenvoranschlag-flughafentransfer%2F|||&#8221; css=&#8221;.vc_custom_1490190149576{margin-bottom: 30px !important;margin-left: 45px !important;}&#8221;][\/vc_column][\/vc_row]<\/p>\n<\/section>","protected":false},"excerpt":{"rendered":"<p>[vc_row][vc_column css=&#8221;.vc_custom_1486570994307{margin-top: -20px !important;margin-bottom: -40px !important;}&#8221;][vc_column_text]Als Gesch\u00e4ftsf\u00fchrer oder Verantwortlicher k\u00f6nnen Sie mit einer p\u00fcnktlichen Qualit\u00e4ts-Verlegung f\u00fcr Ihr leitendes Personal z\u00e4hlen. Unsere Firmenfahrten-Dienstleistung f\u00fcr Unternehmen (Unternehmen transfer) ist ideal f\u00fcr Betriebe, welche oft mit Teilhabern, Angestellten oder ausl\u00e4ndischen Kunden arbeiten. Deswegen versichern wir uns in Taxi Alicante, dass diese Personen problemlos und mit maximal Bequemlichkeit in ihr Hotel oder Flugzeug ankommen. Unsere jahrelange Erfahrung garantiert Ihnen eine sichere und, vor allem, diskrete L\u00f6sung f\u00fcr Ihre Firmenfahrt. Ihre Kunden, Angestellten und Teilhaber werden unsere Arbeitsweise sehr positiv absch\u00e4tzen, was Sie ohne Zweifel auch beg\u00fcnstigt. Unsere diskreten Luxus-Fahrzeuge garantieren eine sichere Dienstleistung von maximaler Qualit\u00e4t. Wir stehen zu Ihrer Verf\u00fcgung 24 Stunden am Tag und 365 Tage im Jahr, das heisst, immer&#8230; aber Sie k\u00f6nnen nat\u00fcrlich auch Ihre Reservierung im voraus machen. DISKRETE UNTERNEHMEN TRANSFER Unsere Fahrer beachten immer den Ort und Zeitpunkt der Ankunft oder des Abholens und dadurch k\u00f6nnen sie Ihnen den m\u00f6glichen Stress durch Zeitmangel vermeiden und Ihnen die M\u00f6glichkeit geben, w\u00e4hrend der Fahrt zu arbeiten. Auch bei Verlegungen mit Flugverbindungen nach Flugh\u00e4fen, Bahnh\u00f6fen oder Hotels innerhalb und rund um die Costa Blanca (Alicante, Valencia, Calpe, Benidorm, Cartagena, Elche, Murcia, Altea, Albir, Orihuela, Torrevieja, Javea, Jalon, Denia, Moraira, &#8230;) k\u00f6nnen [&hellip;]<\/p>\n","protected":false},"author":1,"featured_media":0,"parent":0,"menu_order":0,"comment_status":"closed","ping_status":"closed","template":"","meta":{"footnotes":""},"class_list":["post-3028","page","type-page","status-publish","hentry"],"yoast_head":"<!-- This site is optimized with the Yoast SEO plugin v26.5 - https:\/\/yoast.com\/wordpress\/plugins\/seo\/ -->\n<title>Unternehmen transfer? Hochw\u00e4rtig mit Taxi Alicante in Spanien<\/title>\n<meta name=\"description\" content=\"Unsere Unternehmen transfer in Spanien f\u00fcr die Verlegung von Teilhabern, Kunden oder Gesch\u00e4ftsf\u00fchrer ist ideal f\u00fcr solche Unternehmen\" \/>\n<meta name=\"robots\" content=\"index, follow, max-snippet:-1, max-image-preview:large, max-video-preview:-1\" \/>\n<meta property=\"og:locale\" content=\"de_DE\" \/>\n<meta property=\"og:type\" content=\"article\" \/>\n<meta property=\"og:title\" content=\"Unternehmen transfer? Hochw\u00e4rtig mit Taxi Alicante in Spanien\" \/>\n<meta property=\"og:description\" content=\"Unsere Unternehmen transfer in Spanien f\u00fcr die Verlegung von Teilhabern, Kunden oder Gesch\u00e4ftsf\u00fchrer ist ideal f\u00fcr solche Unternehmen\" \/>\n<meta property=\"og:url\" content=\"https:\/\/taxialicante.eu\/de\/unternehmen-transfer-verlegung-spanien\/\" \/>\n<meta property=\"og:site_name\" content=\"Taxi Alicante\" \/>\n<meta property=\"article:publisher\" content=\"https:\/\/www.facebook.com\/taxialicantevalencia\/?fref=ts\" \/>\n<meta property=\"article:modified_time\" content=\"2023-12-04T18:04:23+00:00\" \/>\n<meta name=\"twitter:card\" content=\"summary_large_image\" \/>\n<meta name=\"twitter:label1\" content=\"Est. reading time\" \/>\n\t<meta name=\"twitter:data1\" content=\"2 minutes\" \/>\n<script type=\"application\/ld+json\" class=\"yoast-schema-graph\">{\"@context\":\"https:\/\/schema.org\",\"@graph\":[{\"@type\":\"WebPage\",\"@id\":\"https:\/\/taxialicante.eu\/de\/unternehmen-transfer-verlegung-spanien\/\",\"url\":\"https:\/\/taxialicante.eu\/de\/unternehmen-transfer-verlegung-spanien\/\",\"name\":\"Unternehmen transfer? Hochw\u00e4rtig mit Taxi Alicante in Spanien\",\"isPartOf\":{\"@id\":\"https:\/\/taxialicante.eu\/#website\"},\"datePublished\":\"2017-02-03T13:17:47+00:00\",\"dateModified\":\"2023-12-04T18:04:23+00:00\",\"description\":\"Unsere Unternehmen transfer in Spanien f\u00fcr die Verlegung von Teilhabern, Kunden oder Gesch\u00e4ftsf\u00fchrer ist ideal f\u00fcr solche Unternehmen\",\"breadcrumb\":{\"@id\":\"https:\/\/taxialicante.eu\/de\/unternehmen-transfer-verlegung-spanien\/#breadcrumb\"},\"inLanguage\":\"de\",\"potentialAction\":[{\"@type\":\"ReadAction\",\"target\":[\"https:\/\/taxialicante.eu\/de\/unternehmen-transfer-verlegung-spanien\/\"]}]},{\"@type\":\"BreadcrumbList\",\"@id\":\"https:\/\/taxialicante.eu\/de\/unternehmen-transfer-verlegung-spanien\/#breadcrumb\",\"itemListElement\":[{\"@type\":\"ListItem\",\"position\":1,\"name\":\"Home\",\"item\":\"https:\/\/taxialicante.eu\/de\/\"},{\"@type\":\"ListItem\",\"position\":2,\"name\":\"Unternehmen transfer\"}]},{\"@type\":\"WebSite\",\"@id\":\"https:\/\/taxialicante.eu\/#website\",\"url\":\"https:\/\/taxialicante.eu\/\",\"name\":\"Taxi Alicante\",\"description\":\"25 jaar ervaring in luchthavenvervoer\",\"publisher\":{\"@id\":\"https:\/\/taxialicante.eu\/#organization\"},\"potentialAction\":[{\"@type\":\"SearchAction\",\"target\":{\"@type\":\"EntryPoint\",\"urlTemplate\":\"https:\/\/taxialicante.eu\/?s={search_term_string}\"},\"query-input\":{\"@type\":\"PropertyValueSpecification\",\"valueRequired\":true,\"valueName\":\"search_term_string\"}}],\"inLanguage\":\"de\"},{\"@type\":\"Organization\",\"@id\":\"https:\/\/taxialicante.eu\/#organization\",\"name\":\"Taxi Alicante\",\"url\":\"https:\/\/taxialicante.eu\/\",\"logo\":{\"@type\":\"ImageObject\",\"inLanguage\":\"de\",\"@id\":\"https:\/\/taxialicante.eu\/#\/schema\/logo\/image\/\",\"url\":\"https:\/\/taxialicante.eu\/wp-content\/uploads\/2017\/02\/logo-red-1.png\",\"contentUrl\":\"https:\/\/taxialicante.eu\/wp-content\/uploads\/2017\/02\/logo-red-1.png\",\"width\":350,\"height\":84,\"caption\":\"Taxi Alicante\"},\"image\":{\"@id\":\"https:\/\/taxialicante.eu\/#\/schema\/logo\/image\/\"},\"sameAs\":[\"https:\/\/www.facebook.com\/taxialicantevalencia\/?fref=ts\"]}]}<\/script>\n<!-- \/ Yoast SEO plugin. -->","yoast_head_json":{"title":"Unternehmen transfer? Hochw\u00e4rtig mit Taxi Alicante in Spanien","description":"Unsere Unternehmen transfer in Spanien f\u00fcr die Verlegung von Teilhabern, Kunden oder Gesch\u00e4ftsf\u00fchrer ist ideal f\u00fcr solche Unternehmen","robots":{"index":"index","follow":"follow","max-snippet":"max-snippet:-1","max-image-preview":"max-image-preview:large","max-video-preview":"max-video-preview:-1"},"og_locale":"de_DE","og_type":"article","og_title":"Unternehmen transfer? Hochw\u00e4rtig mit Taxi Alicante in Spanien","og_description":"Unsere Unternehmen transfer in Spanien f\u00fcr die Verlegung von Teilhabern, Kunden oder Gesch\u00e4ftsf\u00fchrer ist ideal f\u00fcr solche Unternehmen","og_url":"https:\/\/taxialicante.eu\/de\/unternehmen-transfer-verlegung-spanien\/","og_site_name":"Taxi Alicante","article_publisher":"https:\/\/www.facebook.com\/taxialicantevalencia\/?fref=ts","article_modified_time":"2023-12-04T18:04:23+00:00","twitter_card":"summary_large_image","twitter_misc":{"Est. reading time":"2 minutes"},"schema":{"@context":"https:\/\/schema.org","@graph":[{"@type":"WebPage","@id":"https:\/\/taxialicante.eu\/de\/unternehmen-transfer-verlegung-spanien\/","url":"https:\/\/taxialicante.eu\/de\/unternehmen-transfer-verlegung-spanien\/","name":"Unternehmen transfer? Hochw\u00e4rtig mit Taxi Alicante in Spanien","isPartOf":{"@id":"https:\/\/taxialicante.eu\/#website"},"datePublished":"2017-02-03T13:17:47+00:00","dateModified":"2023-12-04T18:04:23+00:00","description":"Unsere Unternehmen transfer in Spanien f\u00fcr die Verlegung von Teilhabern, Kunden oder Gesch\u00e4ftsf\u00fchrer ist ideal f\u00fcr solche Unternehmen","breadcrumb":{"@id":"https:\/\/taxialicante.eu\/de\/unternehmen-transfer-verlegung-spanien\/#breadcrumb"},"inLanguage":"de","potentialAction":[{"@type":"ReadAction","target":["https:\/\/taxialicante.eu\/de\/unternehmen-transfer-verlegung-spanien\/"]}]},{"@type":"BreadcrumbList","@id":"https:\/\/taxialicante.eu\/de\/unternehmen-transfer-verlegung-spanien\/#breadcrumb","itemListElement":[{"@type":"ListItem","position":1,"name":"Home","item":"https:\/\/taxialicante.eu\/de\/"},{"@type":"ListItem","position":2,"name":"Unternehmen transfer"}]},{"@type":"WebSite","@id":"https:\/\/taxialicante.eu\/#website","url":"https:\/\/taxialicante.eu\/","name":"Taxi Alicante","description":"25 jaar ervaring in luchthavenvervoer","publisher":{"@id":"https:\/\/taxialicante.eu\/#organization"},"potentialAction":[{"@type":"SearchAction","target":{"@type":"EntryPoint","urlTemplate":"https:\/\/taxialicante.eu\/?s={search_term_string}"},"query-input":{"@type":"PropertyValueSpecification","valueRequired":true,"valueName":"search_term_string"}}],"inLanguage":"de"},{"@type":"Organization","@id":"https:\/\/taxialicante.eu\/#organization","name":"Taxi Alicante","url":"https:\/\/taxialicante.eu\/","logo":{"@type":"ImageObject","inLanguage":"de","@id":"https:\/\/taxialicante.eu\/#\/schema\/logo\/image\/","url":"https:\/\/taxialicante.eu\/wp-content\/uploads\/2017\/02\/logo-red-1.png","contentUrl":"https:\/\/taxialicante.eu\/wp-content\/uploads\/2017\/02\/logo-red-1.png","width":350,"height":84,"caption":"Taxi Alicante"},"image":{"@id":"https:\/\/taxialicante.eu\/#\/schema\/logo\/image\/"},"sameAs":["https:\/\/www.facebook.com\/taxialicantevalencia\/?fref=ts"]}]}},"_links":{"self":[{"href":"https:\/\/taxialicante.eu\/de\/wp-json\/wp\/v2\/pages\/3028","targetHints":{"allow":["GET"]}}],"collection":[{"href":"https:\/\/taxialicante.eu\/de\/wp-json\/wp\/v2\/pages"}],"about":[{"href":"https:\/\/taxialicante.eu\/de\/wp-json\/wp\/v2\/types\/page"}],"author":[{"embeddable":true,"href":"https:\/\/taxialicante.eu\/de\/wp-json\/wp\/v2\/users\/1"}],"replies":[{"embeddable":true,"href":"https:\/\/taxialicante.eu\/de\/wp-json\/wp\/v2\/comments?post=3028"}],"version-history":[{"count":3,"href":"https:\/\/taxialicante.eu\/de\/wp-json\/wp\/v2\/pages\/3028\/revisions"}],"predecessor-version":[{"id":6660,"href":"https:\/\/taxialicante.eu\/de\/wp-json\/wp\/v2\/pages\/3028\/revisions\/6660"}],"wp:attachment":[{"href":"https:\/\/taxialicante.eu\/de\/wp-json\/wp\/v2\/media?parent=3028"}],"curies":[{"name":"wp","href":"https:\/\/api.w.org\/{rel}","templated":true}]}}