{"id":3040,"date":"2016-09-10T03:24:37","date_gmt":"2016-09-10T01:24:37","guid":{"rendered":"http:\/\/www.taxialicante.eu\/luchthavenvervoer-boeken-prijsofferte\/"},"modified":"2023-03-03T20:23:38","modified_gmt":"2023-03-03T19:23:38","slug":"kostenvoranschlag-flughafentransfer","status":"publish","type":"page","link":"https:\/\/taxialicante.eu\/de\/kostenvoranschlag-flughafentransfer\/","title":{"rendered":"Unverbindlicher Kostenvoranschlag"},"content":{"rendered":"<section class=\"wpb-content-wrapper\"><p>[vc_row][vc_column css=&#8221;.vc_custom_1486305307868{margin-top: -20px !important;margin-bottom: -30px !important;}&#8221;][vc_column_text]Hier haben Sie die M\u00f6glichkeit online zu reservieren und einen unverbindlichen Kostenvoranschlag flughafentransfer anzufragen.<\/p>\n<p>Dazu f\u00fcllen Sie bitte folgendes Formular aus und vervollst\u00e4ndigen alle Felder, die Ihre Bed\u00fcrfnissen betreffen. Wir freuen uns sehr wenn wir Ihnen mit unserem Service im Bereich von Fahrdiensten jeglicher Art\u00a0(<a style=\"color: #e62d38;\" href=\"https:\/\/taxialicante.eu\/de\/flughafenservice-alicante-valencia\/\"><strong>Flughafenservice<\/strong><\/a>, <a style=\"color: #e62d38;\" href=\"https:\/\/taxialicante.eu\/de\/taxiservice-taxitransfer-costablanca\/\"><strong>Taxiservice<\/strong><\/a>,\u00a0<strong><a style=\"color: #e62d38;\" href=\"https:\/\/taxialicante.eu\/de\/unternehmen-transfer-verlegung-spanien\/\">Firmen<\/a><\/strong>&#8211; oder private <a style=\"color: #e62d38;\" href=\"https:\/\/taxialicante.eu\/de\/transfers-fur-gruppen-verlegung\/\"><strong>Gruppenfahrten<\/strong><\/a>) behilflich sein d\u00fcrfen.<\/p>\n<p>Dabei ist Ihnen mit Taxi Alicante bester Komfort zu fairen Preisen garantiert!<br \/>\n<span style=\"font-size: x-small;\"><i>(* Pflichtfelder)<\/i><\/span>[\/vc_column_text][\/vc_column][\/vc_row][vc_row][vc_column css=&#8221;.vc_custom_1486305439484{margin-top: 30px !important;}&#8221;][vc_separator][\/vc_column][\/vc_row][vc_row][vc_column css=&#8221;.vc_custom_1486305520238{margin-top: -30px !important;}&#8221;]\n<div class=\"wpcf7 no-js\" id=\"wpcf7-f2982-o1\" lang=\"nl-NL\" dir=\"ltr\" data-wpcf7-id=\"2982\">\n<div class=\"screen-reader-response\"><p role=\"status\" aria-live=\"polite\" aria-atomic=\"true\"><\/p> <ul><\/ul><\/div>\n<form action=\"\/de\/wp-json\/wp\/v2\/pages\/3040#wpcf7-f2982-o1\" method=\"post\" class=\"wpcf7-form init\" aria-label=\"Contact form\" novalidate=\"novalidate\" data-status=\"init\">\n<fieldset class=\"hidden-fields-container\"><input type=\"hidden\" name=\"_wpcf7\" value=\"2982\" \/><input type=\"hidden\" name=\"_wpcf7_version\" value=\"6.1.4\" \/><input type=\"hidden\" name=\"_wpcf7_locale\" value=\"nl_NL\" \/><input type=\"hidden\" name=\"_wpcf7_unit_tag\" value=\"wpcf7-f2982-o1\" \/><input type=\"hidden\" name=\"_wpcf7_container_post\" value=\"0\" \/><input type=\"hidden\" name=\"_wpcf7_posted_data_hash\" value=\"\" \/><input type=\"hidden\" name=\"_wpcf7_recaptcha_response\" value=\"\" \/>\n<\/fieldset>\n<div class=\"fgq-wrapper\">\n\t<div class=\"row\">\n\t\t<div class=\"col-xs-6\">\n\t\t\t<div class=\"form-field-wrapper\">\n\t\t\t\t<p><label><br \/>\n<\/label>\n\t\t\t\t<\/p>\n\t\t\t\t<div class=\"form-field-label\">\n\t\t\t\t\t<p>VOR- UND FAMILIENNAME\n\t\t\t\t\t\t<font color=\"red\">*\n\t\t\t\t\t\t<\/font>\n\t\t\t\t\t<\/p>\n\t\t\t\t<\/div>\n\t\t\t\t<div class=\"form-field form-field-user\">\n\t\t\t\t\t<p><span class=\"wpcf7-form-control-wrap\" data-name=\"uw-naam\"><input size=\"40\" maxlength=\"400\" class=\"wpcf7-form-control wpcf7-text wpcf7-validates-as-required\" aria-required=\"true\" aria-invalid=\"false\" value=\"\" type=\"text\" name=\"uw-naam\" \/><\/span>\n\t\t\t\t\t<\/p>\n\t\t\t\t<\/div>\n\t\t\t<\/div>\n\t\t<\/div>\n\t\t<div class=\"col-xs-6\">\n\t\t\t<div class=\"form-field-wrapper\">\n\t\t\t\t<p><label><br \/>\n<\/label>\n\t\t\t\t<\/p>\n\t\t\t\t<div class=\"form-field-label\">\n\t\t\t\t\t<p>EMAIL\n\t\t\t\t\t\t<font color=\"red\">*\n\t\t\t\t\t\t<\/font>\n\t\t\t\t\t<\/p>\n\t\t\t\t<\/div>\n\t\t\t\t<div class=\"form-field form-field-email\">\n\t\t\t\t\t<p><span class=\"wpcf7-form-control-wrap\" data-name=\"uw-email\"><input size=\"40\" maxlength=\"400\" class=\"wpcf7-form-control wpcf7-email wpcf7-validates-as-required wpcf7-text wpcf7-validates-as-email\" aria-required=\"true\" aria-invalid=\"false\" value=\"\" type=\"email\" name=\"uw-email\" \/><\/span>\n\t\t\t\t\t<\/p>\n\t\t\t\t<\/div>\n\t\t\t<\/div>\n\t\t<\/div>\n\t<\/div>\n\t<div class=\"row\">\n\t\t<div class=\"col-xs-6\">\n\t\t\t<div class=\"form-field-wrapper\">\n\t\t\t\t<p><label><br \/>\n<\/label>\n\t\t\t\t<\/p>\n\t\t\t\t<div class=\"form-field-label\">\n\t\t\t\t\t<p>HANDYNUMMER\n\t\t\t\t\t\t<font color=\"red\">*\n\t\t\t\t\t\t<\/font>\n\t\t\t\t\t<\/p>\n\t\t\t\t<\/div>\n\t\t\t\t<div class=\"form-field form-field-phone\">\n\t\t\t\t\t<p><span class=\"wpcf7-form-control-wrap\" data-name=\"tel-863\"><input size=\"40\" maxlength=\"400\" class=\"wpcf7-form-control wpcf7-tel wpcf7-validates-as-required wpcf7-text wpcf7-validates-as-tel\" aria-required=\"true\" aria-invalid=\"false\" value=\"\" type=\"tel\" name=\"tel-863\" \/><\/span>\n\t\t\t\t\t<\/p>\n\t\t\t\t<\/div>\n\t\t\t<\/div>\n\t\t<\/div>\n\t\t<div class=\"col-xs-6\">\n\t\t\t<div class=\"form-field-wrapper\">\n\t\t\t\t<p><label><br \/>\n<\/label>\n\t\t\t\t<\/p>\n\t\t\t\t<div class=\"form-field-label\">\n\t\t\t\t\t<p>GEW\u00dcNSCHTER FAHRDIENST\n\t\t\t\t\t<\/p>\n\t\t\t\t<\/div>\n\t\t\t\t<div class=\"form-field form-field-select\">\n\t\t\t\t\t<p><span class=\"wpcf7-form-control-wrap\" data-name=\"menu-488\"><select class=\"wpcf7-form-control wpcf7-select\" aria-invalid=\"false\" name=\"menu-488\"><option value=\"Fahrdienst von\/nach Flughafen\">Fahrdienst von\/nach Flughafen<\/option><option value=\"Gruppenfahrten\">Gruppenfahrten<\/option><option value=\"Taxiservice\">Taxiservice<\/option><option value=\"Firmenfahrten\">Firmenfahrten<\/option><\/select><\/span>\n\t\t\t\t\t<\/p>\n\t\t\t\t<\/div>\n\t\t\t<\/div>\n\t\t<\/div>\n\t<\/div>\n\t<div class=\"row\">\n\t\t<div class=\"col-xs-6\">\n\t\t\t<div class=\"form-field-wrapper\">\n\t\t\t\t<p><label><br \/>\n<\/label>\n\t\t\t\t<\/p>\n\t\t\t\t<div class=\"form-field-label\">\n\t\t\t\t\t<p>ANZAHL DER REISENDEN ERWACHSENE\n\t\t\t\t\t<\/p>\n\t\t\t\t<\/div>\n\t\t\t\t<div class=\"form-field form-field-user\">\n\t\t\t\t\t<p><span class=\"wpcf7-form-control-wrap\" data-name=\"text-803\"><input size=\"40\" maxlength=\"400\" class=\"wpcf7-form-control wpcf7-text\" aria-invalid=\"false\" value=\"\" type=\"text\" name=\"text-803\" \/><\/span>\n\t\t\t\t\t<\/p>\n\t\t\t\t<\/div>\n\t\t\t<\/div>\n\t\t<\/div>\n\t\t<div class=\"col-xs-6\">\n\t\t\t<div class=\"form-field-wrapper\">\n\t\t\t\t<p><label><br \/>\n<\/label>\n\t\t\t\t<\/p>\n\t\t\t\t<div class=\"form-field-label\">\n\t\t\t\t\t<p>ANZAHL DER REISENDEN KINDER\n\t\t\t\t\t<\/p>\n\t\t\t\t<\/div>\n\t\t\t\t<div class=\"form-field form-field-user\">\n\t\t\t\t\t<p><span class=\"wpcf7-form-control-wrap\" data-name=\"text-709\"><input size=\"40\" maxlength=\"400\" class=\"wpcf7-form-control wpcf7-text\" aria-invalid=\"false\" value=\"\" type=\"text\" name=\"text-709\" \/><\/span>\n\t\t\t\t\t<\/p>\n\t\t\t\t<\/div>\n\t\t\t<\/div>\n\t\t<\/div>\n\t<\/div>\n\t<div class=\"row\">\n\t\t<div class=\"col-xs-6\">\n\t\t\t<div class=\"form-field-wrapper\">\n\t\t\t\t<p><label><br \/>\n<\/label>\n\t\t\t\t<\/p>\n\t\t\t\t<div class=\"form-field-label\">\n\t\t\t\t\t<p>IHRE FLUGNUMMER\n\t\t\t\t\t\t<font color=\"red\">*\n\t\t\t\t\t\t<\/font>\n\t\t\t\t\t<\/p>\n\t\t\t\t<\/div>\n\t\t\t\t<div class=\"form-field form-field-textarea\">\n\t\t\t\t\t<p><span class=\"wpcf7-form-control-wrap\" data-name=\"text-348\"><input size=\"40\" maxlength=\"400\" class=\"wpcf7-form-control wpcf7-text wpcf7-validates-as-required\" aria-required=\"true\" aria-invalid=\"false\" value=\"\" type=\"text\" name=\"text-348\" \/><\/span>\n\t\t\t\t\t<\/p>\n\t\t\t\t<\/div>\n\t\t\t<\/div>\n\t\t<\/div>\n\t\t<div class=\"col-xs-6\">\n\t\t\t<div class=\"form-field-wrapper\">\n\t\t\t\t<p><label><br \/>\n<\/label>\n\t\t\t\t<\/p>\n\t\t\t\t<div class=\"form-field-label\">\n\t\t\t\t\t<p>ART & ANZAHL DES GEP\u00c4CKS\n\t\t\t\t\t<\/p>\n\t\t\t\t<\/div>\n\t\t\t\t<div class=\"form-field form-field-textarea\">\n\t\t\t\t\t<p><span class=\"wpcf7-form-control-wrap\" data-name=\"text-871\"><input size=\"40\" maxlength=\"400\" class=\"wpcf7-form-control wpcf7-text\" aria-invalid=\"false\" value=\"\" type=\"text\" name=\"text-871\" \/><\/span>\n\t\t\t\t\t<\/p>\n\t\t\t\t<\/div>\n\t\t\t<\/div>\n\t\t<\/div>\n\t<\/div>\n\t<div class=\"row\">\n\t\t<div class=\"col-xs-6\">\n\t\t\t<div class=\"form-field-wrapper\">\n\t\t\t\t<p><label><br \/>\n<\/label>\n\t\t\t\t<\/p>\n\t\t\t\t<div class=\"form-field-label\">\n\t\t\t\t\t<p>ABHOLUNG VOM FLUGHAFEN\n\t\t\t\t\t<\/p>\n\t\t\t\t<\/div>\n\t\t\t\t<div class=\"form-field form-field-select\">\n\t\t\t\t\t<p><span class=\"wpcf7-form-control-wrap\" data-name=\"menu-279\"><select class=\"wpcf7-form-control wpcf7-select\" aria-invalid=\"false\" name=\"menu-279\"><option value=\"Alicante\">Alicante<\/option><option value=\"Valencia\">Valencia<\/option><\/select><\/span>\n\t\t\t\t\t<\/p>\n\t\t\t\t<\/div>\n\t\t\t<\/div>\n\t\t<\/div>\n\t\t<div class=\"col-xs-6\">\n\t\t\t<div class=\"form-field-wrapper\">\n\t\t\t\t<p><label><br \/>\n<\/label>\n\t\t\t\t<\/p>\n\t\t\t\t<div class=\"form-field-label\">\n\t\t\t\t\t<p>ABFAHRTSORT\n\t\t\t\t\t<\/p>\n\t\t\t\t<\/div>\n\t\t\t\t<div class=\"form-field form-field-textarea\">\n\t\t\t\t\t<p><span class=\"wpcf7-form-control-wrap\" data-name=\"text-186\"><input size=\"40\" maxlength=\"400\" class=\"wpcf7-form-control wpcf7-text\" aria-invalid=\"false\" placeholder=\"im Fall von Taxiservice oder Firmenfahrten\" value=\"\" type=\"text\" name=\"text-186\" \/><\/span>\n\t\t\t\t\t<\/p>\n\t\t\t\t<\/div>\n\t\t\t<\/div>\n\t\t<\/div>\n\t<\/div>\n\t<div class=\"row\">\n\t\t<div class=\"col-xs-6\">\n\t\t\t<div class=\"form-field-wrapper\">\n\t\t\t\t<p><label><br \/>\n<\/label>\n\t\t\t\t<\/p>\n\t\t\t\t<div class=\"form-field-label\">\n\t\t\t\t\t<p>ANKUNFTSDATUM\n\t\t\t\t\t\t<font color=\"red\">*\n\t\t\t\t\t\t<\/font>\n\t\t\t\t\t<\/p>\n\t\t\t\t<\/div>\n\t\t\t\t<div class=\"form-field form-field-date\">\n\t\t\t\t\t<p><span class=\"wpcf7-form-control-wrap\" data-name=\"text-310\"><input size=\"40\" maxlength=\"400\" class=\"wpcf7-form-control wpcf7-text wpcf7-validates-as-required\" aria-required=\"true\" aria-invalid=\"false\" placeholder=\"Tag\/Monat\/Jahr\" value=\"\" type=\"text\" name=\"text-310\" \/><\/span>\n\t\t\t\t\t<\/p>\n\t\t\t\t<\/div>\n\t\t\t<\/div>\n\t\t<\/div>\n\t\t<div class=\"col-xs-6\">\n\t\t\t<div class=\"form-field-wrapper\">\n\t\t\t\t<p><label><br \/>\n<\/label>\n\t\t\t\t<\/p>\n\t\t\t\t<div class=\"form-field-label\">\n\t\t\t\t\t<p>GEW\u00dcNSCHTE ABFAHRTZEIT\n\t\t\t\t\t\t<font color=\"red\">*\n\t\t\t\t\t\t<\/font>\n\t\t\t\t\t<\/p>\n\t\t\t\t<\/div>\n\t\t\t\t<div class=\"form-field form-field-hour\">\n\t\t\t\t\t<p><span class=\"wpcf7-form-control-wrap\" data-name=\"text-652\"><input size=\"40\" maxlength=\"400\" class=\"wpcf7-form-control wpcf7-text wpcf7-validates-as-required\" aria-required=\"true\" aria-invalid=\"false\" placeholder=\"Stunde:Minuten\" value=\"\" type=\"text\" name=\"text-652\" \/><\/span>\n\t\t\t\t\t<\/p>\n\t\t\t\t<\/div>\n\t\t\t<\/div>\n\t\t<\/div>\n\t<\/div>\n\t<div class=\"row\">\n\t\t<div class=\"col-xs-6\">\n\t\t\t<div class=\"form-field-wrapper\">\n\t\t\t\t<p><label><br \/>\n<\/label>\n\t\t\t\t<\/p>\n\t\t\t\t<div class=\"form-field-label\">\n\t\t\t\t\t<p>REISEZIEL VOM FLUGHAFEN\/ABFAHRTSORT ZUM FLUGHAFEN\/REISEZIEL\n\t\t\t\t\t\t<font color=\"red\">*\n\t\t\t\t\t\t<\/font>\n\t\t\t\t\t<\/p>\n\t\t\t\t<\/div>\n\t\t\t\t<div class=\"form-field form-field-textarea\">\n\t\t\t\t\t<p><span class=\"wpcf7-form-control-wrap\" data-name=\"text-674\"><input size=\"40\" maxlength=\"400\" class=\"wpcf7-form-control wpcf7-text wpcf7-validates-as-required\" aria-required=\"true\" aria-invalid=\"false\" value=\"\" type=\"text\" name=\"text-674\" \/><\/span>\n\t\t\t\t\t<\/p>\n\t\t\t\t<\/div>\n\t\t\t<\/div>\n\t\t<\/div>\n\t\t<div class=\"col-xs-6\">\n\t\t\t<div class=\"form-field-wrapper\">\n\t\t\t\t<p><label><br \/>\n<\/label>\n\t\t\t\t<\/p>\n\t\t\t\t<div class=\"form-field-label\">\n\t\t\t\t\t<p>BEREITS JETZT DIE R\u00dcCKFAHRT RESERVIEREN\n\t\t\t\t\t<\/p>\n\t\t\t\t<\/div>\n\t\t\t\t<div class=\"form-field form-field-select\">\n\t\t\t\t\t<p><span class=\"wpcf7-form-control-wrap\" data-name=\"menu-237\"><select class=\"wpcf7-form-control wpcf7-select\" aria-invalid=\"false\" name=\"menu-237\"><option value=\"Ja\">Ja<\/option><option value=\"Nein\">Nein<\/option><\/select><\/span>\n\t\t\t\t\t<\/p>\n\t\t\t\t<\/div>\n\t\t\t<\/div>\n\t\t<\/div>\n\t<\/div>\n\t<div class=\"row\">\n\t\t<div class=\"col-xs-12\">\n\t\t\t<div class=\"form-field-wrapper\">\n\t\t\t\t<div class=\"form-field-label\">\n\t\t\t\t\t<p>WEITERE INFORMATION\n\t\t\t\t\t<\/p>\n\t\t\t\t<\/div>\n\t\t\t\t<div class=\"form-field form-field-textarea\">\n\t\t\t\t\t<p><span class=\"wpcf7-form-control-wrap\" data-name=\"extra-informatie\"><textarea cols=\"40\" rows=\"10\" maxlength=\"2000\" class=\"wpcf7-form-control wpcf7-textarea\" aria-invalid=\"false\" name=\"extra-informatie\"><\/textarea><\/span>\n\t\t\t\t\t<\/p>\n\t\t\t\t<\/div>\n\t\t\t<\/div>\n\t\t<\/div>\n\t<\/div>\n\t<div class=\"row\">\n\t\t<div class=\"col-xs-12\">\n\t\t\t<p><button class=\"button-primary button-block\">ABSENDEN!<\/button>\n\t\t\t<\/p>\n\t\t<\/div>\n\t<\/div>\n<\/div><div class=\"wpcf7-response-output\" aria-hidden=\"true\"><\/div>\n<\/form>\n<\/div>\n[\/vc_column][\/vc_row][vc_row css=&#8221;.vc_custom_1473481338754{margin-top: 65px !important;padding-right: 15px !important;padding-left: 15px !important;}&#8221;][vc_column css=&#8221;.vc_custom_1486304698797{margin-top: -50px !important;}&#8221;][vc_row_inner css=&#8221;.vc_custom_1486763330787{padding-top: 75px !important;padding-right: 50px !important;padding-bottom: 75px !important;padding-left: 50px !important;background-image: url(https:\/\/taxialicante.eu\/wp-content\/uploads\/2016\/09\/bannerteamwerken-1.jpg?id=1423) !important;background-position: center !important;background-repeat: no-repeat !important;background-size: cover !important;}&#8221;][vc_column_inner width=&#8221;2\/3&#8243; css=&#8221;.vc_custom_1486763623074{margin-top: -30px !important;}&#8221;][vc_custom_heading text=&#8221;M\u00f6chtest du an unserer Arbeitsgruppe teilnehmen?&#8221; font_container=&#8221;tag:h2|font_size:20|text_align:left|color:%23ffffff|line_height:1&#8243; use_theme_fonts=&#8221;yes&#8221; show_box_icon=&#8221;&#8221; font_weight=&#8221;700&#8243; text_transform=&#8221;none&#8221; link=&#8221;|||&#8221;][vc_custom_heading text=&#8221;<b>BITTE SCHICKE UNS HIER DEINEN LEBENSLAUF!<\/b>&#8221; font_container=&#8221;tag:h2|font_size:36|text_align:left|color:%23e62d38|line_height:1&#8243; use_theme_fonts=&#8221;yes&#8221; show_box_icon=&#8221;&#8221; font_weight=&#8221;700&#8243; text_transform=&#8221;none&#8221; css=&#8221;.vc_custom_1491065514214{margin-top: 4px !important;}&#8221;][\/vc_column_inner][vc_column_inner el_class=&#8221;text-align-right&#8221; width=&#8221;1\/3&#8243; css=&#8221;.vc_custom_1486763493418{padding-top: 5px !important;}&#8221;][boardthemes_button has_arrow=&#8221;&#8221; text=&#8221;KLICKEN SIE HIER&#8221; link=&#8221;url:http%3A%2F%2Fwww.taxialicante.eu%2Fde%2Fgunstige-flughafentransfer%2F|||&#8221; el_class=&#8221;button-small&#8221;][\/vc_column_inner][\/vc_row_inner][\/vc_column][\/vc_row]<\/p>\n<\/section>","protected":false},"excerpt":{"rendered":"<p>[vc_row][vc_column css=&#8221;.vc_custom_1486305307868{margin-top: -20px !important;margin-bottom: -30px !important;}&#8221;][vc_column_text]Hier haben Sie die M\u00f6glichkeit online zu reservieren und einen unverbindlichen Kostenvoranschlag flughafentransfer anzufragen. Dazu f\u00fcllen Sie bitte folgendes Formular aus und vervollst\u00e4ndigen alle Felder, die Ihre Bed\u00fcrfnissen betreffen. Wir freuen uns sehr wenn wir Ihnen mit unserem Service im Bereich von Fahrdiensten jeglicher Art\u00a0(Flughafenservice, Taxiservice,\u00a0Firmen&#8211; oder private Gruppenfahrten) behilflich sein d\u00fcrfen. Dabei ist Ihnen mit Taxi Alicante bester Komfort zu fairen Preisen garantiert! (* Pflichtfelder)[\/vc_column_text][\/vc_column][\/vc_row][vc_row][vc_column css=&#8221;.vc_custom_1486305439484{margin-top: 30px !important;}&#8221;][vc_separator][\/vc_column][\/vc_row][vc_row][vc_column css=&#8221;.vc_custom_1486305520238{margin-top: -30px !important;}&#8221;][\/vc_column][\/vc_row][vc_row css=&#8221;.vc_custom_1473481338754{margin-top: 65px !important;padding-right: 15px !important;padding-left: 15px !important;}&#8221;][vc_column css=&#8221;.vc_custom_1486304698797{margin-top: -50px !important;}&#8221;][vc_row_inner css=&#8221;.vc_custom_1486763330787{padding-top: 75px !important;padding-right: 50px !important;padding-bottom: 75px !important;padding-left: 50px !important;background-image: url(https:\/\/taxialicante.eu\/wp-content\/uploads\/2016\/09\/bannerteamwerken-1.jpg?id=1423) !important;background-position: center !important;background-repeat: no-repeat !important;background-size: cover !important;}&#8221;][vc_column_inner width=&#8221;2\/3&#8243; css=&#8221;.vc_custom_1486763623074{margin-top: -30px !important;}&#8221;][vc_custom_heading text=&#8221;M\u00f6chtest du an unserer Arbeitsgruppe teilnehmen?&#8221; font_container=&#8221;tag:h2|font_size:20|text_align:left|color:%23ffffff|line_height:1&#8243; use_theme_fonts=&#8221;yes&#8221; show_box_icon=&#8221;&#8221; font_weight=&#8221;700&#8243; text_transform=&#8221;none&#8221; link=&#8221;|||&#8221;][vc_custom_heading text=&#8221;BITTE SCHICKE UNS HIER DEINEN LEBENSLAUF!&#8221; font_container=&#8221;tag:h2|font_size:36|text_align:left|color:%23e62d38|line_height:1&#8243; use_theme_fonts=&#8221;yes&#8221; show_box_icon=&#8221;&#8221; font_weight=&#8221;700&#8243; text_transform=&#8221;none&#8221; css=&#8221;.vc_custom_1491065514214{margin-top: 4px !important;}&#8221;][\/vc_column_inner][vc_column_inner el_class=&#8221;text-align-right&#8221; width=&#8221;1\/3&#8243; css=&#8221;.vc_custom_1486763493418{padding-top: 5px !important;}&#8221;][boardthemes_button has_arrow=&#8221;&#8221; text=&#8221;KLICKEN SIE HIER&#8221; link=&#8221;url:http%3A%2F%2Fwww.taxialicante.eu%2Fde%2Fgunstige-flughafentransfer%2F|||&#8221; el_class=&#8221;button-small&#8221;][\/vc_column_inner][\/vc_row_inner][\/vc_column][\/vc_row]<\/p>\n","protected":false},"author":1,"featured_media":0,"parent":0,"menu_order":0,"comment_status":"closed","ping_status":"closed","template":"","meta":{"footnotes":""},"class_list":["post-3040","page","type-page","status-publish","hentry"],"yoast_head":"<!-- This site is optimized with the Yoast SEO plugin v26.5 - https:\/\/yoast.com\/wordpress\/plugins\/seo\/ -->\n<title>Kostenvoranschlag Flughafentransfer Alicante und Valencia? Taxi Alicante!<\/title>\n<meta name=\"description\" content=\"Einen Kostenvoranschlag Flughafentransfer nach\/von Alicante und Valencia mit konkurrenzf\u00e4higen Preisen erhalten? Taxi Alicante, den besten Service!\" \/>\n<meta name=\"robots\" content=\"index, follow, max-snippet:-1, max-image-preview:large, max-video-preview:-1\" \/>\n<meta property=\"og:locale\" content=\"de_DE\" \/>\n<meta property=\"og:type\" content=\"article\" \/>\n<meta property=\"og:title\" content=\"Kostenvoranschlag Flughafentransfer Alicante und Valencia? Taxi Alicante!\" \/>\n<meta property=\"og:description\" content=\"Einen Kostenvoranschlag Flughafentransfer nach\/von Alicante und Valencia mit konkurrenzf\u00e4higen Preisen erhalten? Taxi Alicante, den besten Service!\" \/>\n<meta property=\"og:url\" content=\"https:\/\/taxialicante.eu\/de\/kostenvoranschlag-flughafentransfer\/\" \/>\n<meta property=\"og:site_name\" content=\"Taxi Alicante\" \/>\n<meta property=\"article:publisher\" content=\"https:\/\/www.facebook.com\/taxialicantevalencia\/?fref=ts\" \/>\n<meta property=\"article:modified_time\" content=\"2023-03-03T19:23:38+00:00\" \/>\n<meta name=\"twitter:card\" content=\"summary_large_image\" \/>\n<meta name=\"twitter:label1\" content=\"Est. reading time\" \/>\n\t<meta name=\"twitter:data1\" content=\"1 minute\" \/>\n<script type=\"application\/ld+json\" class=\"yoast-schema-graph\">{\"@context\":\"https:\/\/schema.org\",\"@graph\":[{\"@type\":\"WebPage\",\"@id\":\"https:\/\/taxialicante.eu\/de\/kostenvoranschlag-flughafentransfer\/\",\"url\":\"https:\/\/taxialicante.eu\/de\/kostenvoranschlag-flughafentransfer\/\",\"name\":\"Kostenvoranschlag Flughafentransfer Alicante und Valencia? Taxi Alicante!\",\"isPartOf\":{\"@id\":\"https:\/\/taxialicante.eu\/#website\"},\"datePublished\":\"2016-09-10T01:24:37+00:00\",\"dateModified\":\"2023-03-03T19:23:38+00:00\",\"description\":\"Einen Kostenvoranschlag Flughafentransfer nach\/von Alicante und Valencia mit konkurrenzf\u00e4higen Preisen erhalten? Taxi Alicante, den besten Service!\",\"breadcrumb\":{\"@id\":\"https:\/\/taxialicante.eu\/de\/kostenvoranschlag-flughafentransfer\/#breadcrumb\"},\"inLanguage\":\"de\",\"potentialAction\":[{\"@type\":\"ReadAction\",\"target\":[\"https:\/\/taxialicante.eu\/de\/kostenvoranschlag-flughafentransfer\/\"]}]},{\"@type\":\"BreadcrumbList\",\"@id\":\"https:\/\/taxialicante.eu\/de\/kostenvoranschlag-flughafentransfer\/#breadcrumb\",\"itemListElement\":[{\"@type\":\"ListItem\",\"position\":1,\"name\":\"Home\",\"item\":\"https:\/\/taxialicante.eu\/de\/\"},{\"@type\":\"ListItem\",\"position\":2,\"name\":\"Unverbindlicher Kostenvoranschlag\"}]},{\"@type\":\"WebSite\",\"@id\":\"https:\/\/taxialicante.eu\/#website\",\"url\":\"https:\/\/taxialicante.eu\/\",\"name\":\"Taxi Alicante\",\"description\":\"25 jaar ervaring in luchthavenvervoer\",\"publisher\":{\"@id\":\"https:\/\/taxialicante.eu\/#organization\"},\"potentialAction\":[{\"@type\":\"SearchAction\",\"target\":{\"@type\":\"EntryPoint\",\"urlTemplate\":\"https:\/\/taxialicante.eu\/?s={search_term_string}\"},\"query-input\":{\"@type\":\"PropertyValueSpecification\",\"valueRequired\":true,\"valueName\":\"search_term_string\"}}],\"inLanguage\":\"de\"},{\"@type\":\"Organization\",\"@id\":\"https:\/\/taxialicante.eu\/#organization\",\"name\":\"Taxi Alicante\",\"url\":\"https:\/\/taxialicante.eu\/\",\"logo\":{\"@type\":\"ImageObject\",\"inLanguage\":\"de\",\"@id\":\"https:\/\/taxialicante.eu\/#\/schema\/logo\/image\/\",\"url\":\"https:\/\/taxialicante.eu\/wp-content\/uploads\/2017\/02\/logo-red-1.png\",\"contentUrl\":\"https:\/\/taxialicante.eu\/wp-content\/uploads\/2017\/02\/logo-red-1.png\",\"width\":350,\"height\":84,\"caption\":\"Taxi Alicante\"},\"image\":{\"@id\":\"https:\/\/taxialicante.eu\/#\/schema\/logo\/image\/\"},\"sameAs\":[\"https:\/\/www.facebook.com\/taxialicantevalencia\/?fref=ts\"]}]}<\/script>\n<!-- \/ Yoast SEO plugin. -->","yoast_head_json":{"title":"Kostenvoranschlag Flughafentransfer Alicante und Valencia? Taxi Alicante!","description":"Einen Kostenvoranschlag Flughafentransfer nach\/von Alicante und Valencia mit konkurrenzf\u00e4higen Preisen erhalten? Taxi Alicante, den besten Service!","robots":{"index":"index","follow":"follow","max-snippet":"max-snippet:-1","max-image-preview":"max-image-preview:large","max-video-preview":"max-video-preview:-1"},"og_locale":"de_DE","og_type":"article","og_title":"Kostenvoranschlag Flughafentransfer Alicante und Valencia? Taxi Alicante!","og_description":"Einen Kostenvoranschlag Flughafentransfer nach\/von Alicante und Valencia mit konkurrenzf\u00e4higen Preisen erhalten? Taxi Alicante, den besten Service!","og_url":"https:\/\/taxialicante.eu\/de\/kostenvoranschlag-flughafentransfer\/","og_site_name":"Taxi Alicante","article_publisher":"https:\/\/www.facebook.com\/taxialicantevalencia\/?fref=ts","article_modified_time":"2023-03-03T19:23:38+00:00","twitter_card":"summary_large_image","twitter_misc":{"Est. reading time":"1 minute"},"schema":{"@context":"https:\/\/schema.org","@graph":[{"@type":"WebPage","@id":"https:\/\/taxialicante.eu\/de\/kostenvoranschlag-flughafentransfer\/","url":"https:\/\/taxialicante.eu\/de\/kostenvoranschlag-flughafentransfer\/","name":"Kostenvoranschlag Flughafentransfer Alicante und Valencia? Taxi Alicante!","isPartOf":{"@id":"https:\/\/taxialicante.eu\/#website"},"datePublished":"2016-09-10T01:24:37+00:00","dateModified":"2023-03-03T19:23:38+00:00","description":"Einen Kostenvoranschlag Flughafentransfer nach\/von Alicante und Valencia mit konkurrenzf\u00e4higen Preisen erhalten? Taxi Alicante, den besten Service!","breadcrumb":{"@id":"https:\/\/taxialicante.eu\/de\/kostenvoranschlag-flughafentransfer\/#breadcrumb"},"inLanguage":"de","potentialAction":[{"@type":"ReadAction","target":["https:\/\/taxialicante.eu\/de\/kostenvoranschlag-flughafentransfer\/"]}]},{"@type":"BreadcrumbList","@id":"https:\/\/taxialicante.eu\/de\/kostenvoranschlag-flughafentransfer\/#breadcrumb","itemListElement":[{"@type":"ListItem","position":1,"name":"Home","item":"https:\/\/taxialicante.eu\/de\/"},{"@type":"ListItem","position":2,"name":"Unverbindlicher Kostenvoranschlag"}]},{"@type":"WebSite","@id":"https:\/\/taxialicante.eu\/#website","url":"https:\/\/taxialicante.eu\/","name":"Taxi Alicante","description":"25 jaar ervaring in luchthavenvervoer","publisher":{"@id":"https:\/\/taxialicante.eu\/#organization"},"potentialAction":[{"@type":"SearchAction","target":{"@type":"EntryPoint","urlTemplate":"https:\/\/taxialicante.eu\/?s={search_term_string}"},"query-input":{"@type":"PropertyValueSpecification","valueRequired":true,"valueName":"search_term_string"}}],"inLanguage":"de"},{"@type":"Organization","@id":"https:\/\/taxialicante.eu\/#organization","name":"Taxi Alicante","url":"https:\/\/taxialicante.eu\/","logo":{"@type":"ImageObject","inLanguage":"de","@id":"https:\/\/taxialicante.eu\/#\/schema\/logo\/image\/","url":"https:\/\/taxialicante.eu\/wp-content\/uploads\/2017\/02\/logo-red-1.png","contentUrl":"https:\/\/taxialicante.eu\/wp-content\/uploads\/2017\/02\/logo-red-1.png","width":350,"height":84,"caption":"Taxi Alicante"},"image":{"@id":"https:\/\/taxialicante.eu\/#\/schema\/logo\/image\/"},"sameAs":["https:\/\/www.facebook.com\/taxialicantevalencia\/?fref=ts"]}]}},"_links":{"self":[{"href":"https:\/\/taxialicante.eu\/de\/wp-json\/wp\/v2\/pages\/3040","targetHints":{"allow":["GET"]}}],"collection":[{"href":"https:\/\/taxialicante.eu\/de\/wp-json\/wp\/v2\/pages"}],"about":[{"href":"https:\/\/taxialicante.eu\/de\/wp-json\/wp\/v2\/types\/page"}],"author":[{"embeddable":true,"href":"https:\/\/taxialicante.eu\/de\/wp-json\/wp\/v2\/users\/1"}],"replies":[{"embeddable":true,"href":"https:\/\/taxialicante.eu\/de\/wp-json\/wp\/v2\/comments?post=3040"}],"version-history":[{"count":1,"href":"https:\/\/taxialicante.eu\/de\/wp-json\/wp\/v2\/pages\/3040\/revisions"}],"predecessor-version":[{"id":5383,"href":"https:\/\/taxialicante.eu\/de\/wp-json\/wp\/v2\/pages\/3040\/revisions\/5383"}],"wp:attachment":[{"href":"https:\/\/taxialicante.eu\/de\/wp-json\/wp\/v2\/media?parent=3040"}],"curies":[{"name":"wp","href":"https:\/\/api.w.org\/{rel}","templated":true}]}}