{"id":4453,"date":"2018-12-11T11:57:04","date_gmt":"2018-12-11T10:57:04","guid":{"rendered":"http:\/\/www.taxialicante.eu\/ceremonievervoer\/"},"modified":"2021-04-05T18:53:22","modified_gmt":"2021-04-05T16:53:22","slug":"zeremonie-transport","status":"publish","type":"page","link":"https:\/\/taxialicante.eu\/de\/zeremonie-transport\/","title":{"rendered":"Zeremonie-Transport"},"content":{"rendered":"<section class=\"wpb-content-wrapper\"><p>[vc_row][vc_column css=&#8221;.vc_custom_1486570994307{margin-top: -20px !important;margin-bottom: -40px !important;}&#8221;][vc_column_text]Ist der gro\u00dfe Tag vor der T\u00fcr oder organisieren Sie eine besondere Veranstaltung? Suchen Sie nach einem Zeremonie-Transport mit etwas mehr? Dann entdecken Sie unsere sch\u00f6nen zeremoniellen Autos. Ihr Hochzeitstag ist einer der wichtigsten Tage in Ihrem Leben. Bei <strong><a style=\"color: #e62d38;\" href=\"https:\/\/taxialicante.eu\/de\/\">Taxi Alicante<\/a><\/strong> tun wir alles, um Ihre Bed\u00fcrfnisse zu erf\u00fcllen. So stellen wir sicher, dass Sie und Ihre G\u00e4ste p\u00fcnktlich, komfortabel und stilvoll ankommen. Wir arbeiten mit Ihrem <strong>Hochzeitsplaner<\/strong> zusammen, um Ihren Hochzeitstransport an der Costa Blanca zu organisieren.<\/p>\n<h2>Entdecken Sie die M\u00f6glichkeiten im zeremoniellen Transport<\/h2>\n<p>F\u00fcr den zeremoniellen Transport gibt es viele M\u00f6glichkeiten: einen Oldtimer, eine Limousine oder ein Luxusauto wie unsere <strong><a style=\"color: #e62d38;\" href=\"https:\/\/taxialicante.eu\/de\/unternehmen-transfer-verlegung-spanien\/\">Mercedes S-Klasse<\/a><\/strong>. Unter dem Hochzeitstransport haben Sie zum Beispiel auch Shuttles, die Sie und Ihre G\u00e4ste vom Parkplatz zu Ihrem Partyraum bringen. Taxi Alicante hat immer einen Vorrat an Festwagen mit Fahrer. Wir k\u00fcmmern uns \u00fcberall um Sie: Abholservice im Partyraum, bei Ihnen zu Hause, in der Kirche oder wo immer Sie m\u00f6chten auf einzigartige Weise. Wir m\u00f6chten an diesem denkw\u00fcrdigen Tag gerne mit Ihnen (oder Ihrem Hochzeitsplaner) zusammenarbeiten, um jeden zu den verschiedenen Orten zu bringen. Wir tun alles, um diesen Tag so reibungslos wie m\u00f6glich zu gestalten.<\/p>\n<p>Sie werden bald heiraten, eine lustige Veranstaltung organisieren oder m\u00f6chten auf besondere Weise transportiert werden? Dann z\u00e4hlen Sie auf unsere <strong><a style=\"color: #e62d38;\" href=\"https:\/\/taxialicante.eu\/de\/flughafentransfer-alicante-valencia\/\">Erfahrung<\/a><\/strong> f\u00fcr Ihren zeremoniellen Transport an der Costa Blanca!<\/p>\n<h2>Kontaktieren Sie uns einfach f\u00fcr Zeremonie-Transport<\/h2>\n<p>Taxi Alicante ist f\u00fcr Sie da, um Ihrem Hochzeitstag ein bisschen mehr vom erfolgreichen Start zu geben. Wir haben mehrsprachige, diskrete Mitarbeiter, die mit luxuri\u00f6s ausgestatteten Fahrzeugen f\u00fcr einen reibungslosen Bewegungsablauf sorgen. Sind Sie neugierig geworden, was wir f\u00fcr Sie tun k\u00f6nnen? Kontaktieren Sie uns, wir helfen Ihnen gerne, das perfekte Auto oder die perfekte Dekoration zu finden. Da jede Gelegenheit einzigartig ist, verwenden wir keine allgemeine Preisliste. Ein <strong><a style=\"color: #e62d38;\" href=\"https:\/\/taxialicante.eu\/de\/kostenvoranschlag-flughafentransfer\/\">kostenloses Angebot<\/a><\/strong> wird entsprechend den Bed\u00fcrfnissen und W\u00fcnschen unseres Kunden erstellt.[\/vc_column_text][\/vc_column][\/vc_row][vc_row css=&#8221;.vc_custom_1486580172252{margin-top: 40px !important;}&#8221;][vc_column][vc_custom_heading text=&#8221;Mercedes S-Klasse&#8221; use_theme_fonts=&#8221;yes&#8221; font_weight=&#8221;400&#8243; text_transform=&#8221;none&#8221;][vc_gallery type=&#8221;image_grid&#8221; images=&#8221;4381,4382,4383,4384&#8243;][vc_custom_heading text=&#8221;Jaguar XJ Executive&#8221; use_theme_fonts=&#8221;yes&#8221; font_weight=&#8221;400&#8243; text_transform=&#8221;none&#8221;][vc_gallery type=&#8221;image_grid&#8221; images=&#8221;4376,4377,4379,4378&#8243;][vc_custom_heading text=&#8221;Jaguar XJ 3 Sovereign 4.2&#8243; use_theme_fonts=&#8221;yes&#8221; font_weight=&#8221;400&#8243; text_transform=&#8221;none&#8221;][vc_gallery type=&#8221;image_grid&#8221; images=&#8221;4386,4387,4389,4388&#8243;][vc_custom_heading text=&#8221;Jaguar Daimler 4.0&#8243; use_theme_fonts=&#8221;yes&#8221; font_weight=&#8221;400&#8243; text_transform=&#8221;none&#8221;][vc_gallery type=&#8221;image_grid&#8221; images=&#8221;4397,4398,4400,4399&#8243;][vc_custom_heading text=&#8221;Mini Cooper&#8221; use_theme_fonts=&#8221;yes&#8221; font_weight=&#8221;400&#8243; text_transform=&#8221;none&#8221;][vc_gallery type=&#8221;image_grid&#8221; images=&#8221;4391,4392,4393,4394&#8243;][vc_custom_heading text=&#8221;Limousine Lincoln&#8221; use_theme_fonts=&#8221;yes&#8221; font_weight=&#8221;400&#8243; text_transform=&#8221;none&#8221;][vc_gallery type=&#8221;image_grid&#8221; images=&#8221;4371,4373,4370,4372&#8243;][\/vc_column][\/vc_row][vc_row content_placement=&#8221;middle&#8221; css=&#8221;.vc_custom_1486585373634{margin-right: 2px !important;margin-left: 2px !important;background-image: url(https:\/\/taxialicante.eu\/wp-content\/uploads\/2017\/02\/service-bg-5-2-1.png?id=1009) !important;background-position: center !important;background-repeat: no-repeat !important;background-size: cover !important;}&#8221;][vc_column][vc_row_inner][vc_column_inner el_class=&#8221;.padding-left-xs-15&#8243; css=&#8221;.vc_custom_1486561868414{padding-top: 120px !important;padding-bottom: 40px !important;padding-left: 58px !important;background-position: center !important;background-repeat: no-repeat !important;background-size: contain !important;}&#8221;][vc_custom_heading text=&#8221;Bitte beantragen Sie hier&#8221; font_container=&#8221;tag:h2|font_size:30|text_align:left|line_height:1&#8243; use_theme_fonts=&#8221;yes&#8221; show_box_icon=&#8221;&#8221; font_weight=&#8221;700&#8243; text_transform=&#8221;none&#8221;][vc_custom_heading text=&#8221;einen unverbindlichen Kostenvoranschlag.&#8221; font_container=&#8221;tag:h2|font_size:30|text_align:left|line_height:1&#8243; use_theme_fonts=&#8221;yes&#8221; show_box_icon=&#8221;&#8221; font_weight=&#8221;700&#8243; text_transform=&#8221;none&#8221; css=&#8221;.vc_custom_1547111946839{margin-top: 6px !important;}&#8221;][\/vc_column_inner][\/vc_row_inner][boardthemes_button has_arrow=&#8221;yes&#8221; text=&#8221;KLICKEN SIE HIER&#8221; link=&#8221;url:http%3A%2F%2Fwww.taxialicante.eu%2Fde%2Fkostenvoranschlag-flughafentransfer%2F|||&#8221; css=&#8221;.vc_custom_1490189879712{margin-bottom: 30px !important;margin-left: 45px !important;}&#8221;][\/vc_column][\/vc_row]<\/p>\n<\/section>","protected":false},"excerpt":{"rendered":"<p>[vc_row][vc_column css=&#8221;.vc_custom_1486570994307{margin-top: -20px !important;margin-bottom: -40px !important;}&#8221;][vc_column_text]Ist der gro\u00dfe Tag vor der T\u00fcr oder organisieren Sie eine besondere Veranstaltung? Suchen Sie nach einem Zeremonie-Transport mit etwas mehr? Dann entdecken Sie unsere sch\u00f6nen zeremoniellen Autos. Ihr Hochzeitstag ist einer der wichtigsten Tage in Ihrem Leben. Bei Taxi Alicante tun wir alles, um Ihre Bed\u00fcrfnisse zu erf\u00fcllen. So stellen wir sicher, dass Sie und Ihre G\u00e4ste p\u00fcnktlich, komfortabel und stilvoll ankommen. Wir arbeiten mit Ihrem Hochzeitsplaner zusammen, um Ihren Hochzeitstransport an der Costa Blanca zu organisieren. Entdecken Sie die M\u00f6glichkeiten im zeremoniellen Transport F\u00fcr den zeremoniellen Transport gibt es viele M\u00f6glichkeiten: einen Oldtimer, eine Limousine oder ein Luxusauto wie unsere Mercedes S-Klasse. Unter dem Hochzeitstransport haben Sie zum Beispiel auch Shuttles, die Sie und Ihre G\u00e4ste vom Parkplatz zu Ihrem Partyraum bringen. Taxi Alicante hat immer einen Vorrat an Festwagen mit Fahrer. Wir k\u00fcmmern uns \u00fcberall um Sie: Abholservice im Partyraum, bei Ihnen zu Hause, in der Kirche oder wo immer Sie m\u00f6chten auf einzigartige Weise. Wir m\u00f6chten an diesem denkw\u00fcrdigen Tag gerne mit Ihnen (oder Ihrem Hochzeitsplaner) zusammenarbeiten, um jeden zu den verschiedenen Orten zu bringen. Wir tun alles, um diesen Tag so reibungslos wie m\u00f6glich zu gestalten. Sie werden bald heiraten, [&hellip;]<\/p>\n","protected":false},"author":1,"featured_media":0,"parent":0,"menu_order":0,"comment_status":"closed","ping_status":"closed","template":"","meta":{"footnotes":""},"class_list":["post-4453","page","type-page","status-publish","hentry"],"yoast_head":"<!-- This site is optimized with the Yoast SEO plugin v26.5 - https:\/\/yoast.com\/wordpress\/plugins\/seo\/ -->\n<title>Zeremonie-Transport - Taxi Alicante auf den Costa Blanca in Spanien<\/title>\n<meta name=\"description\" content=\"Ist der gro\u00dfe Tag vor der T\u00fcr oder organisieren Sie eine besondere Veranstaltung? Suchen Sie nach einem Zeremonie-Transport mit etwas mehr?\" \/>\n<meta name=\"robots\" content=\"index, follow, max-snippet:-1, max-image-preview:large, max-video-preview:-1\" \/>\n<meta property=\"og:locale\" content=\"de_DE\" \/>\n<meta property=\"og:type\" content=\"article\" \/>\n<meta property=\"og:title\" content=\"Zeremonie-Transport - Taxi Alicante auf den Costa Blanca in Spanien\" \/>\n<meta property=\"og:description\" content=\"Ist der gro\u00dfe Tag vor der T\u00fcr oder organisieren Sie eine besondere Veranstaltung? Suchen Sie nach einem Zeremonie-Transport mit etwas mehr?\" \/>\n<meta property=\"og:url\" content=\"https:\/\/taxialicante.eu\/de\/zeremonie-transport\/\" \/>\n<meta property=\"og:site_name\" content=\"Taxi Alicante\" \/>\n<meta property=\"article:publisher\" content=\"https:\/\/www.facebook.com\/taxialicantevalencia\/?fref=ts\" \/>\n<meta property=\"article:modified_time\" content=\"2021-04-05T16:53:22+00:00\" \/>\n<meta name=\"twitter:card\" content=\"summary_large_image\" \/>\n<meta name=\"twitter:label1\" content=\"Est. reading time\" \/>\n\t<meta name=\"twitter:data1\" content=\"2 minutes\" \/>\n<script type=\"application\/ld+json\" class=\"yoast-schema-graph\">{\"@context\":\"https:\/\/schema.org\",\"@graph\":[{\"@type\":\"WebPage\",\"@id\":\"https:\/\/taxialicante.eu\/de\/zeremonie-transport\/\",\"url\":\"https:\/\/taxialicante.eu\/de\/zeremonie-transport\/\",\"name\":\"Zeremonie-Transport - Taxi Alicante auf den Costa Blanca in Spanien\",\"isPartOf\":{\"@id\":\"https:\/\/taxialicante.eu\/#website\"},\"datePublished\":\"2018-12-11T10:57:04+00:00\",\"dateModified\":\"2021-04-05T16:53:22+00:00\",\"description\":\"Ist der gro\u00dfe Tag vor der T\u00fcr oder organisieren Sie eine besondere Veranstaltung? Suchen Sie nach einem Zeremonie-Transport mit etwas mehr?\",\"breadcrumb\":{\"@id\":\"https:\/\/taxialicante.eu\/de\/zeremonie-transport\/#breadcrumb\"},\"inLanguage\":\"de\",\"potentialAction\":[{\"@type\":\"ReadAction\",\"target\":[\"https:\/\/taxialicante.eu\/de\/zeremonie-transport\/\"]}]},{\"@type\":\"BreadcrumbList\",\"@id\":\"https:\/\/taxialicante.eu\/de\/zeremonie-transport\/#breadcrumb\",\"itemListElement\":[{\"@type\":\"ListItem\",\"position\":1,\"name\":\"Home\",\"item\":\"https:\/\/taxialicante.eu\/de\/\"},{\"@type\":\"ListItem\",\"position\":2,\"name\":\"Zeremonie-Transport\"}]},{\"@type\":\"WebSite\",\"@id\":\"https:\/\/taxialicante.eu\/#website\",\"url\":\"https:\/\/taxialicante.eu\/\",\"name\":\"Taxi Alicante\",\"description\":\"25 jaar ervaring in luchthavenvervoer\",\"publisher\":{\"@id\":\"https:\/\/taxialicante.eu\/#organization\"},\"potentialAction\":[{\"@type\":\"SearchAction\",\"target\":{\"@type\":\"EntryPoint\",\"urlTemplate\":\"https:\/\/taxialicante.eu\/?s={search_term_string}\"},\"query-input\":{\"@type\":\"PropertyValueSpecification\",\"valueRequired\":true,\"valueName\":\"search_term_string\"}}],\"inLanguage\":\"de\"},{\"@type\":\"Organization\",\"@id\":\"https:\/\/taxialicante.eu\/#organization\",\"name\":\"Taxi Alicante\",\"url\":\"https:\/\/taxialicante.eu\/\",\"logo\":{\"@type\":\"ImageObject\",\"inLanguage\":\"de\",\"@id\":\"https:\/\/taxialicante.eu\/#\/schema\/logo\/image\/\",\"url\":\"https:\/\/taxialicante.eu\/wp-content\/uploads\/2017\/02\/logo-red-1.png\",\"contentUrl\":\"https:\/\/taxialicante.eu\/wp-content\/uploads\/2017\/02\/logo-red-1.png\",\"width\":350,\"height\":84,\"caption\":\"Taxi Alicante\"},\"image\":{\"@id\":\"https:\/\/taxialicante.eu\/#\/schema\/logo\/image\/\"},\"sameAs\":[\"https:\/\/www.facebook.com\/taxialicantevalencia\/?fref=ts\"]}]}<\/script>\n<!-- \/ Yoast SEO plugin. -->","yoast_head_json":{"title":"Zeremonie-Transport - Taxi Alicante auf den Costa Blanca in Spanien","description":"Ist der gro\u00dfe Tag vor der T\u00fcr oder organisieren Sie eine besondere Veranstaltung? Suchen Sie nach einem Zeremonie-Transport mit etwas mehr?","robots":{"index":"index","follow":"follow","max-snippet":"max-snippet:-1","max-image-preview":"max-image-preview:large","max-video-preview":"max-video-preview:-1"},"og_locale":"de_DE","og_type":"article","og_title":"Zeremonie-Transport - Taxi Alicante auf den Costa Blanca in Spanien","og_description":"Ist der gro\u00dfe Tag vor der T\u00fcr oder organisieren Sie eine besondere Veranstaltung? Suchen Sie nach einem Zeremonie-Transport mit etwas mehr?","og_url":"https:\/\/taxialicante.eu\/de\/zeremonie-transport\/","og_site_name":"Taxi Alicante","article_publisher":"https:\/\/www.facebook.com\/taxialicantevalencia\/?fref=ts","article_modified_time":"2021-04-05T16:53:22+00:00","twitter_card":"summary_large_image","twitter_misc":{"Est. reading time":"2 minutes"},"schema":{"@context":"https:\/\/schema.org","@graph":[{"@type":"WebPage","@id":"https:\/\/taxialicante.eu\/de\/zeremonie-transport\/","url":"https:\/\/taxialicante.eu\/de\/zeremonie-transport\/","name":"Zeremonie-Transport - Taxi Alicante auf den Costa Blanca in Spanien","isPartOf":{"@id":"https:\/\/taxialicante.eu\/#website"},"datePublished":"2018-12-11T10:57:04+00:00","dateModified":"2021-04-05T16:53:22+00:00","description":"Ist der gro\u00dfe Tag vor der T\u00fcr oder organisieren Sie eine besondere Veranstaltung? Suchen Sie nach einem Zeremonie-Transport mit etwas mehr?","breadcrumb":{"@id":"https:\/\/taxialicante.eu\/de\/zeremonie-transport\/#breadcrumb"},"inLanguage":"de","potentialAction":[{"@type":"ReadAction","target":["https:\/\/taxialicante.eu\/de\/zeremonie-transport\/"]}]},{"@type":"BreadcrumbList","@id":"https:\/\/taxialicante.eu\/de\/zeremonie-transport\/#breadcrumb","itemListElement":[{"@type":"ListItem","position":1,"name":"Home","item":"https:\/\/taxialicante.eu\/de\/"},{"@type":"ListItem","position":2,"name":"Zeremonie-Transport"}]},{"@type":"WebSite","@id":"https:\/\/taxialicante.eu\/#website","url":"https:\/\/taxialicante.eu\/","name":"Taxi Alicante","description":"25 jaar ervaring in luchthavenvervoer","publisher":{"@id":"https:\/\/taxialicante.eu\/#organization"},"potentialAction":[{"@type":"SearchAction","target":{"@type":"EntryPoint","urlTemplate":"https:\/\/taxialicante.eu\/?s={search_term_string}"},"query-input":{"@type":"PropertyValueSpecification","valueRequired":true,"valueName":"search_term_string"}}],"inLanguage":"de"},{"@type":"Organization","@id":"https:\/\/taxialicante.eu\/#organization","name":"Taxi Alicante","url":"https:\/\/taxialicante.eu\/","logo":{"@type":"ImageObject","inLanguage":"de","@id":"https:\/\/taxialicante.eu\/#\/schema\/logo\/image\/","url":"https:\/\/taxialicante.eu\/wp-content\/uploads\/2017\/02\/logo-red-1.png","contentUrl":"https:\/\/taxialicante.eu\/wp-content\/uploads\/2017\/02\/logo-red-1.png","width":350,"height":84,"caption":"Taxi Alicante"},"image":{"@id":"https:\/\/taxialicante.eu\/#\/schema\/logo\/image\/"},"sameAs":["https:\/\/www.facebook.com\/taxialicantevalencia\/?fref=ts"]}]}},"_links":{"self":[{"href":"https:\/\/taxialicante.eu\/de\/wp-json\/wp\/v2\/pages\/4453","targetHints":{"allow":["GET"]}}],"collection":[{"href":"https:\/\/taxialicante.eu\/de\/wp-json\/wp\/v2\/pages"}],"about":[{"href":"https:\/\/taxialicante.eu\/de\/wp-json\/wp\/v2\/types\/page"}],"author":[{"embeddable":true,"href":"https:\/\/taxialicante.eu\/de\/wp-json\/wp\/v2\/users\/1"}],"replies":[{"embeddable":true,"href":"https:\/\/taxialicante.eu\/de\/wp-json\/wp\/v2\/comments?post=4453"}],"version-history":[{"count":2,"href":"https:\/\/taxialicante.eu\/de\/wp-json\/wp\/v2\/pages\/4453\/revisions"}],"predecessor-version":[{"id":5379,"href":"https:\/\/taxialicante.eu\/de\/wp-json\/wp\/v2\/pages\/4453\/revisions\/5379"}],"wp:attachment":[{"href":"https:\/\/taxialicante.eu\/de\/wp-json\/wp\/v2\/media?parent=4453"}],"curies":[{"name":"wp","href":"https:\/\/api.w.org\/{rel}","templated":true}]}}