{"id":1618,"date":"2016-09-07T18:18:30","date_gmt":"2016-09-07T16:18:30","guid":{"rendered":"http:\/\/www.bartvandekerckhove.be\/?page_id=1618"},"modified":"2024-04-30T20:26:12","modified_gmt":"2024-04-30T18:26:12","slug":"condiciones-transfer-aeropuerto-taxi","status":"publish","type":"page","link":"https:\/\/taxialicante.eu\/es\/condiciones-transfer-aeropuerto-taxi\/","title":{"rendered":"Condiciones generales"},"content":{"rendered":"<section class=\"wpb-content-wrapper\"><p>[vc_row css=&#8221;.vc_custom_1487152582755{margin-top: -15px !important;margin-bottom: 60px !important;}&#8221;][vc_column][rev_slider_vc alias=&#8221;slider-faqs&#8221;][\/vc_column][\/vc_row][vc_row][vc_column css=&#8221;.vc_custom_1487104510437{margin-top: -30px !important;}&#8221;][vc_column_text]Los servicios de traslado de Taxi Alicante (<strong><a style=\"color: #e62d38;\" href=\"https:\/\/taxialicante.eu\/es\/transfer-aeropuerto-alicante-valencia\/\">traslado hacia y desde aeropuertos<\/a><\/strong>,\u00a0<strong><a style=\"color: #e62d38;\" href=\"https:\/\/taxialicante.eu\/es\/traslado-en-grupo-espana\/\">traslados de grupos<\/a><\/strong>,\u00a0<strong><a style=\"color: #e62d38;\" href=\"https:\/\/taxialicante.eu\/es\/servicio-de-taxi-costablanca\/\">servicio de taxi<\/a><\/strong>, <strong><a style=\"color: #e62d38;\" href=\"https:\/\/taxialicante.eu\/es\/traslado-para-empresas-costablanca\/\">traslado para empresas<\/a><\/strong>) est\u00e1n sujetos a las siguientes condiciones generales:[\/vc_column_text][vc_column_text css=&#8221;.vc_custom_1714501569600{margin-top: -5px !important;margin-bottom: 20px !important;padding-left: 40px !important;}&#8221;]<\/p>\n<ul>\n<li><em>Taxi Alicante no se hace responsable de retrasos durante los servicios de traslado a causa de atascos, aver\u00edas imprevistas, situaci\u00f3n meteorol\u00f3gica, etc. que puedan resultar en la p\u00e9rdida del vuelo correspondiente. Por ese motivo, debe asegurarse de indicar una hora de recogida prudente, para que posibles retrasos no impidan su presencia puntual en el aeropuerto u otro destino.<\/em><\/li>\n<li><em>Para asegurarnos de que el servicio requerido se proporcione de manera correcta, el pasajero que haga la solicitud debe proporcionar todos los datos requeridos por Taxi Alicante. Como m\u00ednimo, debe indicarse la direcci\u00f3n de recogida y\/o de destino, la hora de recogida o llegada del vuelo, en su caso, y un n\u00famero de tel\u00e9fono. <\/em><\/li>\n<li><em>En recogidas en el aeropuerto, el solicitante debe buscar el ch\u00f3fer de Taxi Alicante, que sostendr\u00e1 un cartel con el nombre del solicitante. Por tanto, si el solicitante no se encuentrase en el vuelo previamente indicado, debe notificar dicho cambio a la mayor brevedad posible, as\u00ed como en el caso de cambios importantes en la hora de llegada y\/o recogida. En caso de no cumplirse esta condici\u00f3n, se le imputar\u00e1 el coste completo del traslado solicitado, as\u00ed como los costes correspondientes al traslado ya efectuado, en su caso.<\/em><\/li>\n<li><em>Los asientos para ni\u00f1os\/cojines de altura est\u00e1n disponibles de forma gratuita <strong>BAJO SU SOLICITUD<\/strong>. Por lo tanto, usted, como cliente, siempre debe indicar si hay ni\u00f1os en la empresa que necesitan un asiento para el autom\u00f3vil. Esto es obligatorio para ni\u00f1os de hasta 12 a\u00f1os. Si no reserva esto y, por lo tanto, la transferencia no puede llevarse a cabo debido a razones de seguridad y seguro, ser\u00e1 responsable y, en cualquier caso, tendr\u00e1 que pagar el 100% de la transferencia.<\/em><\/li>\n<li><em>Los pasajeros se hacen responsables de cualquier tipo de da\u00f1os y prejuicios causados por ellos que afecten a Taxi Alicante. <\/em><\/li>\n<li><em>Taxi Alicante tiene contratados los seguros pertinentes obligatorios para el traslado de personas. <\/em><\/li>\n<li><em>Reclamaciones acerca de los servicios prestados por Taxi Alicante se tendr\u00e1n en cuenta si se remiten mediante carta certificada dentro de 8 d\u00edas desde la finalizaci\u00f3n del servicio prestado. La reclamaci\u00f3n no constituye raz\u00f3n para no abonar o postponer el pago de los servicios prestados. <\/em><\/li>\n<li><em>El tiempo de espera de nuestros conductores en el aeropuerto es de m\u00e1ximo una (1) hora a partir del atterizaje del avi\u00f3n. Si dicho tiempo se prolonga, se aumentar\u00e1 el precio total acordado del traslado en 20,00 (veinte) euros. <\/em><\/li>\n<li><em>Taxi Alicante se mantiene el derecho de cancelar un servicio de traslado a \u00faltima hora por causas fuera de su control, como tr\u00e1fico ca\u00f3tico, circunstancias meteorol\u00f3gicas peligrosas, atentados, etc. Sin embargo, haremos lo posible para evitar anulaciones en dichas situaciones.<\/em><\/li>\n<li><em>Puede cancelar hasta 24 horas antes del inicio del viaje. Despu\u00e9s de eso, estamos obligados a cobrarle la tarifa completa.<\/em><\/li>\n<li><em>El pago puede efectuarse con antelaci\u00f3n, mediante transferencia bancaria al n\u00famero IBAN ES82 3045 2662 4027 2001 0013 &#8211; B.I.C.: CCRIES2A045. Cuando se completa la transferencia, enviando por correo una copia del mismo como prueba. Puedes reservar y pagar online mediante tarjeta de cr\u00e9dito en nuestra web www.taxialicante.eu.<\/em><\/li>\n<li><em>En caso de conflictos y litigio, los tribunales del \u00e1rea jur\u00eddica donde est\u00e1 ubicada la sede de Taxi Alicante ser\u00e1n los \u00fanicos competentes.<\/em><\/li>\n<\/ul>\n<p>[\/vc_column_text][vc_column_text css=&#8221;.vc_custom_1491121444235{margin-top: 10px !important;margin-bottom: -30px !important;}&#8221;]En caso de dudas o si requiere m\u00e1s informaci\u00f3n acerca de nuestras condiciones generales, puede <strong><a style=\"color: #e62d38;\" href=\"https:\/\/taxialicante.eu\/es\/traslado-barato-transfer-aeropuerto\/\">contactarnos<\/a><\/strong> por email o tel\u00e9fono.[\/vc_column_text][\/vc_column][\/vc_row]<\/p>\n<\/section>","protected":false},"excerpt":{"rendered":"<p>[vc_row css=&#8221;.vc_custom_1487152582755{margin-top: -15px !important;margin-bottom: 60px !important;}&#8221;][vc_column][rev_slider_vc alias=&#8221;slider-faqs&#8221;][\/vc_column][\/vc_row][vc_row][vc_column css=&#8221;.vc_custom_1487104510437{margin-top: -30px !important;}&#8221;][vc_column_text]Los servicios de traslado de Taxi Alicante (traslado hacia y desde aeropuertos,\u00a0traslados de grupos,\u00a0servicio de taxi, traslado para empresas) est\u00e1n sujetos a las siguientes condiciones generales:[\/vc_column_text][vc_column_text css=&#8221;.vc_custom_1714501569600{margin-top: -5px !important;margin-bottom: 20px !important;padding-left: 40px !important;}&#8221;] Taxi Alicante no se hace responsable de retrasos durante los servicios de traslado a causa de atascos, aver\u00edas imprevistas, situaci\u00f3n meteorol\u00f3gica, etc. que puedan resultar en la p\u00e9rdida del vuelo correspondiente. Por ese motivo, debe asegurarse de indicar una hora de recogida prudente, para que posibles retrasos no impidan su presencia puntual en el aeropuerto u otro destino. Para asegurarnos de que el servicio requerido se proporcione de manera correcta, el pasajero que haga la solicitud debe proporcionar todos los datos requeridos por Taxi Alicante. Como m\u00ednimo, debe indicarse la direcci\u00f3n de recogida y\/o de destino, la hora de recogida o llegada del vuelo, en su caso, y un n\u00famero de tel\u00e9fono. En recogidas en el aeropuerto, el solicitante debe buscar el ch\u00f3fer de Taxi Alicante, que sostendr\u00e1 un cartel con el nombre del solicitante. Por tanto, si el solicitante no se encuentrase en el vuelo previamente indicado, debe notificar dicho cambio a la mayor brevedad posible, as\u00ed [&hellip;]<\/p>\n","protected":false},"author":1,"featured_media":0,"parent":0,"menu_order":0,"comment_status":"closed","ping_status":"closed","template":"","meta":{"footnotes":""},"class_list":["post-1618","page","type-page","status-publish","hentry"],"yoast_head":"<!-- This site is optimized with the Yoast SEO plugin v26.5 - https:\/\/yoast.com\/wordpress\/plugins\/seo\/ -->\n<title>Condiciones para servicios de traslado con Taxi Alicante \u2013 Costa Blanca<\/title>\n<meta name=\"description\" content=\"Los servicios de traslado de Taxi Alicante (transfer aeropuerto, servicio de taxi, traslado para empresas) est\u00e1n sujetos a los siguientes condiciones\" \/>\n<meta name=\"robots\" content=\"index, follow, max-snippet:-1, max-image-preview:large, max-video-preview:-1\" \/>\n<meta property=\"og:locale\" content=\"es_ES\" \/>\n<meta property=\"og:type\" content=\"article\" \/>\n<meta property=\"og:title\" content=\"Condiciones para servicios de traslado con Taxi Alicante \u2013 Costa Blanca\" \/>\n<meta property=\"og:description\" content=\"Los servicios de traslado de Taxi Alicante (transfer aeropuerto, servicio de taxi, traslado para empresas) est\u00e1n sujetos a los siguientes condiciones\" \/>\n<meta property=\"og:url\" content=\"https:\/\/taxialicante.eu\/es\/condiciones-transfer-aeropuerto-taxi\/\" \/>\n<meta property=\"og:site_name\" content=\"Taxi Alicante\" \/>\n<meta property=\"article:publisher\" content=\"https:\/\/www.facebook.com\/taxialicantevalencia\/?fref=ts\" \/>\n<meta property=\"article:modified_time\" content=\"2024-04-30T18:26:12+00:00\" \/>\n<meta name=\"twitter:card\" content=\"summary_large_image\" \/>\n<meta name=\"twitter:label1\" content=\"Est. reading time\" \/>\n\t<meta name=\"twitter:data1\" content=\"3 minutes\" \/>\n<script type=\"application\/ld+json\" class=\"yoast-schema-graph\">{\"@context\":\"https:\/\/schema.org\",\"@graph\":[{\"@type\":\"WebPage\",\"@id\":\"https:\/\/taxialicante.eu\/es\/condiciones-transfer-aeropuerto-taxi\/\",\"url\":\"https:\/\/taxialicante.eu\/es\/condiciones-transfer-aeropuerto-taxi\/\",\"name\":\"Condiciones para servicios de traslado con Taxi Alicante \u2013 Costa Blanca\",\"isPartOf\":{\"@id\":\"https:\/\/taxialicante.eu\/#website\"},\"datePublished\":\"2016-09-07T16:18:30+00:00\",\"dateModified\":\"2024-04-30T18:26:12+00:00\",\"description\":\"Los servicios de traslado de Taxi Alicante (transfer aeropuerto, servicio de taxi, traslado para empresas) est\u00e1n sujetos a los siguientes condiciones\",\"breadcrumb\":{\"@id\":\"https:\/\/taxialicante.eu\/es\/condiciones-transfer-aeropuerto-taxi\/#breadcrumb\"},\"inLanguage\":\"es\",\"potentialAction\":[{\"@type\":\"ReadAction\",\"target\":[\"https:\/\/taxialicante.eu\/es\/condiciones-transfer-aeropuerto-taxi\/\"]}]},{\"@type\":\"BreadcrumbList\",\"@id\":\"https:\/\/taxialicante.eu\/es\/condiciones-transfer-aeropuerto-taxi\/#breadcrumb\",\"itemListElement\":[{\"@type\":\"ListItem\",\"position\":1,\"name\":\"Home\",\"item\":\"https:\/\/taxialicante.eu\/es\/\"},{\"@type\":\"ListItem\",\"position\":2,\"name\":\"Condiciones generales\"}]},{\"@type\":\"WebSite\",\"@id\":\"https:\/\/taxialicante.eu\/#website\",\"url\":\"https:\/\/taxialicante.eu\/\",\"name\":\"Taxi Alicante\",\"description\":\"25 jaar ervaring in luchthavenvervoer\",\"publisher\":{\"@id\":\"https:\/\/taxialicante.eu\/#organization\"},\"potentialAction\":[{\"@type\":\"SearchAction\",\"target\":{\"@type\":\"EntryPoint\",\"urlTemplate\":\"https:\/\/taxialicante.eu\/?s={search_term_string}\"},\"query-input\":{\"@type\":\"PropertyValueSpecification\",\"valueRequired\":true,\"valueName\":\"search_term_string\"}}],\"inLanguage\":\"es\"},{\"@type\":\"Organization\",\"@id\":\"https:\/\/taxialicante.eu\/#organization\",\"name\":\"Taxi Alicante\",\"url\":\"https:\/\/taxialicante.eu\/\",\"logo\":{\"@type\":\"ImageObject\",\"inLanguage\":\"es\",\"@id\":\"https:\/\/taxialicante.eu\/#\/schema\/logo\/image\/\",\"url\":\"https:\/\/taxialicante.eu\/wp-content\/uploads\/2017\/02\/logo-red-1.png\",\"contentUrl\":\"https:\/\/taxialicante.eu\/wp-content\/uploads\/2017\/02\/logo-red-1.png\",\"width\":350,\"height\":84,\"caption\":\"Taxi Alicante\"},\"image\":{\"@id\":\"https:\/\/taxialicante.eu\/#\/schema\/logo\/image\/\"},\"sameAs\":[\"https:\/\/www.facebook.com\/taxialicantevalencia\/?fref=ts\"]}]}<\/script>\n<!-- \/ Yoast SEO plugin. -->","yoast_head_json":{"title":"Condiciones para servicios de traslado con Taxi Alicante \u2013 Costa Blanca","description":"Los servicios de traslado de Taxi Alicante (transfer aeropuerto, servicio de taxi, traslado para empresas) est\u00e1n sujetos a los siguientes condiciones","robots":{"index":"index","follow":"follow","max-snippet":"max-snippet:-1","max-image-preview":"max-image-preview:large","max-video-preview":"max-video-preview:-1"},"og_locale":"es_ES","og_type":"article","og_title":"Condiciones para servicios de traslado con Taxi Alicante \u2013 Costa Blanca","og_description":"Los servicios de traslado de Taxi Alicante (transfer aeropuerto, servicio de taxi, traslado para empresas) est\u00e1n sujetos a los siguientes condiciones","og_url":"https:\/\/taxialicante.eu\/es\/condiciones-transfer-aeropuerto-taxi\/","og_site_name":"Taxi Alicante","article_publisher":"https:\/\/www.facebook.com\/taxialicantevalencia\/?fref=ts","article_modified_time":"2024-04-30T18:26:12+00:00","twitter_card":"summary_large_image","twitter_misc":{"Est. reading time":"3 minutes"},"schema":{"@context":"https:\/\/schema.org","@graph":[{"@type":"WebPage","@id":"https:\/\/taxialicante.eu\/es\/condiciones-transfer-aeropuerto-taxi\/","url":"https:\/\/taxialicante.eu\/es\/condiciones-transfer-aeropuerto-taxi\/","name":"Condiciones para servicios de traslado con Taxi Alicante \u2013 Costa Blanca","isPartOf":{"@id":"https:\/\/taxialicante.eu\/#website"},"datePublished":"2016-09-07T16:18:30+00:00","dateModified":"2024-04-30T18:26:12+00:00","description":"Los servicios de traslado de Taxi Alicante (transfer aeropuerto, servicio de taxi, traslado para empresas) est\u00e1n sujetos a los siguientes condiciones","breadcrumb":{"@id":"https:\/\/taxialicante.eu\/es\/condiciones-transfer-aeropuerto-taxi\/#breadcrumb"},"inLanguage":"es","potentialAction":[{"@type":"ReadAction","target":["https:\/\/taxialicante.eu\/es\/condiciones-transfer-aeropuerto-taxi\/"]}]},{"@type":"BreadcrumbList","@id":"https:\/\/taxialicante.eu\/es\/condiciones-transfer-aeropuerto-taxi\/#breadcrumb","itemListElement":[{"@type":"ListItem","position":1,"name":"Home","item":"https:\/\/taxialicante.eu\/es\/"},{"@type":"ListItem","position":2,"name":"Condiciones generales"}]},{"@type":"WebSite","@id":"https:\/\/taxialicante.eu\/#website","url":"https:\/\/taxialicante.eu\/","name":"Taxi Alicante","description":"25 jaar ervaring in luchthavenvervoer","publisher":{"@id":"https:\/\/taxialicante.eu\/#organization"},"potentialAction":[{"@type":"SearchAction","target":{"@type":"EntryPoint","urlTemplate":"https:\/\/taxialicante.eu\/?s={search_term_string}"},"query-input":{"@type":"PropertyValueSpecification","valueRequired":true,"valueName":"search_term_string"}}],"inLanguage":"es"},{"@type":"Organization","@id":"https:\/\/taxialicante.eu\/#organization","name":"Taxi Alicante","url":"https:\/\/taxialicante.eu\/","logo":{"@type":"ImageObject","inLanguage":"es","@id":"https:\/\/taxialicante.eu\/#\/schema\/logo\/image\/","url":"https:\/\/taxialicante.eu\/wp-content\/uploads\/2017\/02\/logo-red-1.png","contentUrl":"https:\/\/taxialicante.eu\/wp-content\/uploads\/2017\/02\/logo-red-1.png","width":350,"height":84,"caption":"Taxi Alicante"},"image":{"@id":"https:\/\/taxialicante.eu\/#\/schema\/logo\/image\/"},"sameAs":["https:\/\/www.facebook.com\/taxialicantevalencia\/?fref=ts"]}]}},"_links":{"self":[{"href":"https:\/\/taxialicante.eu\/es\/wp-json\/wp\/v2\/pages\/1618","targetHints":{"allow":["GET"]}}],"collection":[{"href":"https:\/\/taxialicante.eu\/es\/wp-json\/wp\/v2\/pages"}],"about":[{"href":"https:\/\/taxialicante.eu\/es\/wp-json\/wp\/v2\/types\/page"}],"author":[{"embeddable":true,"href":"https:\/\/taxialicante.eu\/es\/wp-json\/wp\/v2\/users\/1"}],"replies":[{"embeddable":true,"href":"https:\/\/taxialicante.eu\/es\/wp-json\/wp\/v2\/comments?post=1618"}],"version-history":[{"count":6,"href":"https:\/\/taxialicante.eu\/es\/wp-json\/wp\/v2\/pages\/1618\/revisions"}],"predecessor-version":[{"id":6714,"href":"https:\/\/taxialicante.eu\/es\/wp-json\/wp\/v2\/pages\/1618\/revisions\/6714"}],"wp:attachment":[{"href":"https:\/\/taxialicante.eu\/es\/wp-json\/wp\/v2\/media?parent=1618"}],"curies":[{"name":"wp","href":"https:\/\/api.w.org\/{rel}","templated":true}]}}