{"id":1624,"date":"2016-09-17T06:58:41","date_gmt":"2016-09-17T04:58:41","guid":{"rendered":"http:\/\/www.bartvandekerckhove.be\/?page_id=1624"},"modified":"2021-04-05T17:13:21","modified_gmt":"2021-04-05T15:13:21","slug":"traslado-transfer-aeropuerto-barato","status":"publish","type":"page","link":"https:\/\/taxialicante.eu\/es\/traslado-transfer-aeropuerto-barato\/","title":{"rendered":"Servicios"},"content":{"rendered":"<section class=\"wpb-content-wrapper\"><p>[vc_row css=&#8221;.vc_custom_1487165061681{padding-top: 148px !important;padding-bottom: 164px !important;background-image: url(https:\/\/taxialicante.eu\/wp-content\/uploads\/2016\/08\/slider-bg-1-1.jpg?id=15) !important;background-position: center !important;background-repeat: no-repeat !important;background-size: cover !important;}&#8221; row_bg_overlay=&#8221;rgba(0,23,46,0.52)&#8221;][vc_column][vc_custom_heading text=&#8221;DESCRUBA NUESTROS SERVICIOS DE CONFIANZA&#8221; font_container=&#8221;tag:h2|font_size:48|text_align:center|color:%23ffffff|line_height:1&#8243; use_theme_fonts=&#8221;yes&#8221; show_box_icon=&#8221;&#8221; font_weight=&#8221;700&#8243; text_transform=&#8221;none&#8221;][vc_column_text css=&#8221;.vc_custom_1486761761841{margin-top: 36px !important;margin-bottom: 0px !important;}&#8221;]<\/p>\n<p style=\"text-align: center; color: #fff; font-weight: 600; margin-bottom: 0;\">Taxi Alicante le ofrece la manera m\u00e1s segura para viajar. Ya sea para un traslado\u00a0individual,<br \/>\ncon amigos o en familia, le proporcionaremos el servicio de taxi m\u00e1s eficiente, fiable y barato.<\/p>\n<p>[\/vc_column_text][\/vc_column][\/vc_row][vc_row wrap_container=&#8221;yes&#8221; css=&#8221;.vc_custom_1474096775021{padding-top: 70px !important;padding-bottom: 70px !important;}&#8221;][vc_column width=&#8221;1\/2&#8243;][vc_single_image image=&#8221;1198&#8243; img_size=&#8221;full&#8221; alignment=&#8221;center&#8221; style=&#8221;vc_box_shadow_3d&#8221; css_animation=&#8221;appear&#8221; css=&#8221;.vc_custom_1486593253129{margin-bottom: 0px !important;}&#8221;][\/vc_column][vc_column width=&#8221;1\/2&#8243; css=&#8221;.vc_custom_1474096025922{padding-left: 40px !important;}&#8221;][vc_custom_heading text=&#8221;Transfer aeropuerto&#8221; font_container=&#8221;tag:h1|font_size:30|text_align:left|line_height:1&#8243; use_theme_fonts=&#8221;yes&#8221; show_box_icon=&#8221;&#8221; font_weight=&#8221;700&#8243; text_transform=&#8221;none&#8221; el_class=&#8221;padding-left-xs-15&#8243; css=&#8221;.vc_custom_1491505258552{margin-top: 80px !important;}&#8221;][vc_column_text css=&#8221;.vc_custom_1491121519301{margin-top: 26px !important;margin-bottom: 0px !important;}&#8221;]\u00bfRequiere un traslado r\u00e1pido, profesional y sobre todo puntual desde o hacia el aeropuerto? En ese caso, <strong><a style=\"color: #e62d38;\" href=\"https:\/\/taxialicante.eu\/es\/\">Taxi Alicante<\/a><\/strong> es la mejor opci\u00f3n. Ofrecemos traslados aeropuertuarios a su medida.[\/vc_column_text][boardthemes_button has_arrow=&#8221;&#8221; text=&#8221;LEER MAS&#8221; link=&#8221;url:http%3A%2F%2Fwww.taxialicante.eu%2Fes%2Ftransfer-aeropuerto-alicante-valencia%2F|||&#8221; css=&#8221;.vc_custom_1490189512346{margin-top: 34px !important;}&#8221;][\/vc_column][\/vc_row][vc_row wrap_container=&#8221;yes&#8221; css=&#8221;.vc_custom_1487622035538{padding-top: 70px !important;background-image: url(https:\/\/taxialicante.eu\/wp-content\/uploads\/2016\/09\/banner-groepsvervoer-1.jpg?id=2050) !important;background-position: center !important;background-repeat: no-repeat !important;background-size: cover !important;}&#8221;][vc_column width=&#8221;1\/2&#8243; css=&#8221;.vc_custom_1474097460750{padding-right: 50px !important;}&#8221; el_class=&#8221;padding-right-xs-15&#8243;][vc_custom_heading text=&#8221;Traslados de grupos&#8221; font_container=&#8221;tag:h1|font_size:30|text_align:left|line_height:1&#8243; use_theme_fonts=&#8221;yes&#8221; show_box_icon=&#8221;&#8221; font_weight=&#8221;700&#8243; text_transform=&#8221;none&#8221; el_class=&#8221;padding-left-xs-15&#8243; css=&#8221;.vc_custom_1491505333088{margin-top: 80px !important;}&#8221;][vc_column_text css=&#8221;.vc_custom_1486760271989{margin-top: 26px !important;margin-bottom: 0px !important;}&#8221;]Taxi Alicante ofrece servicios de traslados de grupos personalizados, tanto para traslados de particulares como para empresas. Trasladamos sin problema gran n\u00famero de personas a hoteles o al aeropuerto, por ejemplo.[\/vc_column_text][boardthemes_button has_arrow=&#8221;&#8221; text=&#8221;LEER MAS&#8221; link=&#8221;url:http%3A%2F%2Fwww.taxialicante.eu%2Fes%2Ftraslado-en-grupo-espana%2F|||&#8221; css=&#8221;.vc_custom_1490189521303{margin-top: 34px !important;}&#8221;][\/vc_column][vc_column width=&#8221;1\/2&#8243;][vc_single_image image=&#8221;1172&#8243; img_size=&#8221;full&#8221; css_animation=&#8221;right-to-left&#8221; css=&#8221;.vc_custom_1487622090774{margin-top: 65px !important;margin-bottom: 0px !important;}&#8221;][\/vc_column][\/vc_row][vc_row wrap_container=&#8221;yes&#8221; css=&#8221;.vc_custom_1474098200033{padding-top: 58px !important;padding-bottom: 70px !important;}&#8221;][vc_column width=&#8221;1\/2&#8243;][vc_single_image image=&#8221;1123&#8243; img_size=&#8221;full&#8221; alignment=&#8221;center&#8221; style=&#8221;vc_box_shadow_3d&#8221; css_animation=&#8221;appear&#8221; css=&#8221;.vc_custom_1486588417290{margin-bottom: 0px !important;}&#8221;][\/vc_column][vc_column width=&#8221;1\/2&#8243; css=&#8221;.vc_custom_1474096025922{padding-left: 40px !important;}&#8221;][vc_custom_heading text=&#8221;Servicio de taxi&#8221; font_container=&#8221;tag:h1|font_size:30|text_align:left|line_height:1&#8243; use_theme_fonts=&#8221;yes&#8221; show_box_icon=&#8221;&#8221; font_weight=&#8221;700&#8243; text_transform=&#8221;none&#8221; el_class=&#8221;padding-left-xs-15&#8243; css=&#8221;.vc_custom_1491505340735{margin-top: 80px !important;}&#8221;][vc_column_text css=&#8221;.vc_custom_1491121539916{margin-top: 26px !important;margin-bottom: 0px !important;}&#8221;]No solamente ofrecemos <strong><a style=\"color: #e62d38;\" href=\"https:\/\/taxialicante.eu\/es\/transfer-aeropuerto-alicante-valencia\/\">traslados desde y hacia aeropuertos<\/a><\/strong>, ya que, con frecuencia, nuestros clientes necesitan simplemente llegar de un punto A a B. Tambi\u00e9n en ese caso, Taxi Alicante es la mejor opci\u00f3n. Ofrecemos servicios de taxi por toda Espa\u00f1a.[\/vc_column_text][boardthemes_button has_arrow=&#8221;&#8221; text=&#8221;LEER MAS&#8221; link=&#8221;url:http%3A%2F%2Fwww.taxialicante.eu%2Fes%2Fservicio-de-taxi-costablanca%2F|||&#8221; css=&#8221;.vc_custom_1490189539999{margin-top: 34px !important;}&#8221;][\/vc_column][\/vc_row][vc_row wrap_container=&#8221;yes&#8221; css=&#8221;.vc_custom_1486592451075{padding-top: 70px !important;background-image: url(https:\/\/taxialicante.eu\/wp-content\/uploads\/2016\/09\/banner-zakenvervoer-1.jpg?id=1195) !important;background-position: center !important;background-repeat: no-repeat !important;background-size: cover !important;}&#8221;][vc_column width=&#8221;1\/2&#8243; css=&#8221;.vc_custom_1474097460750{padding-right: 50px !important;}&#8221; el_class=&#8221;padding-right-xs-15&#8243;][vc_custom_heading text=&#8221;Traslados para empresas&#8221; font_container=&#8221;tag:h1|font_size:30|text_align:left|line_height:1&#8243; use_theme_fonts=&#8221;yes&#8221; show_box_icon=&#8221;&#8221; font_weight=&#8221;700&#8243; text_transform=&#8221;none&#8221; el_class=&#8221;padding-left-xs-15&#8243; css=&#8221;.vc_custom_1491505348095{margin-top: 80px !important;}&#8221;][vc_column_text css=&#8221;.vc_custom_1486761132475{margin-top: 26px !important;margin-bottom: 0px !important;}&#8221;]Con el servicio de traslados para empresas de Taxi Alicante, podr\u00e1 viajar de manera confortable y segura. Para estos servicios, usamos nuestros veh\u00edculos de lujo, para que sus ejecutivos, empleados y clientes descansen y ganen en tiempo, a la vez que llegan a su destino de manera segura y con total discreci\u00f3n.[\/vc_column_text][boardthemes_button has_arrow=&#8221;&#8221; text=&#8221;LEER MAS&#8221; link=&#8221;url:http%3A%2F%2Fwww.taxialicante.eu%2Fes%2Ftraslado-para-empresas-costablanca%2F|||&#8221; css=&#8221;.vc_custom_1490189550082{margin-top: 34px !important;}&#8221;][\/vc_column][vc_column width=&#8221;1\/2&#8243;][vc_single_image image=&#8221;1215&#8243; img_size=&#8221;full&#8221; alignment=&#8221;center&#8221; css_animation=&#8221;right-to-left&#8221; css=&#8221;.vc_custom_1486761434709{margin-bottom: 0px !important;}&#8221;][\/vc_column][\/vc_row][vc_row wrap_container=&#8221;yes&#8221; css=&#8221;.vc_custom_1474098200033{padding-top: 58px !important;padding-bottom: 70px !important;}&#8221;][vc_column width=&#8221;1\/2&#8243;][vc_single_image image=&#8221;4387&#8243; img_size=&#8221;full&#8221; alignment=&#8221;center&#8221; style=&#8221;vc_box_shadow_3d&#8221; css_animation=&#8221;appear&#8221; css=&#8221;.vc_custom_1545054030575{margin-bottom: 0px !important;}&#8221;][\/vc_column][vc_column width=&#8221;1\/2&#8243; css=&#8221;.vc_custom_1474096025922{padding-left: 40px !important;}&#8221;][vc_custom_heading text=&#8221;Transporte de ceremonia&#8221; font_container=&#8221;tag:h1|font_size:30|text_align:left|line_height:1&#8243; use_theme_fonts=&#8221;yes&#8221; show_box_icon=&#8221;&#8221; font_weight=&#8221;700&#8243; text_transform=&#8221;none&#8221; el_class=&#8221;padding-left-xs-15&#8243; css=&#8221;.vc_custom_1545053707522{margin-top: 80px !important;}&#8221;][vc_column_text css=&#8221;.vc_custom_1545054074880{margin-top: 26px !important;margin-bottom: 0px !important;}&#8221;]\u00bfEst\u00e1 buscando <strong><a style=\"color: #e62d38;\" href=\"https:\/\/taxialicante.eu\/es\/transporte-de-ceremonia\/\">coches de ceremonia<\/a><\/strong> elegantes con conductor para su boda? \u00bfEst\u00e1s organizando un evento especial y te gustar\u00eda transportar a tus invitados en un ambiente lujoso o nost\u00e1lgico?[\/vc_column_text][boardthemes_button has_arrow=&#8221;&#8221; text=&#8221;LEER MAS&#8221; link=&#8221;url:https%3A%2F%2Fwww.taxialicante.eu%2Fes%2Ftransporte-de-ceremonia%2F|title:Transporte%20de%20ceremonia||&#8221; css=&#8221;.vc_custom_1545053966150{margin-top: 34px !important;}&#8221;][\/vc_column][\/vc_row]<\/p>\n<\/section>","protected":false},"excerpt":{"rendered":"<p>[vc_row css=&#8221;.vc_custom_1487165061681{padding-top: 148px !important;padding-bottom: 164px !important;background-image: url(https:\/\/taxialicante.eu\/wp-content\/uploads\/2016\/08\/slider-bg-1-1.jpg?id=15) !important;background-position: center !important;background-repeat: no-repeat !important;background-size: cover !important;}&#8221; row_bg_overlay=&#8221;rgba(0,23,46,0.52)&#8221;][vc_column][vc_custom_heading text=&#8221;DESCRUBA NUESTROS SERVICIOS DE CONFIANZA&#8221; font_container=&#8221;tag:h2|font_size:48|text_align:center|color:%23ffffff|line_height:1&#8243; use_theme_fonts=&#8221;yes&#8221; show_box_icon=&#8221;&#8221; font_weight=&#8221;700&#8243; text_transform=&#8221;none&#8221;][vc_column_text css=&#8221;.vc_custom_1486761761841{margin-top: 36px !important;margin-bottom: 0px !important;}&#8221;] Taxi Alicante le ofrece la manera m\u00e1s segura para viajar. Ya sea para un traslado\u00a0individual, con amigos o en familia, le proporcionaremos el servicio de taxi m\u00e1s eficiente, fiable y barato. [\/vc_column_text][\/vc_column][\/vc_row][vc_row wrap_container=&#8221;yes&#8221; css=&#8221;.vc_custom_1474096775021{padding-top: 70px !important;padding-bottom: 70px !important;}&#8221;][vc_column width=&#8221;1\/2&#8243;][vc_single_image image=&#8221;1198&#8243; img_size=&#8221;full&#8221; alignment=&#8221;center&#8221; style=&#8221;vc_box_shadow_3d&#8221; css_animation=&#8221;appear&#8221; css=&#8221;.vc_custom_1486593253129{margin-bottom: 0px !important;}&#8221;][\/vc_column][vc_column width=&#8221;1\/2&#8243; css=&#8221;.vc_custom_1474096025922{padding-left: 40px !important;}&#8221;][vc_custom_heading text=&#8221;Transfer aeropuerto&#8221; font_container=&#8221;tag:h1|font_size:30|text_align:left|line_height:1&#8243; use_theme_fonts=&#8221;yes&#8221; show_box_icon=&#8221;&#8221; font_weight=&#8221;700&#8243; text_transform=&#8221;none&#8221; el_class=&#8221;padding-left-xs-15&#8243; css=&#8221;.vc_custom_1491505258552{margin-top: 80px !important;}&#8221;][vc_column_text css=&#8221;.vc_custom_1491121519301{margin-top: 26px !important;margin-bottom: 0px !important;}&#8221;]\u00bfRequiere un traslado r\u00e1pido, profesional y sobre todo puntual desde o hacia el aeropuerto? En ese caso, Taxi Alicante es la mejor opci\u00f3n. Ofrecemos traslados aeropuertuarios a su medida.[\/vc_column_text][boardthemes_button has_arrow=&#8221;&#8221; text=&#8221;LEER MAS&#8221; link=&#8221;url:http%3A%2F%2Fwww.taxialicante.eu%2Fes%2Ftransfer-aeropuerto-alicante-valencia%2F|||&#8221; css=&#8221;.vc_custom_1490189512346{margin-top: 34px !important;}&#8221;][\/vc_column][\/vc_row][vc_row wrap_container=&#8221;yes&#8221; css=&#8221;.vc_custom_1487622035538{padding-top: 70px !important;background-image: url(https:\/\/taxialicante.eu\/wp-content\/uploads\/2016\/09\/banner-groepsvervoer-1.jpg?id=2050) !important;background-position: center !important;background-repeat: no-repeat !important;background-size: cover !important;}&#8221;][vc_column width=&#8221;1\/2&#8243; css=&#8221;.vc_custom_1474097460750{padding-right: 50px !important;}&#8221; el_class=&#8221;padding-right-xs-15&#8243;][vc_custom_heading text=&#8221;Traslados de grupos&#8221; font_container=&#8221;tag:h1|font_size:30|text_align:left|line_height:1&#8243; use_theme_fonts=&#8221;yes&#8221; show_box_icon=&#8221;&#8221; font_weight=&#8221;700&#8243; text_transform=&#8221;none&#8221; el_class=&#8221;padding-left-xs-15&#8243; css=&#8221;.vc_custom_1491505333088{margin-top: 80px !important;}&#8221;][vc_column_text css=&#8221;.vc_custom_1486760271989{margin-top: 26px !important;margin-bottom: 0px !important;}&#8221;]Taxi Alicante ofrece servicios de traslados de grupos personalizados, tanto para traslados de particulares como para empresas. Trasladamos sin problema gran n\u00famero de personas a hoteles o al aeropuerto, por ejemplo.[\/vc_column_text][boardthemes_button has_arrow=&#8221;&#8221; text=&#8221;LEER MAS&#8221; link=&#8221;url:http%3A%2F%2Fwww.taxialicante.eu%2Fes%2Ftraslado-en-grupo-espana%2F|||&#8221; [&hellip;]<\/p>\n","protected":false},"author":1,"featured_media":0,"parent":0,"menu_order":0,"comment_status":"closed","ping_status":"closed","template":"","meta":{"footnotes":""},"class_list":["post-1624","page","type-page","status-publish","hentry"],"yoast_head":"<!-- This site is optimized with the Yoast SEO plugin v26.5 - https:\/\/yoast.com\/wordpress\/plugins\/seo\/ -->\n<title>Traslado Taxi Alicante en la Costa Blanca, transfer aeropuerto barato<\/title>\n<meta name=\"description\" content=\"\u00bfNecesita un traslado individual, en familia o con amigos? Le ofrecemos siempre el servicio de taxi m\u00e1s seguro, eficiente y al mejor precio.\" \/>\n<meta name=\"robots\" content=\"index, follow, max-snippet:-1, max-image-preview:large, max-video-preview:-1\" \/>\n<meta property=\"og:locale\" content=\"es_ES\" \/>\n<meta property=\"og:type\" content=\"article\" \/>\n<meta property=\"og:title\" content=\"Traslado Taxi Alicante en la Costa Blanca, transfer aeropuerto barato\" \/>\n<meta property=\"og:description\" content=\"\u00bfNecesita un traslado individual, en familia o con amigos? Le ofrecemos siempre el servicio de taxi m\u00e1s seguro, eficiente y al mejor precio.\" \/>\n<meta property=\"og:url\" content=\"https:\/\/taxialicante.eu\/es\/traslado-transfer-aeropuerto-barato\/\" \/>\n<meta property=\"og:site_name\" content=\"Taxi Alicante\" \/>\n<meta property=\"article:publisher\" content=\"https:\/\/www.facebook.com\/taxialicantevalencia\/?fref=ts\" \/>\n<meta property=\"article:modified_time\" content=\"2021-04-05T15:13:21+00:00\" \/>\n<meta name=\"twitter:card\" content=\"summary_large_image\" \/>\n<meta name=\"twitter:label1\" content=\"Est. reading time\" \/>\n\t<meta name=\"twitter:data1\" content=\"3 minutes\" \/>\n<script type=\"application\/ld+json\" class=\"yoast-schema-graph\">{\"@context\":\"https:\/\/schema.org\",\"@graph\":[{\"@type\":\"WebPage\",\"@id\":\"https:\/\/taxialicante.eu\/es\/traslado-transfer-aeropuerto-barato\/\",\"url\":\"https:\/\/taxialicante.eu\/es\/traslado-transfer-aeropuerto-barato\/\",\"name\":\"Traslado Taxi Alicante en la Costa Blanca, transfer aeropuerto barato\",\"isPartOf\":{\"@id\":\"https:\/\/taxialicante.eu\/#website\"},\"datePublished\":\"2016-09-17T04:58:41+00:00\",\"dateModified\":\"2021-04-05T15:13:21+00:00\",\"description\":\"\u00bfNecesita un traslado individual, en familia o con amigos? Le ofrecemos siempre el servicio de taxi m\u00e1s seguro, eficiente y al mejor precio.\",\"breadcrumb\":{\"@id\":\"https:\/\/taxialicante.eu\/es\/traslado-transfer-aeropuerto-barato\/#breadcrumb\"},\"inLanguage\":\"es\",\"potentialAction\":[{\"@type\":\"ReadAction\",\"target\":[\"https:\/\/taxialicante.eu\/es\/traslado-transfer-aeropuerto-barato\/\"]}]},{\"@type\":\"BreadcrumbList\",\"@id\":\"https:\/\/taxialicante.eu\/es\/traslado-transfer-aeropuerto-barato\/#breadcrumb\",\"itemListElement\":[{\"@type\":\"ListItem\",\"position\":1,\"name\":\"Home\",\"item\":\"https:\/\/taxialicante.eu\/es\/\"},{\"@type\":\"ListItem\",\"position\":2,\"name\":\"Servicios\"}]},{\"@type\":\"WebSite\",\"@id\":\"https:\/\/taxialicante.eu\/#website\",\"url\":\"https:\/\/taxialicante.eu\/\",\"name\":\"Taxi Alicante\",\"description\":\"25 jaar ervaring in luchthavenvervoer\",\"publisher\":{\"@id\":\"https:\/\/taxialicante.eu\/#organization\"},\"potentialAction\":[{\"@type\":\"SearchAction\",\"target\":{\"@type\":\"EntryPoint\",\"urlTemplate\":\"https:\/\/taxialicante.eu\/?s={search_term_string}\"},\"query-input\":{\"@type\":\"PropertyValueSpecification\",\"valueRequired\":true,\"valueName\":\"search_term_string\"}}],\"inLanguage\":\"es\"},{\"@type\":\"Organization\",\"@id\":\"https:\/\/taxialicante.eu\/#organization\",\"name\":\"Taxi Alicante\",\"url\":\"https:\/\/taxialicante.eu\/\",\"logo\":{\"@type\":\"ImageObject\",\"inLanguage\":\"es\",\"@id\":\"https:\/\/taxialicante.eu\/#\/schema\/logo\/image\/\",\"url\":\"https:\/\/taxialicante.eu\/wp-content\/uploads\/2017\/02\/logo-red-1.png\",\"contentUrl\":\"https:\/\/taxialicante.eu\/wp-content\/uploads\/2017\/02\/logo-red-1.png\",\"width\":350,\"height\":84,\"caption\":\"Taxi Alicante\"},\"image\":{\"@id\":\"https:\/\/taxialicante.eu\/#\/schema\/logo\/image\/\"},\"sameAs\":[\"https:\/\/www.facebook.com\/taxialicantevalencia\/?fref=ts\"]}]}<\/script>\n<!-- \/ Yoast SEO plugin. -->","yoast_head_json":{"title":"Traslado Taxi Alicante en la Costa Blanca, transfer aeropuerto barato","description":"\u00bfNecesita un traslado individual, en familia o con amigos? Le ofrecemos siempre el servicio de taxi m\u00e1s seguro, eficiente y al mejor precio.","robots":{"index":"index","follow":"follow","max-snippet":"max-snippet:-1","max-image-preview":"max-image-preview:large","max-video-preview":"max-video-preview:-1"},"og_locale":"es_ES","og_type":"article","og_title":"Traslado Taxi Alicante en la Costa Blanca, transfer aeropuerto barato","og_description":"\u00bfNecesita un traslado individual, en familia o con amigos? Le ofrecemos siempre el servicio de taxi m\u00e1s seguro, eficiente y al mejor precio.","og_url":"https:\/\/taxialicante.eu\/es\/traslado-transfer-aeropuerto-barato\/","og_site_name":"Taxi Alicante","article_publisher":"https:\/\/www.facebook.com\/taxialicantevalencia\/?fref=ts","article_modified_time":"2021-04-05T15:13:21+00:00","twitter_card":"summary_large_image","twitter_misc":{"Est. reading time":"3 minutes"},"schema":{"@context":"https:\/\/schema.org","@graph":[{"@type":"WebPage","@id":"https:\/\/taxialicante.eu\/es\/traslado-transfer-aeropuerto-barato\/","url":"https:\/\/taxialicante.eu\/es\/traslado-transfer-aeropuerto-barato\/","name":"Traslado Taxi Alicante en la Costa Blanca, transfer aeropuerto barato","isPartOf":{"@id":"https:\/\/taxialicante.eu\/#website"},"datePublished":"2016-09-17T04:58:41+00:00","dateModified":"2021-04-05T15:13:21+00:00","description":"\u00bfNecesita un traslado individual, en familia o con amigos? Le ofrecemos siempre el servicio de taxi m\u00e1s seguro, eficiente y al mejor precio.","breadcrumb":{"@id":"https:\/\/taxialicante.eu\/es\/traslado-transfer-aeropuerto-barato\/#breadcrumb"},"inLanguage":"es","potentialAction":[{"@type":"ReadAction","target":["https:\/\/taxialicante.eu\/es\/traslado-transfer-aeropuerto-barato\/"]}]},{"@type":"BreadcrumbList","@id":"https:\/\/taxialicante.eu\/es\/traslado-transfer-aeropuerto-barato\/#breadcrumb","itemListElement":[{"@type":"ListItem","position":1,"name":"Home","item":"https:\/\/taxialicante.eu\/es\/"},{"@type":"ListItem","position":2,"name":"Servicios"}]},{"@type":"WebSite","@id":"https:\/\/taxialicante.eu\/#website","url":"https:\/\/taxialicante.eu\/","name":"Taxi Alicante","description":"25 jaar ervaring in luchthavenvervoer","publisher":{"@id":"https:\/\/taxialicante.eu\/#organization"},"potentialAction":[{"@type":"SearchAction","target":{"@type":"EntryPoint","urlTemplate":"https:\/\/taxialicante.eu\/?s={search_term_string}"},"query-input":{"@type":"PropertyValueSpecification","valueRequired":true,"valueName":"search_term_string"}}],"inLanguage":"es"},{"@type":"Organization","@id":"https:\/\/taxialicante.eu\/#organization","name":"Taxi Alicante","url":"https:\/\/taxialicante.eu\/","logo":{"@type":"ImageObject","inLanguage":"es","@id":"https:\/\/taxialicante.eu\/#\/schema\/logo\/image\/","url":"https:\/\/taxialicante.eu\/wp-content\/uploads\/2017\/02\/logo-red-1.png","contentUrl":"https:\/\/taxialicante.eu\/wp-content\/uploads\/2017\/02\/logo-red-1.png","width":350,"height":84,"caption":"Taxi Alicante"},"image":{"@id":"https:\/\/taxialicante.eu\/#\/schema\/logo\/image\/"},"sameAs":["https:\/\/www.facebook.com\/taxialicantevalencia\/?fref=ts"]}]}},"_links":{"self":[{"href":"https:\/\/taxialicante.eu\/es\/wp-json\/wp\/v2\/pages\/1624","targetHints":{"allow":["GET"]}}],"collection":[{"href":"https:\/\/taxialicante.eu\/es\/wp-json\/wp\/v2\/pages"}],"about":[{"href":"https:\/\/taxialicante.eu\/es\/wp-json\/wp\/v2\/types\/page"}],"author":[{"embeddable":true,"href":"https:\/\/taxialicante.eu\/es\/wp-json\/wp\/v2\/users\/1"}],"replies":[{"embeddable":true,"href":"https:\/\/taxialicante.eu\/es\/wp-json\/wp\/v2\/comments?post=1624"}],"version-history":[{"count":8,"href":"https:\/\/taxialicante.eu\/es\/wp-json\/wp\/v2\/pages\/1624\/revisions"}],"predecessor-version":[{"id":5301,"href":"https:\/\/taxialicante.eu\/es\/wp-json\/wp\/v2\/pages\/1624\/revisions\/5301"}],"wp:attachment":[{"href":"https:\/\/taxialicante.eu\/es\/wp-json\/wp\/v2\/media?parent=1624"}],"curies":[{"name":"wp","href":"https:\/\/api.w.org\/{rel}","templated":true}]}}