{"id":1626,"date":"2016-09-08T16:14:24","date_gmt":"2016-09-08T14:14:24","guid":{"rendered":"http:\/\/www.bartvandekerckhove.be\/?page_id=1626"},"modified":"2024-04-30T20:30:26","modified_gmt":"2024-04-30T18:30:26","slug":"servicio-de-traslados-aeropuerto-preguntas","status":"publish","type":"page","link":"https:\/\/taxialicante.eu\/es\/servicio-de-traslados-aeropuerto-preguntas\/","title":{"rendered":"Preguntas Frecuentes"},"content":{"rendered":"<section class=\"wpb-content-wrapper\"><p>[vc_row css=&#8221;.vc_custom_1487103403488{margin-top: -15px !important;}&#8221;][vc_column][vc_column_text][rev_slider_vc alias=&#8221;slider-faqs&#8221;][\/vc_column_text][\/vc_column][\/vc_row][vc_row css=&#8221;.vc_custom_1486722061065{margin-bottom: -50px !important;}&#8221;][vc_column][vc_column_text]Con frecuencia recibimos preguntas y dudas acerca de nuestro servicio de traslados hacia y desde aeropuertos. En la mayor\u00eda de los casos, se trata de dudas acerca de retrasos del vuelo, equipaje admitido, etc. Por tanto, en esta secci\u00f3n, le damos las respuestas a las preguntas m\u00e1s frecuentes. Si quiere informaci\u00f3n m\u00e1s espec\u00edfica, cont\u00e1ctenos sin compromiso.[\/vc_column_text][\/vc_column][\/vc_row][vc_row css=&#8221;.vc_custom_1486982197246{margin-top: 56px !important;margin-bottom: 10px !important;}&#8221;][vc_column width=&#8221;1\/2&#8243;][vc_custom_heading text=&#8221;<b>1.<\/b>\u00bfC\u00f3mo me recoger\u00e1n y me esperar\u00e1n en el aeropuerto?&#8221; font_container=&#8221;tag:h2|font_size:16|text_align:left|line_height:1&#8243; use_theme_fonts=&#8221;yes&#8221; show_box_icon=&#8221;&#8221; font_weight=&#8221;600&#8243; text_transform=&#8221;none&#8221; el_class=&#8221;heading-letter&#8221;][vc_column_text css=&#8221;.vc_custom_1491121570268{margin-top: 20px !important;}&#8221;]El conductor de <strong><a style=\"color: #e62d38;\" href=\"https:\/\/taxialicante.eu\/es\/\">Taxi Alicante<\/a><\/strong>\u00a0le esperar\u00e1 en la sala de llegada con un cartel con su nombre. Es aconsejable encender su tel\u00e9fono m\u00f3vil justo despu\u00e9s del atterizaje, para que el conductor pueda contactarle en caso de necesidad.[\/vc_column_text][\/vc_column][vc_column width=&#8221;1\/2&#8243;][vc_custom_heading text=&#8221;<b>2.<\/b>\u00bfPuedo solicitar que se recojan m\u00e1s personas durante el viaje a mi destino?&#8221; font_container=&#8221;tag:h2|font_size:16|text_align:left|line_height:1&#8243; use_theme_fonts=&#8221;yes&#8221; show_box_icon=&#8221;&#8221; font_weight=&#8221;600&#8243; text_transform=&#8221;none&#8221; el_class=&#8221;heading-letter&#8221;][vc_column_text css=&#8221;.vc_custom_1491121582603{margin-top: 20px !important;}&#8221;]S\u00ed, ofrecemos ese sevicio. Sin embargo, es necesario indicarlo en su <strong><a style=\"color: #e62d38;\" href=\"https:\/\/taxialicante.eu\/es\/presupuesto-transfer-aeropuerto\/\">solicitud de presupuesto<\/a><\/strong> como \u201ctraslado de grupo\u201d. Buscaremos siempre la mejor opci\u00f3n para sus necesidades en <strong><a style=\"color: #e62d38;\" href=\"https:\/\/taxialicante.eu\/es\/transfer-aeropuerto-alicante-valencia\/\">transfer aeropuerto<\/a><\/strong>.[\/vc_column_text][\/vc_column][\/vc_row][vc_row css=&#8221;.vc_custom_1486982584036{margin-top: 10px !important;margin-bottom: 10px !important;}&#8221;][vc_column width=&#8221;1\/2&#8243;][vc_custom_heading text=&#8221;<b>3.<\/b>\u00bfQu\u00e9 debo hacer si modifican las horas de salida y\/o llegada de mi vuelo?&#8221; font_container=&#8221;tag:h2|font_size:16|text_align:left|line_height:1&#8243; use_theme_fonts=&#8221;yes&#8221; show_box_icon=&#8221;&#8221; font_weight=&#8221;600&#8243; text_transform=&#8221;none&#8221; el_class=&#8221;heading-letter&#8221;][vc_column_text css=&#8221;.vc_custom_1486982315834{margin-top: 20px !important;}&#8221;]Las horas de salida y llegada nunca son 100% correctos. En caso de modificaciones importantes, es aconsejable avisarnos a la mayor brevedad posible.[\/vc_column_text][\/vc_column][vc_column width=&#8221;1\/2&#8243;][vc_custom_heading text=&#8221;<b>4.<\/b>Se ha retrasado la hora de llegada. \u00bfQu\u00e9 debo hacer?&#8221; font_container=&#8221;tag:h2|font_size:16|text_align:left|line_height:1&#8243; use_theme_fonts=&#8221;yes&#8221; show_box_icon=&#8221;&#8221; font_weight=&#8221;600&#8243; text_transform=&#8221;none&#8221; el_class=&#8221;heading-letter&#8221;][vc_column_text css=&#8221;.vc_custom_1486982322381{margin-top: 20px !important;}&#8221;]Si su vuelo tiene un retraso de m\u00e1s de 45 minutos para su llegada a Alicante o Valencia, av\u00edsanos por tel\u00e9fono (no env\u00ede SMS o Whatsapp, por favor).[\/vc_column_text][\/vc_column][\/vc_row][vc_row css=&#8221;.vc_custom_1486982589265{margin-top: 10px !important;margin-bottom: 10px !important;}&#8221;][vc_column width=&#8221;1\/2&#8243;][vc_custom_heading text=&#8221;<b>5.<\/b>\u00bfQu\u00e9 precios tienen vuestros servicios?&#8221; font_container=&#8221;tag:h2|font_size:16|text_align:left|line_height:1&#8243; use_theme_fonts=&#8221;yes&#8221; show_box_icon=&#8221;&#8221; font_weight=&#8221;600&#8243; text_transform=&#8221;none&#8221; el_class=&#8221;heading-letter&#8221;][vc_column_text css=&#8221;.vc_custom_1491121595964{margin-top: 20px !important;}&#8221;]En la p\u00e1gina de <strong><a style=\"color: #e62d38;\" href=\"https:\/\/taxialicante.eu\/es\/tarifas-barato-traslado-aeropuerto\/\">Tarifas<\/a><\/strong> podr\u00e1 encontrar los precios por trayecto. Si tiene una necesidad de traslado concreta o dudas, <strong><a style=\"color: #e62d38;\" href=\"https:\/\/taxialicante.eu\/es\/traslado-barato-transfer-aeropuerto\/\">cont\u00e1ctenos<\/a><\/strong> sin compromiso.[\/vc_column_text][\/vc_column][vc_column width=&#8221;1\/2&#8243;][vc_custom_heading text=&#8221;<b>6.<\/b>\u00bfQu\u00e9 m\u00e9todo de pago puedo utilizar?&#8221; font_container=&#8221;tag:h2|font_size:16|text_align:left|line_height:1&#8243; use_theme_fonts=&#8221;yes&#8221; show_box_icon=&#8221;&#8221; font_weight=&#8221;600&#8243; text_transform=&#8221;none&#8221; el_class=&#8221;heading-letter&#8221;][vc_column_text css=&#8221;.vc_custom_1714501824265{margin-top: 20px !important;}&#8221;]Puede pagar con antelaci\u00f3n mediante una transferencia bancaria a la cuenta IBAN ES82 3045 2662 4027 2001 0013 &#8211; B.I.C.: CCRIES2A045. Puedes reservar y pagar online mediante tarjeta de cr\u00e9dito en nuestra web www.taxialicante.eu.[\/vc_column_text][\/vc_column][\/vc_row][vc_row css=&#8221;.vc_custom_1486982594770{margin-top: 10px !important;margin-bottom: 10px !important;}&#8221;][vc_column width=&#8221;1\/2&#8243;][vc_custom_heading text=&#8221;<b>7.<\/b>\u00bfCu\u00e1ndo y c\u00f3mo puedo anular una reserva?&#8221; font_container=&#8221;tag:h2|font_size:16|text_align:left|line_height:1&#8243; use_theme_fonts=&#8221;yes&#8221; show_box_icon=&#8221;&#8221; font_weight=&#8221;600&#8243; text_transform=&#8221;none&#8221; el_class=&#8221;heading-letter&#8221;][vc_column_text css=&#8221;.vc_custom_1486982340828{margin-top: 20px !important;}&#8221;]Aceptamos anulaciones por razones urgentes hasta 24 horas antes del inicio del traslado. Si la anulaci\u00f3n se avisa con menos de 24 horas de antelaci\u00f3n, deber\u00e1 abonar el importe completo acordado.[\/vc_column_text][\/vc_column][vc_column width=&#8221;1\/2&#8243;][vc_custom_heading text=&#8221;<b>8.<\/b>\u00bfTen\u00e9is una tarifa diferente para servicios nocturnos?&#8221; font_container=&#8221;tag:h2|font_size:16|text_align:left|line_height:1&#8243; use_theme_fonts=&#8221;yes&#8221; show_box_icon=&#8221;&#8221; font_weight=&#8221;600&#8243; text_transform=&#8221;none&#8221; el_class=&#8221;heading-letter&#8221;][vc_column_text css=&#8221;.vc_custom_1491121605108{margin-top: 20px !important;}&#8221;]S\u00ed. Aplicamos una tarifa nocturna entre las 22:00h y las 06:00h. Esta tarifa implica un importe adicional de 10,00 (diez) euros sobre las <strong><a style=\"color: #e62d38;\" href=\"https:\/\/taxialicante.eu\/es\/tarifas-barato-traslado-aeropuerto\/\">tarifas<\/a><\/strong> normales.[\/vc_column_text][\/vc_column][\/vc_row][vc_row css=&#8221;.vc_custom_1486982627753{margin-top: 20px !important;}&#8221;][vc_column][vc_custom_heading text=&#8221;\u00bfTiene m\u00e1s dudas?&#8221; font_container=&#8221;tag:h2|font_size:20|text_align:left|line_height:1&#8243; use_theme_fonts=&#8221;yes&#8221; show_box_icon=&#8221;yes&#8221; font_weight=&#8221;700&#8243; text_transform=&#8221;none&#8221;][vc_tta_accordion c_position=&#8221;right&#8221; active_section=&#8221;1&#8243; el_class=&#8221;accordion-dark&#8221; css=&#8221;.vc_custom_1473357285041{margin-top: 35px !important;}&#8221;][vc_tta_section title=&#8221;\u00bfNi\u00f1os menos de 4 a\u00f1os?&#8221; tab_id=&#8221;1473098956105-f6dbc580-eeb9&#8243;][vc_column_text]<\/p>\n<div><img loading=\"lazy\" decoding=\"async\" class=\"float-left alignnone wp-image-760 size-full\" title=\"luchthavenvervoer kinderen\" src=\"https:\/\/taxialicante.eu\/wp-content\/uploads\/2016\/09\/faqs1-1.jpg\" alt=\"luchthavenvervoer kinderen\" width=\"130\" height=\"100\" \/><\/div>\n<div class=\"margin-left-150\">Para asegurarles la mayor seguridad durante el viaje y cumplir con las regulaciones legales en la Costa Blanca, Taxi Alicante traslada siempre a ni\u00f1os menores de 4 a\u00f1os en un alzador o sillita de coche, que ponemos a su disposici\u00f3n sin coste adicional. Es necesario indicar la necesidad de un alzador o sillita en la solicitud de reserva.<\/div>\n<p>[\/vc_column_text][\/vc_tta_section][vc_tta_section title=&#8221;\u00bfSillas de ruedas, bicicletas, bolsas de golf, masotas, etc. ?&#8221; tab_id=&#8221;1473098956169-46a6ac8d-a36a&#8221;][vc_column_text]<\/p>\n<div><img loading=\"lazy\" decoding=\"async\" class=\"float-left alignnone wp-image-760 size-full\" title=\"luchthaven transfer baggage\" src=\"https:\/\/taxialicante.eu\/wp-content\/uploads\/2017\/02\/faqs2-1.jpg\" alt=\"luchthaven transfer baggage\" width=\"130\" height=\"100\" \/><\/div>\n<div class=\"margin-left-150\">Si necesita un traslado con silla de ruedas, bolsa de golf, bicicletas u otro tipo de equipaje de tama\u00f1o considerable, le rogamos que nos lo indique con antelaci\u00f3n. En la mayor\u00eda de los casos, se aplican las condiciones y el precio est\u00e1ndar del servicio correspondiente, pero pueden haber excepciones. Por tanto, cont\u00e1ctenos para el precio final. Por su seguridad, preferimos que sus mascotas viajen en un transport\u00edn espec\u00edfico para mascotas. No disponemos de transportines.<\/div>\n<p>[\/vc_column_text][\/vc_tta_section][vc_tta_section title=&#8221;\u00bfTiempo que esperan nuestros conductores en el aeropuerto?&#8221; tab_id=&#8221;1473099021379-9163903b-bdad&#8221;][vc_column_text]<\/p>\n<div><img loading=\"lazy\" decoding=\"async\" class=\"float-left alignnone wp-image-760 size-full\" title=\"wachttijd chauffeur luchthaven transfer\" src=\"https:\/\/taxialicante.eu\/wp-content\/uploads\/2016\/09\/faqs3-1.jpg\" alt=\"wachttijd chauffeur luchthavenvervoer\" width=\"130\" height=\"100\" \/><\/div>\n<div class=\"margin-left-150\">El tiempo de espera incluido en el precio fijado es de una (1) hora contando desde la llegada de su avi\u00f3n. Despu\u00e9s, se a\u00f1adir\u00e1 un importe de 20,00 (veinte) euros al precio completo del traslado. <strong><a style=\"color: #e62d38;\" href=\"https:\/\/taxialicante.eu\/es\/traslado-barato-transfer-aeropuerto\/\">Cont\u00e1ctenos<\/a><\/strong> en casa de retrasos de su vuelo u otros problemas para m\u00e1s informaci\u00f3n.<\/div>\n<p>[\/vc_column_text][\/vc_tta_section][\/vc_tta_accordion][\/vc_column][\/vc_row]<\/p>\n<\/section>","protected":false},"excerpt":{"rendered":"<p>[vc_row css=&#8221;.vc_custom_1487103403488{margin-top: -15px !important;}&#8221;][vc_column][vc_column_text][rev_slider_vc alias=&#8221;slider-faqs&#8221;][\/vc_column_text][\/vc_column][\/vc_row][vc_row css=&#8221;.vc_custom_1486722061065{margin-bottom: -50px !important;}&#8221;][vc_column][vc_column_text]Con frecuencia recibimos preguntas y dudas acerca de nuestro servicio de traslados hacia y desde aeropuertos. En la mayor\u00eda de los casos, se trata de dudas acerca de retrasos del vuelo, equipaje admitido, etc. Por tanto, en esta secci\u00f3n, le damos las respuestas a las preguntas m\u00e1s frecuentes. Si quiere informaci\u00f3n m\u00e1s espec\u00edfica, cont\u00e1ctenos sin compromiso.[\/vc_column_text][\/vc_column][\/vc_row][vc_row css=&#8221;.vc_custom_1486982197246{margin-top: 56px !important;margin-bottom: 10px !important;}&#8221;][vc_column width=&#8221;1\/2&#8243;][vc_custom_heading text=&#8221;1.\u00bfC\u00f3mo me recoger\u00e1n y me esperar\u00e1n en el aeropuerto?&#8221; font_container=&#8221;tag:h2|font_size:16|text_align:left|line_height:1&#8243; use_theme_fonts=&#8221;yes&#8221; show_box_icon=&#8221;&#8221; font_weight=&#8221;600&#8243; text_transform=&#8221;none&#8221; el_class=&#8221;heading-letter&#8221;][vc_column_text css=&#8221;.vc_custom_1491121570268{margin-top: 20px !important;}&#8221;]El conductor de Taxi Alicante\u00a0le esperar\u00e1 en la sala de llegada con un cartel con su nombre. Es aconsejable encender su tel\u00e9fono m\u00f3vil justo despu\u00e9s del atterizaje, para que el conductor pueda contactarle en caso de necesidad.[\/vc_column_text][\/vc_column][vc_column width=&#8221;1\/2&#8243;][vc_custom_heading text=&#8221;2.\u00bfPuedo solicitar que se recojan m\u00e1s personas durante el viaje a mi destino?&#8221; font_container=&#8221;tag:h2|font_size:16|text_align:left|line_height:1&#8243; use_theme_fonts=&#8221;yes&#8221; show_box_icon=&#8221;&#8221; font_weight=&#8221;600&#8243; text_transform=&#8221;none&#8221; el_class=&#8221;heading-letter&#8221;][vc_column_text css=&#8221;.vc_custom_1491121582603{margin-top: 20px !important;}&#8221;]S\u00ed, ofrecemos ese sevicio. Sin embargo, es necesario indicarlo en su solicitud de presupuesto como \u201ctraslado de grupo\u201d. Buscaremos siempre la mejor opci\u00f3n para sus necesidades en transfer aeropuerto.[\/vc_column_text][\/vc_column][\/vc_row][vc_row css=&#8221;.vc_custom_1486982584036{margin-top: 10px !important;margin-bottom: 10px !important;}&#8221;][vc_column width=&#8221;1\/2&#8243;][vc_custom_heading text=&#8221;3.\u00bfQu\u00e9 debo hacer si modifican las horas de salida y\/o llegada de mi vuelo?&#8221; font_container=&#8221;tag:h2|font_size:16|text_align:left|line_height:1&#8243; use_theme_fonts=&#8221;yes&#8221; show_box_icon=&#8221;&#8221; font_weight=&#8221;600&#8243; text_transform=&#8221;none&#8221; el_class=&#8221;heading-letter&#8221;][vc_column_text [&hellip;]<\/p>\n","protected":false},"author":1,"featured_media":0,"parent":0,"menu_order":0,"comment_status":"closed","ping_status":"closed","template":"","meta":{"footnotes":""},"class_list":["post-1626","page","type-page","status-publish","hentry"],"yoast_head":"<!-- This site is optimized with the Yoast SEO plugin v26.5 - https:\/\/yoast.com\/wordpress\/plugins\/seo\/ -->\n<title>Servicio de traslados hacia o desde el aeropuerto. Preguntas frecuentes<\/title>\n<meta name=\"description\" content=\"En Taxi Alicante recibimos con frecuencia preguntas acerca de nuestro servicio de traslados hacia o desde aeropuertos. Podr\u00e1 encontrar las respuestas aqu\u00ed.\" \/>\n<meta name=\"robots\" content=\"index, follow, max-snippet:-1, max-image-preview:large, max-video-preview:-1\" \/>\n<meta property=\"og:locale\" content=\"es_ES\" \/>\n<meta property=\"og:type\" content=\"article\" \/>\n<meta property=\"og:title\" content=\"Servicio de traslados hacia o desde el aeropuerto. Preguntas frecuentes\" \/>\n<meta property=\"og:description\" content=\"En Taxi Alicante recibimos con frecuencia preguntas acerca de nuestro servicio de traslados hacia o desde aeropuertos. Podr\u00e1 encontrar las respuestas aqu\u00ed.\" \/>\n<meta property=\"og:url\" content=\"https:\/\/taxialicante.eu\/es\/servicio-de-traslados-aeropuerto-preguntas\/\" \/>\n<meta property=\"og:site_name\" content=\"Taxi Alicante\" \/>\n<meta property=\"article:publisher\" content=\"https:\/\/www.facebook.com\/taxialicantevalencia\/?fref=ts\" \/>\n<meta property=\"article:modified_time\" content=\"2024-04-30T18:30:26+00:00\" \/>\n<meta property=\"og:image\" content=\"https:\/\/taxialicante.eu\/wp-content\/uploads\/2016\/09\/faqs1-1.jpg\" \/>\n<meta name=\"twitter:card\" content=\"summary_large_image\" \/>\n<meta name=\"twitter:label1\" content=\"Est. reading time\" \/>\n\t<meta name=\"twitter:data1\" content=\"5 minutes\" \/>\n<script type=\"application\/ld+json\" class=\"yoast-schema-graph\">{\"@context\":\"https:\/\/schema.org\",\"@graph\":[{\"@type\":\"WebPage\",\"@id\":\"https:\/\/taxialicante.eu\/es\/servicio-de-traslados-aeropuerto-preguntas\/\",\"url\":\"https:\/\/taxialicante.eu\/es\/servicio-de-traslados-aeropuerto-preguntas\/\",\"name\":\"Servicio de traslados hacia o desde el aeropuerto. Preguntas frecuentes\",\"isPartOf\":{\"@id\":\"https:\/\/taxialicante.eu\/#website\"},\"primaryImageOfPage\":{\"@id\":\"https:\/\/taxialicante.eu\/es\/servicio-de-traslados-aeropuerto-preguntas\/#primaryimage\"},\"image\":{\"@id\":\"https:\/\/taxialicante.eu\/es\/servicio-de-traslados-aeropuerto-preguntas\/#primaryimage\"},\"thumbnailUrl\":\"https:\/\/taxialicante.eu\/wp-content\/uploads\/2016\/09\/faqs1-1.jpg\",\"datePublished\":\"2016-09-08T14:14:24+00:00\",\"dateModified\":\"2024-04-30T18:30:26+00:00\",\"description\":\"En Taxi Alicante recibimos con frecuencia preguntas acerca de nuestro servicio de traslados hacia o desde aeropuertos. Podr\u00e1 encontrar las respuestas aqu\u00ed.\",\"breadcrumb\":{\"@id\":\"https:\/\/taxialicante.eu\/es\/servicio-de-traslados-aeropuerto-preguntas\/#breadcrumb\"},\"inLanguage\":\"es\",\"potentialAction\":[{\"@type\":\"ReadAction\",\"target\":[\"https:\/\/taxialicante.eu\/es\/servicio-de-traslados-aeropuerto-preguntas\/\"]}]},{\"@type\":\"ImageObject\",\"inLanguage\":\"es\",\"@id\":\"https:\/\/taxialicante.eu\/es\/servicio-de-traslados-aeropuerto-preguntas\/#primaryimage\",\"url\":\"https:\/\/taxialicante.eu\/wp-content\/uploads\/2016\/09\/faqs1-1.jpg\",\"contentUrl\":\"https:\/\/taxialicante.eu\/wp-content\/uploads\/2016\/09\/faqs1-1.jpg\"},{\"@type\":\"BreadcrumbList\",\"@id\":\"https:\/\/taxialicante.eu\/es\/servicio-de-traslados-aeropuerto-preguntas\/#breadcrumb\",\"itemListElement\":[{\"@type\":\"ListItem\",\"position\":1,\"name\":\"Home\",\"item\":\"https:\/\/taxialicante.eu\/es\/\"},{\"@type\":\"ListItem\",\"position\":2,\"name\":\"Preguntas Frecuentes\"}]},{\"@type\":\"WebSite\",\"@id\":\"https:\/\/taxialicante.eu\/#website\",\"url\":\"https:\/\/taxialicante.eu\/\",\"name\":\"Taxi Alicante\",\"description\":\"25 jaar ervaring in luchthavenvervoer\",\"publisher\":{\"@id\":\"https:\/\/taxialicante.eu\/#organization\"},\"potentialAction\":[{\"@type\":\"SearchAction\",\"target\":{\"@type\":\"EntryPoint\",\"urlTemplate\":\"https:\/\/taxialicante.eu\/?s={search_term_string}\"},\"query-input\":{\"@type\":\"PropertyValueSpecification\",\"valueRequired\":true,\"valueName\":\"search_term_string\"}}],\"inLanguage\":\"es\"},{\"@type\":\"Organization\",\"@id\":\"https:\/\/taxialicante.eu\/#organization\",\"name\":\"Taxi Alicante\",\"url\":\"https:\/\/taxialicante.eu\/\",\"logo\":{\"@type\":\"ImageObject\",\"inLanguage\":\"es\",\"@id\":\"https:\/\/taxialicante.eu\/#\/schema\/logo\/image\/\",\"url\":\"https:\/\/taxialicante.eu\/wp-content\/uploads\/2017\/02\/logo-red-1.png\",\"contentUrl\":\"https:\/\/taxialicante.eu\/wp-content\/uploads\/2017\/02\/logo-red-1.png\",\"width\":350,\"height\":84,\"caption\":\"Taxi Alicante\"},\"image\":{\"@id\":\"https:\/\/taxialicante.eu\/#\/schema\/logo\/image\/\"},\"sameAs\":[\"https:\/\/www.facebook.com\/taxialicantevalencia\/?fref=ts\"]}]}<\/script>\n<!-- \/ Yoast SEO plugin. -->","yoast_head_json":{"title":"Servicio de traslados hacia o desde el aeropuerto. Preguntas frecuentes","description":"En Taxi Alicante recibimos con frecuencia preguntas acerca de nuestro servicio de traslados hacia o desde aeropuertos. Podr\u00e1 encontrar las respuestas aqu\u00ed.","robots":{"index":"index","follow":"follow","max-snippet":"max-snippet:-1","max-image-preview":"max-image-preview:large","max-video-preview":"max-video-preview:-1"},"og_locale":"es_ES","og_type":"article","og_title":"Servicio de traslados hacia o desde el aeropuerto. Preguntas frecuentes","og_description":"En Taxi Alicante recibimos con frecuencia preguntas acerca de nuestro servicio de traslados hacia o desde aeropuertos. Podr\u00e1 encontrar las respuestas aqu\u00ed.","og_url":"https:\/\/taxialicante.eu\/es\/servicio-de-traslados-aeropuerto-preguntas\/","og_site_name":"Taxi Alicante","article_publisher":"https:\/\/www.facebook.com\/taxialicantevalencia\/?fref=ts","article_modified_time":"2024-04-30T18:30:26+00:00","og_image":[{"url":"https:\/\/taxialicante.eu\/wp-content\/uploads\/2016\/09\/faqs1-1.jpg","type":"","width":"","height":""}],"twitter_card":"summary_large_image","twitter_misc":{"Est. reading time":"5 minutes"},"schema":{"@context":"https:\/\/schema.org","@graph":[{"@type":"WebPage","@id":"https:\/\/taxialicante.eu\/es\/servicio-de-traslados-aeropuerto-preguntas\/","url":"https:\/\/taxialicante.eu\/es\/servicio-de-traslados-aeropuerto-preguntas\/","name":"Servicio de traslados hacia o desde el aeropuerto. Preguntas frecuentes","isPartOf":{"@id":"https:\/\/taxialicante.eu\/#website"},"primaryImageOfPage":{"@id":"https:\/\/taxialicante.eu\/es\/servicio-de-traslados-aeropuerto-preguntas\/#primaryimage"},"image":{"@id":"https:\/\/taxialicante.eu\/es\/servicio-de-traslados-aeropuerto-preguntas\/#primaryimage"},"thumbnailUrl":"https:\/\/taxialicante.eu\/wp-content\/uploads\/2016\/09\/faqs1-1.jpg","datePublished":"2016-09-08T14:14:24+00:00","dateModified":"2024-04-30T18:30:26+00:00","description":"En Taxi Alicante recibimos con frecuencia preguntas acerca de nuestro servicio de traslados hacia o desde aeropuertos. Podr\u00e1 encontrar las respuestas aqu\u00ed.","breadcrumb":{"@id":"https:\/\/taxialicante.eu\/es\/servicio-de-traslados-aeropuerto-preguntas\/#breadcrumb"},"inLanguage":"es","potentialAction":[{"@type":"ReadAction","target":["https:\/\/taxialicante.eu\/es\/servicio-de-traslados-aeropuerto-preguntas\/"]}]},{"@type":"ImageObject","inLanguage":"es","@id":"https:\/\/taxialicante.eu\/es\/servicio-de-traslados-aeropuerto-preguntas\/#primaryimage","url":"https:\/\/taxialicante.eu\/wp-content\/uploads\/2016\/09\/faqs1-1.jpg","contentUrl":"https:\/\/taxialicante.eu\/wp-content\/uploads\/2016\/09\/faqs1-1.jpg"},{"@type":"BreadcrumbList","@id":"https:\/\/taxialicante.eu\/es\/servicio-de-traslados-aeropuerto-preguntas\/#breadcrumb","itemListElement":[{"@type":"ListItem","position":1,"name":"Home","item":"https:\/\/taxialicante.eu\/es\/"},{"@type":"ListItem","position":2,"name":"Preguntas Frecuentes"}]},{"@type":"WebSite","@id":"https:\/\/taxialicante.eu\/#website","url":"https:\/\/taxialicante.eu\/","name":"Taxi Alicante","description":"25 jaar ervaring in luchthavenvervoer","publisher":{"@id":"https:\/\/taxialicante.eu\/#organization"},"potentialAction":[{"@type":"SearchAction","target":{"@type":"EntryPoint","urlTemplate":"https:\/\/taxialicante.eu\/?s={search_term_string}"},"query-input":{"@type":"PropertyValueSpecification","valueRequired":true,"valueName":"search_term_string"}}],"inLanguage":"es"},{"@type":"Organization","@id":"https:\/\/taxialicante.eu\/#organization","name":"Taxi Alicante","url":"https:\/\/taxialicante.eu\/","logo":{"@type":"ImageObject","inLanguage":"es","@id":"https:\/\/taxialicante.eu\/#\/schema\/logo\/image\/","url":"https:\/\/taxialicante.eu\/wp-content\/uploads\/2017\/02\/logo-red-1.png","contentUrl":"https:\/\/taxialicante.eu\/wp-content\/uploads\/2017\/02\/logo-red-1.png","width":350,"height":84,"caption":"Taxi Alicante"},"image":{"@id":"https:\/\/taxialicante.eu\/#\/schema\/logo\/image\/"},"sameAs":["https:\/\/www.facebook.com\/taxialicantevalencia\/?fref=ts"]}]}},"_links":{"self":[{"href":"https:\/\/taxialicante.eu\/es\/wp-json\/wp\/v2\/pages\/1626","targetHints":{"allow":["GET"]}}],"collection":[{"href":"https:\/\/taxialicante.eu\/es\/wp-json\/wp\/v2\/pages"}],"about":[{"href":"https:\/\/taxialicante.eu\/es\/wp-json\/wp\/v2\/types\/page"}],"author":[{"embeddable":true,"href":"https:\/\/taxialicante.eu\/es\/wp-json\/wp\/v2\/users\/1"}],"replies":[{"embeddable":true,"href":"https:\/\/taxialicante.eu\/es\/wp-json\/wp\/v2\/comments?post=1626"}],"version-history":[{"count":4,"href":"https:\/\/taxialicante.eu\/es\/wp-json\/wp\/v2\/pages\/1626\/revisions"}],"predecessor-version":[{"id":6722,"href":"https:\/\/taxialicante.eu\/es\/wp-json\/wp\/v2\/pages\/1626\/revisions\/6722"}],"wp:attachment":[{"href":"https:\/\/taxialicante.eu\/es\/wp-json\/wp\/v2\/media?parent=1626"}],"curies":[{"name":"wp","href":"https:\/\/api.w.org\/{rel}","templated":true}]}}