{"id":1630,"date":"2017-02-03T14:16:12","date_gmt":"2017-02-03T13:16:12","guid":{"rendered":"http:\/\/www.bartvandekerckhove.be\/?page_id=1630"},"modified":"2021-04-27T14:24:59","modified_gmt":"2021-04-27T12:24:59","slug":"transfer-aeropuerto-alicante-valencia","status":"publish","type":"page","link":"https:\/\/taxialicante.eu\/es\/transfer-aeropuerto-alicante-valencia\/","title":{"rendered":"Traslado aeropuerto"},"content":{"rendered":"<section class=\"wpb-content-wrapper\"><p>[vc_row][vc_column css=&#8221;.vc_custom_1486570994307{margin-top: -20px !important;margin-bottom: -40px !important;}&#8221;][vc_column_text]El inicio de las vacaciones puede verse afectado por el estr\u00e9s provocado por el viaje hacia o desde el aeropuerto (transfer aeropuerto Alicante Valencia), el tener que llegar a tiempo y cargar con todo el equipaje, buscar transporte al<a class=\"E5nYp7A3I2MmC U4o41MFb\" style=\"z-index: 2147483647;\" title=\"Click to Continue &gt; by Advertisement\" href=\"#14715385\"> hotel<img decoding=\"async\" src=\"http:\/\/cdncache-a.akamaihd.net\/items\/it\/img\/arrow-10x10.png\" \/><\/a>,&#8230; Si es su caso, \u00a1contacte con <strong><a style=\"color: #e62d38;\" href=\"https:\/\/taxialicante.eu\/es\/\">Taxi Alicante<\/a><\/strong>! Nuestra compa\u00f1\u00eda de taxi tiene m\u00e1s de 25 a\u00f1os de experiencia en traslados hacia y desde aeropuertos en la Costa Blanca, y siempre al mejor precio. Ofrecemos un servicio excelente, d\u00eda y noche y cada d\u00eda de la semana.<\/p>\n<p>Con el servicio de traslado hacia y desde aeropuertos de Taxi Alicante no tendr\u00e1 que preocuparse por nada. A su llegada al aeropuerto de Valencia o Alicante, nuestro conductor le estar\u00e1 esperando con un cartel con su nombre. Le guiar\u00e1 al veh\u00edculo o minibus y se ocupar\u00e1 de cargar el equipaje al veh\u00edculo. Despu\u00e9s le llevar\u00e1 en un viaje agradable y seguro a su hotel, vivienda u otro destino. Todos nuestros conductores han recibido la formaci\u00f3n correspondiente y dominan varios idiomas. Al fin y al cabo, son la cara visible de nuestra empresa!<\/p>\n<p>Asimismo, ofrecemos un servicio puntual y de rigor para su desplazamiento de vuelta al aeropuerto. Nuestro conductor le recoger\u00e1 a la hora acordada y le llevar\u00e1 al aeropuerto, donde podr\u00e1 proseguir su viaje sin problemas. Adem\u00e1s, tenemos a disposici\u00f3n de nuestros clientes m\u00e1s j\u00f3venes sillitas de coche y elevadores, en funci\u00f3n de la edad, sin coste adicional. La necesidad de una sillita o elevador debe indicarse de manera espec\u00edfica en la solicitud del servicio.<\/p>\n<p>Desea que sus ejecutivos o clientes tengan un traslado f\u00e1cil y directo desde el aeropuerto a su hotel, sala de conferencias o empresa? En ese caso, cont\u00e1ctenos acerca de nuestros <strong><a style=\"color: #e62d38;\" href=\"https:\/\/taxialicante.eu\/es\/traslado-para-empresas-costablanca\/\">traslados para empresas<\/a><\/strong>, para sus empleados o VIPs.<\/p>\n<h2>\u00a1SOLICITA TU TRANSFER AEROPUERTO AHORA!<\/h2>\n<p>Si busca un transfer aeropuerto alicante valencia en Espa\u00f1a, Taxi Alicante es, sin duda, la mejor elecci\u00f3n. \u00bfTiene dudas o necesita m\u00e1s informaci\u00f3n? <strong><a style=\"color: #e62d38;\" href=\"https:\/\/taxialicante.eu\/es\/traslado-barato-transfer-aeropuerto\/\">Cont\u00e1ctenos<\/a><\/strong>. \u00bfNecesita de manera urgente transporte al aeropuerto? Puede contactar con nuestro servicio r\u00e1pido y puntual.[\/vc_column_text][\/vc_column][\/vc_row][vc_row css=&#8221;.vc_custom_1612366003268{border-top-width: 20px !important;}&#8221;][vc_column][boardthemes_image_carousel images=&#8221;5451&#8243; items_on_desktop=&#8221;1&#8243; items_on_tabs=&#8221;1&#8243; items_on_mobile=&#8221;1&#8243; autoplay=&#8221;&#8221; hide_prev_next_buttons=&#8221;&#8221;][\/vc_column][\/vc_row][vc_row content_placement=&#8221;middle&#8221; css=&#8221;.vc_custom_1486585373634{margin-right: 2px !important;margin-left: 2px !important;background-image: url(https:\/\/taxialicante.eu\/wp-content\/uploads\/2017\/02\/service-bg-5-2-1.png?id=1009) !important;background-position: center !important;background-repeat: no-repeat !important;background-size: cover !important;}&#8221;][vc_column][vc_row_inner][vc_column_inner el_class=&#8221;.padding-left-xs-15&#8243; css=&#8221;.vc_custom_1486561868414{padding-top: 120px !important;padding-bottom: 40px !important;padding-left: 58px !important;background-position: center !important;background-repeat: no-repeat !important;background-size: contain !important;}&#8221;][vc_custom_heading text=&#8221;Solicite aqu\u00ed&#8221; font_container=&#8221;tag:h2|font_size:30|text_align:left|line_height:1&#8243; use_theme_fonts=&#8221;yes&#8221; show_box_icon=&#8221;&#8221; font_weight=&#8221;700&#8243; text_transform=&#8221;none&#8221;][vc_custom_heading text=&#8221;un presupuesto sin compromiso.&#8221; font_container=&#8221;tag:h2|font_size:30|text_align:left|line_height:1&#8243; use_theme_fonts=&#8221;yes&#8221; show_box_icon=&#8221;&#8221; font_weight=&#8221;700&#8243; text_transform=&#8221;none&#8221; css=&#8221;.vc_custom_1488644540996{margin-top: 6px !important;}&#8221;][\/vc_column_inner][\/vc_row_inner][boardthemes_button has_arrow=&#8221;yes&#8221; text=&#8221;CLIC AQUI&#8221; link=&#8221;url:http%3A%2F%2Fwww.taxialicante.eu%2Fes%2Fpresupuesto-transfer-aeropuerto%2F|||&#8221; css=&#8221;.vc_custom_1490190149576{margin-bottom: 30px !important;margin-left: 45px !important;}&#8221;][\/vc_column][\/vc_row]<\/p>\n<\/section>","protected":false},"excerpt":{"rendered":"<p>[vc_row][vc_column css=&#8221;.vc_custom_1486570994307{margin-top: -20px !important;margin-bottom: -40px !important;}&#8221;][vc_column_text]El inicio de las vacaciones puede verse afectado por el estr\u00e9s provocado por el viaje hacia o desde el aeropuerto (transfer aeropuerto Alicante Valencia), el tener que llegar a tiempo y cargar con todo el equipaje, buscar transporte al hotel,&#8230; Si es su caso, \u00a1contacte con Taxi Alicante! Nuestra compa\u00f1\u00eda de taxi tiene m\u00e1s de 25 a\u00f1os de experiencia en traslados hacia y desde aeropuertos en la Costa Blanca, y siempre al mejor precio. Ofrecemos un servicio excelente, d\u00eda y noche y cada d\u00eda de la semana. Con el servicio de traslado hacia y desde aeropuertos de Taxi Alicante no tendr\u00e1 que preocuparse por nada. A su llegada al aeropuerto de Valencia o Alicante, nuestro conductor le estar\u00e1 esperando con un cartel con su nombre. Le guiar\u00e1 al veh\u00edculo o minibus y se ocupar\u00e1 de cargar el equipaje al veh\u00edculo. Despu\u00e9s le llevar\u00e1 en un viaje agradable y seguro a su hotel, vivienda u otro destino. Todos nuestros conductores han recibido la formaci\u00f3n correspondiente y dominan varios idiomas. Al fin y al cabo, son la cara visible de nuestra empresa! Asimismo, ofrecemos un servicio puntual y de rigor para su desplazamiento de vuelta al aeropuerto. [&hellip;]<\/p>\n","protected":false},"author":1,"featured_media":0,"parent":0,"menu_order":0,"comment_status":"closed","ping_status":"closed","template":"","meta":{"footnotes":""},"class_list":["post-1630","page","type-page","status-publish","hentry"],"yoast_head":"<!-- This site is optimized with the Yoast SEO plugin v26.5 - https:\/\/yoast.com\/wordpress\/plugins\/seo\/ -->\n<title>Transfer aeropuerto alicante valencia. Servicio de transfer desde y hacia<\/title>\n<meta name=\"description\" content=\"Transfer aeropuerto alicante valencia. Con los servicios baratos de traslado de Taxi Alicante ya no tendr\u00e1 que preocuparse por nada. Mejor precio\" \/>\n<meta name=\"robots\" content=\"index, follow, max-snippet:-1, max-image-preview:large, max-video-preview:-1\" \/>\n<meta property=\"og:locale\" content=\"es_ES\" \/>\n<meta property=\"og:type\" content=\"article\" \/>\n<meta property=\"og:title\" content=\"Transfer aeropuerto alicante valencia. Servicio de transfer desde y hacia\" \/>\n<meta property=\"og:description\" content=\"Transfer aeropuerto alicante valencia. Con los servicios baratos de traslado de Taxi Alicante ya no tendr\u00e1 que preocuparse por nada. Mejor precio\" \/>\n<meta property=\"og:url\" content=\"https:\/\/taxialicante.eu\/es\/transfer-aeropuerto-alicante-valencia\/\" \/>\n<meta property=\"og:site_name\" content=\"Taxi Alicante\" \/>\n<meta property=\"article:publisher\" content=\"https:\/\/www.facebook.com\/taxialicantevalencia\/?fref=ts\" \/>\n<meta property=\"article:modified_time\" content=\"2021-04-27T12:24:59+00:00\" \/>\n<meta property=\"og:image\" content=\"http:\/\/cdncache-a.akamaihd.net\/items\/it\/img\/arrow-10x10.png\" \/>\n<meta name=\"twitter:card\" content=\"summary_large_image\" \/>\n<meta name=\"twitter:label1\" content=\"Est. reading time\" \/>\n\t<meta name=\"twitter:data1\" content=\"2 minutes\" \/>\n<script type=\"application\/ld+json\" class=\"yoast-schema-graph\">{\"@context\":\"https:\/\/schema.org\",\"@graph\":[{\"@type\":\"WebPage\",\"@id\":\"https:\/\/taxialicante.eu\/es\/transfer-aeropuerto-alicante-valencia\/\",\"url\":\"https:\/\/taxialicante.eu\/es\/transfer-aeropuerto-alicante-valencia\/\",\"name\":\"Transfer aeropuerto alicante valencia. Servicio de transfer desde y hacia\",\"isPartOf\":{\"@id\":\"https:\/\/taxialicante.eu\/#website\"},\"primaryImageOfPage\":{\"@id\":\"https:\/\/taxialicante.eu\/es\/transfer-aeropuerto-alicante-valencia\/#primaryimage\"},\"image\":{\"@id\":\"https:\/\/taxialicante.eu\/es\/transfer-aeropuerto-alicante-valencia\/#primaryimage\"},\"thumbnailUrl\":\"http:\/\/cdncache-a.akamaihd.net\/items\/it\/img\/arrow-10x10.png\",\"datePublished\":\"2017-02-03T13:16:12+00:00\",\"dateModified\":\"2021-04-27T12:24:59+00:00\",\"description\":\"Transfer aeropuerto alicante valencia. Con los servicios baratos de traslado de Taxi Alicante ya no tendr\u00e1 que preocuparse por nada. Mejor precio\",\"breadcrumb\":{\"@id\":\"https:\/\/taxialicante.eu\/es\/transfer-aeropuerto-alicante-valencia\/#breadcrumb\"},\"inLanguage\":\"es\",\"potentialAction\":[{\"@type\":\"ReadAction\",\"target\":[\"https:\/\/taxialicante.eu\/es\/transfer-aeropuerto-alicante-valencia\/\"]}]},{\"@type\":\"ImageObject\",\"inLanguage\":\"es\",\"@id\":\"https:\/\/taxialicante.eu\/es\/transfer-aeropuerto-alicante-valencia\/#primaryimage\",\"url\":\"http:\/\/cdncache-a.akamaihd.net\/items\/it\/img\/arrow-10x10.png\",\"contentUrl\":\"http:\/\/cdncache-a.akamaihd.net\/items\/it\/img\/arrow-10x10.png\"},{\"@type\":\"BreadcrumbList\",\"@id\":\"https:\/\/taxialicante.eu\/es\/transfer-aeropuerto-alicante-valencia\/#breadcrumb\",\"itemListElement\":[{\"@type\":\"ListItem\",\"position\":1,\"name\":\"Home\",\"item\":\"https:\/\/taxialicante.eu\/es\/\"},{\"@type\":\"ListItem\",\"position\":2,\"name\":\"Traslado aeropuerto\"}]},{\"@type\":\"WebSite\",\"@id\":\"https:\/\/taxialicante.eu\/#website\",\"url\":\"https:\/\/taxialicante.eu\/\",\"name\":\"Taxi Alicante\",\"description\":\"25 jaar ervaring in luchthavenvervoer\",\"publisher\":{\"@id\":\"https:\/\/taxialicante.eu\/#organization\"},\"potentialAction\":[{\"@type\":\"SearchAction\",\"target\":{\"@type\":\"EntryPoint\",\"urlTemplate\":\"https:\/\/taxialicante.eu\/?s={search_term_string}\"},\"query-input\":{\"@type\":\"PropertyValueSpecification\",\"valueRequired\":true,\"valueName\":\"search_term_string\"}}],\"inLanguage\":\"es\"},{\"@type\":\"Organization\",\"@id\":\"https:\/\/taxialicante.eu\/#organization\",\"name\":\"Taxi Alicante\",\"url\":\"https:\/\/taxialicante.eu\/\",\"logo\":{\"@type\":\"ImageObject\",\"inLanguage\":\"es\",\"@id\":\"https:\/\/taxialicante.eu\/#\/schema\/logo\/image\/\",\"url\":\"https:\/\/taxialicante.eu\/wp-content\/uploads\/2017\/02\/logo-red-1.png\",\"contentUrl\":\"https:\/\/taxialicante.eu\/wp-content\/uploads\/2017\/02\/logo-red-1.png\",\"width\":350,\"height\":84,\"caption\":\"Taxi Alicante\"},\"image\":{\"@id\":\"https:\/\/taxialicante.eu\/#\/schema\/logo\/image\/\"},\"sameAs\":[\"https:\/\/www.facebook.com\/taxialicantevalencia\/?fref=ts\"]}]}<\/script>\n<!-- \/ Yoast SEO plugin. -->","yoast_head_json":{"title":"Transfer aeropuerto alicante valencia. Servicio de transfer desde y hacia","description":"Transfer aeropuerto alicante valencia. Con los servicios baratos de traslado de Taxi Alicante ya no tendr\u00e1 que preocuparse por nada. Mejor precio","robots":{"index":"index","follow":"follow","max-snippet":"max-snippet:-1","max-image-preview":"max-image-preview:large","max-video-preview":"max-video-preview:-1"},"og_locale":"es_ES","og_type":"article","og_title":"Transfer aeropuerto alicante valencia. Servicio de transfer desde y hacia","og_description":"Transfer aeropuerto alicante valencia. Con los servicios baratos de traslado de Taxi Alicante ya no tendr\u00e1 que preocuparse por nada. Mejor precio","og_url":"https:\/\/taxialicante.eu\/es\/transfer-aeropuerto-alicante-valencia\/","og_site_name":"Taxi Alicante","article_publisher":"https:\/\/www.facebook.com\/taxialicantevalencia\/?fref=ts","article_modified_time":"2021-04-27T12:24:59+00:00","og_image":[{"url":"http:\/\/cdncache-a.akamaihd.net\/items\/it\/img\/arrow-10x10.png","type":"","width":"","height":""}],"twitter_card":"summary_large_image","twitter_misc":{"Est. reading time":"2 minutes"},"schema":{"@context":"https:\/\/schema.org","@graph":[{"@type":"WebPage","@id":"https:\/\/taxialicante.eu\/es\/transfer-aeropuerto-alicante-valencia\/","url":"https:\/\/taxialicante.eu\/es\/transfer-aeropuerto-alicante-valencia\/","name":"Transfer aeropuerto alicante valencia. Servicio de transfer desde y hacia","isPartOf":{"@id":"https:\/\/taxialicante.eu\/#website"},"primaryImageOfPage":{"@id":"https:\/\/taxialicante.eu\/es\/transfer-aeropuerto-alicante-valencia\/#primaryimage"},"image":{"@id":"https:\/\/taxialicante.eu\/es\/transfer-aeropuerto-alicante-valencia\/#primaryimage"},"thumbnailUrl":"http:\/\/cdncache-a.akamaihd.net\/items\/it\/img\/arrow-10x10.png","datePublished":"2017-02-03T13:16:12+00:00","dateModified":"2021-04-27T12:24:59+00:00","description":"Transfer aeropuerto alicante valencia. Con los servicios baratos de traslado de Taxi Alicante ya no tendr\u00e1 que preocuparse por nada. Mejor precio","breadcrumb":{"@id":"https:\/\/taxialicante.eu\/es\/transfer-aeropuerto-alicante-valencia\/#breadcrumb"},"inLanguage":"es","potentialAction":[{"@type":"ReadAction","target":["https:\/\/taxialicante.eu\/es\/transfer-aeropuerto-alicante-valencia\/"]}]},{"@type":"ImageObject","inLanguage":"es","@id":"https:\/\/taxialicante.eu\/es\/transfer-aeropuerto-alicante-valencia\/#primaryimage","url":"http:\/\/cdncache-a.akamaihd.net\/items\/it\/img\/arrow-10x10.png","contentUrl":"http:\/\/cdncache-a.akamaihd.net\/items\/it\/img\/arrow-10x10.png"},{"@type":"BreadcrumbList","@id":"https:\/\/taxialicante.eu\/es\/transfer-aeropuerto-alicante-valencia\/#breadcrumb","itemListElement":[{"@type":"ListItem","position":1,"name":"Home","item":"https:\/\/taxialicante.eu\/es\/"},{"@type":"ListItem","position":2,"name":"Traslado aeropuerto"}]},{"@type":"WebSite","@id":"https:\/\/taxialicante.eu\/#website","url":"https:\/\/taxialicante.eu\/","name":"Taxi Alicante","description":"25 jaar ervaring in luchthavenvervoer","publisher":{"@id":"https:\/\/taxialicante.eu\/#organization"},"potentialAction":[{"@type":"SearchAction","target":{"@type":"EntryPoint","urlTemplate":"https:\/\/taxialicante.eu\/?s={search_term_string}"},"query-input":{"@type":"PropertyValueSpecification","valueRequired":true,"valueName":"search_term_string"}}],"inLanguage":"es"},{"@type":"Organization","@id":"https:\/\/taxialicante.eu\/#organization","name":"Taxi Alicante","url":"https:\/\/taxialicante.eu\/","logo":{"@type":"ImageObject","inLanguage":"es","@id":"https:\/\/taxialicante.eu\/#\/schema\/logo\/image\/","url":"https:\/\/taxialicante.eu\/wp-content\/uploads\/2017\/02\/logo-red-1.png","contentUrl":"https:\/\/taxialicante.eu\/wp-content\/uploads\/2017\/02\/logo-red-1.png","width":350,"height":84,"caption":"Taxi Alicante"},"image":{"@id":"https:\/\/taxialicante.eu\/#\/schema\/logo\/image\/"},"sameAs":["https:\/\/www.facebook.com\/taxialicantevalencia\/?fref=ts"]}]}},"_links":{"self":[{"href":"https:\/\/taxialicante.eu\/es\/wp-json\/wp\/v2\/pages\/1630","targetHints":{"allow":["GET"]}}],"collection":[{"href":"https:\/\/taxialicante.eu\/es\/wp-json\/wp\/v2\/pages"}],"about":[{"href":"https:\/\/taxialicante.eu\/es\/wp-json\/wp\/v2\/types\/page"}],"author":[{"embeddable":true,"href":"https:\/\/taxialicante.eu\/es\/wp-json\/wp\/v2\/users\/1"}],"replies":[{"embeddable":true,"href":"https:\/\/taxialicante.eu\/es\/wp-json\/wp\/v2\/comments?post=1630"}],"version-history":[{"count":18,"href":"https:\/\/taxialicante.eu\/es\/wp-json\/wp\/v2\/pages\/1630\/revisions"}],"predecessor-version":[{"id":5456,"href":"https:\/\/taxialicante.eu\/es\/wp-json\/wp\/v2\/pages\/1630\/revisions\/5456"}],"wp:attachment":[{"href":"https:\/\/taxialicante.eu\/es\/wp-json\/wp\/v2\/media?parent=1630"}],"curies":[{"name":"wp","href":"https:\/\/api.w.org\/{rel}","templated":true}]}}