{"id":1638,"date":"2017-02-03T14:17:35","date_gmt":"2017-02-03T13:17:35","guid":{"rendered":"http:\/\/www.bartvandekerckhove.be\/?page_id=1638"},"modified":"2021-04-27T14:36:53","modified_gmt":"2021-04-27T12:36:53","slug":"servicio-de-taxi-costablanca","status":"publish","type":"page","link":"https:\/\/taxialicante.eu\/es\/servicio-de-taxi-costablanca\/","title":{"rendered":"Servicio de taxi"},"content":{"rendered":"<section class=\"wpb-content-wrapper\"><p>[vc_row][vc_column css=&#8221;.vc_custom_1486570994307{margin-top: -20px !important;margin-bottom: -40px !important;}&#8221;][vc_column_text]Taxi Alicante es especializada en servicio de taxi seguros y puntuales. Estamos disponibles 24h\/24h, todos los d\u00edas del a\u00f1o, para ofrecerle el mejor servicio de traslado hacia su destino.<\/p>\n<p>Tr\u00e1s su reserva previa, le recogemos a la hora acordada para llevarle en un viaje tranquilo y relajada a cualquier punto de Espa\u00f1a. Ya no hace falta preocuparse d\u00f3nde dejar su coche o pedir a familiares o amigos el favor de recogerle o llevarle al <strong><a style=\"color: #e62d38;\" href=\"https:\/\/taxialicante.eu\/es\/transfer-aeropuerto-alicante-valencia\/\">aeropuerto<\/a><\/strong>\u00a0o estaci\u00f3n de tren.<\/p>\n<h2>SERVICIO DE TAXI DESDE Y AL AEROPUERTO<\/h2>\n<p>Adem\u00e1s, damos un paso m\u00e1s en nuestro servicio de taxi. \u00bfNecesita un traslado para <strong><a style=\"color: #e62d38;\" href=\"https:\/\/taxialicante.eu\/es\/traslado-en-grupo-espana\/\">un grupo de amigos o familares<\/a><\/strong> a un direcci\u00f3n concreta? Tambi\u00e9n para esos casos, Taxi Alicante ofrece soluciones. Disponemos de minibuses de hasta 8 personas, para poder trasladarles de una manera confortable y segura. \u00bfSe trata de un grupo m\u00e1s grande? Cons\u00faltenos para las posibilidades, ya que en Taxi Alicante somos flexibles y buscaremos siempre la mejor opci\u00f3n para nuestros clientes.<\/p>\n<p>Tambi\u00e9n somos la opci\u00f3n ideal para empresas, ya que mediante nuestros <strong><a style=\"color: #e62d38;\" href=\"https:\/\/taxialicante.eu\/es\/traslado-para-empresas-costablanca\/\">servicios de traslados para empresas<\/a><\/strong> ofrecemos traslados de personas de calidad. \u00bfTiene dudas o desea obtener m\u00e1s informaci\u00f3n acerca de nuestro servicio de taxi? Cont\u00e1ctenos sin compromiso.[\/vc_column_text][\/vc_column][\/vc_row][vc_row css=&#8221;.vc_custom_1612366003268{border-top-width: 20px !important;}&#8221;][vc_column][boardthemes_image_carousel images=&#8221;5449&#8243; items_on_desktop=&#8221;1&#8243; items_on_tabs=&#8221;1&#8243; items_on_mobile=&#8221;1&#8243; autoplay=&#8221;&#8221; hide_prev_next_buttons=&#8221;&#8221;][\/vc_column][\/vc_row][vc_row content_placement=&#8221;middle&#8221; css=&#8221;.vc_custom_1486585373634{margin-right: 2px !important;margin-left: 2px !important;background-image: url(https:\/\/taxialicante.eu\/wp-content\/uploads\/2017\/02\/service-bg-5-2-1.png?id=1009) !important;background-position: center !important;background-repeat: no-repeat !important;background-size: cover !important;}&#8221;][vc_column][vc_row_inner][vc_column_inner el_class=&#8221;.padding-left-xs-15&#8243; css=&#8221;.vc_custom_1486561868414{padding-top: 120px !important;padding-bottom: 40px !important;padding-left: 58px !important;background-position: center !important;background-repeat: no-repeat !important;background-size: contain !important;}&#8221;][vc_custom_heading text=&#8221;Solicite aqu\u00ed&#8221; font_container=&#8221;tag:h2|font_size:30|text_align:left|line_height:1&#8243; use_theme_fonts=&#8221;yes&#8221; show_box_icon=&#8221;&#8221; font_weight=&#8221;700&#8243; text_transform=&#8221;none&#8221;][vc_custom_heading text=&#8221;un presupuesto sin compromiso.&#8221; font_container=&#8221;tag:h2|font_size:30|text_align:left|line_height:1&#8243; use_theme_fonts=&#8221;yes&#8221; show_box_icon=&#8221;&#8221; font_weight=&#8221;700&#8243; text_transform=&#8221;none&#8221; css=&#8221;.vc_custom_1488644540996{margin-top: 6px !important;}&#8221;][\/vc_column_inner][\/vc_row_inner][boardthemes_button has_arrow=&#8221;yes&#8221; text=&#8221;CLIC AQUI&#8221; link=&#8221;url:http%3A%2F%2Fwww.taxialicante.eu%2Fes%2Fpresupuesto-transfer-aeropuerto%2F|||&#8221; css=&#8221;.vc_custom_1490190149576{margin-bottom: 30px !important;margin-left: 45px !important;}&#8221;][\/vc_column][\/vc_row]<\/p>\n<\/section>","protected":false},"excerpt":{"rendered":"<p>[vc_row][vc_column css=&#8221;.vc_custom_1486570994307{margin-top: -20px !important;margin-bottom: -40px !important;}&#8221;][vc_column_text]Taxi Alicante es especializada en servicio de taxi seguros y puntuales. Estamos disponibles 24h\/24h, todos los d\u00edas del a\u00f1o, para ofrecerle el mejor servicio de traslado hacia su destino. Tr\u00e1s su reserva previa, le recogemos a la hora acordada para llevarle en un viaje tranquilo y relajada a cualquier punto de Espa\u00f1a. Ya no hace falta preocuparse d\u00f3nde dejar su coche o pedir a familiares o amigos el favor de recogerle o llevarle al aeropuerto\u00a0o estaci\u00f3n de tren. SERVICIO DE TAXI DESDE Y AL AEROPUERTO Adem\u00e1s, damos un paso m\u00e1s en nuestro servicio de taxi. \u00bfNecesita un traslado para un grupo de amigos o familares a un direcci\u00f3n concreta? Tambi\u00e9n para esos casos, Taxi Alicante ofrece soluciones. Disponemos de minibuses de hasta 8 personas, para poder trasladarles de una manera confortable y segura. \u00bfSe trata de un grupo m\u00e1s grande? Cons\u00faltenos para las posibilidades, ya que en Taxi Alicante somos flexibles y buscaremos siempre la mejor opci\u00f3n para nuestros clientes. Tambi\u00e9n somos la opci\u00f3n ideal para empresas, ya que mediante nuestros servicios de traslados para empresas ofrecemos traslados de personas de calidad. \u00bfTiene dudas o desea obtener m\u00e1s informaci\u00f3n acerca de nuestro servicio de taxi? [&hellip;]<\/p>\n","protected":false},"author":1,"featured_media":0,"parent":0,"menu_order":0,"comment_status":"closed","ping_status":"closed","template":"","meta":{"footnotes":""},"class_list":["post-1638","page","type-page","status-publish","hentry"],"yoast_head":"<!-- This site is optimized with the Yoast SEO plugin v26.5 - https:\/\/yoast.com\/wordpress\/plugins\/seo\/ -->\n<title>Servicio de taxi y traslado de personas en Espa\u00f1a \u2013 de Taxi Alicante<\/title>\n<meta name=\"description\" content=\"Servicio de taxi y traslado de personas seguros y al mejor precio. Podr\u00e1 disfrutar con total tranquilad de nuestros servicio de taxi cada d\u00eda de la semana\" \/>\n<meta name=\"robots\" content=\"index, follow, max-snippet:-1, max-image-preview:large, max-video-preview:-1\" \/>\n<meta property=\"og:locale\" content=\"es_ES\" \/>\n<meta property=\"og:type\" content=\"article\" \/>\n<meta property=\"og:title\" content=\"Servicio de taxi y traslado de personas en Espa\u00f1a \u2013 de Taxi Alicante\" \/>\n<meta property=\"og:description\" content=\"Servicio de taxi y traslado de personas seguros y al mejor precio. Podr\u00e1 disfrutar con total tranquilad de nuestros servicio de taxi cada d\u00eda de la semana\" \/>\n<meta property=\"og:url\" content=\"https:\/\/taxialicante.eu\/es\/servicio-de-taxi-costablanca\/\" \/>\n<meta property=\"og:site_name\" content=\"Taxi Alicante\" \/>\n<meta property=\"article:publisher\" content=\"https:\/\/www.facebook.com\/taxialicantevalencia\/?fref=ts\" \/>\n<meta property=\"article:modified_time\" content=\"2021-04-27T12:36:53+00:00\" \/>\n<meta name=\"twitter:card\" content=\"summary_large_image\" \/>\n<meta name=\"twitter:label1\" content=\"Est. reading time\" \/>\n\t<meta name=\"twitter:data1\" content=\"2 minutes\" \/>\n<script type=\"application\/ld+json\" class=\"yoast-schema-graph\">{\"@context\":\"https:\/\/schema.org\",\"@graph\":[{\"@type\":\"WebPage\",\"@id\":\"https:\/\/taxialicante.eu\/es\/servicio-de-taxi-costablanca\/\",\"url\":\"https:\/\/taxialicante.eu\/es\/servicio-de-taxi-costablanca\/\",\"name\":\"Servicio de taxi y traslado de personas en Espa\u00f1a \u2013 de Taxi Alicante\",\"isPartOf\":{\"@id\":\"https:\/\/taxialicante.eu\/#website\"},\"datePublished\":\"2017-02-03T13:17:35+00:00\",\"dateModified\":\"2021-04-27T12:36:53+00:00\",\"description\":\"Servicio de taxi y traslado de personas seguros y al mejor precio. Podr\u00e1 disfrutar con total tranquilad de nuestros servicio de taxi cada d\u00eda de la semana\",\"breadcrumb\":{\"@id\":\"https:\/\/taxialicante.eu\/es\/servicio-de-taxi-costablanca\/#breadcrumb\"},\"inLanguage\":\"es\",\"potentialAction\":[{\"@type\":\"ReadAction\",\"target\":[\"https:\/\/taxialicante.eu\/es\/servicio-de-taxi-costablanca\/\"]}]},{\"@type\":\"BreadcrumbList\",\"@id\":\"https:\/\/taxialicante.eu\/es\/servicio-de-taxi-costablanca\/#breadcrumb\",\"itemListElement\":[{\"@type\":\"ListItem\",\"position\":1,\"name\":\"Home\",\"item\":\"https:\/\/taxialicante.eu\/es\/\"},{\"@type\":\"ListItem\",\"position\":2,\"name\":\"Servicio de taxi\"}]},{\"@type\":\"WebSite\",\"@id\":\"https:\/\/taxialicante.eu\/#website\",\"url\":\"https:\/\/taxialicante.eu\/\",\"name\":\"Taxi Alicante\",\"description\":\"25 jaar ervaring in luchthavenvervoer\",\"publisher\":{\"@id\":\"https:\/\/taxialicante.eu\/#organization\"},\"potentialAction\":[{\"@type\":\"SearchAction\",\"target\":{\"@type\":\"EntryPoint\",\"urlTemplate\":\"https:\/\/taxialicante.eu\/?s={search_term_string}\"},\"query-input\":{\"@type\":\"PropertyValueSpecification\",\"valueRequired\":true,\"valueName\":\"search_term_string\"}}],\"inLanguage\":\"es\"},{\"@type\":\"Organization\",\"@id\":\"https:\/\/taxialicante.eu\/#organization\",\"name\":\"Taxi Alicante\",\"url\":\"https:\/\/taxialicante.eu\/\",\"logo\":{\"@type\":\"ImageObject\",\"inLanguage\":\"es\",\"@id\":\"https:\/\/taxialicante.eu\/#\/schema\/logo\/image\/\",\"url\":\"https:\/\/taxialicante.eu\/wp-content\/uploads\/2017\/02\/logo-red-1.png\",\"contentUrl\":\"https:\/\/taxialicante.eu\/wp-content\/uploads\/2017\/02\/logo-red-1.png\",\"width\":350,\"height\":84,\"caption\":\"Taxi Alicante\"},\"image\":{\"@id\":\"https:\/\/taxialicante.eu\/#\/schema\/logo\/image\/\"},\"sameAs\":[\"https:\/\/www.facebook.com\/taxialicantevalencia\/?fref=ts\"]}]}<\/script>\n<!-- \/ Yoast SEO plugin. -->","yoast_head_json":{"title":"Servicio de taxi y traslado de personas en Espa\u00f1a \u2013 de Taxi Alicante","description":"Servicio de taxi y traslado de personas seguros y al mejor precio. Podr\u00e1 disfrutar con total tranquilad de nuestros servicio de taxi cada d\u00eda de la semana","robots":{"index":"index","follow":"follow","max-snippet":"max-snippet:-1","max-image-preview":"max-image-preview:large","max-video-preview":"max-video-preview:-1"},"og_locale":"es_ES","og_type":"article","og_title":"Servicio de taxi y traslado de personas en Espa\u00f1a \u2013 de Taxi Alicante","og_description":"Servicio de taxi y traslado de personas seguros y al mejor precio. Podr\u00e1 disfrutar con total tranquilad de nuestros servicio de taxi cada d\u00eda de la semana","og_url":"https:\/\/taxialicante.eu\/es\/servicio-de-taxi-costablanca\/","og_site_name":"Taxi Alicante","article_publisher":"https:\/\/www.facebook.com\/taxialicantevalencia\/?fref=ts","article_modified_time":"2021-04-27T12:36:53+00:00","twitter_card":"summary_large_image","twitter_misc":{"Est. reading time":"2 minutes"},"schema":{"@context":"https:\/\/schema.org","@graph":[{"@type":"WebPage","@id":"https:\/\/taxialicante.eu\/es\/servicio-de-taxi-costablanca\/","url":"https:\/\/taxialicante.eu\/es\/servicio-de-taxi-costablanca\/","name":"Servicio de taxi y traslado de personas en Espa\u00f1a \u2013 de Taxi Alicante","isPartOf":{"@id":"https:\/\/taxialicante.eu\/#website"},"datePublished":"2017-02-03T13:17:35+00:00","dateModified":"2021-04-27T12:36:53+00:00","description":"Servicio de taxi y traslado de personas seguros y al mejor precio. Podr\u00e1 disfrutar con total tranquilad de nuestros servicio de taxi cada d\u00eda de la semana","breadcrumb":{"@id":"https:\/\/taxialicante.eu\/es\/servicio-de-taxi-costablanca\/#breadcrumb"},"inLanguage":"es","potentialAction":[{"@type":"ReadAction","target":["https:\/\/taxialicante.eu\/es\/servicio-de-taxi-costablanca\/"]}]},{"@type":"BreadcrumbList","@id":"https:\/\/taxialicante.eu\/es\/servicio-de-taxi-costablanca\/#breadcrumb","itemListElement":[{"@type":"ListItem","position":1,"name":"Home","item":"https:\/\/taxialicante.eu\/es\/"},{"@type":"ListItem","position":2,"name":"Servicio de taxi"}]},{"@type":"WebSite","@id":"https:\/\/taxialicante.eu\/#website","url":"https:\/\/taxialicante.eu\/","name":"Taxi Alicante","description":"25 jaar ervaring in luchthavenvervoer","publisher":{"@id":"https:\/\/taxialicante.eu\/#organization"},"potentialAction":[{"@type":"SearchAction","target":{"@type":"EntryPoint","urlTemplate":"https:\/\/taxialicante.eu\/?s={search_term_string}"},"query-input":{"@type":"PropertyValueSpecification","valueRequired":true,"valueName":"search_term_string"}}],"inLanguage":"es"},{"@type":"Organization","@id":"https:\/\/taxialicante.eu\/#organization","name":"Taxi Alicante","url":"https:\/\/taxialicante.eu\/","logo":{"@type":"ImageObject","inLanguage":"es","@id":"https:\/\/taxialicante.eu\/#\/schema\/logo\/image\/","url":"https:\/\/taxialicante.eu\/wp-content\/uploads\/2017\/02\/logo-red-1.png","contentUrl":"https:\/\/taxialicante.eu\/wp-content\/uploads\/2017\/02\/logo-red-1.png","width":350,"height":84,"caption":"Taxi Alicante"},"image":{"@id":"https:\/\/taxialicante.eu\/#\/schema\/logo\/image\/"},"sameAs":["https:\/\/www.facebook.com\/taxialicantevalencia\/?fref=ts"]}]}},"_links":{"self":[{"href":"https:\/\/taxialicante.eu\/es\/wp-json\/wp\/v2\/pages\/1638","targetHints":{"allow":["GET"]}}],"collection":[{"href":"https:\/\/taxialicante.eu\/es\/wp-json\/wp\/v2\/pages"}],"about":[{"href":"https:\/\/taxialicante.eu\/es\/wp-json\/wp\/v2\/types\/page"}],"author":[{"embeddable":true,"href":"https:\/\/taxialicante.eu\/es\/wp-json\/wp\/v2\/users\/1"}],"replies":[{"embeddable":true,"href":"https:\/\/taxialicante.eu\/es\/wp-json\/wp\/v2\/comments?post=1638"}],"version-history":[{"count":2,"href":"https:\/\/taxialicante.eu\/es\/wp-json\/wp\/v2\/pages\/1638\/revisions"}],"predecessor-version":[{"id":5461,"href":"https:\/\/taxialicante.eu\/es\/wp-json\/wp\/v2\/pages\/1638\/revisions\/5461"}],"wp:attachment":[{"href":"https:\/\/taxialicante.eu\/es\/wp-json\/wp\/v2\/media?parent=1638"}],"curies":[{"name":"wp","href":"https:\/\/api.w.org\/{rel}","templated":true}]}}