{"id":1640,"date":"2016-09-04T15:03:27","date_gmt":"2016-09-04T13:03:27","guid":{"rendered":"http:\/\/www.bartvandekerckhove.be\/?page_id=1640"},"modified":"2022-01-26T20:16:36","modified_gmt":"2022-01-26T19:16:36","slug":"traslados-aeropuerto-transfer-aeropuerto","status":"publish","type":"page","link":"https:\/\/taxialicante.eu\/es\/traslados-aeropuerto-transfer-aeropuerto\/","title":{"rendered":"\u00bfPor qu\u00e9 Taxi Alicante?"},"content":{"rendered":"<section class=\"wpb-content-wrapper\"><p>[vc_row css=&#8221;.vc_custom_1487164369415{margin-bottom: 30px !important;}&#8221;][vc_column width=&#8221;1\/2&#8243;][vc_custom_heading text=&#8221;Quienes somos&#8230;&#8221; font_container=&#8221;tag:h2|font_size:20|text_align:left|line_height:1&#8243; use_theme_fonts=&#8221;yes&#8221; show_box_icon=&#8221;yes&#8221; font_weight=&#8221;700&#8243; text_transform=&#8221;none&#8221;][vc_column_text css=&#8221;.vc_custom_1491121886381{margin-top: 25px !important;margin-bottom: 0px !important;}&#8221;]Nuestra \u00a0<strong><a style=\"color: #e62d38;\" href=\"https:\/\/taxialicante.eu\/es\/servicio-de-taxi-costablanca\/\">compa\u00f1\u00eda de taxis<\/a><\/strong>\u00a0existe ya m\u00e1s de 25 a\u00f1os. Somos especialistas en traslados por taxi de individuales o grupos desde y hacia aeropuertos. Incluso atendemos destinos fuera de Espa\u00f1a. Adem\u00e1s, en Taxi Alicante no nos limitamos a traslados aeropuerto, sino que tambi\u00e9n ofrecemos traslados tur\u00edsticos y <strong><a style=\"color: #e62d38;\" href=\"https:\/\/taxialicante.eu\/es\/traslado-para-empresas-costablanca\/\">traslados para empresas<\/a><\/strong>, como viajes en autob\u00fas, hacia y desde conferencias, estaciones de tren, puertos mar\u00edtimos, etc.[\/vc_column_text][\/vc_column][vc_column width=&#8221;1\/2&#8243;][vc_custom_heading text=&#8221;Nuestra misi\u00f3n&#8230;&#8221; font_container=&#8221;tag:h2|font_size:20|text_align:left|line_height:1&#8243; use_theme_fonts=&#8221;yes&#8221; show_box_icon=&#8221;yes&#8221; font_weight=&#8221;700&#8243; text_transform=&#8221;none&#8221;][vc_column_text css=&#8221;.vc_custom_1491121899524{margin-top: 25px !important;margin-bottom: 0px !important;}&#8221;]Cada cliente de <strong><a style=\"color: #e62d38;\" href=\"https:\/\/taxialicante.eu\/es\/\">Taxi Alicante<\/a><\/strong> recibe un servicio personalizado y puntual, sin estr\u00e9s. A su llegada, estaremos esper\u00e1ndole en la sala de Llegadas y podr\u00e1 olvidarse de cualquier posible problema relacionada con su traslado o de c\u00f3mo llevarse consigo todo u equipaje \u2013 les trasladamos a usted y a su familia desde y hacia el <strong><a style=\"color: #e62d38;\" href=\"https:\/\/taxialicante.eu\/es\/transfer-aeropuerto-alicante-valencia\/\">aeropuerto<\/a><\/strong> y tambi\u00e9n puede pedir un servicio de taxis hacia cualquier otro destino en Espa\u00f1a. En otras palabras, podr\u00e1 empezar sus vacaciones sin preocupaciones.[\/vc_column_text][\/vc_column][\/vc_row][vc_row][vc_column][vc_separator color=&#8221;custom&#8221; accent_color=&#8221;#eeeeee&#8221;][\/vc_column][\/vc_row][vc_row css=&#8221;.vc_custom_1487164406829{margin-top: 5px !important;}&#8221;][vc_column width=&#8221;1\/2&#8243;][vc_single_image image=&#8221;1987&#8243; img_size=&#8221;large&#8221;][\/vc_column][vc_column width=&#8221;1\/2&#8243;][vc_custom_heading text=&#8221;Flota moderna&#8230;&#8221; font_container=&#8221;tag:h2|font_size:20|text_align:left|line_height:1&#8243; use_theme_fonts=&#8221;yes&#8221; show_box_icon=&#8221;yes&#8221; font_weight=&#8221;700&#8243; text_transform=&#8221;none&#8221;][vc_column_text css=&#8221;.vc_custom_1491121918764{margin-top: 25px !important;}&#8221;]Disponemos de una flota moderna y bien mantenida de veh\u00edculos y microbuses para asegurarle un viaje c\u00f3modo y confortable desde y hacia el aeropuerto, para <strong><a style=\"color: #e62d38;\" href=\"https:\/\/taxialicante.eu\/es\/traslado-en-grupo-espana\/\">traslados de grupos<\/a><\/strong>, traslados por taxi y para empresas. Nuestra flota incluye un Mercedes-Benz Clase S, Mercedes Viano, Mercedes Vito, Mercedes Clase E, entre otros. Asimismo ofrecemos soluciones para grupos grandes, como el autocar Neoplan Cityliner (para max. 54 personas) y diferentes microbuses para max. 20 personas.<\/p>\n<p>Con nosotros estar\u00e1 en buenas manos.<\/p>\n<p>Para reservas de traslados aeropuerto (hacia o desde) u otras soluciones para sus necesidades concretas de traslado, puede contactarnos en el n\u00famero 0034 620 666 661 o completar el <strong><a style=\"color: #e62d38;\" href=\"https:\/\/taxialicante.eu\/es\/presupuesto-transfer-aeropuerto\/\">formulario de reserva<\/a><\/strong>.[\/vc_column_text][\/vc_column][\/vc_row][vc_row css=&#8221;.vc_custom_1486826179661{margin-bottom: -80px !important;}&#8221;][vc_column][vc_text_separator title=&#8221;Taxi Alicante, el n\u00famero 1 en traslados de aeropuerto a buen precio&#8221; i_icon_fontawesome=&#8221;fa fa-plane&#8221; i_size=&#8221;lg&#8221; style=&#8221;dotted&#8221; border_width=&#8221;2&#8243; add_icon=&#8221;true&#8221;][\/vc_column][\/vc_row]<\/p>\n<\/section>","protected":false},"excerpt":{"rendered":"<p>[vc_row css=&#8221;.vc_custom_1487164369415{margin-bottom: 30px !important;}&#8221;][vc_column width=&#8221;1\/2&#8243;][vc_custom_heading text=&#8221;Quienes somos&#8230;&#8221; font_container=&#8221;tag:h2|font_size:20|text_align:left|line_height:1&#8243; use_theme_fonts=&#8221;yes&#8221; show_box_icon=&#8221;yes&#8221; font_weight=&#8221;700&#8243; text_transform=&#8221;none&#8221;][vc_column_text css=&#8221;.vc_custom_1491121886381{margin-top: 25px !important;margin-bottom: 0px !important;}&#8221;]Nuestra \u00a0compa\u00f1\u00eda de taxis\u00a0existe ya m\u00e1s de 25 a\u00f1os. Somos especialistas en traslados por taxi de individuales o grupos desde y hacia aeropuertos. Incluso atendemos destinos fuera de Espa\u00f1a. Adem\u00e1s, en Taxi Alicante no nos limitamos a traslados aeropuerto, sino que tambi\u00e9n ofrecemos traslados tur\u00edsticos y traslados para empresas, como viajes en autob\u00fas, hacia y desde conferencias, estaciones de tren, puertos mar\u00edtimos, etc.[\/vc_column_text][\/vc_column][vc_column width=&#8221;1\/2&#8243;][vc_custom_heading text=&#8221;Nuestra misi\u00f3n&#8230;&#8221; font_container=&#8221;tag:h2|font_size:20|text_align:left|line_height:1&#8243; use_theme_fonts=&#8221;yes&#8221; show_box_icon=&#8221;yes&#8221; font_weight=&#8221;700&#8243; text_transform=&#8221;none&#8221;][vc_column_text css=&#8221;.vc_custom_1491121899524{margin-top: 25px !important;margin-bottom: 0px !important;}&#8221;]Cada cliente de Taxi Alicante recibe un servicio personalizado y puntual, sin estr\u00e9s. A su llegada, estaremos esper\u00e1ndole en la sala de Llegadas y podr\u00e1 olvidarse de cualquier posible problema relacionada con su traslado o de c\u00f3mo llevarse consigo todo u equipaje \u2013 les trasladamos a usted y a su familia desde y hacia el aeropuerto y tambi\u00e9n puede pedir un servicio de taxis hacia cualquier otro destino en Espa\u00f1a. En otras palabras, podr\u00e1 empezar sus vacaciones sin preocupaciones.[\/vc_column_text][\/vc_column][\/vc_row][vc_row][vc_column][vc_separator color=&#8221;custom&#8221; accent_color=&#8221;#eeeeee&#8221;][\/vc_column][\/vc_row][vc_row css=&#8221;.vc_custom_1487164406829{margin-top: 5px !important;}&#8221;][vc_column width=&#8221;1\/2&#8243;][vc_single_image image=&#8221;1987&#8243; img_size=&#8221;large&#8221;][\/vc_column][vc_column width=&#8221;1\/2&#8243;][vc_custom_heading text=&#8221;Flota moderna&#8230;&#8221; font_container=&#8221;tag:h2|font_size:20|text_align:left|line_height:1&#8243; use_theme_fonts=&#8221;yes&#8221; show_box_icon=&#8221;yes&#8221; font_weight=&#8221;700&#8243; text_transform=&#8221;none&#8221;][vc_column_text css=&#8221;.vc_custom_1491121918764{margin-top: 25px !important;}&#8221;]Disponemos de una flota moderna y bien mantenida de veh\u00edculos y microbuses [&hellip;]<\/p>\n","protected":false},"author":1,"featured_media":0,"parent":0,"menu_order":0,"comment_status":"closed","ping_status":"closed","template":"","meta":{"footnotes":""},"class_list":["post-1640","page","type-page","status-publish","hentry"],"yoast_head":"<!-- This site is optimized with the Yoast SEO plugin v26.5 - https:\/\/yoast.com\/wordpress\/plugins\/seo\/ -->\n<title>Traslados aeropuerto barato y r\u00e1pido: elija Taxi Alicante en la Costa Blanca<\/title>\n<meta name=\"description\" content=\"Traslados aeropuerto a Alicante y Valencia. Taxi Alicante, m\u00e1s de 25 a\u00f1os de experiencia en servicios de taxi y traslados hacia y desde aeropuertos.\" \/>\n<meta name=\"robots\" content=\"index, follow, max-snippet:-1, max-image-preview:large, max-video-preview:-1\" \/>\n<meta property=\"og:locale\" content=\"es_ES\" \/>\n<meta property=\"og:type\" content=\"article\" \/>\n<meta property=\"og:title\" content=\"Traslados aeropuerto barato y r\u00e1pido: elija Taxi Alicante en la Costa Blanca\" \/>\n<meta property=\"og:description\" content=\"Traslados aeropuerto a Alicante y Valencia. Taxi Alicante, m\u00e1s de 25 a\u00f1os de experiencia en servicios de taxi y traslados hacia y desde aeropuertos.\" \/>\n<meta property=\"og:url\" content=\"https:\/\/taxialicante.eu\/es\/traslados-aeropuerto-transfer-aeropuerto\/\" \/>\n<meta property=\"og:site_name\" content=\"Taxi Alicante\" \/>\n<meta property=\"article:publisher\" content=\"https:\/\/www.facebook.com\/taxialicantevalencia\/?fref=ts\" \/>\n<meta property=\"article:modified_time\" content=\"2022-01-26T19:16:36+00:00\" \/>\n<meta name=\"twitter:card\" content=\"summary_large_image\" \/>\n<meta name=\"twitter:label1\" content=\"Est. reading time\" \/>\n\t<meta name=\"twitter:data1\" content=\"2 minutes\" \/>\n<script type=\"application\/ld+json\" class=\"yoast-schema-graph\">{\"@context\":\"https:\/\/schema.org\",\"@graph\":[{\"@type\":\"WebPage\",\"@id\":\"https:\/\/taxialicante.eu\/es\/traslados-aeropuerto-transfer-aeropuerto\/\",\"url\":\"https:\/\/taxialicante.eu\/es\/traslados-aeropuerto-transfer-aeropuerto\/\",\"name\":\"Traslados aeropuerto barato y r\u00e1pido: elija Taxi Alicante en la Costa Blanca\",\"isPartOf\":{\"@id\":\"https:\/\/taxialicante.eu\/#website\"},\"datePublished\":\"2016-09-04T13:03:27+00:00\",\"dateModified\":\"2022-01-26T19:16:36+00:00\",\"description\":\"Traslados aeropuerto a Alicante y Valencia. Taxi Alicante, m\u00e1s de 25 a\u00f1os de experiencia en servicios de taxi y traslados hacia y desde aeropuertos.\",\"breadcrumb\":{\"@id\":\"https:\/\/taxialicante.eu\/es\/traslados-aeropuerto-transfer-aeropuerto\/#breadcrumb\"},\"inLanguage\":\"es\",\"potentialAction\":[{\"@type\":\"ReadAction\",\"target\":[\"https:\/\/taxialicante.eu\/es\/traslados-aeropuerto-transfer-aeropuerto\/\"]}]},{\"@type\":\"BreadcrumbList\",\"@id\":\"https:\/\/taxialicante.eu\/es\/traslados-aeropuerto-transfer-aeropuerto\/#breadcrumb\",\"itemListElement\":[{\"@type\":\"ListItem\",\"position\":1,\"name\":\"Home\",\"item\":\"https:\/\/taxialicante.eu\/es\/\"},{\"@type\":\"ListItem\",\"position\":2,\"name\":\"\u00bfPor qu\u00e9 Taxi Alicante?\"}]},{\"@type\":\"WebSite\",\"@id\":\"https:\/\/taxialicante.eu\/#website\",\"url\":\"https:\/\/taxialicante.eu\/\",\"name\":\"Taxi Alicante\",\"description\":\"25 jaar ervaring in luchthavenvervoer\",\"publisher\":{\"@id\":\"https:\/\/taxialicante.eu\/#organization\"},\"potentialAction\":[{\"@type\":\"SearchAction\",\"target\":{\"@type\":\"EntryPoint\",\"urlTemplate\":\"https:\/\/taxialicante.eu\/?s={search_term_string}\"},\"query-input\":{\"@type\":\"PropertyValueSpecification\",\"valueRequired\":true,\"valueName\":\"search_term_string\"}}],\"inLanguage\":\"es\"},{\"@type\":\"Organization\",\"@id\":\"https:\/\/taxialicante.eu\/#organization\",\"name\":\"Taxi Alicante\",\"url\":\"https:\/\/taxialicante.eu\/\",\"logo\":{\"@type\":\"ImageObject\",\"inLanguage\":\"es\",\"@id\":\"https:\/\/taxialicante.eu\/#\/schema\/logo\/image\/\",\"url\":\"https:\/\/taxialicante.eu\/wp-content\/uploads\/2017\/02\/logo-red-1.png\",\"contentUrl\":\"https:\/\/taxialicante.eu\/wp-content\/uploads\/2017\/02\/logo-red-1.png\",\"width\":350,\"height\":84,\"caption\":\"Taxi Alicante\"},\"image\":{\"@id\":\"https:\/\/taxialicante.eu\/#\/schema\/logo\/image\/\"},\"sameAs\":[\"https:\/\/www.facebook.com\/taxialicantevalencia\/?fref=ts\"]}]}<\/script>\n<!-- \/ Yoast SEO plugin. -->","yoast_head_json":{"title":"Traslados aeropuerto barato y r\u00e1pido: elija Taxi Alicante en la Costa Blanca","description":"Traslados aeropuerto a Alicante y Valencia. Taxi Alicante, m\u00e1s de 25 a\u00f1os de experiencia en servicios de taxi y traslados hacia y desde aeropuertos.","robots":{"index":"index","follow":"follow","max-snippet":"max-snippet:-1","max-image-preview":"max-image-preview:large","max-video-preview":"max-video-preview:-1"},"og_locale":"es_ES","og_type":"article","og_title":"Traslados aeropuerto barato y r\u00e1pido: elija Taxi Alicante en la Costa Blanca","og_description":"Traslados aeropuerto a Alicante y Valencia. Taxi Alicante, m\u00e1s de 25 a\u00f1os de experiencia en servicios de taxi y traslados hacia y desde aeropuertos.","og_url":"https:\/\/taxialicante.eu\/es\/traslados-aeropuerto-transfer-aeropuerto\/","og_site_name":"Taxi Alicante","article_publisher":"https:\/\/www.facebook.com\/taxialicantevalencia\/?fref=ts","article_modified_time":"2022-01-26T19:16:36+00:00","twitter_card":"summary_large_image","twitter_misc":{"Est. reading time":"2 minutes"},"schema":{"@context":"https:\/\/schema.org","@graph":[{"@type":"WebPage","@id":"https:\/\/taxialicante.eu\/es\/traslados-aeropuerto-transfer-aeropuerto\/","url":"https:\/\/taxialicante.eu\/es\/traslados-aeropuerto-transfer-aeropuerto\/","name":"Traslados aeropuerto barato y r\u00e1pido: elija Taxi Alicante en la Costa Blanca","isPartOf":{"@id":"https:\/\/taxialicante.eu\/#website"},"datePublished":"2016-09-04T13:03:27+00:00","dateModified":"2022-01-26T19:16:36+00:00","description":"Traslados aeropuerto a Alicante y Valencia. Taxi Alicante, m\u00e1s de 25 a\u00f1os de experiencia en servicios de taxi y traslados hacia y desde aeropuertos.","breadcrumb":{"@id":"https:\/\/taxialicante.eu\/es\/traslados-aeropuerto-transfer-aeropuerto\/#breadcrumb"},"inLanguage":"es","potentialAction":[{"@type":"ReadAction","target":["https:\/\/taxialicante.eu\/es\/traslados-aeropuerto-transfer-aeropuerto\/"]}]},{"@type":"BreadcrumbList","@id":"https:\/\/taxialicante.eu\/es\/traslados-aeropuerto-transfer-aeropuerto\/#breadcrumb","itemListElement":[{"@type":"ListItem","position":1,"name":"Home","item":"https:\/\/taxialicante.eu\/es\/"},{"@type":"ListItem","position":2,"name":"\u00bfPor qu\u00e9 Taxi Alicante?"}]},{"@type":"WebSite","@id":"https:\/\/taxialicante.eu\/#website","url":"https:\/\/taxialicante.eu\/","name":"Taxi Alicante","description":"25 jaar ervaring in luchthavenvervoer","publisher":{"@id":"https:\/\/taxialicante.eu\/#organization"},"potentialAction":[{"@type":"SearchAction","target":{"@type":"EntryPoint","urlTemplate":"https:\/\/taxialicante.eu\/?s={search_term_string}"},"query-input":{"@type":"PropertyValueSpecification","valueRequired":true,"valueName":"search_term_string"}}],"inLanguage":"es"},{"@type":"Organization","@id":"https:\/\/taxialicante.eu\/#organization","name":"Taxi Alicante","url":"https:\/\/taxialicante.eu\/","logo":{"@type":"ImageObject","inLanguage":"es","@id":"https:\/\/taxialicante.eu\/#\/schema\/logo\/image\/","url":"https:\/\/taxialicante.eu\/wp-content\/uploads\/2017\/02\/logo-red-1.png","contentUrl":"https:\/\/taxialicante.eu\/wp-content\/uploads\/2017\/02\/logo-red-1.png","width":350,"height":84,"caption":"Taxi Alicante"},"image":{"@id":"https:\/\/taxialicante.eu\/#\/schema\/logo\/image\/"},"sameAs":["https:\/\/www.facebook.com\/taxialicantevalencia\/?fref=ts"]}]}},"_links":{"self":[{"href":"https:\/\/taxialicante.eu\/es\/wp-json\/wp\/v2\/pages\/1640","targetHints":{"allow":["GET"]}}],"collection":[{"href":"https:\/\/taxialicante.eu\/es\/wp-json\/wp\/v2\/pages"}],"about":[{"href":"https:\/\/taxialicante.eu\/es\/wp-json\/wp\/v2\/types\/page"}],"author":[{"embeddable":true,"href":"https:\/\/taxialicante.eu\/es\/wp-json\/wp\/v2\/users\/1"}],"replies":[{"embeddable":true,"href":"https:\/\/taxialicante.eu\/es\/wp-json\/wp\/v2\/comments?post=1640"}],"version-history":[{"count":4,"href":"https:\/\/taxialicante.eu\/es\/wp-json\/wp\/v2\/pages\/1640\/revisions"}],"predecessor-version":[{"id":5516,"href":"https:\/\/taxialicante.eu\/es\/wp-json\/wp\/v2\/pages\/1640\/revisions\/5516"}],"wp:attachment":[{"href":"https:\/\/taxialicante.eu\/es\/wp-json\/wp\/v2\/media?parent=1640"}],"curies":[{"name":"wp","href":"https:\/\/api.w.org\/{rel}","templated":true}]}}