{"id":1644,"date":"2017-02-03T14:16:23","date_gmt":"2017-02-03T13:16:23","guid":{"rendered":"http:\/\/www.bartvandekerckhove.be\/?page_id=1644"},"modified":"2021-04-05T18:44:50","modified_gmt":"2021-04-05T16:44:50","slug":"traslado-en-grupo-espana","status":"publish","type":"page","link":"https:\/\/taxialicante.eu\/es\/traslado-en-grupo-espana\/","title":{"rendered":"Traslado en grupo"},"content":{"rendered":"<section class=\"wpb-content-wrapper\"><p>[vc_row][vc_column css=&#8221;.vc_custom_1486570994307{margin-top: -20px !important;margin-bottom: -40px !important;}&#8221;][vc_column_text]\u00bfNecesita un traslado en grupo, como por ejemplo, para varios empleados a un congreso, una salida en amigos por la noche, un tour en familia por la Costa Blanca u en otro punto de Espa\u00f1a? <strong><a style=\"color: #e62d38;\" href=\"https:\/\/taxialicante.eu\/es\/\">Taxi Alicante<\/a><\/strong> ofrece traslados eficientes y seguros para grupos grandes y reducidos, desde y hacia eventos o aeropuertos en Alicante y Valencia. Disponemos de diferentes microbuses para grupos reducidos, as\u00ed como un autob\u00fas Neoplan Cityliner para grupos grandes de hasta 54 personas. Nuestro conductor tiene una amplia experiencia en traslado de grupos y habla varios idiomas, para ofrecerle un viaje agradable y seguro hacia su destino.<\/p>\n<p>Si necesita un microb\u00fas barato, Taxi Alicante es la mejor oci\u00f3n. Ofrecer traslados de grupos a un precio fijo y barato. Ya sea por la noche o durante hora punta, el precio acordado no variar\u00e1. La ventaja es que no usamos tax\u00edmetro, sino que nos ajustamos siempre al precio acordado, independientemente de las circunstancias. Ofrecemos adem\u00e1s traslados de grupos desde Alicante y Valencia por toda Espa\u00f1a, con minibuses con capacidad para 20 personas, aun precio fijo y bajo. Les llevaremos por supuesto al punto exacto de su destino, ya sea un hotel, un apartamento, etc. Descubra nuestros precios competitivos en nuestro sitio web <strong><a style=\"color: #e62d38;\" href=\"http:\/\/www.alicante-private-airportshuttle.com\">http:\/\/www.alicante-private-airportshuttle.com<\/a><\/strong>.<\/p>\n<h2>MICROBUS PRIVADOS AL AEROPUERTO DE ALICANTE<\/h2>\n<p>Dependiendo del n\u00famero de pasajeros, la tarifa final ser\u00e1 por lo general m\u00e1s baja que la que se pueda ofrecer por transporte en varios taxis o en taxib\u00fas compartido. Adem\u00e1s, Taxi Alicante les trasladar\u00e1 en un microb\u00fas privado, sin necesidad de compartir el veh\u00edculo con desconocidos. Solamente necesita indicarnos la hora de recogida en su puerta y nosotros nos ocuparemos del resto.<\/p>\n<p>\u00bfNecesita un <strong><a style=\"color: #e62d38;\" href=\"https:\/\/taxialicante.eu\/es\/transfer-aeropuerto-alicante-valencia\/\">transfer\u00a0aeropuerto<\/a><\/strong> (traslado en grupo)? Tambi\u00e9n en ese caso es posible contratar nuestros servicios para grupos de hasta 20 personas. Si se trata de un grupo m\u00e1s grande, cons\u00faltenos y les indicamos las posibilidades.[\/vc_column_text][\/vc_column][\/vc_row][vc_row css=&#8221;.vc_custom_1486580172252{margin-top: 40px !important;}&#8221;][vc_column][vc_gallery type=&#8221;image_grid&#8221; images=&#8221;4807,4808,4809,4810,4811,4813&#8243;][\/vc_column][\/vc_row][vc_row content_placement=&#8221;middle&#8221; css=&#8221;.vc_custom_1486585373634{margin-right: 2px !important;margin-left: 2px !important;background-image: url(https:\/\/taxialicante.eu\/wp-content\/uploads\/2017\/02\/service-bg-5-2-1.png?id=1009) !important;background-position: center !important;background-repeat: no-repeat !important;background-size: cover !important;}&#8221;][vc_column][vc_row_inner][vc_column_inner el_class=&#8221;.padding-left-xs-15&#8243; css=&#8221;.vc_custom_1486561868414{padding-top: 120px !important;padding-bottom: 40px !important;padding-left: 58px !important;background-position: center !important;background-repeat: no-repeat !important;background-size: contain !important;}&#8221;][vc_custom_heading text=&#8221;Solicite aqu\u00ed&#8221; font_container=&#8221;tag:h2|font_size:30|text_align:left|line_height:1&#8243; use_theme_fonts=&#8221;yes&#8221; show_box_icon=&#8221;&#8221; font_weight=&#8221;700&#8243; text_transform=&#8221;none&#8221;][vc_custom_heading text=&#8221;un presupuesto sin compromiso.&#8221; font_container=&#8221;tag:h2|font_size:30|text_align:left|line_height:1&#8243; use_theme_fonts=&#8221;yes&#8221; show_box_icon=&#8221;&#8221; font_weight=&#8221;700&#8243; text_transform=&#8221;none&#8221; css=&#8221;.vc_custom_1488643595619{margin-top: 6px !important;}&#8221;][\/vc_column_inner][\/vc_row_inner][boardthemes_button has_arrow=&#8221;yes&#8221; text=&#8221;CLIC AQUI&#8221; link=&#8221;url:http%3A%2F%2Fwww.taxialicante.eu%2Fes%2Fpresupuesto-transfer-aeropuerto%2F|||&#8221; css=&#8221;.vc_custom_1490189879712{margin-bottom: 30px !important;margin-left: 45px !important;}&#8221;][\/vc_column][\/vc_row]<\/p>\n<\/section>","protected":false},"excerpt":{"rendered":"<p>[vc_row][vc_column css=&#8221;.vc_custom_1486570994307{margin-top: -20px !important;margin-bottom: -40px !important;}&#8221;][vc_column_text]\u00bfNecesita un traslado en grupo, como por ejemplo, para varios empleados a un congreso, una salida en amigos por la noche, un tour en familia por la Costa Blanca u en otro punto de Espa\u00f1a? Taxi Alicante ofrece traslados eficientes y seguros para grupos grandes y reducidos, desde y hacia eventos o aeropuertos en Alicante y Valencia. Disponemos de diferentes microbuses para grupos reducidos, as\u00ed como un autob\u00fas Neoplan Cityliner para grupos grandes de hasta 54 personas. Nuestro conductor tiene una amplia experiencia en traslado de grupos y habla varios idiomas, para ofrecerle un viaje agradable y seguro hacia su destino. Si necesita un microb\u00fas barato, Taxi Alicante es la mejor oci\u00f3n. Ofrecer traslados de grupos a un precio fijo y barato. Ya sea por la noche o durante hora punta, el precio acordado no variar\u00e1. La ventaja es que no usamos tax\u00edmetro, sino que nos ajustamos siempre al precio acordado, independientemente de las circunstancias. Ofrecemos adem\u00e1s traslados de grupos desde Alicante y Valencia por toda Espa\u00f1a, con minibuses con capacidad para 20 personas, aun precio fijo y bajo. Les llevaremos por supuesto al punto exacto de su destino, ya sea un hotel, un apartamento, [&hellip;]<\/p>\n","protected":false},"author":1,"featured_media":0,"parent":0,"menu_order":0,"comment_status":"closed","ping_status":"closed","template":"","meta":{"footnotes":""},"class_list":["post-1644","page","type-page","status-publish","hentry"],"yoast_head":"<!-- This site is optimized with the Yoast SEO plugin v26.5 - https:\/\/yoast.com\/wordpress\/plugins\/seo\/ -->\n<title>Traslado en grupo al mejor precio al aeropuerto Alicante y Valencia<\/title>\n<meta name=\"description\" content=\"\u00bfNecesita un traslado en grupo, como una salida en amigos por la noche o un tour en familia por la Costa Blanca u por otro punto de Espa\u00f1a? Taxi Alicante!\" \/>\n<meta name=\"robots\" content=\"index, follow, max-snippet:-1, max-image-preview:large, max-video-preview:-1\" \/>\n<meta property=\"og:locale\" content=\"es_ES\" \/>\n<meta property=\"og:type\" content=\"article\" \/>\n<meta property=\"og:title\" content=\"Traslado en grupo al mejor precio al aeropuerto Alicante y Valencia\" \/>\n<meta property=\"og:description\" content=\"\u00bfNecesita un traslado en grupo, como una salida en amigos por la noche o un tour en familia por la Costa Blanca u por otro punto de Espa\u00f1a? Taxi Alicante!\" \/>\n<meta property=\"og:url\" content=\"https:\/\/taxialicante.eu\/es\/traslado-en-grupo-espana\/\" \/>\n<meta property=\"og:site_name\" content=\"Taxi Alicante\" \/>\n<meta property=\"article:publisher\" content=\"https:\/\/www.facebook.com\/taxialicantevalencia\/?fref=ts\" \/>\n<meta property=\"article:modified_time\" content=\"2021-04-05T16:44:50+00:00\" \/>\n<meta name=\"twitter:card\" content=\"summary_large_image\" \/>\n<meta name=\"twitter:label1\" content=\"Est. reading time\" \/>\n\t<meta name=\"twitter:data1\" content=\"2 minutes\" \/>\n<script type=\"application\/ld+json\" class=\"yoast-schema-graph\">{\"@context\":\"https:\/\/schema.org\",\"@graph\":[{\"@type\":\"WebPage\",\"@id\":\"https:\/\/taxialicante.eu\/es\/traslado-en-grupo-espana\/\",\"url\":\"https:\/\/taxialicante.eu\/es\/traslado-en-grupo-espana\/\",\"name\":\"Traslado en grupo al mejor precio al aeropuerto Alicante y Valencia\",\"isPartOf\":{\"@id\":\"https:\/\/taxialicante.eu\/#website\"},\"datePublished\":\"2017-02-03T13:16:23+00:00\",\"dateModified\":\"2021-04-05T16:44:50+00:00\",\"description\":\"\u00bfNecesita un traslado en grupo, como una salida en amigos por la noche o un tour en familia por la Costa Blanca u por otro punto de Espa\u00f1a? Taxi Alicante!\",\"breadcrumb\":{\"@id\":\"https:\/\/taxialicante.eu\/es\/traslado-en-grupo-espana\/#breadcrumb\"},\"inLanguage\":\"es\",\"potentialAction\":[{\"@type\":\"ReadAction\",\"target\":[\"https:\/\/taxialicante.eu\/es\/traslado-en-grupo-espana\/\"]}]},{\"@type\":\"BreadcrumbList\",\"@id\":\"https:\/\/taxialicante.eu\/es\/traslado-en-grupo-espana\/#breadcrumb\",\"itemListElement\":[{\"@type\":\"ListItem\",\"position\":1,\"name\":\"Home\",\"item\":\"https:\/\/taxialicante.eu\/es\/\"},{\"@type\":\"ListItem\",\"position\":2,\"name\":\"Traslado en grupo\"}]},{\"@type\":\"WebSite\",\"@id\":\"https:\/\/taxialicante.eu\/#website\",\"url\":\"https:\/\/taxialicante.eu\/\",\"name\":\"Taxi Alicante\",\"description\":\"25 jaar ervaring in luchthavenvervoer\",\"publisher\":{\"@id\":\"https:\/\/taxialicante.eu\/#organization\"},\"potentialAction\":[{\"@type\":\"SearchAction\",\"target\":{\"@type\":\"EntryPoint\",\"urlTemplate\":\"https:\/\/taxialicante.eu\/?s={search_term_string}\"},\"query-input\":{\"@type\":\"PropertyValueSpecification\",\"valueRequired\":true,\"valueName\":\"search_term_string\"}}],\"inLanguage\":\"es\"},{\"@type\":\"Organization\",\"@id\":\"https:\/\/taxialicante.eu\/#organization\",\"name\":\"Taxi Alicante\",\"url\":\"https:\/\/taxialicante.eu\/\",\"logo\":{\"@type\":\"ImageObject\",\"inLanguage\":\"es\",\"@id\":\"https:\/\/taxialicante.eu\/#\/schema\/logo\/image\/\",\"url\":\"https:\/\/taxialicante.eu\/wp-content\/uploads\/2017\/02\/logo-red-1.png\",\"contentUrl\":\"https:\/\/taxialicante.eu\/wp-content\/uploads\/2017\/02\/logo-red-1.png\",\"width\":350,\"height\":84,\"caption\":\"Taxi Alicante\"},\"image\":{\"@id\":\"https:\/\/taxialicante.eu\/#\/schema\/logo\/image\/\"},\"sameAs\":[\"https:\/\/www.facebook.com\/taxialicantevalencia\/?fref=ts\"]}]}<\/script>\n<!-- \/ Yoast SEO plugin. -->","yoast_head_json":{"title":"Traslado en grupo al mejor precio al aeropuerto Alicante y Valencia","description":"\u00bfNecesita un traslado en grupo, como una salida en amigos por la noche o un tour en familia por la Costa Blanca u por otro punto de Espa\u00f1a? Taxi Alicante!","robots":{"index":"index","follow":"follow","max-snippet":"max-snippet:-1","max-image-preview":"max-image-preview:large","max-video-preview":"max-video-preview:-1"},"og_locale":"es_ES","og_type":"article","og_title":"Traslado en grupo al mejor precio al aeropuerto Alicante y Valencia","og_description":"\u00bfNecesita un traslado en grupo, como una salida en amigos por la noche o un tour en familia por la Costa Blanca u por otro punto de Espa\u00f1a? Taxi Alicante!","og_url":"https:\/\/taxialicante.eu\/es\/traslado-en-grupo-espana\/","og_site_name":"Taxi Alicante","article_publisher":"https:\/\/www.facebook.com\/taxialicantevalencia\/?fref=ts","article_modified_time":"2021-04-05T16:44:50+00:00","twitter_card":"summary_large_image","twitter_misc":{"Est. reading time":"2 minutes"},"schema":{"@context":"https:\/\/schema.org","@graph":[{"@type":"WebPage","@id":"https:\/\/taxialicante.eu\/es\/traslado-en-grupo-espana\/","url":"https:\/\/taxialicante.eu\/es\/traslado-en-grupo-espana\/","name":"Traslado en grupo al mejor precio al aeropuerto Alicante y Valencia","isPartOf":{"@id":"https:\/\/taxialicante.eu\/#website"},"datePublished":"2017-02-03T13:16:23+00:00","dateModified":"2021-04-05T16:44:50+00:00","description":"\u00bfNecesita un traslado en grupo, como una salida en amigos por la noche o un tour en familia por la Costa Blanca u por otro punto de Espa\u00f1a? Taxi Alicante!","breadcrumb":{"@id":"https:\/\/taxialicante.eu\/es\/traslado-en-grupo-espana\/#breadcrumb"},"inLanguage":"es","potentialAction":[{"@type":"ReadAction","target":["https:\/\/taxialicante.eu\/es\/traslado-en-grupo-espana\/"]}]},{"@type":"BreadcrumbList","@id":"https:\/\/taxialicante.eu\/es\/traslado-en-grupo-espana\/#breadcrumb","itemListElement":[{"@type":"ListItem","position":1,"name":"Home","item":"https:\/\/taxialicante.eu\/es\/"},{"@type":"ListItem","position":2,"name":"Traslado en grupo"}]},{"@type":"WebSite","@id":"https:\/\/taxialicante.eu\/#website","url":"https:\/\/taxialicante.eu\/","name":"Taxi Alicante","description":"25 jaar ervaring in luchthavenvervoer","publisher":{"@id":"https:\/\/taxialicante.eu\/#organization"},"potentialAction":[{"@type":"SearchAction","target":{"@type":"EntryPoint","urlTemplate":"https:\/\/taxialicante.eu\/?s={search_term_string}"},"query-input":{"@type":"PropertyValueSpecification","valueRequired":true,"valueName":"search_term_string"}}],"inLanguage":"es"},{"@type":"Organization","@id":"https:\/\/taxialicante.eu\/#organization","name":"Taxi Alicante","url":"https:\/\/taxialicante.eu\/","logo":{"@type":"ImageObject","inLanguage":"es","@id":"https:\/\/taxialicante.eu\/#\/schema\/logo\/image\/","url":"https:\/\/taxialicante.eu\/wp-content\/uploads\/2017\/02\/logo-red-1.png","contentUrl":"https:\/\/taxialicante.eu\/wp-content\/uploads\/2017\/02\/logo-red-1.png","width":350,"height":84,"caption":"Taxi Alicante"},"image":{"@id":"https:\/\/taxialicante.eu\/#\/schema\/logo\/image\/"},"sameAs":["https:\/\/www.facebook.com\/taxialicantevalencia\/?fref=ts"]}]}},"_links":{"self":[{"href":"https:\/\/taxialicante.eu\/es\/wp-json\/wp\/v2\/pages\/1644","targetHints":{"allow":["GET"]}}],"collection":[{"href":"https:\/\/taxialicante.eu\/es\/wp-json\/wp\/v2\/pages"}],"about":[{"href":"https:\/\/taxialicante.eu\/es\/wp-json\/wp\/v2\/types\/page"}],"author":[{"embeddable":true,"href":"https:\/\/taxialicante.eu\/es\/wp-json\/wp\/v2\/users\/1"}],"replies":[{"embeddable":true,"href":"https:\/\/taxialicante.eu\/es\/wp-json\/wp\/v2\/comments?post=1644"}],"version-history":[{"count":2,"href":"https:\/\/taxialicante.eu\/es\/wp-json\/wp\/v2\/pages\/1644\/revisions"}],"predecessor-version":[{"id":5367,"href":"https:\/\/taxialicante.eu\/es\/wp-json\/wp\/v2\/pages\/1644\/revisions\/5367"}],"wp:attachment":[{"href":"https:\/\/taxialicante.eu\/es\/wp-json\/wp\/v2\/media?parent=1644"}],"curies":[{"name":"wp","href":"https:\/\/api.w.org\/{rel}","templated":true}]}}