{"id":4454,"date":"2018-12-11T11:57:04","date_gmt":"2018-12-11T10:57:04","guid":{"rendered":"http:\/\/www.taxialicante.eu\/ceremonievervoer\/"},"modified":"2021-04-05T18:53:49","modified_gmt":"2021-04-05T16:53:49","slug":"transporte-de-ceremonia","status":"publish","type":"page","link":"https:\/\/taxialicante.eu\/es\/transporte-de-ceremonia\/","title":{"rendered":"Transporte de ceremonia"},"content":{"rendered":"<section class=\"wpb-content-wrapper\"><p>[vc_row][vc_column css=&#8221;.vc_custom_1486570994307{margin-top: -20px !important;margin-bottom: -40px !important;}&#8221;][vc_column_text]\u00bfEl gran d\u00eda est\u00e1 en la puerta o organiza un evento especial? \u00bfBuscas transporte de ceremonia con un poquito m\u00e1s? Entonces descubre nuestros bellos coches ceremoniales. El d\u00eda de tu boda es uno de los d\u00edas m\u00e1s importantes de tu vida. En <strong><a style=\"color: #e62d38;\" href=\"https:\/\/taxialicante.eu\/es\/\">Taxi Alicante<\/a><\/strong> hacemos todo lo posible para satisfacer sus necesidades. De esta manera, nos aseguramos de que usted y sus invitados lleguen a tiempo, con comodidad y estilo. Trabajamos con tu <strong>organizador de boda<\/strong>\u00a0para organizar el transporte de tu boda en la Costa Blanca.<\/p>\n<h2>Descubre las posibilidades en el transporte ceremonial<\/h2>\n<p>En cuanto al transporte ceremonial, hay muchas opciones: optar por un veterano divertido, una limusina o un autom\u00f3vil de lujo como nuestro <strong><a style=\"color: #e62d38;\" href=\"https:\/\/taxialicante.eu\/es\/traslado-para-empresas-costablanca\/\">Mercedes S-Class<\/a><\/strong>. Por ejemplo, en el transporte de bodas tambi\u00e9n tiene un servicio de transporte que lo lleva a usted y a sus invitados desde el estacionamiento hasta la sala de fiestas. Taxi Alicante siempre tiene una oferta de coches ceremoniales con conductor. Lo cuidamos en todas partes: servicio de recogida en la sala de fiestas, en su hogar, en la iglesia o donde lo desee de una manera \u00fanica. Nos gusta trabajar con usted (o con su organizador de bodas) en este d\u00eda memorable para llevar a todos a los diferentes lugares y hacemos todo lo posible para que este d\u00eda sea lo m\u00e1s tranquilo posible.<\/p>\n<p>\u00bfSe casar\u00e1 pronto, organizar\u00e1 un evento divertido o le gustar\u00eda ser transportado de una manera especial? \u00a1Entonces aseg\u00farese de contar con nuestra <strong><a style=\"color: #e62d38;\" href=\"https:\/\/taxialicante.eu\/es\/traslados-aeropuerto-transfer-aeropuerto\/\">experiencia<\/a><\/strong> para su transporte ceremonial en la Costa Blanca!<\/p>\n<h2>Transporte de ceremonia? Si\u00e9ntete libre de contactarnos<\/h2>\n<p>Taxi Alicante est\u00e1 a su disposici\u00f3n, para darle a su boda un poco m\u00e1s del comienzo exitoso. Tenemos empleados multiling\u00fces y discretos que aseguran un curso de movimiento sin problemas, con autos lujosamente equipados.<\/p>\n<p>\u00bfHas sentido curiosidad por lo que podemos hacer por ti? No dude en contactarnos, con gusto lo ayudaremos a encontrar el (los) auto (s) o decoraci\u00f3n perfecto. Debido a que cada oportunidad es \u00fanica, no utilizamos una lista de precios general. Una <strong><a style=\"color: #e62d38;\" href=\"https:\/\/taxialicante.eu\/es\/presupuesto-transfer-aeropuerto\/\">cotizaci\u00f3n gratuita<\/a><\/strong> se elabora de acuerdo con las necesidades y deseos de nuestro cliente.[\/vc_column_text][\/vc_column][\/vc_row][vc_row css=&#8221;.vc_custom_1486580172252{margin-top: 40px !important;}&#8221;][vc_column][vc_custom_heading text=&#8221;Mercedes S-Klasse&#8221; use_theme_fonts=&#8221;yes&#8221; font_weight=&#8221;400&#8243; text_transform=&#8221;none&#8221;][vc_gallery type=&#8221;image_grid&#8221; images=&#8221;4381,4382,4383,4384&#8243;][vc_custom_heading text=&#8221;Jaguar XJ Executive&#8221; use_theme_fonts=&#8221;yes&#8221; font_weight=&#8221;400&#8243; text_transform=&#8221;none&#8221;][vc_gallery type=&#8221;image_grid&#8221; images=&#8221;4376,4377,4379,4378&#8243;][vc_custom_heading text=&#8221;Jaguar XJ 3 Sovereign 4.2&#8243; use_theme_fonts=&#8221;yes&#8221; font_weight=&#8221;400&#8243; text_transform=&#8221;none&#8221;][vc_gallery type=&#8221;image_grid&#8221; images=&#8221;4386,4387,4389,4388&#8243;][vc_custom_heading text=&#8221;Jaguar Daimler 4.0&#8243; use_theme_fonts=&#8221;yes&#8221; font_weight=&#8221;400&#8243; text_transform=&#8221;none&#8221;][vc_gallery type=&#8221;image_grid&#8221; images=&#8221;4397,4398,4400,4399&#8243;][vc_custom_heading text=&#8221;Mini Cooper&#8221; use_theme_fonts=&#8221;yes&#8221; font_weight=&#8221;400&#8243; text_transform=&#8221;none&#8221;][vc_gallery type=&#8221;image_grid&#8221; images=&#8221;4391,4392,4393,4394&#8243;][vc_custom_heading text=&#8221;Limousine Lincoln&#8221; use_theme_fonts=&#8221;yes&#8221; font_weight=&#8221;400&#8243; text_transform=&#8221;none&#8221;][vc_gallery type=&#8221;image_grid&#8221; images=&#8221;4371,4373,4370,4372&#8243;][\/vc_column][\/vc_row][vc_row content_placement=&#8221;middle&#8221; css=&#8221;.vc_custom_1486585373634{margin-right: 2px !important;margin-left: 2px !important;background-image: url(https:\/\/taxialicante.eu\/wp-content\/uploads\/2017\/02\/service-bg-5-2-1.png?id=1009) !important;background-position: center !important;background-repeat: no-repeat !important;background-size: cover !important;}&#8221;][vc_column][vc_row_inner][vc_column_inner el_class=&#8221;.padding-left-xs-15&#8243; css=&#8221;.vc_custom_1486561868414{padding-top: 120px !important;padding-bottom: 40px !important;padding-left: 58px !important;background-position: center !important;background-repeat: no-repeat !important;background-size: contain !important;}&#8221;][vc_custom_heading text=&#8221;Solicite aqu\u00ed&#8221; font_container=&#8221;tag:h2|font_size:30|text_align:left|line_height:1&#8243; use_theme_fonts=&#8221;yes&#8221; show_box_icon=&#8221;&#8221; font_weight=&#8221;700&#8243; text_transform=&#8221;none&#8221;][vc_custom_heading text=&#8221;un presupuesto sin compromiso.&#8221; font_container=&#8221;tag:h2|font_size:30|text_align:left|line_height:1&#8243; use_theme_fonts=&#8221;yes&#8221; show_box_icon=&#8221;&#8221; font_weight=&#8221;700&#8243; text_transform=&#8221;none&#8221; css=&#8221;.vc_custom_1547113729998{margin-top: 6px !important;}&#8221;][\/vc_column_inner][\/vc_row_inner][boardthemes_button has_arrow=&#8221;yes&#8221; text=&#8221;CLIC AQUI&#8221; link=&#8221;url:http%3A%2F%2Fwww.taxialicante.eu%2Fes%2Fpresupuesto-transfer-aeropuerto%2F|||&#8221; css=&#8221;.vc_custom_1490189879712{margin-bottom: 30px !important;margin-left: 45px !important;}&#8221;][\/vc_column][\/vc_row]<\/p>\n<\/section>","protected":false},"excerpt":{"rendered":"<p>[vc_row][vc_column css=&#8221;.vc_custom_1486570994307{margin-top: -20px !important;margin-bottom: -40px !important;}&#8221;][vc_column_text]\u00bfEl gran d\u00eda est\u00e1 en la puerta o organiza un evento especial? \u00bfBuscas transporte de ceremonia con un poquito m\u00e1s? Entonces descubre nuestros bellos coches ceremoniales. El d\u00eda de tu boda es uno de los d\u00edas m\u00e1s importantes de tu vida. En Taxi Alicante hacemos todo lo posible para satisfacer sus necesidades. De esta manera, nos aseguramos de que usted y sus invitados lleguen a tiempo, con comodidad y estilo. Trabajamos con tu organizador de boda\u00a0para organizar el transporte de tu boda en la Costa Blanca. Descubre las posibilidades en el transporte ceremonial En cuanto al transporte ceremonial, hay muchas opciones: optar por un veterano divertido, una limusina o un autom\u00f3vil de lujo como nuestro Mercedes S-Class. Por ejemplo, en el transporte de bodas tambi\u00e9n tiene un servicio de transporte que lo lleva a usted y a sus invitados desde el estacionamiento hasta la sala de fiestas. Taxi Alicante siempre tiene una oferta de coches ceremoniales con conductor. Lo cuidamos en todas partes: servicio de recogida en la sala de fiestas, en su hogar, en la iglesia o donde lo desee de una manera \u00fanica. Nos gusta trabajar con usted (o con su organizador de [&hellip;]<\/p>\n","protected":false},"author":1,"featured_media":0,"parent":0,"menu_order":0,"comment_status":"closed","ping_status":"closed","template":"","meta":{"footnotes":""},"class_list":["post-4454","page","type-page","status-publish","hentry"],"yoast_head":"<!-- This site is optimized with the Yoast SEO plugin v26.5 - https:\/\/yoast.com\/wordpress\/plugins\/seo\/ -->\n<title>Transporte de ceremonia - Taxi Alicante Costa-Blanca - Espana<\/title>\n<meta name=\"description\" content=\"\u00bfEl gran d\u00eda est\u00e1 en la puerta o organiza un evento especial? \u00bfBuscas transporte de ceremonia con un poquito m\u00e1s? Nuestros bellos coches ceremoniales.\" \/>\n<meta name=\"robots\" content=\"index, follow, max-snippet:-1, max-image-preview:large, max-video-preview:-1\" \/>\n<meta property=\"og:locale\" content=\"es_ES\" \/>\n<meta property=\"og:type\" content=\"article\" \/>\n<meta property=\"og:title\" content=\"Transporte de ceremonia - Taxi Alicante Costa-Blanca - Espana\" \/>\n<meta property=\"og:description\" content=\"\u00bfEl gran d\u00eda est\u00e1 en la puerta o organiza un evento especial? \u00bfBuscas transporte de ceremonia con un poquito m\u00e1s? Nuestros bellos coches ceremoniales.\" \/>\n<meta property=\"og:url\" content=\"https:\/\/taxialicante.eu\/es\/transporte-de-ceremonia\/\" \/>\n<meta property=\"og:site_name\" content=\"Taxi Alicante\" \/>\n<meta property=\"article:publisher\" content=\"https:\/\/www.facebook.com\/taxialicantevalencia\/?fref=ts\" \/>\n<meta property=\"article:modified_time\" content=\"2021-04-05T16:53:49+00:00\" \/>\n<meta name=\"twitter:card\" content=\"summary_large_image\" \/>\n<meta name=\"twitter:label1\" content=\"Est. reading time\" \/>\n\t<meta name=\"twitter:data1\" content=\"3 minutes\" \/>\n<script type=\"application\/ld+json\" class=\"yoast-schema-graph\">{\"@context\":\"https:\/\/schema.org\",\"@graph\":[{\"@type\":\"WebPage\",\"@id\":\"https:\/\/taxialicante.eu\/es\/transporte-de-ceremonia\/\",\"url\":\"https:\/\/taxialicante.eu\/es\/transporte-de-ceremonia\/\",\"name\":\"Transporte de ceremonia - Taxi Alicante Costa-Blanca - Espana\",\"isPartOf\":{\"@id\":\"https:\/\/taxialicante.eu\/#website\"},\"datePublished\":\"2018-12-11T10:57:04+00:00\",\"dateModified\":\"2021-04-05T16:53:49+00:00\",\"description\":\"\u00bfEl gran d\u00eda est\u00e1 en la puerta o organiza un evento especial? \u00bfBuscas transporte de ceremonia con un poquito m\u00e1s? Nuestros bellos coches ceremoniales.\",\"breadcrumb\":{\"@id\":\"https:\/\/taxialicante.eu\/es\/transporte-de-ceremonia\/#breadcrumb\"},\"inLanguage\":\"es\",\"potentialAction\":[{\"@type\":\"ReadAction\",\"target\":[\"https:\/\/taxialicante.eu\/es\/transporte-de-ceremonia\/\"]}]},{\"@type\":\"BreadcrumbList\",\"@id\":\"https:\/\/taxialicante.eu\/es\/transporte-de-ceremonia\/#breadcrumb\",\"itemListElement\":[{\"@type\":\"ListItem\",\"position\":1,\"name\":\"Home\",\"item\":\"https:\/\/taxialicante.eu\/es\/\"},{\"@type\":\"ListItem\",\"position\":2,\"name\":\"Transporte de ceremonia\"}]},{\"@type\":\"WebSite\",\"@id\":\"https:\/\/taxialicante.eu\/#website\",\"url\":\"https:\/\/taxialicante.eu\/\",\"name\":\"Taxi Alicante\",\"description\":\"25 jaar ervaring in luchthavenvervoer\",\"publisher\":{\"@id\":\"https:\/\/taxialicante.eu\/#organization\"},\"potentialAction\":[{\"@type\":\"SearchAction\",\"target\":{\"@type\":\"EntryPoint\",\"urlTemplate\":\"https:\/\/taxialicante.eu\/?s={search_term_string}\"},\"query-input\":{\"@type\":\"PropertyValueSpecification\",\"valueRequired\":true,\"valueName\":\"search_term_string\"}}],\"inLanguage\":\"es\"},{\"@type\":\"Organization\",\"@id\":\"https:\/\/taxialicante.eu\/#organization\",\"name\":\"Taxi Alicante\",\"url\":\"https:\/\/taxialicante.eu\/\",\"logo\":{\"@type\":\"ImageObject\",\"inLanguage\":\"es\",\"@id\":\"https:\/\/taxialicante.eu\/#\/schema\/logo\/image\/\",\"url\":\"https:\/\/taxialicante.eu\/wp-content\/uploads\/2017\/02\/logo-red-1.png\",\"contentUrl\":\"https:\/\/taxialicante.eu\/wp-content\/uploads\/2017\/02\/logo-red-1.png\",\"width\":350,\"height\":84,\"caption\":\"Taxi Alicante\"},\"image\":{\"@id\":\"https:\/\/taxialicante.eu\/#\/schema\/logo\/image\/\"},\"sameAs\":[\"https:\/\/www.facebook.com\/taxialicantevalencia\/?fref=ts\"]}]}<\/script>\n<!-- \/ Yoast SEO plugin. -->","yoast_head_json":{"title":"Transporte de ceremonia - Taxi Alicante Costa-Blanca - Espana","description":"\u00bfEl gran d\u00eda est\u00e1 en la puerta o organiza un evento especial? \u00bfBuscas transporte de ceremonia con un poquito m\u00e1s? Nuestros bellos coches ceremoniales.","robots":{"index":"index","follow":"follow","max-snippet":"max-snippet:-1","max-image-preview":"max-image-preview:large","max-video-preview":"max-video-preview:-1"},"og_locale":"es_ES","og_type":"article","og_title":"Transporte de ceremonia - Taxi Alicante Costa-Blanca - Espana","og_description":"\u00bfEl gran d\u00eda est\u00e1 en la puerta o organiza un evento especial? \u00bfBuscas transporte de ceremonia con un poquito m\u00e1s? Nuestros bellos coches ceremoniales.","og_url":"https:\/\/taxialicante.eu\/es\/transporte-de-ceremonia\/","og_site_name":"Taxi Alicante","article_publisher":"https:\/\/www.facebook.com\/taxialicantevalencia\/?fref=ts","article_modified_time":"2021-04-05T16:53:49+00:00","twitter_card":"summary_large_image","twitter_misc":{"Est. reading time":"3 minutes"},"schema":{"@context":"https:\/\/schema.org","@graph":[{"@type":"WebPage","@id":"https:\/\/taxialicante.eu\/es\/transporte-de-ceremonia\/","url":"https:\/\/taxialicante.eu\/es\/transporte-de-ceremonia\/","name":"Transporte de ceremonia - Taxi Alicante Costa-Blanca - Espana","isPartOf":{"@id":"https:\/\/taxialicante.eu\/#website"},"datePublished":"2018-12-11T10:57:04+00:00","dateModified":"2021-04-05T16:53:49+00:00","description":"\u00bfEl gran d\u00eda est\u00e1 en la puerta o organiza un evento especial? \u00bfBuscas transporte de ceremonia con un poquito m\u00e1s? Nuestros bellos coches ceremoniales.","breadcrumb":{"@id":"https:\/\/taxialicante.eu\/es\/transporte-de-ceremonia\/#breadcrumb"},"inLanguage":"es","potentialAction":[{"@type":"ReadAction","target":["https:\/\/taxialicante.eu\/es\/transporte-de-ceremonia\/"]}]},{"@type":"BreadcrumbList","@id":"https:\/\/taxialicante.eu\/es\/transporte-de-ceremonia\/#breadcrumb","itemListElement":[{"@type":"ListItem","position":1,"name":"Home","item":"https:\/\/taxialicante.eu\/es\/"},{"@type":"ListItem","position":2,"name":"Transporte de ceremonia"}]},{"@type":"WebSite","@id":"https:\/\/taxialicante.eu\/#website","url":"https:\/\/taxialicante.eu\/","name":"Taxi Alicante","description":"25 jaar ervaring in luchthavenvervoer","publisher":{"@id":"https:\/\/taxialicante.eu\/#organization"},"potentialAction":[{"@type":"SearchAction","target":{"@type":"EntryPoint","urlTemplate":"https:\/\/taxialicante.eu\/?s={search_term_string}"},"query-input":{"@type":"PropertyValueSpecification","valueRequired":true,"valueName":"search_term_string"}}],"inLanguage":"es"},{"@type":"Organization","@id":"https:\/\/taxialicante.eu\/#organization","name":"Taxi Alicante","url":"https:\/\/taxialicante.eu\/","logo":{"@type":"ImageObject","inLanguage":"es","@id":"https:\/\/taxialicante.eu\/#\/schema\/logo\/image\/","url":"https:\/\/taxialicante.eu\/wp-content\/uploads\/2017\/02\/logo-red-1.png","contentUrl":"https:\/\/taxialicante.eu\/wp-content\/uploads\/2017\/02\/logo-red-1.png","width":350,"height":84,"caption":"Taxi Alicante"},"image":{"@id":"https:\/\/taxialicante.eu\/#\/schema\/logo\/image\/"},"sameAs":["https:\/\/www.facebook.com\/taxialicantevalencia\/?fref=ts"]}]}},"_links":{"self":[{"href":"https:\/\/taxialicante.eu\/es\/wp-json\/wp\/v2\/pages\/4454","targetHints":{"allow":["GET"]}}],"collection":[{"href":"https:\/\/taxialicante.eu\/es\/wp-json\/wp\/v2\/pages"}],"about":[{"href":"https:\/\/taxialicante.eu\/es\/wp-json\/wp\/v2\/types\/page"}],"author":[{"embeddable":true,"href":"https:\/\/taxialicante.eu\/es\/wp-json\/wp\/v2\/users\/1"}],"replies":[{"embeddable":true,"href":"https:\/\/taxialicante.eu\/es\/wp-json\/wp\/v2\/comments?post=4454"}],"version-history":[{"count":3,"href":"https:\/\/taxialicante.eu\/es\/wp-json\/wp\/v2\/pages\/4454\/revisions"}],"predecessor-version":[{"id":5380,"href":"https:\/\/taxialicante.eu\/es\/wp-json\/wp\/v2\/pages\/4454\/revisions\/5380"}],"wp:attachment":[{"href":"https:\/\/taxialicante.eu\/es\/wp-json\/wp\/v2\/media?parent=4454"}],"curies":[{"name":"wp","href":"https:\/\/api.w.org\/{rel}","templated":true}]}}