{"id":3217,"date":"2016-09-04T15:03:27","date_gmt":"2016-09-04T13:03:27","guid":{"rendered":"http:\/\/www.taxialicante.eu\/luchthaventransfer-luchthavenvervoer\/"},"modified":"2021-04-05T18:19:43","modified_gmt":"2021-04-05T16:19:43","slug":"transport-aeroport","status":"publish","type":"page","link":"https:\/\/taxialicante.eu\/fr\/transport-aeroport\/","title":{"rendered":"Pourquoi Taxi Alicante?"},"content":{"rendered":"<section class=\"wpb-content-wrapper\"><p>[vc_row css=&#8221;.vc_custom_1487164369415{margin-bottom: 30px !important;}&#8221;][vc_column width=&#8221;1\/2&#8243;][vc_custom_heading text=&#8221;Qui sommes-nous\u2026&#8221; font_container=&#8221;tag:h2|font_size:20|text_align:left|line_height:1&#8243; use_theme_fonts=&#8221;yes&#8221; show_box_icon=&#8221;yes&#8221; font_weight=&#8221;700&#8243; text_transform=&#8221;none&#8221;][vc_column_text css=&#8221;.vc_custom_1491121886381{margin-top: 25px !important;margin-bottom: 0px !important;}&#8221;]Notre <a style=\"color: #e62d38;\" href=\"https:\/\/taxialicante.eu\/fr\/services-de-taxi-costablanca\/\"><strong>service de taxi<\/strong><\/a> existe d\u00e9j\u00e0 plus de 25 ans. Nous sommes sp\u00e9cialis\u00e9s dans les transferts en taxi individuels ou en groupes depuis et vers les a\u00e9roports (transport aeroport). Nous couvrons \u00e9galement des trajets \u00e0 destination en dehors de l\u2019Espagne. De plus, Taxi Alicante ne se limite pas seulement pour le transfert aeroport, mais ils offrent aussi des transferts touristiques et des <strong><a style=\"color: #e62d38;\" href=\"https:\/\/taxialicante.eu\/fr\/transfert-pour-entreprises\/\">transferts pour entreprises<\/a><\/strong> comme voyages en bus vers et depuis les lieux de conf\u00e9rences, stations de train, ports maritimes, etc.[\/vc_column_text][\/vc_column][vc_column width=&#8221;1\/2&#8243;][vc_custom_heading text=&#8221;Notre mission&#8230;&#8221; font_container=&#8221;tag:h2|font_size:20|text_align:left|line_height:1&#8243; use_theme_fonts=&#8221;yes&#8221; show_box_icon=&#8221;yes&#8221; font_weight=&#8221;700&#8243; text_transform=&#8221;none&#8221;][vc_column_text css=&#8221;.vc_custom_1491121899524{margin-top: 25px !important;margin-bottom: 0px !important;}&#8221;]Chaque client de <a style=\"color: #e62d38;\" href=\"https:\/\/taxialicante.eu\/fr\/\"><strong>Taxi Alicante<\/strong><\/a> re\u00e7oit un service personnalis\u00e9 et ponctuel, sans aucun stress. \u00c0 votre arriv\u00e9e, nous serons en train de l\u2019attendre dans la salle d\u2019Arriv\u00e9e, vous pourrez oublier toute sorte de probl\u00e8mes concernant votre transfert ou le fait d\u2019avoir \u00e0 emporter avec vous vos bagages \u2013 nous vous transportons, vous et votre famille, <a style=\"color: #e62d38;\" href=\"https:\/\/taxialicante.eu\/fr\/transfert-aeroport-alicante-valence\/\"><strong>depuis et vers l\u2019a\u00e9roport<\/strong><\/a>. Vous pouvez aussi demander un service de taxi vers n\u2019importe quel destination en Espagne. Autrement dit, vous pourrez commencer vos vacances sans pr\u00e9occupations.[\/vc_column_text][\/vc_column][\/vc_row][vc_row][vc_column][vc_separator color=&#8221;custom&#8221; accent_color=&#8221;#eeeeee&#8221;][\/vc_column][\/vc_row][vc_row css=&#8221;.vc_custom_1487164406829{margin-top: 5px !important;}&#8221;][vc_column width=&#8221;1\/2&#8243;][vc_single_image image=&#8221;1987&#8243; img_size=&#8221;large&#8221;][\/vc_column][vc_column width=&#8221;1\/2&#8243;][vc_custom_heading text=&#8221;Flotte moderne&#8230;&#8221; font_container=&#8221;tag:h2|font_size:20|text_align:left|line_height:1&#8243; use_theme_fonts=&#8221;yes&#8221; show_box_icon=&#8221;yes&#8221; font_weight=&#8221;700&#8243; text_transform=&#8221;none&#8221;][vc_column_text css=&#8221;.vc_custom_1491121918764{margin-top: 25px !important;}&#8221;]Nous disposons d\u2019une flotte moderne et bien entretenue de v\u00e9hicules et minibus pour vous assurer un voyage agr\u00e9able et confortable depuis et vers l\u2019a\u00e9roport, pour <a style=\"color: #e62d38;\" href=\"https:\/\/taxialicante.eu\/fr\/transfert-en-groupe\/\"><strong>transfert en groupe<\/strong><\/a>, transfert en taxi et pour entreprises. Notre flotte dispose d\u2019une Mercedes-Benz Class S, Mercedes Viano, Mercedes Vito, Mercedes Class E, entre autres. De m\u00eame, nous procurons des solutions aux grands groupes, avec l\u2019autocar Neoplan Cityliner (pour 54 personnes max.) et diff\u00e9rents minibus pour 20 personnes max.<\/p>\n<p>Avec nous, vous \u00eates en de bonnes mains.<\/p>\n<p>Pour la r\u00e9servation de votre transport aeroport ou d\u2019autres solutions \u00e0 vos besoins concrets de transfert, vous pouvez nous contacter au num\u00e9ro 0034 620 666 661 ou remplir <strong style=\"color: #e62d38;\"><a style=\"color: #e62d38;\" href=\"https:\/\/taxialicante.eu\/fr\/devis-transfert-aeroport\/\">le formulaire pour un devis gratuit<\/a><\/strong>.[\/vc_column_text][\/vc_column][\/vc_row][vc_row css=&#8221;.vc_custom_1486826179661{margin-bottom: -80px !important;}&#8221;][vc_column][vc_text_separator title=&#8221;Taxi Alicante, le num\u00e9ro 1 en transferts d\u2019a\u00e9roport \u00e0 bon prix&#8221; i_icon_fontawesome=&#8221;fa fa-plane&#8221; i_size=&#8221;lg&#8221; style=&#8221;dotted&#8221; border_width=&#8221;2&#8243; add_icon=&#8221;true&#8221;][\/vc_column][\/vc_row]<\/p>\n<\/section>","protected":false},"excerpt":{"rendered":"<p>[vc_row css=&#8221;.vc_custom_1487164369415{margin-bottom: 30px !important;}&#8221;][vc_column width=&#8221;1\/2&#8243;][vc_custom_heading text=&#8221;Qui sommes-nous\u2026&#8221; font_container=&#8221;tag:h2|font_size:20|text_align:left|line_height:1&#8243; use_theme_fonts=&#8221;yes&#8221; show_box_icon=&#8221;yes&#8221; font_weight=&#8221;700&#8243; text_transform=&#8221;none&#8221;][vc_column_text css=&#8221;.vc_custom_1491121886381{margin-top: 25px !important;margin-bottom: 0px !important;}&#8221;]Notre service de taxi existe d\u00e9j\u00e0 plus de 25 ans. Nous sommes sp\u00e9cialis\u00e9s dans les transferts en taxi individuels ou en groupes depuis et vers les a\u00e9roports (transport aeroport). Nous couvrons \u00e9galement des trajets \u00e0 destination en dehors de l\u2019Espagne. De plus, Taxi Alicante ne se limite pas seulement pour le transfert aeroport, mais ils offrent aussi des transferts touristiques et des transferts pour entreprises comme voyages en bus vers et depuis les lieux de conf\u00e9rences, stations de train, ports maritimes, etc.[\/vc_column_text][\/vc_column][vc_column width=&#8221;1\/2&#8243;][vc_custom_heading text=&#8221;Notre mission&#8230;&#8221; font_container=&#8221;tag:h2|font_size:20|text_align:left|line_height:1&#8243; use_theme_fonts=&#8221;yes&#8221; show_box_icon=&#8221;yes&#8221; font_weight=&#8221;700&#8243; text_transform=&#8221;none&#8221;][vc_column_text css=&#8221;.vc_custom_1491121899524{margin-top: 25px !important;margin-bottom: 0px !important;}&#8221;]Chaque client de Taxi Alicante re\u00e7oit un service personnalis\u00e9 et ponctuel, sans aucun stress. \u00c0 votre arriv\u00e9e, nous serons en train de l\u2019attendre dans la salle d\u2019Arriv\u00e9e, vous pourrez oublier toute sorte de probl\u00e8mes concernant votre transfert ou le fait d\u2019avoir \u00e0 emporter avec vous vos bagages \u2013 nous vous transportons, vous et votre famille, depuis et vers l\u2019a\u00e9roport. Vous pouvez aussi demander un service de taxi vers n\u2019importe quel destination en Espagne. Autrement dit, vous pourrez commencer vos vacances sans pr\u00e9occupations.[\/vc_column_text][\/vc_column][\/vc_row][vc_row][vc_column][vc_separator color=&#8221;custom&#8221; accent_color=&#8221;#eeeeee&#8221;][\/vc_column][\/vc_row][vc_row css=&#8221;.vc_custom_1487164406829{margin-top: 5px !important;}&#8221;][vc_column width=&#8221;1\/2&#8243;][vc_single_image image=&#8221;1987&#8243; img_size=&#8221;large&#8221;][\/vc_column][vc_column [&hellip;]<\/p>\n","protected":false},"author":1,"featured_media":0,"parent":0,"menu_order":0,"comment_status":"closed","ping_status":"closed","template":"","meta":{"footnotes":""},"class_list":["post-3217","page","type-page","status-publish","hentry"],"yoast_head":"<!-- This site is optimized with the Yoast SEO plugin v26.5 - https:\/\/yoast.com\/wordpress\/plugins\/seo\/ -->\n<title>Transport a\u00e9roport Alicante ou Valence: choisissez Taxi Alicante - Espagne<\/title>\n<meta name=\"description\" content=\"Transfert aux aeroports d\u2019Alicante et Valence. Taxi Alicante, plus de 25 ans d\u2019exp\u00e9rience dans les services de taxi et transport a\u00e9roport.\" \/>\n<meta name=\"robots\" content=\"index, follow, max-snippet:-1, max-image-preview:large, max-video-preview:-1\" \/>\n<meta property=\"og:locale\" content=\"fr_FR\" \/>\n<meta property=\"og:type\" content=\"article\" \/>\n<meta property=\"og:title\" content=\"Transport a\u00e9roport Alicante ou Valence: choisissez Taxi Alicante - Espagne\" \/>\n<meta property=\"og:description\" content=\"Transfert aux aeroports d\u2019Alicante et Valence. Taxi Alicante, plus de 25 ans d\u2019exp\u00e9rience dans les services de taxi et transport a\u00e9roport.\" \/>\n<meta property=\"og:url\" content=\"https:\/\/taxialicante.eu\/fr\/transport-aeroport\/\" \/>\n<meta property=\"og:site_name\" content=\"Taxi Alicante\" \/>\n<meta property=\"article:publisher\" content=\"https:\/\/www.facebook.com\/taxialicantevalencia\/?fref=ts\" \/>\n<meta property=\"article:modified_time\" content=\"2021-04-05T16:19:43+00:00\" \/>\n<meta name=\"twitter:card\" content=\"summary_large_image\" \/>\n<meta name=\"twitter:label1\" content=\"Est. reading time\" \/>\n\t<meta name=\"twitter:data1\" content=\"2 minutes\" \/>\n<script type=\"application\/ld+json\" class=\"yoast-schema-graph\">{\"@context\":\"https:\/\/schema.org\",\"@graph\":[{\"@type\":\"WebPage\",\"@id\":\"https:\/\/taxialicante.eu\/fr\/transport-aeroport\/\",\"url\":\"https:\/\/taxialicante.eu\/fr\/transport-aeroport\/\",\"name\":\"Transport a\u00e9roport Alicante ou Valence: choisissez Taxi Alicante - Espagne\",\"isPartOf\":{\"@id\":\"https:\/\/taxialicante.eu\/#website\"},\"datePublished\":\"2016-09-04T13:03:27+00:00\",\"dateModified\":\"2021-04-05T16:19:43+00:00\",\"description\":\"Transfert aux aeroports d\u2019Alicante et Valence. Taxi Alicante, plus de 25 ans d\u2019exp\u00e9rience dans les services de taxi et transport a\u00e9roport.\",\"breadcrumb\":{\"@id\":\"https:\/\/taxialicante.eu\/fr\/transport-aeroport\/#breadcrumb\"},\"inLanguage\":\"fr\",\"potentialAction\":[{\"@type\":\"ReadAction\",\"target\":[\"https:\/\/taxialicante.eu\/fr\/transport-aeroport\/\"]}]},{\"@type\":\"BreadcrumbList\",\"@id\":\"https:\/\/taxialicante.eu\/fr\/transport-aeroport\/#breadcrumb\",\"itemListElement\":[{\"@type\":\"ListItem\",\"position\":1,\"name\":\"Home\",\"item\":\"https:\/\/taxialicante.eu\/fr\/\"},{\"@type\":\"ListItem\",\"position\":2,\"name\":\"Pourquoi Taxi Alicante?\"}]},{\"@type\":\"WebSite\",\"@id\":\"https:\/\/taxialicante.eu\/#website\",\"url\":\"https:\/\/taxialicante.eu\/\",\"name\":\"Taxi Alicante\",\"description\":\"25 jaar ervaring in luchthavenvervoer\",\"publisher\":{\"@id\":\"https:\/\/taxialicante.eu\/#organization\"},\"potentialAction\":[{\"@type\":\"SearchAction\",\"target\":{\"@type\":\"EntryPoint\",\"urlTemplate\":\"https:\/\/taxialicante.eu\/?s={search_term_string}\"},\"query-input\":{\"@type\":\"PropertyValueSpecification\",\"valueRequired\":true,\"valueName\":\"search_term_string\"}}],\"inLanguage\":\"fr\"},{\"@type\":\"Organization\",\"@id\":\"https:\/\/taxialicante.eu\/#organization\",\"name\":\"Taxi Alicante\",\"url\":\"https:\/\/taxialicante.eu\/\",\"logo\":{\"@type\":\"ImageObject\",\"inLanguage\":\"fr\",\"@id\":\"https:\/\/taxialicante.eu\/#\/schema\/logo\/image\/\",\"url\":\"https:\/\/taxialicante.eu\/wp-content\/uploads\/2017\/02\/logo-red-1.png\",\"contentUrl\":\"https:\/\/taxialicante.eu\/wp-content\/uploads\/2017\/02\/logo-red-1.png\",\"width\":350,\"height\":84,\"caption\":\"Taxi Alicante\"},\"image\":{\"@id\":\"https:\/\/taxialicante.eu\/#\/schema\/logo\/image\/\"},\"sameAs\":[\"https:\/\/www.facebook.com\/taxialicantevalencia\/?fref=ts\"]}]}<\/script>\n<!-- \/ Yoast SEO plugin. -->","yoast_head_json":{"title":"Transport a\u00e9roport Alicante ou Valence: choisissez Taxi Alicante - Espagne","description":"Transfert aux aeroports d\u2019Alicante et Valence. Taxi Alicante, plus de 25 ans d\u2019exp\u00e9rience dans les services de taxi et transport a\u00e9roport.","robots":{"index":"index","follow":"follow","max-snippet":"max-snippet:-1","max-image-preview":"max-image-preview:large","max-video-preview":"max-video-preview:-1"},"og_locale":"fr_FR","og_type":"article","og_title":"Transport a\u00e9roport Alicante ou Valence: choisissez Taxi Alicante - Espagne","og_description":"Transfert aux aeroports d\u2019Alicante et Valence. Taxi Alicante, plus de 25 ans d\u2019exp\u00e9rience dans les services de taxi et transport a\u00e9roport.","og_url":"https:\/\/taxialicante.eu\/fr\/transport-aeroport\/","og_site_name":"Taxi Alicante","article_publisher":"https:\/\/www.facebook.com\/taxialicantevalencia\/?fref=ts","article_modified_time":"2021-04-05T16:19:43+00:00","twitter_card":"summary_large_image","twitter_misc":{"Est. reading time":"2 minutes"},"schema":{"@context":"https:\/\/schema.org","@graph":[{"@type":"WebPage","@id":"https:\/\/taxialicante.eu\/fr\/transport-aeroport\/","url":"https:\/\/taxialicante.eu\/fr\/transport-aeroport\/","name":"Transport a\u00e9roport Alicante ou Valence: choisissez Taxi Alicante - Espagne","isPartOf":{"@id":"https:\/\/taxialicante.eu\/#website"},"datePublished":"2016-09-04T13:03:27+00:00","dateModified":"2021-04-05T16:19:43+00:00","description":"Transfert aux aeroports d\u2019Alicante et Valence. Taxi Alicante, plus de 25 ans d\u2019exp\u00e9rience dans les services de taxi et transport a\u00e9roport.","breadcrumb":{"@id":"https:\/\/taxialicante.eu\/fr\/transport-aeroport\/#breadcrumb"},"inLanguage":"fr","potentialAction":[{"@type":"ReadAction","target":["https:\/\/taxialicante.eu\/fr\/transport-aeroport\/"]}]},{"@type":"BreadcrumbList","@id":"https:\/\/taxialicante.eu\/fr\/transport-aeroport\/#breadcrumb","itemListElement":[{"@type":"ListItem","position":1,"name":"Home","item":"https:\/\/taxialicante.eu\/fr\/"},{"@type":"ListItem","position":2,"name":"Pourquoi Taxi Alicante?"}]},{"@type":"WebSite","@id":"https:\/\/taxialicante.eu\/#website","url":"https:\/\/taxialicante.eu\/","name":"Taxi Alicante","description":"25 jaar ervaring in luchthavenvervoer","publisher":{"@id":"https:\/\/taxialicante.eu\/#organization"},"potentialAction":[{"@type":"SearchAction","target":{"@type":"EntryPoint","urlTemplate":"https:\/\/taxialicante.eu\/?s={search_term_string}"},"query-input":{"@type":"PropertyValueSpecification","valueRequired":true,"valueName":"search_term_string"}}],"inLanguage":"fr"},{"@type":"Organization","@id":"https:\/\/taxialicante.eu\/#organization","name":"Taxi Alicante","url":"https:\/\/taxialicante.eu\/","logo":{"@type":"ImageObject","inLanguage":"fr","@id":"https:\/\/taxialicante.eu\/#\/schema\/logo\/image\/","url":"https:\/\/taxialicante.eu\/wp-content\/uploads\/2017\/02\/logo-red-1.png","contentUrl":"https:\/\/taxialicante.eu\/wp-content\/uploads\/2017\/02\/logo-red-1.png","width":350,"height":84,"caption":"Taxi Alicante"},"image":{"@id":"https:\/\/taxialicante.eu\/#\/schema\/logo\/image\/"},"sameAs":["https:\/\/www.facebook.com\/taxialicantevalencia\/?fref=ts"]}]}},"_links":{"self":[{"href":"https:\/\/taxialicante.eu\/fr\/wp-json\/wp\/v2\/pages\/3217","targetHints":{"allow":["GET"]}}],"collection":[{"href":"https:\/\/taxialicante.eu\/fr\/wp-json\/wp\/v2\/pages"}],"about":[{"href":"https:\/\/taxialicante.eu\/fr\/wp-json\/wp\/v2\/types\/page"}],"author":[{"embeddable":true,"href":"https:\/\/taxialicante.eu\/fr\/wp-json\/wp\/v2\/users\/1"}],"replies":[{"embeddable":true,"href":"https:\/\/taxialicante.eu\/fr\/wp-json\/wp\/v2\/comments?post=3217"}],"version-history":[{"count":2,"href":"https:\/\/taxialicante.eu\/fr\/wp-json\/wp\/v2\/pages\/3217\/revisions"}],"predecessor-version":[{"id":5336,"href":"https:\/\/taxialicante.eu\/fr\/wp-json\/wp\/v2\/pages\/3217\/revisions\/5336"}],"wp:attachment":[{"href":"https:\/\/taxialicante.eu\/fr\/wp-json\/wp\/v2\/media?parent=3217"}],"curies":[{"name":"wp","href":"https:\/\/api.w.org\/{rel}","templated":true}]}}