{"id":3223,"date":"2016-10-04T16:51:09","date_gmt":"2016-10-04T14:51:09","guid":{"rendered":"http:\/\/www.taxialicante.eu\/offerte-goedkoop-luchthavenvervoer\/"},"modified":"2024-04-30T20:18:53","modified_gmt":"2024-04-30T18:18:53","slug":"transferts-economiques-aeroport","status":"publish","type":"page","link":"https:\/\/taxialicante.eu\/fr\/transferts-economiques-aeroport\/","title":{"rendered":"Contact!"},"content":{"rendered":"<section class=\"wpb-content-wrapper\"><p>[vc_row][vc_column css=&#8221;.vc_custom_1486571020393{margin-top: -20px !important;}&#8221;][vc_column_text]Vous voulez offrir \u00e0 vos collaborateurs un service de taxi haute gamme avec nos services de <a style=\"color: #e62d38;\" href=\"https:\/\/taxialicante.eu\/fr\/transfert-pour-entreprises\/\"><strong>transferts pour entreprises<\/strong><\/a>? Vous cherchez un service de <a style=\"color: #e62d38;\" href=\"https:\/\/taxialicante.eu\/fr\/transfert-aeroport-alicante-valence\/\"><strong>transport \u00e9conomique<\/strong><\/a> (transferts \u00e9conomiques) <a style=\"color: #e62d38;\" href=\"https:\/\/taxialicante.eu\/fr\/transfert-aeroport-alicante-valence\/\"><strong>vers et depuis l\u2019a\u00e9roport d\u2019Alicante ou Valence<\/strong><\/a>, \u00e0 la Costa Blanca en Espagne? Vous avez des doutes ou vous voulez nous pr\u00e9venir d\u2019un changement?<\/p>\n<p>Nous serons enchant\u00e9s de vous aider \u00e0 travers l\u2019une des <a style=\"color: #e62d38;\" href=\"https:\/\/taxialicante.eu\/fr\/transfert-entreprises-aeroport\/\"><strong>m\u00e9thodes suivantes<\/strong><\/a>. \u00c0 Taxi Alicante, nous nous assurons de vous transporter de mani\u00e8re efficace et s\u00fbre \u00e0 votre destionation!<\/p>\n<p>N\u2019h\u00e9sitez pas \u00e0 nous contacter sans engagement pour des\u00a0transferts \u00e9conomiques vers et depuis l\u2019a\u00e9roport ou pour recevoir plus d\u2019informations concernant les diff\u00e9rents services de transfert que nous offrons. Vous pouvez aussi remplir le<a style=\"color: #e62d38;\" href=\"https:\/\/taxialicante.eu\/fr\/devis-transfert-aeroport\/\"><strong> formulaire de contact<\/strong><\/a> ci-joint. \u00c0 bient\u00f4t dans l\u2019un de nos taxis!<\/p>\n<p>Taxi Alicante fait partie de Alicante Elite Transfers SL sous CIF: B-02809770.[\/vc_column_text][\/vc_column][\/vc_row][vc_row css=&#8221;.vc_custom_1539679739915{margin-top: 30px !important;}&#8221;][vc_column][vc_tta_tabs][vc_tta_section title=&#8221;BUREAU ALICANTE&#8221; tab_id=&#8221;1475599785799-27ae17b5-d1c5&#8243;][vc_row_inner equal_height=&#8221;yes&#8221; css=&#8221;.vc_custom_1539679703476{padding-top: 30px !important;}&#8221;][vc_column_inner width=&#8221;1\/3&#8243; css=&#8221;.vc_custom_1539618092718{padding-left: 50px !important;background-color: #00182d !important;}&#8221;][boardthemes_contact_details style=&#8221;style2&#8243; location=&#8221;Partida el Planet 113, 03590 Altea&#8221; phone_number=&#8221;0034 620 666 661&#8243; email=&#8221;info@taxialicante.eu&#8221; working_hours=&#8221;24h\/24h&#8221; weekend_working_hours=&#8221;&#8221; css=&#8221;.vc_custom_1714501129919{margin-top: 28px !important;}&#8221;][boardthemes_social_icons style=&#8221;style2&#8243; facebook=&#8221;https:\/\/www.facebook.com\/taxialicantevalencia\/&#8221; intagram=&#8221;https:\/\/www.instagram.com\/taxi.alicante\/&#8221; google_plus=&#8221;&#8221; css=&#8221;.vc_custom_1539616052143{margin-top: 25px !important;}&#8221;][\/vc_column_inner][vc_column_inner el_class=&#8221;padding-left-md-0&#8243; width=&#8221;2\/3&#8243;][vc_gmaps link=&#8221;#E-8_JTNDaWZyYW1lJTIwc3JjJTNEJTIyaHR0cHMlM0ElMkYlMkZ3d3cuZ29vZ2xlLmNvbSUyRm1hcHMlMkZlbWJlZCUzRnBiJTNEJTIxMW0xOCUyMTFtMTIlMjExbTMlMjExZDMxMjguMDA2NzYzNjEzMjIwOCUyMTJkLTAuNDczODk5Njg0MTkyOTA5NyUyMTNkMzguMzcxOTY0OTc5NjU1MjMlMjEybTMlMjExZjAlMjEyZjAlMjEzZjAlMjEzbTIlMjExaTEwMjQlMjEyaTc2OCUyMTRmMTMuMSUyMTNtMyUyMTFtMiUyMTFzMHhkNjIzNzEzOTA1N2ZjMTMlMjUzQTB4MTNjZjM4YjYzNWM1NTEwNiUyMTJzVGF4aSUyQkFsaWNhbnRlJTIxNWUwJTIxM20yJTIxMXNubCUyMTJzYmUlMjE0djE1Mzk2MTMxMjQ1MjUlMjIlM0UlM0MlMkZpZnJhbWUlM0U=&#8221; size=&#8221;&#8221;][\/vc_column_inner][\/vc_row_inner][\/vc_tta_section][\/vc_tta_tabs][\/vc_column][\/vc_row][vc_row wrap_container=&#8221;yes&#8221; css=&#8221;.vc_custom_1487626475373{margin-top: -50px !important;margin-bottom: -100px !important;padding-top: 100px !important;padding-bottom: 88px !important;}&#8221;][vc_column width=&#8221;1\/2&#8243;][vc_custom_heading text=&#8221;Remplissez le formulaire contact&#8221; font_container=&#8221;tag:h2|font_size:30|text_align:left|line_height:1&#8243; use_theme_fonts=&#8221;yes&#8221; show_box_icon=&#8221;yes&#8221; font_weight=&#8221;700&#8243; text_transform=&#8221;none&#8221; css=&#8221;.vc_custom_1486228145277{margin-bottom: 44px !important;}&#8221;]\n<div class=\"wpcf7 no-js\" id=\"wpcf7-f3231-o1\" lang=\"nl\" dir=\"ltr\" data-wpcf7-id=\"3231\">\n<div class=\"screen-reader-response\"><p role=\"status\" aria-live=\"polite\" aria-atomic=\"true\"><\/p> <ul><\/ul><\/div>\n<form action=\"\/fr\/wp-json\/wp\/v2\/pages\/3223#wpcf7-f3231-o1\" method=\"post\" class=\"wpcf7-form init\" aria-label=\"Contact form\" novalidate=\"novalidate\" data-status=\"init\">\n<fieldset class=\"hidden-fields-container\"><input type=\"hidden\" name=\"_wpcf7\" value=\"3231\" \/><input type=\"hidden\" name=\"_wpcf7_version\" value=\"6.1.4\" \/><input type=\"hidden\" name=\"_wpcf7_locale\" value=\"nl\" \/><input type=\"hidden\" name=\"_wpcf7_unit_tag\" value=\"wpcf7-f3231-o1\" \/><input type=\"hidden\" name=\"_wpcf7_container_post\" value=\"0\" \/><input type=\"hidden\" name=\"_wpcf7_posted_data_hash\" value=\"\" \/><input type=\"hidden\" name=\"_wpcf7_recaptcha_response\" value=\"\" \/>\n<\/fieldset>\n<div class=\"fcp-wrapper\">\n\t<div class=\"row\">\n\t\t<div class=\"col-xs-6\">\n\t\t\t<div class=\"form-field-wrapper\">\n\t\t\t\t<p><label><br \/>\n<\/label>\n\t\t\t\t<\/p>\n\t\t\t\t<div class=\"form-field-label\">\n\t\t\t\t\t<p>PR\u00c9NOM ET NOM(S)\n\t\t\t\t\t\t<font color=\"red\">*\n\t\t\t\t\t\t<\/font>\n\t\t\t\t\t<\/p>\n\t\t\t\t<\/div>\n\t\t\t\t<div class=\"form-field form-field-user\">\n\t\t\t\t\t<p><span class=\"wpcf7-form-control-wrap\" data-name=\"your-name\"><input size=\"40\" maxlength=\"400\" class=\"wpcf7-form-control wpcf7-text wpcf7-validates-as-required\" aria-required=\"true\" aria-invalid=\"false\" value=\"\" type=\"text\" name=\"your-name\" \/><\/span>\n\t\t\t\t\t<\/p>\n\t\t\t\t<\/div>\n\t\t\t<\/div>\n\t\t<\/div>\n\t\t<div class=\"col-xs-6\">\n\t\t\t<div class=\"form-field-wrapper\">\n\t\t\t\t<p><label><br \/>\n<\/label>\n\t\t\t\t<\/p>\n\t\t\t\t<div class=\"form-field-label\">\n\t\t\t\t\t<p>EMAIL\n\t\t\t\t\t\t<font color=\"red\">*\n\t\t\t\t\t\t<\/font>\n\t\t\t\t\t<\/p>\n\t\t\t\t<\/div>\n\t\t\t\t<div class=\"form-field form-field-email\">\n\t\t\t\t\t<p><span class=\"wpcf7-form-control-wrap\" data-name=\"your-email\"><input size=\"40\" maxlength=\"400\" class=\"wpcf7-form-control wpcf7-email wpcf7-validates-as-required wpcf7-text wpcf7-validates-as-email\" aria-required=\"true\" aria-invalid=\"false\" value=\"\" type=\"email\" name=\"your-email\" \/><\/span>\n\t\t\t\t\t<\/p>\n\t\t\t\t<\/div>\n\t\t\t<\/div>\n\t\t<\/div>\n\t<\/div>\n\t<div class=\"row\">\n\t\t<div class=\"col-xs-6\">\n\t\t\t<div class=\"form-field-wrapper\">\n\t\t\t\t<p><label><br \/>\n<\/label>\n\t\t\t\t<\/p>\n\t\t\t\t<div class=\"form-field-label\">\n\t\t\t\t\t<p>NUM\u00c9RO DE T\u00c9L\u00c9PHONE\n\t\t\t\t\t\t<font color=\"red\">*\n\t\t\t\t\t\t<\/font>\n\t\t\t\t\t<\/p>\n\t\t\t\t<\/div>\n\t\t\t\t<div class=\"form-field form-field-phone\">\n\t\t\t\t\t<p><span class=\"wpcf7-form-control-wrap\" data-name=\"tel-565\"><input size=\"40\" maxlength=\"400\" class=\"wpcf7-form-control wpcf7-tel wpcf7-validates-as-required wpcf7-text wpcf7-validates-as-tel\" aria-required=\"true\" aria-invalid=\"false\" value=\"\" type=\"tel\" name=\"tel-565\" \/><\/span>\n\t\t\t\t\t<\/p>\n\t\t\t\t<\/div>\n\t\t\t<\/div>\n\t\t<\/div>\n\t\t<div class=\"col-xs-6\">\n\t\t\t<div class=\"form-field-wrapper\">\n\t\t\t\t<p><label><br \/>\n<\/label>\n\t\t\t\t<\/p>\n\t\t\t\t<div class=\"form-field-label\">\n\t\t\t\t\t<p>SUJET\n\t\t\t\t\t<\/p>\n\t\t\t\t<\/div>\n\t\t\t\t<div class=\"form-field form-field-select\">\n\t\t\t\t\t<p><span class=\"wpcf7-form-control-wrap\" data-name=\"menu-636\"><select class=\"wpcf7-form-control wpcf7-select\" aria-invalid=\"false\" name=\"menu-636\"><option value=\"Demande globale\">Demande globale<\/option><option value=\"Question de transport\">Question de transport<\/option><option value=\"Candidature spontan\u00e9e\">Candidature spontan\u00e9e<\/option><\/select><\/span>\n\t\t\t\t\t<\/p>\n\t\t\t\t<\/div>\n\t\t\t<\/div>\n\t\t<\/div>\n\t<\/div>\n\t<div class=\"row\">\n\t\t<div class=\"col-xs-12\">\n\t\t\t<div class=\"form-field-wrapper\">\n\t\t\t\t<div class=\"form-field-label\">\n\t\t\t\t\t<p>MESSAGE\n\t\t\t\t\t\t<font color=\"red\">*\n\t\t\t\t\t\t<\/font>\n\t\t\t\t\t<\/p>\n\t\t\t\t<\/div>\n\t\t\t\t<div class=\"form-field form-field-textarea\">\n\t\t\t\t\t<p><span class=\"wpcf7-form-control-wrap\" data-name=\"message\"><textarea cols=\"40\" rows=\"10\" maxlength=\"2000\" class=\"wpcf7-form-control wpcf7-textarea wpcf7-validates-as-required\" aria-required=\"true\" aria-invalid=\"false\" placeholder=\"Laisser votre message ici\" name=\"message\"><\/textarea><\/span>\n\t\t\t\t\t<\/p>\n\t\t\t\t<\/div>\n\t\t\t<\/div>\n\t\t<\/div>\n\t<\/div>\n\t<div class=\"row\">\n\t\t<div class=\"col-xs-12\">\n\t\t\t<p><button class=\"button-primary button-block\">ENVOYER!<\/button>\n\t\t\t<\/p>\n\t\t<\/div>\n\t<\/div>\n<\/div><div class=\"wpcf7-response-output\" aria-hidden=\"true\"><\/div>\n<\/form>\n<\/div>\n[\/vc_column][vc_column width=&#8221;1\/2&#8243; css=&#8221;.vc_custom_1473862959988{padding-left: 60px !important;}&#8221; el_class=&#8221;padding-left-xs-15 padding-top-xs-30&#8243;][vc_custom_heading text=&#8221;Contact du g\u00e9rent&#8221; font_container=&#8221;tag:h2|font_size:30|text_align:left|line_height:1&#8243; use_theme_fonts=&#8221;yes&#8221; show_box_icon=&#8221;yes&#8221; font_weight=&#8221;700&#8243; text_transform=&#8221;none&#8221;][boardthemes_staff_grid style=&#8221;list&#8221; max_items=&#8221;1&#8243; show_description=&#8221;&#8221; show_phone=&#8221;&#8221; show_email=&#8221;yes&#8221; show_skype=&#8221;yes&#8221; css=&#8221;.vc_custom_1492854631796{margin-top: 50px !important;padding-bottom: 20px !important;background-image: url(https:\/\/taxialicante.eu\/wp-content\/uploads\/2016\/10\/members-1-klein-1.png?id=2097) !important;background-position: 0 0 !important;background-repeat: no-repeat !important;}&#8221; el_class=&#8221;contact-staff-grid&#8221;][vc_separator][\/vc_column][\/vc_row]<\/p>\n<\/section>","protected":false},"excerpt":{"rendered":"<p>[vc_row][vc_column css=&#8221;.vc_custom_1486571020393{margin-top: -20px !important;}&#8221;][vc_column_text]Vous voulez offrir \u00e0 vos collaborateurs un service de taxi haute gamme avec nos services de transferts pour entreprises? Vous cherchez un service de transport \u00e9conomique (transferts \u00e9conomiques) vers et depuis l\u2019a\u00e9roport d\u2019Alicante ou Valence, \u00e0 la Costa Blanca en Espagne? Vous avez des doutes ou vous voulez nous pr\u00e9venir d\u2019un changement? Nous serons enchant\u00e9s de vous aider \u00e0 travers l\u2019une des m\u00e9thodes suivantes. \u00c0 Taxi Alicante, nous nous assurons de vous transporter de mani\u00e8re efficace et s\u00fbre \u00e0 votre destionation! N\u2019h\u00e9sitez pas \u00e0 nous contacter sans engagement pour des\u00a0transferts \u00e9conomiques vers et depuis l\u2019a\u00e9roport ou pour recevoir plus d\u2019informations concernant les diff\u00e9rents services de transfert que nous offrons. Vous pouvez aussi remplir le formulaire de contact ci-joint. \u00c0 bient\u00f4t dans l\u2019un de nos taxis! Taxi Alicante fait partie de Alicante Elite Transfers SL sous CIF: B-02809770.[\/vc_column_text][\/vc_column][\/vc_row][vc_row css=&#8221;.vc_custom_1539679739915{margin-top: 30px !important;}&#8221;][vc_column][vc_tta_tabs][vc_tta_section title=&#8221;BUREAU ALICANTE&#8221; tab_id=&#8221;1475599785799-27ae17b5-d1c5&#8243;][vc_row_inner equal_height=&#8221;yes&#8221; css=&#8221;.vc_custom_1539679703476{padding-top: 30px !important;}&#8221;][vc_column_inner width=&#8221;1\/3&#8243; css=&#8221;.vc_custom_1539618092718{padding-left: 50px !important;background-color: #00182d !important;}&#8221;][boardthemes_contact_details style=&#8221;style2&#8243; location=&#8221;Partida el Planet 113, 03590 Altea&#8221; phone_number=&#8221;0034 620 666 661&#8243; email=&#8221;info@taxialicante.eu&#8221; working_hours=&#8221;24h\/24h&#8221; weekend_working_hours=&#8221;&#8221; css=&#8221;.vc_custom_1714501129919{margin-top: 28px !important;}&#8221;][boardthemes_social_icons style=&#8221;style2&#8243; facebook=&#8221;https:\/\/www.facebook.com\/taxialicantevalencia\/&#8221; intagram=&#8221;https:\/\/www.instagram.com\/taxi.alicante\/&#8221; google_plus=&#8221;&#8221; css=&#8221;.vc_custom_1539616052143{margin-top: 25px !important;}&#8221;][\/vc_column_inner][vc_column_inner el_class=&#8221;padding-left-md-0&#8243; width=&#8221;2\/3&#8243;][vc_gmaps link=&#8221;#E-8_JTNDaWZyYW1lJTIwc3JjJTNEJTIyaHR0cHMlM0ElMkYlMkZ3d3cuZ29vZ2xlLmNvbSUyRm1hcHMlMkZlbWJlZCUzRnBiJTNEJTIxMW0xOCUyMTFtMTIlMjExbTMlMjExZDMxMjguMDA2NzYzNjEzMjIwOCUyMTJkLTAuNDczODk5Njg0MTkyOTA5NyUyMTNkMzguMzcxOTY0OTc5NjU1MjMlMjEybTMlMjExZjAlMjEyZjAlMjEzZjAlMjEzbTIlMjExaTEwMjQlMjEyaTc2OCUyMTRmMTMuMSUyMTNtMyUyMTFtMiUyMTFzMHhkNjIzNzEzOTA1N2ZjMTMlMjUzQTB4MTNjZjM4YjYzNWM1NTEwNiUyMTJzVGF4aSUyQkFsaWNhbnRlJTIxNWUwJTIxM20yJTIxMXNubCUyMTJzYmUlMjE0djE1Mzk2MTMxMjQ1MjUlMjIlM0UlM0MlMkZpZnJhbWUlM0U=&#8221; size=&#8221;&#8221;][\/vc_column_inner][\/vc_row_inner][\/vc_tta_section][\/vc_tta_tabs][\/vc_column][\/vc_row][vc_row wrap_container=&#8221;yes&#8221; css=&#8221;.vc_custom_1487626475373{margin-top: -50px !important;margin-bottom: -100px !important;padding-top: 100px !important;padding-bottom: 88px !important;}&#8221;][vc_column width=&#8221;1\/2&#8243;][vc_custom_heading text=&#8221;Remplissez le formulaire contact&#8221; font_container=&#8221;tag:h2|font_size:30|text_align:left|line_height:1&#8243; [&hellip;]<\/p>\n","protected":false},"author":1,"featured_media":0,"parent":0,"menu_order":0,"comment_status":"closed","ping_status":"closed","template":"","meta":{"footnotes":""},"class_list":["post-3223","page","type-page","status-publish","hentry"],"yoast_head":"<!-- This site is optimized with the Yoast SEO plugin v26.5 - https:\/\/yoast.com\/wordpress\/plugins\/seo\/ -->\n<title>Transferts \u00e9conomiques a\u00e9roport avec Taxi Alicante - Costa Blanca<\/title>\n<meta name=\"description\" content=\"Pour plus d\u2019informations concernant des transferts \u00e9conomiques vers et depuis l\u2019a\u00e9roport, remplissez le formulaire online et recevez le meilleur devis.\" \/>\n<meta name=\"robots\" content=\"index, follow, max-snippet:-1, max-image-preview:large, max-video-preview:-1\" \/>\n<meta property=\"og:locale\" content=\"fr_FR\" \/>\n<meta property=\"og:type\" content=\"article\" \/>\n<meta property=\"og:title\" content=\"Transferts \u00e9conomiques a\u00e9roport avec Taxi Alicante - Costa Blanca\" \/>\n<meta property=\"og:description\" content=\"Pour plus d\u2019informations concernant des transferts \u00e9conomiques vers et depuis l\u2019a\u00e9roport, remplissez le formulaire online et recevez le meilleur devis.\" \/>\n<meta property=\"og:url\" content=\"https:\/\/taxialicante.eu\/fr\/transferts-economiques-aeroport\/\" \/>\n<meta property=\"og:site_name\" content=\"Taxi Alicante\" \/>\n<meta property=\"article:publisher\" content=\"https:\/\/www.facebook.com\/taxialicantevalencia\/?fref=ts\" \/>\n<meta property=\"article:modified_time\" content=\"2024-04-30T18:18:53+00:00\" \/>\n<meta name=\"twitter:card\" content=\"summary_large_image\" \/>\n<meta name=\"twitter:label1\" content=\"Est. reading time\" \/>\n\t<meta name=\"twitter:data1\" content=\"2 minutes\" \/>\n<script type=\"application\/ld+json\" class=\"yoast-schema-graph\">{\"@context\":\"https:\/\/schema.org\",\"@graph\":[{\"@type\":\"WebPage\",\"@id\":\"https:\/\/taxialicante.eu\/fr\/transferts-economiques-aeroport\/\",\"url\":\"https:\/\/taxialicante.eu\/fr\/transferts-economiques-aeroport\/\",\"name\":\"Transferts \u00e9conomiques a\u00e9roport avec Taxi Alicante - Costa Blanca\",\"isPartOf\":{\"@id\":\"https:\/\/taxialicante.eu\/#website\"},\"datePublished\":\"2016-10-04T14:51:09+00:00\",\"dateModified\":\"2024-04-30T18:18:53+00:00\",\"description\":\"Pour plus d\u2019informations concernant des transferts \u00e9conomiques vers et depuis l\u2019a\u00e9roport, remplissez le formulaire online et recevez le meilleur devis.\",\"breadcrumb\":{\"@id\":\"https:\/\/taxialicante.eu\/fr\/transferts-economiques-aeroport\/#breadcrumb\"},\"inLanguage\":\"fr\",\"potentialAction\":[{\"@type\":\"ReadAction\",\"target\":[\"https:\/\/taxialicante.eu\/fr\/transferts-economiques-aeroport\/\"]}]},{\"@type\":\"BreadcrumbList\",\"@id\":\"https:\/\/taxialicante.eu\/fr\/transferts-economiques-aeroport\/#breadcrumb\",\"itemListElement\":[{\"@type\":\"ListItem\",\"position\":1,\"name\":\"Home\",\"item\":\"https:\/\/taxialicante.eu\/fr\/\"},{\"@type\":\"ListItem\",\"position\":2,\"name\":\"Contact!\"}]},{\"@type\":\"WebSite\",\"@id\":\"https:\/\/taxialicante.eu\/#website\",\"url\":\"https:\/\/taxialicante.eu\/\",\"name\":\"Taxi Alicante\",\"description\":\"25 jaar ervaring in luchthavenvervoer\",\"publisher\":{\"@id\":\"https:\/\/taxialicante.eu\/#organization\"},\"potentialAction\":[{\"@type\":\"SearchAction\",\"target\":{\"@type\":\"EntryPoint\",\"urlTemplate\":\"https:\/\/taxialicante.eu\/?s={search_term_string}\"},\"query-input\":{\"@type\":\"PropertyValueSpecification\",\"valueRequired\":true,\"valueName\":\"search_term_string\"}}],\"inLanguage\":\"fr\"},{\"@type\":\"Organization\",\"@id\":\"https:\/\/taxialicante.eu\/#organization\",\"name\":\"Taxi Alicante\",\"url\":\"https:\/\/taxialicante.eu\/\",\"logo\":{\"@type\":\"ImageObject\",\"inLanguage\":\"fr\",\"@id\":\"https:\/\/taxialicante.eu\/#\/schema\/logo\/image\/\",\"url\":\"https:\/\/taxialicante.eu\/wp-content\/uploads\/2017\/02\/logo-red-1.png\",\"contentUrl\":\"https:\/\/taxialicante.eu\/wp-content\/uploads\/2017\/02\/logo-red-1.png\",\"width\":350,\"height\":84,\"caption\":\"Taxi Alicante\"},\"image\":{\"@id\":\"https:\/\/taxialicante.eu\/#\/schema\/logo\/image\/\"},\"sameAs\":[\"https:\/\/www.facebook.com\/taxialicantevalencia\/?fref=ts\"]}]}<\/script>\n<!-- \/ Yoast SEO plugin. -->","yoast_head_json":{"title":"Transferts \u00e9conomiques a\u00e9roport avec Taxi Alicante - Costa Blanca","description":"Pour plus d\u2019informations concernant des transferts \u00e9conomiques vers et depuis l\u2019a\u00e9roport, remplissez le formulaire online et recevez le meilleur devis.","robots":{"index":"index","follow":"follow","max-snippet":"max-snippet:-1","max-image-preview":"max-image-preview:large","max-video-preview":"max-video-preview:-1"},"og_locale":"fr_FR","og_type":"article","og_title":"Transferts \u00e9conomiques a\u00e9roport avec Taxi Alicante - Costa Blanca","og_description":"Pour plus d\u2019informations concernant des transferts \u00e9conomiques vers et depuis l\u2019a\u00e9roport, remplissez le formulaire online et recevez le meilleur devis.","og_url":"https:\/\/taxialicante.eu\/fr\/transferts-economiques-aeroport\/","og_site_name":"Taxi Alicante","article_publisher":"https:\/\/www.facebook.com\/taxialicantevalencia\/?fref=ts","article_modified_time":"2024-04-30T18:18:53+00:00","twitter_card":"summary_large_image","twitter_misc":{"Est. reading time":"2 minutes"},"schema":{"@context":"https:\/\/schema.org","@graph":[{"@type":"WebPage","@id":"https:\/\/taxialicante.eu\/fr\/transferts-economiques-aeroport\/","url":"https:\/\/taxialicante.eu\/fr\/transferts-economiques-aeroport\/","name":"Transferts \u00e9conomiques a\u00e9roport avec Taxi Alicante - Costa Blanca","isPartOf":{"@id":"https:\/\/taxialicante.eu\/#website"},"datePublished":"2016-10-04T14:51:09+00:00","dateModified":"2024-04-30T18:18:53+00:00","description":"Pour plus d\u2019informations concernant des transferts \u00e9conomiques vers et depuis l\u2019a\u00e9roport, remplissez le formulaire online et recevez le meilleur devis.","breadcrumb":{"@id":"https:\/\/taxialicante.eu\/fr\/transferts-economiques-aeroport\/#breadcrumb"},"inLanguage":"fr","potentialAction":[{"@type":"ReadAction","target":["https:\/\/taxialicante.eu\/fr\/transferts-economiques-aeroport\/"]}]},{"@type":"BreadcrumbList","@id":"https:\/\/taxialicante.eu\/fr\/transferts-economiques-aeroport\/#breadcrumb","itemListElement":[{"@type":"ListItem","position":1,"name":"Home","item":"https:\/\/taxialicante.eu\/fr\/"},{"@type":"ListItem","position":2,"name":"Contact!"}]},{"@type":"WebSite","@id":"https:\/\/taxialicante.eu\/#website","url":"https:\/\/taxialicante.eu\/","name":"Taxi Alicante","description":"25 jaar ervaring in luchthavenvervoer","publisher":{"@id":"https:\/\/taxialicante.eu\/#organization"},"potentialAction":[{"@type":"SearchAction","target":{"@type":"EntryPoint","urlTemplate":"https:\/\/taxialicante.eu\/?s={search_term_string}"},"query-input":{"@type":"PropertyValueSpecification","valueRequired":true,"valueName":"search_term_string"}}],"inLanguage":"fr"},{"@type":"Organization","@id":"https:\/\/taxialicante.eu\/#organization","name":"Taxi Alicante","url":"https:\/\/taxialicante.eu\/","logo":{"@type":"ImageObject","inLanguage":"fr","@id":"https:\/\/taxialicante.eu\/#\/schema\/logo\/image\/","url":"https:\/\/taxialicante.eu\/wp-content\/uploads\/2017\/02\/logo-red-1.png","contentUrl":"https:\/\/taxialicante.eu\/wp-content\/uploads\/2017\/02\/logo-red-1.png","width":350,"height":84,"caption":"Taxi Alicante"},"image":{"@id":"https:\/\/taxialicante.eu\/#\/schema\/logo\/image\/"},"sameAs":["https:\/\/www.facebook.com\/taxialicantevalencia\/?fref=ts"]}]}},"_links":{"self":[{"href":"https:\/\/taxialicante.eu\/fr\/wp-json\/wp\/v2\/pages\/3223","targetHints":{"allow":["GET"]}}],"collection":[{"href":"https:\/\/taxialicante.eu\/fr\/wp-json\/wp\/v2\/pages"}],"about":[{"href":"https:\/\/taxialicante.eu\/fr\/wp-json\/wp\/v2\/types\/page"}],"author":[{"embeddable":true,"href":"https:\/\/taxialicante.eu\/fr\/wp-json\/wp\/v2\/users\/1"}],"replies":[{"embeddable":true,"href":"https:\/\/taxialicante.eu\/fr\/wp-json\/wp\/v2\/comments?post=3223"}],"version-history":[{"count":7,"href":"https:\/\/taxialicante.eu\/fr\/wp-json\/wp\/v2\/pages\/3223\/revisions"}],"predecessor-version":[{"id":6710,"href":"https:\/\/taxialicante.eu\/fr\/wp-json\/wp\/v2\/pages\/3223\/revisions\/6710"}],"wp:attachment":[{"href":"https:\/\/taxialicante.eu\/fr\/wp-json\/wp\/v2\/media?parent=3223"}],"curies":[{"name":"wp","href":"https:\/\/api.w.org\/{rel}","templated":true}]}}