{"id":3263,"date":"2016-09-08T16:14:24","date_gmt":"2016-09-08T14:14:24","guid":{"rendered":"http:\/\/www.taxialicante.eu\/luchthaven-transfer-faqs\/"},"modified":"2024-04-30T20:28:44","modified_gmt":"2024-04-30T18:28:44","slug":"service-aeroport","status":"publish","type":"page","link":"https:\/\/taxialicante.eu\/fr\/service-aeroport\/","title":{"rendered":"Questions Fr\u00e9quentes"},"content":{"rendered":"<section class=\"wpb-content-wrapper\"><p>[vc_row css=&#8221;.vc_custom_1487103403488{margin-top: -15px !important;}&#8221;][vc_column][vc_column_text][rev_slider_vc alias=&#8221;slider-faqs&#8221;][\/vc_column_text][\/vc_column][\/vc_row][vc_row css=&#8221;.vc_custom_1486722061065{margin-bottom: -50px !important;}&#8221;][vc_column][vc_column_text]Nous recevons fr\u00e9quemment des questions et des doutes concernant le service aeroport vers Alicante ou Valence. Dans la plupart des cas, il s\u2019agit de doutes concernant les retards de vols, l\u2019\u00e9quipage permis, etc. C\u2019est pourquoi, nous r\u00e9pondons \u00e0 vos questions les plus fr\u00e9quentes dans cette section. Si vous d\u00e9sirez des informations plus sp\u00e9cifiques, contactez-nous sans engagement.[\/vc_column_text][\/vc_column][\/vc_row][vc_row css=&#8221;.vc_custom_1486982197246{margin-top: 56px !important;margin-bottom: 10px !important;}&#8221;][vc_column width=&#8221;1\/2&#8243;][vc_custom_heading text=&#8221;<b>1.<\/b>Comment m\u2019accueilleront-ils et m\u2019attendront \u00e0 l\u2019a\u00e9roport?&#8221; font_container=&#8221;tag:h2|font_size:16|text_align:left|line_height:1&#8243; use_theme_fonts=&#8221;yes&#8221; show_box_icon=&#8221;&#8221; font_weight=&#8221;600&#8243; text_transform=&#8221;none&#8221; el_class=&#8221;heading-letter&#8221;][vc_column_text css=&#8221;.vc_custom_1491121570268{margin-top: 20px !important;}&#8221;]Le conducteur de <a style=\"color: #e62d38;\" href=\"https:\/\/taxialicante.eu\/fr\/\"><strong>Taxi Alicante<\/strong><\/a> vous attendera dans la salle d\u2019arriv\u00e9e avec une affiche annon\u00e7ant votre pr\u00e9nom. Il est conseill\u00e9 d\u2019allumer votre t\u00e9l\u00e9phone portable juste avant l\u2019atterrissage pour que le conducteur puisse vous contacter concernant votre service aeroport, si n\u00e9cessaire.[\/vc_column_text][\/vc_column][vc_column width=&#8221;1\/2&#8243;][vc_custom_heading text=&#8221;<b>2.<\/b>Puis-je demander que le conducteur aille chercher d\u2019autres personnes lors du trajet \u00e0 ma destination?&#8221; font_container=&#8221;tag:h2|font_size:16|text_align:left|line_height:1&#8243; use_theme_fonts=&#8221;yes&#8221; show_box_icon=&#8221;&#8221; font_weight=&#8221;600&#8243; text_transform=&#8221;none&#8221; el_class=&#8221;heading-letter&#8221;][vc_column_text css=&#8221;.vc_custom_1491121582603{margin-top: 20px !important;}&#8221;]Oui, nous fournissons ce service. Cependant, il est n\u00e9cessaire que vous l\u2019indiquiez dans votre <a style=\"color: #e62d38;\" href=\"https:\/\/taxialicante.eu\/fr\/devis-transfert-aeroport\/\"><strong>demande de devis<\/strong><\/a> comme \u201ctransfert de groupe\u201d. Nous cherchons toujours l\u2019option qui s\u2019adapte au mieux \u00e0 vos besoins de\u00a0<a style=\"color: #e62d38;\" href=\"https:\/\/taxialicante.eu\/fr\/transfert-aeroport-alicante-valence\/\"><strong>transport vers ou depuis l\u2019a\u00e9roport<\/strong><\/a>.[\/vc_column_text][\/vc_column][\/vc_row][vc_row css=&#8221;.vc_custom_1486982584036{margin-top: 10px !important;margin-bottom: 10px !important;}&#8221;][vc_column width=&#8221;1\/2&#8243;][vc_custom_heading text=&#8221;<b>3.<\/b>Que puis-je faire s\u2019il y a un changement de l\u2019horaire de d\u00e9part et\/ou d\u2019arriv\u00e9e de mon vol?&#8221; font_container=&#8221;tag:h2|font_size:16|text_align:left|line_height:1&#8243; use_theme_fonts=&#8221;yes&#8221; show_box_icon=&#8221;&#8221; font_weight=&#8221;600&#8243; text_transform=&#8221;none&#8221; el_class=&#8221;heading-letter&#8221;][vc_column_text css=&#8221;.vc_custom_1486982315834{margin-top: 20px !important;}&#8221;]Les horaires de d\u00e9part et d\u2019arriv\u00e9e ne sont jamais 100% exacts. Au cas o\u00fa il se produirait un changement important, il est conseill\u00e9 de nous pr\u00e9venir aussit\u00f4t que possible.[\/vc_column_text][\/vc_column][vc_column width=&#8221;1\/2&#8243;][vc_custom_heading text=&#8221;<b>4.<\/b>L\u2019heure d\u2019arriv\u00e9e est retard\u00e9. Qu\u2019est-ce que je dois faire?&#8221; font_container=&#8221;tag:h2|font_size:16|text_align:left|line_height:1&#8243; use_theme_fonts=&#8221;yes&#8221; show_box_icon=&#8221;&#8221; font_weight=&#8221;600&#8243; text_transform=&#8221;none&#8221; el_class=&#8221;heading-letter&#8221;][vc_column_text css=&#8221;.vc_custom_1486982322381{margin-top: 20px !important;}&#8221;]Si votre vol est retard\u00e9 de plus de 45 minutes \u00e0 l\u2019arriv\u00e9e \u00e0 Alicante ou Valence, pr\u00e9venez-nous par t\u00e9l\u00e9phone (n\u2019envoyez pas de SMS ou Whatsapp, s\u2019il vous pla\u00eet)[\/vc_column_text][\/vc_column][\/vc_row][vc_row css=&#8221;.vc_custom_1486982589265{margin-top: 10px !important;margin-bottom: 10px !important;}&#8221;][vc_column width=&#8221;1\/2&#8243;][vc_custom_heading text=&#8221;<b>5.<\/b>Quel est le prix de vos services?&#8221; font_container=&#8221;tag:h2|font_size:16|text_align:left|line_height:1&#8243; use_theme_fonts=&#8221;yes&#8221; show_box_icon=&#8221;&#8221; font_weight=&#8221;600&#8243; text_transform=&#8221;none&#8221; el_class=&#8221;heading-letter&#8221;][vc_column_text css=&#8221;.vc_custom_1491121595964{margin-top: 20px !important;}&#8221;]Dans la section <a style=\"color: #e62d38;\" href=\"https:\/\/taxialicante.eu\/fr\/tarifs-transfert-aeroport\/\"><strong>Tarifs<\/strong><\/a> vous trouverez les prix par trajet. Si vous avez besoin d\u2019un transfert sp\u00e9cifique ou vous avez des doutes, <a style=\"color: #e62d38;\" href=\"https:\/\/taxialicante.eu\/fr\/transferts-economiques-aeroport\/\"><strong>contactez-nous<\/strong><\/a> sans engagement.[\/vc_column_text][\/vc_column][vc_column width=&#8221;1\/2&#8243;][vc_custom_heading text=&#8221;<b>6.<\/b>Quel mode de paiement puis-je utiliser?&#8221; font_container=&#8221;tag:h2|font_size:16|text_align:left|line_height:1&#8243; use_theme_fonts=&#8221;yes&#8221; show_box_icon=&#8221;&#8221; font_weight=&#8221;600&#8243; text_transform=&#8221;none&#8221; el_class=&#8221;heading-letter&#8221;][vc_column_text css=&#8221;.vc_custom_1714501720414{margin-top: 20px !important;}&#8221;]Vous pouvez payer \u00e0 l\u2019avance par virement bancaire au compte IBAN ES82 3045 2662 4027 2001 0013 &#8211; B.I.C.: CCRIES2A045. Vous pouvez r\u00e9server et payer en ligne par carte cr\u00e9dit sur notre site www.taxialicante.eu.[\/vc_column_text][\/vc_column][\/vc_row][vc_row css=&#8221;.vc_custom_1486982594770{margin-top: 10px !important;margin-bottom: 10px !important;}&#8221;][vc_column width=&#8221;1\/2&#8243;][vc_custom_heading text=&#8221;<b>7.<\/b>Quand et comment puis-je annuler une r\u00e9servation?&#8221; font_container=&#8221;tag:h2|font_size:16|text_align:left|line_height:1&#8243; use_theme_fonts=&#8221;yes&#8221; show_box_icon=&#8221;&#8221; font_weight=&#8221;600&#8243; text_transform=&#8221;none&#8221; el_class=&#8221;heading-letter&#8221;][vc_column_text css=&#8221;.vc_custom_1486982340828{margin-top: 20px !important;}&#8221;]Nous acceptons les annulations pour des raisons urgentes jusqu\u2019\u00e0 24 heures avant le d\u00e9part du tranfert. Si l\u2019annulation est communiqu\u00e9e en moins de 24 heures, vous devrez payer le montant complet convenu.[\/vc_column_text][\/vc_column][vc_column width=&#8221;1\/2&#8243;][vc_custom_heading text=&#8221;<b>8.<\/b>Avez-vous un tarif diff\u00e9rent pour les services nocturnes?&#8221; font_container=&#8221;tag:h2|font_size:16|text_align:left|line_height:1&#8243; use_theme_fonts=&#8221;yes&#8221; show_box_icon=&#8221;&#8221; font_weight=&#8221;600&#8243; text_transform=&#8221;none&#8221; el_class=&#8221;heading-letter&#8221;][vc_column_text css=&#8221;.vc_custom_1491121605108{margin-top: 20px !important;}&#8221;]Oui. Nous appliquons un tarif nocturne entre 22:00h et 6:00h pour le service aeroport. Ce tarif inclut un co\u00fbt suppl\u00e9mentaire de 10,00 (dix) euros sur les <strong><a style=\"color: #e62d38;\" href=\"https:\/\/taxialicante.eu\/fr\/tarifs-transfert-aeroport\/\">tarifs<\/a><\/strong> normals.[\/vc_column_text][\/vc_column][\/vc_row][vc_row css=&#8221;.vc_custom_1486982627753{margin-top: 20px !important;}&#8221;][vc_column][vc_custom_heading text=&#8221;Avez-vous d\u2019autres doutes?&#8221; font_container=&#8221;tag:h2|font_size:20|text_align:left|line_height:1&#8243; use_theme_fonts=&#8221;yes&#8221; show_box_icon=&#8221;yes&#8221; font_weight=&#8221;700&#8243; text_transform=&#8221;none&#8221;][vc_tta_accordion c_position=&#8221;right&#8221; active_section=&#8221;1&#8243; el_class=&#8221;accordion-dark&#8221; css=&#8221;.vc_custom_1473357285041{margin-top: 35px !important;}&#8221;][vc_tta_section title=&#8221;Enfants de moins de 4 ans?&#8221; tab_id=&#8221;1473098956105-f6dbc580-eeb9&#8243;][vc_column_text]<\/p>\n<div><img loading=\"lazy\" decoding=\"async\" class=\"float-left alignnone wp-image-760 size-full\" title=\"luchthavenvervoer kinderen\" src=\"https:\/\/taxialicante.eu\/wp-content\/uploads\/2016\/09\/faqs1-1.jpg\" alt=\"luchthavenvervoer kinderen\" width=\"130\" height=\"100\" \/><\/div>\n<div class=\"margin-left-150\">Afin de vous assurer que la securit\u00e9 soit optimale durant le trajet et respecter les r\u00e9glementations l\u00e9gales \u00e0 la Costa Blanca, Taxi Alicante transporte toujours les enfants de moins de 4 ans dans un r\u00e9hausseur ou un si\u00e8ge auto pour b\u00e9b\u00e9s, lesquels nous mettons \u00e0 votre disposition sans co\u00fbt suppl\u00e9mentaire. Il est n\u00e9cessaire que vous indiquiez si vous avez besoin d\u2019un r\u00e9hausseur ou d\u2019un si\u00e8ge auto pour b\u00e9b\u00e9s dans le formulaire de r\u00e9servation.<\/div>\n<p>[\/vc_column_text][\/vc_tta_section][vc_tta_section title=&#8221;Chaises roulantes, v\u00e9los, sacs de golfs, animal de compagnie, etc.?&#8221; tab_id=&#8221;1473098956169-46a6ac8d-a36a&#8221;][vc_column_text]<\/p>\n<div><img loading=\"lazy\" decoding=\"async\" class=\"float-left alignnone wp-image-760 size-full\" title=\"luchthaven transfer baggage\" src=\"https:\/\/taxialicante.eu\/wp-content\/uploads\/2017\/02\/faqs2-1.jpg\" alt=\"luchthaven transfer baggage\" width=\"130\" height=\"100\" \/><\/div>\n<div class=\"margin-left-150\">Si vous avez besoin d\u2019emmener avec vous une chaise roulante, des sacs de golf, des v\u00e9los ou tout autre type d\u2019\u00e9quipage de taille consid\u00e9rable lors de votre transfert, nous vous prions de le signaler \u00e0 l\u2019avance. Dans la plupart des cas, nous appliquons les conditions et le prix standards du service correspondant, mais il pourrait y avoir des exceptions. Par cons\u00e9quent, contactez-nous pour vous informer du prix final. Pour votre s\u00e9curit\u00e9, nous pr\u00e9f\u00e9rons que votre animal domestique voyage dans une caisse de transport exclusivement pour animaux domestiques. Nous ne disposons pas de caisse de transport pour animal de compagnie.<\/div>\n<p>[\/vc_column_text][\/vc_tta_section][vc_tta_section title=&#8221;Dur\u00e9e du temps d\u2019attente de nos conducteurs?&#8221; tab_id=&#8221;1473099021379-9163903b-bdad&#8221;][vc_column_text]<\/p>\n<div><img loading=\"lazy\" decoding=\"async\" class=\"float-left alignnone wp-image-760 size-full\" title=\"wachttijd chauffeur luchthaven transfer\" src=\"https:\/\/taxialicante.eu\/wp-content\/uploads\/2016\/09\/faqs3-1.jpg\" alt=\"wachttijd chauffeur luchthavenvervoer\" width=\"130\" height=\"100\" \/><\/div>\n<div class=\"margin-left-150\">Le temps d\u2019attente inclut dans le prix fix\u00e9 est d\u2019une (1) heure \u00e0 partir de l\u2019arriv\u00e9e de votre avion. Apr\u00e8s expiration, un montant suppl\u00e9metaire de 20,00 (veinte) euros sera appliqu\u00e9 au prix complet du transfert. <a style=\"color: #e62d38;\" href=\"https:\/\/taxialicante.eu\/fr\/transferts-economiques-aeroport\/\"><strong>Contactez-nous<\/strong><\/a> en cas de retard de votre vol ou de tout autre probl\u00e8me pour plus d\u2019informations.<\/div>\n<p>[\/vc_column_text][\/vc_tta_section][\/vc_tta_accordion][\/vc_column][\/vc_row]<\/p>\n<\/section>","protected":false},"excerpt":{"rendered":"<p>[vc_row css=&#8221;.vc_custom_1487103403488{margin-top: -15px !important;}&#8221;][vc_column][vc_column_text][rev_slider_vc alias=&#8221;slider-faqs&#8221;][\/vc_column_text][\/vc_column][\/vc_row][vc_row css=&#8221;.vc_custom_1486722061065{margin-bottom: -50px !important;}&#8221;][vc_column][vc_column_text]Nous recevons fr\u00e9quemment des questions et des doutes concernant le service aeroport vers Alicante ou Valence. Dans la plupart des cas, il s\u2019agit de doutes concernant les retards de vols, l\u2019\u00e9quipage permis, etc. C\u2019est pourquoi, nous r\u00e9pondons \u00e0 vos questions les plus fr\u00e9quentes dans cette section. Si vous d\u00e9sirez des informations plus sp\u00e9cifiques, contactez-nous sans engagement.[\/vc_column_text][\/vc_column][\/vc_row][vc_row css=&#8221;.vc_custom_1486982197246{margin-top: 56px !important;margin-bottom: 10px !important;}&#8221;][vc_column width=&#8221;1\/2&#8243;][vc_custom_heading text=&#8221;1.Comment m\u2019accueilleront-ils et m\u2019attendront \u00e0 l\u2019a\u00e9roport?&#8221; font_container=&#8221;tag:h2|font_size:16|text_align:left|line_height:1&#8243; use_theme_fonts=&#8221;yes&#8221; show_box_icon=&#8221;&#8221; font_weight=&#8221;600&#8243; text_transform=&#8221;none&#8221; el_class=&#8221;heading-letter&#8221;][vc_column_text css=&#8221;.vc_custom_1491121570268{margin-top: 20px !important;}&#8221;]Le conducteur de Taxi Alicante vous attendera dans la salle d\u2019arriv\u00e9e avec une affiche annon\u00e7ant votre pr\u00e9nom. Il est conseill\u00e9 d\u2019allumer votre t\u00e9l\u00e9phone portable juste avant l\u2019atterrissage pour que le conducteur puisse vous contacter concernant votre service aeroport, si n\u00e9cessaire.[\/vc_column_text][\/vc_column][vc_column width=&#8221;1\/2&#8243;][vc_custom_heading text=&#8221;2.Puis-je demander que le conducteur aille chercher d\u2019autres personnes lors du trajet \u00e0 ma destination?&#8221; font_container=&#8221;tag:h2|font_size:16|text_align:left|line_height:1&#8243; use_theme_fonts=&#8221;yes&#8221; show_box_icon=&#8221;&#8221; font_weight=&#8221;600&#8243; text_transform=&#8221;none&#8221; el_class=&#8221;heading-letter&#8221;][vc_column_text css=&#8221;.vc_custom_1491121582603{margin-top: 20px !important;}&#8221;]Oui, nous fournissons ce service. Cependant, il est n\u00e9cessaire que vous l\u2019indiquiez dans votre demande de devis comme \u201ctransfert de groupe\u201d. Nous cherchons toujours l\u2019option qui s\u2019adapte au mieux \u00e0 vos besoins de\u00a0transport vers ou depuis l\u2019a\u00e9roport.[\/vc_column_text][\/vc_column][\/vc_row][vc_row css=&#8221;.vc_custom_1486982584036{margin-top: 10px !important;margin-bottom: 10px !important;}&#8221;][vc_column width=&#8221;1\/2&#8243;][vc_custom_heading text=&#8221;3.Que puis-je faire s\u2019il y a un changement de l\u2019horaire [&hellip;]<\/p>\n","protected":false},"author":1,"featured_media":0,"parent":0,"menu_order":0,"comment_status":"closed","ping_status":"closed","template":"","meta":{"footnotes":""},"class_list":["post-3263","page","type-page","status-publish","hentry"],"yoast_head":"<!-- This site is optimized with the Yoast SEO plugin v26.5 - https:\/\/yoast.com\/wordpress\/plugins\/seo\/ -->\n<title>Service a\u00e9roport? Questions fr\u00e9quentes de Taxi Alicante - Costa Blanca<\/title>\n<meta name=\"description\" content=\"\u00c0 Taxi Alicante nous recevons fr\u00e9quemment des questions concernant le service a\u00e9roport (transfert a\u00e9roport), comme retard de vol, \u00e9quipage admis, etc.\" \/>\n<meta name=\"robots\" content=\"index, follow, max-snippet:-1, max-image-preview:large, max-video-preview:-1\" \/>\n<meta property=\"og:locale\" content=\"fr_FR\" \/>\n<meta property=\"og:type\" content=\"article\" \/>\n<meta property=\"og:title\" content=\"Service a\u00e9roport? Questions fr\u00e9quentes de Taxi Alicante - Costa Blanca\" \/>\n<meta property=\"og:description\" content=\"\u00c0 Taxi Alicante nous recevons fr\u00e9quemment des questions concernant le service a\u00e9roport (transfert a\u00e9roport), comme retard de vol, \u00e9quipage admis, etc.\" \/>\n<meta property=\"og:url\" content=\"https:\/\/taxialicante.eu\/fr\/service-aeroport\/\" \/>\n<meta property=\"og:site_name\" content=\"Taxi Alicante\" \/>\n<meta property=\"article:publisher\" content=\"https:\/\/www.facebook.com\/taxialicantevalencia\/?fref=ts\" \/>\n<meta property=\"article:modified_time\" content=\"2024-04-30T18:28:44+00:00\" \/>\n<meta property=\"og:image\" content=\"https:\/\/taxialicante.eu\/wp-content\/uploads\/2016\/09\/faqs1-1.jpg\" \/>\n<meta name=\"twitter:card\" content=\"summary_large_image\" \/>\n<meta name=\"twitter:label1\" content=\"Est. reading time\" \/>\n\t<meta name=\"twitter:data1\" content=\"5 minutes\" \/>\n<script type=\"application\/ld+json\" class=\"yoast-schema-graph\">{\"@context\":\"https:\/\/schema.org\",\"@graph\":[{\"@type\":\"WebPage\",\"@id\":\"https:\/\/taxialicante.eu\/fr\/service-aeroport\/\",\"url\":\"https:\/\/taxialicante.eu\/fr\/service-aeroport\/\",\"name\":\"Service a\u00e9roport? Questions fr\u00e9quentes de Taxi Alicante - Costa Blanca\",\"isPartOf\":{\"@id\":\"https:\/\/taxialicante.eu\/#website\"},\"primaryImageOfPage\":{\"@id\":\"https:\/\/taxialicante.eu\/fr\/service-aeroport\/#primaryimage\"},\"image\":{\"@id\":\"https:\/\/taxialicante.eu\/fr\/service-aeroport\/#primaryimage\"},\"thumbnailUrl\":\"https:\/\/taxialicante.eu\/wp-content\/uploads\/2016\/09\/faqs1-1.jpg\",\"datePublished\":\"2016-09-08T14:14:24+00:00\",\"dateModified\":\"2024-04-30T18:28:44+00:00\",\"description\":\"\u00c0 Taxi Alicante nous recevons fr\u00e9quemment des questions concernant le service a\u00e9roport (transfert a\u00e9roport), comme retard de vol, \u00e9quipage admis, etc.\",\"breadcrumb\":{\"@id\":\"https:\/\/taxialicante.eu\/fr\/service-aeroport\/#breadcrumb\"},\"inLanguage\":\"fr\",\"potentialAction\":[{\"@type\":\"ReadAction\",\"target\":[\"https:\/\/taxialicante.eu\/fr\/service-aeroport\/\"]}]},{\"@type\":\"ImageObject\",\"inLanguage\":\"fr\",\"@id\":\"https:\/\/taxialicante.eu\/fr\/service-aeroport\/#primaryimage\",\"url\":\"https:\/\/taxialicante.eu\/wp-content\/uploads\/2016\/09\/faqs1-1.jpg\",\"contentUrl\":\"https:\/\/taxialicante.eu\/wp-content\/uploads\/2016\/09\/faqs1-1.jpg\"},{\"@type\":\"BreadcrumbList\",\"@id\":\"https:\/\/taxialicante.eu\/fr\/service-aeroport\/#breadcrumb\",\"itemListElement\":[{\"@type\":\"ListItem\",\"position\":1,\"name\":\"Home\",\"item\":\"https:\/\/taxialicante.eu\/fr\/\"},{\"@type\":\"ListItem\",\"position\":2,\"name\":\"Questions Fr\u00e9quentes\"}]},{\"@type\":\"WebSite\",\"@id\":\"https:\/\/taxialicante.eu\/#website\",\"url\":\"https:\/\/taxialicante.eu\/\",\"name\":\"Taxi Alicante\",\"description\":\"25 jaar ervaring in luchthavenvervoer\",\"publisher\":{\"@id\":\"https:\/\/taxialicante.eu\/#organization\"},\"potentialAction\":[{\"@type\":\"SearchAction\",\"target\":{\"@type\":\"EntryPoint\",\"urlTemplate\":\"https:\/\/taxialicante.eu\/?s={search_term_string}\"},\"query-input\":{\"@type\":\"PropertyValueSpecification\",\"valueRequired\":true,\"valueName\":\"search_term_string\"}}],\"inLanguage\":\"fr\"},{\"@type\":\"Organization\",\"@id\":\"https:\/\/taxialicante.eu\/#organization\",\"name\":\"Taxi Alicante\",\"url\":\"https:\/\/taxialicante.eu\/\",\"logo\":{\"@type\":\"ImageObject\",\"inLanguage\":\"fr\",\"@id\":\"https:\/\/taxialicante.eu\/#\/schema\/logo\/image\/\",\"url\":\"https:\/\/taxialicante.eu\/wp-content\/uploads\/2017\/02\/logo-red-1.png\",\"contentUrl\":\"https:\/\/taxialicante.eu\/wp-content\/uploads\/2017\/02\/logo-red-1.png\",\"width\":350,\"height\":84,\"caption\":\"Taxi Alicante\"},\"image\":{\"@id\":\"https:\/\/taxialicante.eu\/#\/schema\/logo\/image\/\"},\"sameAs\":[\"https:\/\/www.facebook.com\/taxialicantevalencia\/?fref=ts\"]}]}<\/script>\n<!-- \/ Yoast SEO plugin. -->","yoast_head_json":{"title":"Service a\u00e9roport? Questions fr\u00e9quentes de Taxi Alicante - Costa Blanca","description":"\u00c0 Taxi Alicante nous recevons fr\u00e9quemment des questions concernant le service a\u00e9roport (transfert a\u00e9roport), comme retard de vol, \u00e9quipage admis, etc.","robots":{"index":"index","follow":"follow","max-snippet":"max-snippet:-1","max-image-preview":"max-image-preview:large","max-video-preview":"max-video-preview:-1"},"og_locale":"fr_FR","og_type":"article","og_title":"Service a\u00e9roport? Questions fr\u00e9quentes de Taxi Alicante - Costa Blanca","og_description":"\u00c0 Taxi Alicante nous recevons fr\u00e9quemment des questions concernant le service a\u00e9roport (transfert a\u00e9roport), comme retard de vol, \u00e9quipage admis, etc.","og_url":"https:\/\/taxialicante.eu\/fr\/service-aeroport\/","og_site_name":"Taxi Alicante","article_publisher":"https:\/\/www.facebook.com\/taxialicantevalencia\/?fref=ts","article_modified_time":"2024-04-30T18:28:44+00:00","og_image":[{"url":"https:\/\/taxialicante.eu\/wp-content\/uploads\/2016\/09\/faqs1-1.jpg","type":"","width":"","height":""}],"twitter_card":"summary_large_image","twitter_misc":{"Est. reading time":"5 minutes"},"schema":{"@context":"https:\/\/schema.org","@graph":[{"@type":"WebPage","@id":"https:\/\/taxialicante.eu\/fr\/service-aeroport\/","url":"https:\/\/taxialicante.eu\/fr\/service-aeroport\/","name":"Service a\u00e9roport? Questions fr\u00e9quentes de Taxi Alicante - Costa Blanca","isPartOf":{"@id":"https:\/\/taxialicante.eu\/#website"},"primaryImageOfPage":{"@id":"https:\/\/taxialicante.eu\/fr\/service-aeroport\/#primaryimage"},"image":{"@id":"https:\/\/taxialicante.eu\/fr\/service-aeroport\/#primaryimage"},"thumbnailUrl":"https:\/\/taxialicante.eu\/wp-content\/uploads\/2016\/09\/faqs1-1.jpg","datePublished":"2016-09-08T14:14:24+00:00","dateModified":"2024-04-30T18:28:44+00:00","description":"\u00c0 Taxi Alicante nous recevons fr\u00e9quemment des questions concernant le service a\u00e9roport (transfert a\u00e9roport), comme retard de vol, \u00e9quipage admis, etc.","breadcrumb":{"@id":"https:\/\/taxialicante.eu\/fr\/service-aeroport\/#breadcrumb"},"inLanguage":"fr","potentialAction":[{"@type":"ReadAction","target":["https:\/\/taxialicante.eu\/fr\/service-aeroport\/"]}]},{"@type":"ImageObject","inLanguage":"fr","@id":"https:\/\/taxialicante.eu\/fr\/service-aeroport\/#primaryimage","url":"https:\/\/taxialicante.eu\/wp-content\/uploads\/2016\/09\/faqs1-1.jpg","contentUrl":"https:\/\/taxialicante.eu\/wp-content\/uploads\/2016\/09\/faqs1-1.jpg"},{"@type":"BreadcrumbList","@id":"https:\/\/taxialicante.eu\/fr\/service-aeroport\/#breadcrumb","itemListElement":[{"@type":"ListItem","position":1,"name":"Home","item":"https:\/\/taxialicante.eu\/fr\/"},{"@type":"ListItem","position":2,"name":"Questions Fr\u00e9quentes"}]},{"@type":"WebSite","@id":"https:\/\/taxialicante.eu\/#website","url":"https:\/\/taxialicante.eu\/","name":"Taxi Alicante","description":"25 jaar ervaring in luchthavenvervoer","publisher":{"@id":"https:\/\/taxialicante.eu\/#organization"},"potentialAction":[{"@type":"SearchAction","target":{"@type":"EntryPoint","urlTemplate":"https:\/\/taxialicante.eu\/?s={search_term_string}"},"query-input":{"@type":"PropertyValueSpecification","valueRequired":true,"valueName":"search_term_string"}}],"inLanguage":"fr"},{"@type":"Organization","@id":"https:\/\/taxialicante.eu\/#organization","name":"Taxi Alicante","url":"https:\/\/taxialicante.eu\/","logo":{"@type":"ImageObject","inLanguage":"fr","@id":"https:\/\/taxialicante.eu\/#\/schema\/logo\/image\/","url":"https:\/\/taxialicante.eu\/wp-content\/uploads\/2017\/02\/logo-red-1.png","contentUrl":"https:\/\/taxialicante.eu\/wp-content\/uploads\/2017\/02\/logo-red-1.png","width":350,"height":84,"caption":"Taxi Alicante"},"image":{"@id":"https:\/\/taxialicante.eu\/#\/schema\/logo\/image\/"},"sameAs":["https:\/\/www.facebook.com\/taxialicantevalencia\/?fref=ts"]}]}},"_links":{"self":[{"href":"https:\/\/taxialicante.eu\/fr\/wp-json\/wp\/v2\/pages\/3263","targetHints":{"allow":["GET"]}}],"collection":[{"href":"https:\/\/taxialicante.eu\/fr\/wp-json\/wp\/v2\/pages"}],"about":[{"href":"https:\/\/taxialicante.eu\/fr\/wp-json\/wp\/v2\/types\/page"}],"author":[{"embeddable":true,"href":"https:\/\/taxialicante.eu\/fr\/wp-json\/wp\/v2\/users\/1"}],"replies":[{"embeddable":true,"href":"https:\/\/taxialicante.eu\/fr\/wp-json\/wp\/v2\/comments?post=3263"}],"version-history":[{"count":4,"href":"https:\/\/taxialicante.eu\/fr\/wp-json\/wp\/v2\/pages\/3263\/revisions"}],"predecessor-version":[{"id":6718,"href":"https:\/\/taxialicante.eu\/fr\/wp-json\/wp\/v2\/pages\/3263\/revisions\/6718"}],"wp:attachment":[{"href":"https:\/\/taxialicante.eu\/fr\/wp-json\/wp\/v2\/media?parent=3263"}],"curies":[{"name":"wp","href":"https:\/\/api.w.org\/{rel}","templated":true}]}}