{"id":3276,"date":"2017-02-03T14:16:12","date_gmt":"2017-02-03T13:16:12","guid":{"rendered":"http:\/\/www.taxialicante.eu\/luchthavenvervoer-alicante-valencia\/"},"modified":"2021-04-27T14:22:44","modified_gmt":"2021-04-27T12:22:44","slug":"transfert-aeroport-alicante-valence","status":"publish","type":"page","link":"https:\/\/taxialicante.eu\/fr\/transfert-aeroport-alicante-valence\/","title":{"rendered":"Transfert Aeroport"},"content":{"rendered":"<section class=\"wpb-content-wrapper\"><p>[vc_row][vc_column css=&#8221;.vc_custom_1486570994307{margin-top: -20px !important;margin-bottom: -40px !important;}&#8221;][vc_column_text]Le d\u00e9part des vacances peut \u00eatre nui par le stress que provoque le trajet vers et depuis l\u2019a\u00e9roport, le fait de devoir arriver \u00e0 temps et de transporter tous les bagages, de chercher un transport jusqu\u2019\u00e0 l\u2019h\u00f4tel,\u2026 Si c\u2019est votre cas, contactez <a style=\"color: #e62d38;\" href=\"https:\/\/taxialicante.eu\/fr\/\"><strong>Taxi Alicante<\/strong><\/a>! Notre compagnie de taxi a plus de 25 ans d\u2019exp\u00e9rience dans le transfert a\u00e9roport (vers et depuis) \u00e0 la Costa Blanca, et propose toujours le meilleur prix. Nous offrons un service excellent, jour et nuit et chaque jour de la semaine.<\/p>\n<p>Avec le <strong>service de transfert\u00a0a\u00e9roport<\/strong> de Taxi Alicante vous n\u2019aurez \u00e0 vous pr\u00e9occuper de rien. \u00c0 votre arriv\u00e9e \u00e0 l\u2019a\u00e9roport de Valence ou Alicante, notre conducteur sera en train de vous attendre avec une affiche annon\u00e7ant votre pr\u00e9nom. Il vous guidera jusqu\u2019\u00e0 votre v\u00e9hicule ou minibus et il s\u2019occupera de charger votre \u00e9quipage dans le coffre du v\u00e9hicule. Ensuite, il vous transportera de mani\u00e8re agr\u00e9able et s\u00fbre \u00e0 votre h\u00f4tel, logement ou autre destination. Tous nos conducteurs ont re\u00e7u la formation correspondante et ma\u00eetrisent plusieurs langues. Apr\u00e8s tout, ils sont la face visible de notre entreprise!<\/p>\n<p>Par ailleurs, nous fournissons <strong><a style=\"color: #e62d38;\" href=\"https:\/\/taxialicante.eu\/fr\/transfert-entreprises-aeroport\/\">un service ponctuel<\/a><\/strong> et de rigueur pour le trajet de retour \u00e0 l\u2019a\u00e9roport. Notre conducteur ira vous chercher \u00e0 l\u2019heure convenue et il vous emmenera \u00e0 l\u2019a\u00e9roport, o\u00fa vous pourrez continuer votre voyage sans probl\u00e8me. De plus, nous mettons \u00e0 disposition de nos clients les plus jeunes des si\u00e8ges auto pour b\u00e9b\u00e9s et des r\u00e9hausseurs, en fonction de l\u2019\u00e2ge, sans co\u00fbt additionnel. Si vous avez besoin d\u2019un si\u00e8ge auto pour b\u00e9b\u00e9s ou d\u2019un r\u00e9hausseur, vous devez l\u2019indiquer concr\u00e8tement dans la sollicitude du service.<\/p>\n<p>Vous souhaitez que vos cadres sup\u00e9rieurs ou clients profitent d\u2019un tranfert facil et direct depuis l\u2019a\u00e9roport \u00e0 leur h\u00f4tel, salle de conf\u00e9rences ou entreprise? Dans ce cas, contactez-nous concernant nos <a style=\"color: #e62d38;\" href=\"https:\/\/taxialicante.eu\/fr\/transfert-pour-entreprises\/\"><strong>transferts pour entreprises<\/strong><\/a>, pour vos employ\u00e9s o VIPs.<\/p>\n<h2>DEMANDEZ MAINTENANT VOTRE TRANSFERT A\u00c9ROPORT!<\/h2>\n<p>Si vous cherchez un transfert a\u00e9roport (<strong>navette a\u00e9roport<\/strong>) professionnel ou \u00e9conomique en Espagne, Taxi Alicante est, sans aucun doute, le meilleur choix. Vous avez des doutes ou vous avez besoin de plus d\u2019informations? <a style=\"color: #e62d38;\" href=\"https:\/\/taxialicante.eu\/fr\/transferts-economiques-aeroport\/\"><strong>Contactez-nous<\/strong><\/a>. Vous n\u00e9cessitez urgemment d\u2019\u00eatre transport\u00e9 \u00e0 l\u2019a\u00e9roport? Vous pouvez contacter notre service rapide et ponctuel.[\/vc_column_text][\/vc_column][\/vc_row][vc_row css=&#8221;.vc_custom_1612365891077{border-top-width: 20px !important;}&#8221;][vc_column][boardthemes_image_carousel images=&#8221;5451&#8243; items_on_desktop=&#8221;1&#8243; items_on_tabs=&#8221;1&#8243; items_on_mobile=&#8221;1&#8243; autoplay=&#8221;&#8221; hide_prev_next_buttons=&#8221;&#8221;][\/vc_column][\/vc_row][vc_row content_placement=&#8221;middle&#8221; css=&#8221;.vc_custom_1486585373634{margin-right: 2px !important;margin-left: 2px !important;background-image: url(https:\/\/taxialicante.eu\/wp-content\/uploads\/2017\/02\/service-bg-5-2-1.png?id=1009) !important;background-position: center !important;background-repeat: no-repeat !important;background-size: cover !important;}&#8221;][vc_column][vc_row_inner][vc_column_inner el_class=&#8221;.padding-left-xs-15&#8243; css=&#8221;.vc_custom_1486561868414{padding-top: 120px !important;padding-bottom: 40px !important;padding-left: 58px !important;background-position: center !important;background-repeat: no-repeat !important;background-size: contain !important;}&#8221;][vc_custom_heading text=&#8221;Demandez ici en ligne&#8221; font_container=&#8221;tag:h2|font_size:30|text_align:left|line_height:1&#8243; use_theme_fonts=&#8221;yes&#8221; show_box_icon=&#8221;&#8221; font_weight=&#8221;700&#8243; text_transform=&#8221;none&#8221;][vc_custom_heading text=&#8221;un devis sans engagement.&#8221; font_container=&#8221;tag:h2|font_size:30|text_align:left|line_height:1&#8243; use_theme_fonts=&#8221;yes&#8221; show_box_icon=&#8221;&#8221; font_weight=&#8221;700&#8243; text_transform=&#8221;none&#8221; css=&#8221;.vc_custom_1492851076958{margin-top: 6px !important;}&#8221;][\/vc_column_inner][\/vc_row_inner][boardthemes_button has_arrow=&#8221;yes&#8221; text=&#8221;CLIQUEZ ICI&#8221; link=&#8221;url:http%3A%2F%2Fwww.taxialicante.eu%2Ffr%2Fdevis-transfert-aeroport%2F|||&#8221; css=&#8221;.vc_custom_1490190149576{margin-bottom: 30px !important;margin-left: 45px !important;}&#8221;][\/vc_column][\/vc_row]<\/p>\n<\/section>","protected":false},"excerpt":{"rendered":"<p>[vc_row][vc_column css=&#8221;.vc_custom_1486570994307{margin-top: -20px !important;margin-bottom: -40px !important;}&#8221;][vc_column_text]Le d\u00e9part des vacances peut \u00eatre nui par le stress que provoque le trajet vers et depuis l\u2019a\u00e9roport, le fait de devoir arriver \u00e0 temps et de transporter tous les bagages, de chercher un transport jusqu\u2019\u00e0 l\u2019h\u00f4tel,\u2026 Si c\u2019est votre cas, contactez Taxi Alicante! Notre compagnie de taxi a plus de 25 ans d\u2019exp\u00e9rience dans le transfert a\u00e9roport (vers et depuis) \u00e0 la Costa Blanca, et propose toujours le meilleur prix. Nous offrons un service excellent, jour et nuit et chaque jour de la semaine. Avec le service de transfert\u00a0a\u00e9roport de Taxi Alicante vous n\u2019aurez \u00e0 vous pr\u00e9occuper de rien. \u00c0 votre arriv\u00e9e \u00e0 l\u2019a\u00e9roport de Valence ou Alicante, notre conducteur sera en train de vous attendre avec une affiche annon\u00e7ant votre pr\u00e9nom. Il vous guidera jusqu\u2019\u00e0 votre v\u00e9hicule ou minibus et il s\u2019occupera de charger votre \u00e9quipage dans le coffre du v\u00e9hicule. Ensuite, il vous transportera de mani\u00e8re agr\u00e9able et s\u00fbre \u00e0 votre h\u00f4tel, logement ou autre destination. Tous nos conducteurs ont re\u00e7u la formation correspondante et ma\u00eetrisent plusieurs langues. Apr\u00e8s tout, ils sont la face visible de notre entreprise! Par ailleurs, nous fournissons un service ponctuel et de rigueur pour le trajet de [&hellip;]<\/p>\n","protected":false},"author":1,"featured_media":0,"parent":0,"menu_order":0,"comment_status":"closed","ping_status":"closed","template":"","meta":{"footnotes":""},"class_list":["post-3276","page","type-page","status-publish","hentry"],"yoast_head":"<!-- This site is optimized with the Yoast SEO plugin v26.5 - https:\/\/yoast.com\/wordpress\/plugins\/seo\/ -->\n<title>Transfert a\u00e9roport Alicante ou Valence au meilleur prix - bon march\u00e9<\/title>\n<meta name=\"description\" content=\"Service de transfert a\u00e9roport bon marche de Taxi Alicante. Transfert a\u00e9roport (navette a\u00e9roport) ponctuels et fiables \u00e0 un prix fixe.\" \/>\n<meta name=\"robots\" content=\"index, follow, max-snippet:-1, max-image-preview:large, max-video-preview:-1\" \/>\n<meta property=\"og:locale\" content=\"fr_FR\" \/>\n<meta property=\"og:type\" content=\"article\" \/>\n<meta property=\"og:title\" content=\"Transfert a\u00e9roport Alicante ou Valence au meilleur prix - bon march\u00e9\" \/>\n<meta property=\"og:description\" content=\"Service de transfert a\u00e9roport bon marche de Taxi Alicante. Transfert a\u00e9roport (navette a\u00e9roport) ponctuels et fiables \u00e0 un prix fixe.\" \/>\n<meta property=\"og:url\" content=\"https:\/\/taxialicante.eu\/fr\/transfert-aeroport-alicante-valence\/\" \/>\n<meta property=\"og:site_name\" content=\"Taxi Alicante\" \/>\n<meta property=\"article:publisher\" content=\"https:\/\/www.facebook.com\/taxialicantevalencia\/?fref=ts\" \/>\n<meta property=\"article:modified_time\" content=\"2021-04-27T12:22:44+00:00\" \/>\n<meta name=\"twitter:card\" content=\"summary_large_image\" \/>\n<meta name=\"twitter:label1\" content=\"Est. reading time\" \/>\n\t<meta name=\"twitter:data1\" content=\"2 minutes\" \/>\n<script type=\"application\/ld+json\" class=\"yoast-schema-graph\">{\"@context\":\"https:\/\/schema.org\",\"@graph\":[{\"@type\":\"WebPage\",\"@id\":\"https:\/\/taxialicante.eu\/fr\/transfert-aeroport-alicante-valence\/\",\"url\":\"https:\/\/taxialicante.eu\/fr\/transfert-aeroport-alicante-valence\/\",\"name\":\"Transfert a\u00e9roport Alicante ou Valence au meilleur prix - bon march\u00e9\",\"isPartOf\":{\"@id\":\"https:\/\/taxialicante.eu\/#website\"},\"datePublished\":\"2017-02-03T13:16:12+00:00\",\"dateModified\":\"2021-04-27T12:22:44+00:00\",\"description\":\"Service de transfert a\u00e9roport bon marche de Taxi Alicante. Transfert a\u00e9roport (navette a\u00e9roport) ponctuels et fiables \u00e0 un prix fixe.\",\"breadcrumb\":{\"@id\":\"https:\/\/taxialicante.eu\/fr\/transfert-aeroport-alicante-valence\/#breadcrumb\"},\"inLanguage\":\"fr\",\"potentialAction\":[{\"@type\":\"ReadAction\",\"target\":[\"https:\/\/taxialicante.eu\/fr\/transfert-aeroport-alicante-valence\/\"]}]},{\"@type\":\"BreadcrumbList\",\"@id\":\"https:\/\/taxialicante.eu\/fr\/transfert-aeroport-alicante-valence\/#breadcrumb\",\"itemListElement\":[{\"@type\":\"ListItem\",\"position\":1,\"name\":\"Home\",\"item\":\"https:\/\/taxialicante.eu\/fr\/\"},{\"@type\":\"ListItem\",\"position\":2,\"name\":\"Transfert Aeroport\"}]},{\"@type\":\"WebSite\",\"@id\":\"https:\/\/taxialicante.eu\/#website\",\"url\":\"https:\/\/taxialicante.eu\/\",\"name\":\"Taxi Alicante\",\"description\":\"25 jaar ervaring in luchthavenvervoer\",\"publisher\":{\"@id\":\"https:\/\/taxialicante.eu\/#organization\"},\"potentialAction\":[{\"@type\":\"SearchAction\",\"target\":{\"@type\":\"EntryPoint\",\"urlTemplate\":\"https:\/\/taxialicante.eu\/?s={search_term_string}\"},\"query-input\":{\"@type\":\"PropertyValueSpecification\",\"valueRequired\":true,\"valueName\":\"search_term_string\"}}],\"inLanguage\":\"fr\"},{\"@type\":\"Organization\",\"@id\":\"https:\/\/taxialicante.eu\/#organization\",\"name\":\"Taxi Alicante\",\"url\":\"https:\/\/taxialicante.eu\/\",\"logo\":{\"@type\":\"ImageObject\",\"inLanguage\":\"fr\",\"@id\":\"https:\/\/taxialicante.eu\/#\/schema\/logo\/image\/\",\"url\":\"https:\/\/taxialicante.eu\/wp-content\/uploads\/2017\/02\/logo-red-1.png\",\"contentUrl\":\"https:\/\/taxialicante.eu\/wp-content\/uploads\/2017\/02\/logo-red-1.png\",\"width\":350,\"height\":84,\"caption\":\"Taxi Alicante\"},\"image\":{\"@id\":\"https:\/\/taxialicante.eu\/#\/schema\/logo\/image\/\"},\"sameAs\":[\"https:\/\/www.facebook.com\/taxialicantevalencia\/?fref=ts\"]}]}<\/script>\n<!-- \/ Yoast SEO plugin. -->","yoast_head_json":{"title":"Transfert a\u00e9roport Alicante ou Valence au meilleur prix - bon march\u00e9","description":"Service de transfert a\u00e9roport bon marche de Taxi Alicante. Transfert a\u00e9roport (navette a\u00e9roport) ponctuels et fiables \u00e0 un prix fixe.","robots":{"index":"index","follow":"follow","max-snippet":"max-snippet:-1","max-image-preview":"max-image-preview:large","max-video-preview":"max-video-preview:-1"},"og_locale":"fr_FR","og_type":"article","og_title":"Transfert a\u00e9roport Alicante ou Valence au meilleur prix - bon march\u00e9","og_description":"Service de transfert a\u00e9roport bon marche de Taxi Alicante. Transfert a\u00e9roport (navette a\u00e9roport) ponctuels et fiables \u00e0 un prix fixe.","og_url":"https:\/\/taxialicante.eu\/fr\/transfert-aeroport-alicante-valence\/","og_site_name":"Taxi Alicante","article_publisher":"https:\/\/www.facebook.com\/taxialicantevalencia\/?fref=ts","article_modified_time":"2021-04-27T12:22:44+00:00","twitter_card":"summary_large_image","twitter_misc":{"Est. reading time":"2 minutes"},"schema":{"@context":"https:\/\/schema.org","@graph":[{"@type":"WebPage","@id":"https:\/\/taxialicante.eu\/fr\/transfert-aeroport-alicante-valence\/","url":"https:\/\/taxialicante.eu\/fr\/transfert-aeroport-alicante-valence\/","name":"Transfert a\u00e9roport Alicante ou Valence au meilleur prix - bon march\u00e9","isPartOf":{"@id":"https:\/\/taxialicante.eu\/#website"},"datePublished":"2017-02-03T13:16:12+00:00","dateModified":"2021-04-27T12:22:44+00:00","description":"Service de transfert a\u00e9roport bon marche de Taxi Alicante. Transfert a\u00e9roport (navette a\u00e9roport) ponctuels et fiables \u00e0 un prix fixe.","breadcrumb":{"@id":"https:\/\/taxialicante.eu\/fr\/transfert-aeroport-alicante-valence\/#breadcrumb"},"inLanguage":"fr","potentialAction":[{"@type":"ReadAction","target":["https:\/\/taxialicante.eu\/fr\/transfert-aeroport-alicante-valence\/"]}]},{"@type":"BreadcrumbList","@id":"https:\/\/taxialicante.eu\/fr\/transfert-aeroport-alicante-valence\/#breadcrumb","itemListElement":[{"@type":"ListItem","position":1,"name":"Home","item":"https:\/\/taxialicante.eu\/fr\/"},{"@type":"ListItem","position":2,"name":"Transfert Aeroport"}]},{"@type":"WebSite","@id":"https:\/\/taxialicante.eu\/#website","url":"https:\/\/taxialicante.eu\/","name":"Taxi Alicante","description":"25 jaar ervaring in luchthavenvervoer","publisher":{"@id":"https:\/\/taxialicante.eu\/#organization"},"potentialAction":[{"@type":"SearchAction","target":{"@type":"EntryPoint","urlTemplate":"https:\/\/taxialicante.eu\/?s={search_term_string}"},"query-input":{"@type":"PropertyValueSpecification","valueRequired":true,"valueName":"search_term_string"}}],"inLanguage":"fr"},{"@type":"Organization","@id":"https:\/\/taxialicante.eu\/#organization","name":"Taxi Alicante","url":"https:\/\/taxialicante.eu\/","logo":{"@type":"ImageObject","inLanguage":"fr","@id":"https:\/\/taxialicante.eu\/#\/schema\/logo\/image\/","url":"https:\/\/taxialicante.eu\/wp-content\/uploads\/2017\/02\/logo-red-1.png","contentUrl":"https:\/\/taxialicante.eu\/wp-content\/uploads\/2017\/02\/logo-red-1.png","width":350,"height":84,"caption":"Taxi Alicante"},"image":{"@id":"https:\/\/taxialicante.eu\/#\/schema\/logo\/image\/"},"sameAs":["https:\/\/www.facebook.com\/taxialicantevalencia\/?fref=ts"]}]}},"_links":{"self":[{"href":"https:\/\/taxialicante.eu\/fr\/wp-json\/wp\/v2\/pages\/3276","targetHints":{"allow":["GET"]}}],"collection":[{"href":"https:\/\/taxialicante.eu\/fr\/wp-json\/wp\/v2\/pages"}],"about":[{"href":"https:\/\/taxialicante.eu\/fr\/wp-json\/wp\/v2\/types\/page"}],"author":[{"embeddable":true,"href":"https:\/\/taxialicante.eu\/fr\/wp-json\/wp\/v2\/users\/1"}],"replies":[{"embeddable":true,"href":"https:\/\/taxialicante.eu\/fr\/wp-json\/wp\/v2\/comments?post=3276"}],"version-history":[{"count":4,"href":"https:\/\/taxialicante.eu\/fr\/wp-json\/wp\/v2\/pages\/3276\/revisions"}],"predecessor-version":[{"id":5454,"href":"https:\/\/taxialicante.eu\/fr\/wp-json\/wp\/v2\/pages\/3276\/revisions\/5454"}],"wp:attachment":[{"href":"https:\/\/taxialicante.eu\/fr\/wp-json\/wp\/v2\/media?parent=3276"}],"curies":[{"name":"wp","href":"https:\/\/api.w.org\/{rel}","templated":true}]}}