{"id":3282,"date":"2017-02-03T14:16:23","date_gmt":"2017-02-03T13:16:23","guid":{"rendered":"http:\/\/www.taxialicante.eu\/goedkoop-groepsvervoer\/"},"modified":"2021-04-05T18:44:11","modified_gmt":"2021-04-05T16:44:11","slug":"transfert-en-groupe","status":"publish","type":"page","link":"https:\/\/taxialicante.eu\/fr\/transfert-en-groupe\/","title":{"rendered":"Transfert en groupe"},"content":{"rendered":"<section class=\"wpb-content-wrapper\"><p>[vc_row][vc_column css=&#8221;.vc_custom_1486570994307{margin-top: -20px !important;margin-bottom: -40px !important;}&#8221;][vc_column_text]Vous avez besoin d\u2019un transfert en groupe, comme par exemple, pour plusieurs employ\u00e9s \u00e0 un congr\u00e8s, une sortie nocturne entre amis, un tour en famille \u00e0 travers la Costa Blanca ou \u00e0 un autre endroit en Espagne? <a style=\"color: #e62d38;\" href=\"https:\/\/taxialicante.eu\/fr\/\"><strong>Taxi Alicante<\/strong><\/a> offre des transferts efficaces et s\u00fbrs pour des grands groupes et des groupes r\u00e9duits, depuis et vers des \u00e9v\u00e8nements ou les a\u00e9roports d\u2019Alicante et Valence. Nous disposons de diff\u00e9rents minibus pour des groupes r\u00e9duits, ainsi que d\u2019un autobus Neoplan Cityliner pour des grands groupes de jusqu\u2019\u00e0 54 personnes. Notre conducteur a une vaste exp\u00e9rience dans les transferts en groupes et parle plusieurs langues afin de vous procurer un voyage agr\u00e9able et s\u00fbr vers votre destination.<\/p>\n<p>Si vous avez besoin d\u2019un minibus \u00e9conomique, Taxi Alicante est la meilleure option. Nous offrons des transferts de groupes \u00e0 un prix fixe et \u00e9conomique. Que ce soit la nuit ou aux heures pointes, le prix convenu ne changera pas. L\u2019avantage est que nous n\u2019utilisons pas de taxim\u00e8tre, et que nous respectons toujours le prix fix\u00e9, ind\u00e9pendemment des circonstances. Nous offrons aussi\u00a0un transfert en groupe depuis Alicante et Valence vers n\u2019importe quelle destination en Espagne en minibus \u00e0 un prix fixe et bas. Nous vous emmenerons \u00e9videmment \u00e0 l\u2019emplacement exact de votre destination, que ce soit un h\u00f4tel, un appartement, etc. Consultez nos tarifs hautement concurrentiels sur notre site web <strong><a style=\"color: #e62d38;\" href=\"http:\/\/www.alicante-private-airportshuttle.com\" target=\"_blank\" rel=\"noopener noreferrer\">http:\/\/www.alicante-private-airportshuttle.com<\/a>.<\/strong><\/p>\n<h2>TAXIBUS PRIV\u00c9 VERS ET DEPUIS L&#8217;A\u00c9ROPORT D&#8217;ALICANTE<\/h2>\n<p>Selon le nombre de passagers, le tarif final sera g\u00e9n\u00e9ralement plus bas que celui offert pour le transport en plusieurs taxis ou en taxibus partag\u00e9. De plus, Taxi Alicante vous transportera dans un minibus priv\u00e9, sans besoin de partager le v\u00e9hicule avec des inconnus. Vous avez seulement \u00e0 nous indiquer l\u2019heure de ramassage \u00e0 votre domicile et nous nous occuperons du reste.<\/p>\n<p>Vous avez besoin d\u2019un <a style=\"color: #e62d38;\" href=\"https:\/\/taxialicante.eu\/fr\/transfert-aeroport-alicante-valence\/\"><strong>transfert a\u00e9roport<\/strong><\/a>? Dans ce cas vous pouvez \u00e9galement solliciter nos services pour groupes a partir de 8 personnes. S\u2019il s\u2019agit d\u2019un groupe plus grands, consultez-nous et nous vous indiquerons les diff\u00e9rentes options.[\/vc_column_text][\/vc_column][\/vc_row][vc_row css=&#8221;.vc_custom_1486580172252{margin-top: 40px !important;}&#8221;][vc_column][vc_gallery type=&#8221;image_grid&#8221; images=&#8221;4807,4808,4809,4810,4811,4813&#8243;][\/vc_column][\/vc_row][vc_row content_placement=&#8221;middle&#8221; css=&#8221;.vc_custom_1486585373634{margin-right: 2px !important;margin-left: 2px !important;background-image: url(https:\/\/taxialicante.eu\/wp-content\/uploads\/2017\/02\/service-bg-5-2-1.png?id=1009) !important;background-position: center !important;background-repeat: no-repeat !important;background-size: cover !important;}&#8221;][vc_column][vc_row_inner][vc_column_inner el_class=&#8221;.padding-left-xs-15&#8243; css=&#8221;.vc_custom_1486561868414{padding-top: 120px !important;padding-bottom: 40px !important;padding-left: 58px !important;background-position: center !important;background-repeat: no-repeat !important;background-size: contain !important;}&#8221;][vc_custom_heading text=&#8221;Demandez ici en ligne&#8221; font_container=&#8221;tag:h2|font_size:30|text_align:left|line_height:1&#8243; use_theme_fonts=&#8221;yes&#8221; show_box_icon=&#8221;&#8221; font_weight=&#8221;700&#8243; text_transform=&#8221;none&#8221;][vc_custom_heading text=&#8221;un devis sans engagement.&#8221; font_container=&#8221;tag:h2|font_size:30|text_align:left|line_height:1&#8243; use_theme_fonts=&#8221;yes&#8221; show_box_icon=&#8221;&#8221; font_weight=&#8221;700&#8243; text_transform=&#8221;none&#8221; css=&#8221;.vc_custom_1492806826891{margin-top: 6px !important;}&#8221;][\/vc_column_inner][\/vc_row_inner][boardthemes_button has_arrow=&#8221;yes&#8221; text=&#8221;CLIQUEZ ICI&#8221; link=&#8221;url:http%3A%2F%2Fwww.taxialicante.eu%2Ffr%2Fdevis-transfert-aeroport%2F|||&#8221; css=&#8221;.vc_custom_1490189879712{margin-bottom: 30px !important;margin-left: 45px !important;}&#8221;][\/vc_column][\/vc_row]<\/p>\n<\/section>","protected":false},"excerpt":{"rendered":"<p>[vc_row][vc_column css=&#8221;.vc_custom_1486570994307{margin-top: -20px !important;margin-bottom: -40px !important;}&#8221;][vc_column_text]Vous avez besoin d\u2019un transfert en groupe, comme par exemple, pour plusieurs employ\u00e9s \u00e0 un congr\u00e8s, une sortie nocturne entre amis, un tour en famille \u00e0 travers la Costa Blanca ou \u00e0 un autre endroit en Espagne? Taxi Alicante offre des transferts efficaces et s\u00fbrs pour des grands groupes et des groupes r\u00e9duits, depuis et vers des \u00e9v\u00e8nements ou les a\u00e9roports d\u2019Alicante et Valence. Nous disposons de diff\u00e9rents minibus pour des groupes r\u00e9duits, ainsi que d\u2019un autobus Neoplan Cityliner pour des grands groupes de jusqu\u2019\u00e0 54 personnes. Notre conducteur a une vaste exp\u00e9rience dans les transferts en groupes et parle plusieurs langues afin de vous procurer un voyage agr\u00e9able et s\u00fbr vers votre destination. Si vous avez besoin d\u2019un minibus \u00e9conomique, Taxi Alicante est la meilleure option. Nous offrons des transferts de groupes \u00e0 un prix fixe et \u00e9conomique. Que ce soit la nuit ou aux heures pointes, le prix convenu ne changera pas. L\u2019avantage est que nous n\u2019utilisons pas de taxim\u00e8tre, et que nous respectons toujours le prix fix\u00e9, ind\u00e9pendemment des circonstances. Nous offrons aussi\u00a0un transfert en groupe depuis Alicante et Valence vers n\u2019importe quelle destination en Espagne en minibus \u00e0 un prix fixe [&hellip;]<\/p>\n","protected":false},"author":1,"featured_media":0,"parent":0,"menu_order":0,"comment_status":"closed","ping_status":"closed","template":"","meta":{"footnotes":""},"class_list":["post-3282","page","type-page","status-publish","hentry"],"yoast_head":"<!-- This site is optimized with the Yoast SEO plugin v26.5 - https:\/\/yoast.com\/wordpress\/plugins\/seo\/ -->\n<title>Transfert en groupe s\u00fbr et au meilleur prix \u00e0 l\u2019a\u00e9roport ou \u00e9v\u00e8nement<\/title>\n<meta name=\"description\" content=\"Besoin d&#039;un transfert en groupe, comme une sortie nocturne entre amis ou un tour en famille \u00e0 travers la Costa Blanca ou vers tout autre lieu en Espagne?\" \/>\n<meta name=\"robots\" content=\"index, follow, max-snippet:-1, max-image-preview:large, max-video-preview:-1\" \/>\n<meta property=\"og:locale\" content=\"fr_FR\" \/>\n<meta property=\"og:type\" content=\"article\" \/>\n<meta property=\"og:title\" content=\"Transfert en groupe s\u00fbr et au meilleur prix \u00e0 l\u2019a\u00e9roport ou \u00e9v\u00e8nement\" \/>\n<meta property=\"og:description\" content=\"Besoin d&#039;un transfert en groupe, comme une sortie nocturne entre amis ou un tour en famille \u00e0 travers la Costa Blanca ou vers tout autre lieu en Espagne?\" \/>\n<meta property=\"og:url\" content=\"https:\/\/taxialicante.eu\/fr\/transfert-en-groupe\/\" \/>\n<meta property=\"og:site_name\" content=\"Taxi Alicante\" \/>\n<meta property=\"article:publisher\" content=\"https:\/\/www.facebook.com\/taxialicantevalencia\/?fref=ts\" \/>\n<meta property=\"article:modified_time\" content=\"2021-04-05T16:44:11+00:00\" \/>\n<meta name=\"twitter:card\" content=\"summary_large_image\" \/>\n<meta name=\"twitter:label1\" content=\"Est. reading time\" \/>\n\t<meta name=\"twitter:data1\" content=\"2 minutes\" \/>\n<script type=\"application\/ld+json\" class=\"yoast-schema-graph\">{\"@context\":\"https:\/\/schema.org\",\"@graph\":[{\"@type\":\"WebPage\",\"@id\":\"https:\/\/taxialicante.eu\/fr\/transfert-en-groupe\/\",\"url\":\"https:\/\/taxialicante.eu\/fr\/transfert-en-groupe\/\",\"name\":\"Transfert en groupe s\u00fbr et au meilleur prix \u00e0 l\u2019a\u00e9roport ou \u00e9v\u00e8nement\",\"isPartOf\":{\"@id\":\"https:\/\/taxialicante.eu\/#website\"},\"datePublished\":\"2017-02-03T13:16:23+00:00\",\"dateModified\":\"2021-04-05T16:44:11+00:00\",\"description\":\"Besoin d'un transfert en groupe, comme une sortie nocturne entre amis ou un tour en famille \u00e0 travers la Costa Blanca ou vers tout autre lieu en Espagne?\",\"breadcrumb\":{\"@id\":\"https:\/\/taxialicante.eu\/fr\/transfert-en-groupe\/#breadcrumb\"},\"inLanguage\":\"fr\",\"potentialAction\":[{\"@type\":\"ReadAction\",\"target\":[\"https:\/\/taxialicante.eu\/fr\/transfert-en-groupe\/\"]}]},{\"@type\":\"BreadcrumbList\",\"@id\":\"https:\/\/taxialicante.eu\/fr\/transfert-en-groupe\/#breadcrumb\",\"itemListElement\":[{\"@type\":\"ListItem\",\"position\":1,\"name\":\"Home\",\"item\":\"https:\/\/taxialicante.eu\/fr\/\"},{\"@type\":\"ListItem\",\"position\":2,\"name\":\"Transfert en groupe\"}]},{\"@type\":\"WebSite\",\"@id\":\"https:\/\/taxialicante.eu\/#website\",\"url\":\"https:\/\/taxialicante.eu\/\",\"name\":\"Taxi Alicante\",\"description\":\"25 jaar ervaring in luchthavenvervoer\",\"publisher\":{\"@id\":\"https:\/\/taxialicante.eu\/#organization\"},\"potentialAction\":[{\"@type\":\"SearchAction\",\"target\":{\"@type\":\"EntryPoint\",\"urlTemplate\":\"https:\/\/taxialicante.eu\/?s={search_term_string}\"},\"query-input\":{\"@type\":\"PropertyValueSpecification\",\"valueRequired\":true,\"valueName\":\"search_term_string\"}}],\"inLanguage\":\"fr\"},{\"@type\":\"Organization\",\"@id\":\"https:\/\/taxialicante.eu\/#organization\",\"name\":\"Taxi Alicante\",\"url\":\"https:\/\/taxialicante.eu\/\",\"logo\":{\"@type\":\"ImageObject\",\"inLanguage\":\"fr\",\"@id\":\"https:\/\/taxialicante.eu\/#\/schema\/logo\/image\/\",\"url\":\"https:\/\/taxialicante.eu\/wp-content\/uploads\/2017\/02\/logo-red-1.png\",\"contentUrl\":\"https:\/\/taxialicante.eu\/wp-content\/uploads\/2017\/02\/logo-red-1.png\",\"width\":350,\"height\":84,\"caption\":\"Taxi Alicante\"},\"image\":{\"@id\":\"https:\/\/taxialicante.eu\/#\/schema\/logo\/image\/\"},\"sameAs\":[\"https:\/\/www.facebook.com\/taxialicantevalencia\/?fref=ts\"]}]}<\/script>\n<!-- \/ Yoast SEO plugin. -->","yoast_head_json":{"title":"Transfert en groupe s\u00fbr et au meilleur prix \u00e0 l\u2019a\u00e9roport ou \u00e9v\u00e8nement","description":"Besoin d'un transfert en groupe, comme une sortie nocturne entre amis ou un tour en famille \u00e0 travers la Costa Blanca ou vers tout autre lieu en Espagne?","robots":{"index":"index","follow":"follow","max-snippet":"max-snippet:-1","max-image-preview":"max-image-preview:large","max-video-preview":"max-video-preview:-1"},"og_locale":"fr_FR","og_type":"article","og_title":"Transfert en groupe s\u00fbr et au meilleur prix \u00e0 l\u2019a\u00e9roport ou \u00e9v\u00e8nement","og_description":"Besoin d'un transfert en groupe, comme une sortie nocturne entre amis ou un tour en famille \u00e0 travers la Costa Blanca ou vers tout autre lieu en Espagne?","og_url":"https:\/\/taxialicante.eu\/fr\/transfert-en-groupe\/","og_site_name":"Taxi Alicante","article_publisher":"https:\/\/www.facebook.com\/taxialicantevalencia\/?fref=ts","article_modified_time":"2021-04-05T16:44:11+00:00","twitter_card":"summary_large_image","twitter_misc":{"Est. reading time":"2 minutes"},"schema":{"@context":"https:\/\/schema.org","@graph":[{"@type":"WebPage","@id":"https:\/\/taxialicante.eu\/fr\/transfert-en-groupe\/","url":"https:\/\/taxialicante.eu\/fr\/transfert-en-groupe\/","name":"Transfert en groupe s\u00fbr et au meilleur prix \u00e0 l\u2019a\u00e9roport ou \u00e9v\u00e8nement","isPartOf":{"@id":"https:\/\/taxialicante.eu\/#website"},"datePublished":"2017-02-03T13:16:23+00:00","dateModified":"2021-04-05T16:44:11+00:00","description":"Besoin d'un transfert en groupe, comme une sortie nocturne entre amis ou un tour en famille \u00e0 travers la Costa Blanca ou vers tout autre lieu en Espagne?","breadcrumb":{"@id":"https:\/\/taxialicante.eu\/fr\/transfert-en-groupe\/#breadcrumb"},"inLanguage":"fr","potentialAction":[{"@type":"ReadAction","target":["https:\/\/taxialicante.eu\/fr\/transfert-en-groupe\/"]}]},{"@type":"BreadcrumbList","@id":"https:\/\/taxialicante.eu\/fr\/transfert-en-groupe\/#breadcrumb","itemListElement":[{"@type":"ListItem","position":1,"name":"Home","item":"https:\/\/taxialicante.eu\/fr\/"},{"@type":"ListItem","position":2,"name":"Transfert en groupe"}]},{"@type":"WebSite","@id":"https:\/\/taxialicante.eu\/#website","url":"https:\/\/taxialicante.eu\/","name":"Taxi Alicante","description":"25 jaar ervaring in luchthavenvervoer","publisher":{"@id":"https:\/\/taxialicante.eu\/#organization"},"potentialAction":[{"@type":"SearchAction","target":{"@type":"EntryPoint","urlTemplate":"https:\/\/taxialicante.eu\/?s={search_term_string}"},"query-input":{"@type":"PropertyValueSpecification","valueRequired":true,"valueName":"search_term_string"}}],"inLanguage":"fr"},{"@type":"Organization","@id":"https:\/\/taxialicante.eu\/#organization","name":"Taxi Alicante","url":"https:\/\/taxialicante.eu\/","logo":{"@type":"ImageObject","inLanguage":"fr","@id":"https:\/\/taxialicante.eu\/#\/schema\/logo\/image\/","url":"https:\/\/taxialicante.eu\/wp-content\/uploads\/2017\/02\/logo-red-1.png","contentUrl":"https:\/\/taxialicante.eu\/wp-content\/uploads\/2017\/02\/logo-red-1.png","width":350,"height":84,"caption":"Taxi Alicante"},"image":{"@id":"https:\/\/taxialicante.eu\/#\/schema\/logo\/image\/"},"sameAs":["https:\/\/www.facebook.com\/taxialicantevalencia\/?fref=ts"]}]}},"_links":{"self":[{"href":"https:\/\/taxialicante.eu\/fr\/wp-json\/wp\/v2\/pages\/3282","targetHints":{"allow":["GET"]}}],"collection":[{"href":"https:\/\/taxialicante.eu\/fr\/wp-json\/wp\/v2\/pages"}],"about":[{"href":"https:\/\/taxialicante.eu\/fr\/wp-json\/wp\/v2\/types\/page"}],"author":[{"embeddable":true,"href":"https:\/\/taxialicante.eu\/fr\/wp-json\/wp\/v2\/users\/1"}],"replies":[{"embeddable":true,"href":"https:\/\/taxialicante.eu\/fr\/wp-json\/wp\/v2\/comments?post=3282"}],"version-history":[{"count":1,"href":"https:\/\/taxialicante.eu\/fr\/wp-json\/wp\/v2\/pages\/3282\/revisions"}],"predecessor-version":[{"id":5366,"href":"https:\/\/taxialicante.eu\/fr\/wp-json\/wp\/v2\/pages\/3282\/revisions\/5366"}],"wp:attachment":[{"href":"https:\/\/taxialicante.eu\/fr\/wp-json\/wp\/v2\/media?parent=3282"}],"curies":[{"name":"wp","href":"https:\/\/api.w.org\/{rel}","templated":true}]}}