{"id":3287,"date":"2017-02-03T14:17:35","date_gmt":"2017-02-03T13:17:35","guid":{"rendered":"http:\/\/www.taxialicante.eu\/taxidienst-taxivervoer-costablanca\/"},"modified":"2021-04-27T14:34:28","modified_gmt":"2021-04-27T12:34:28","slug":"service-de-taxi-costablanca","status":"publish","type":"page","link":"https:\/\/taxialicante.eu\/fr\/service-de-taxi-costablanca\/","title":{"rendered":"Service de taxi"},"content":{"rendered":"<section class=\"wpb-content-wrapper\"><p>[vc_row][vc_column css=&#8221;.vc_custom_1486570994307{margin-top: -20px !important;margin-bottom: -40px !important;}&#8221;][vc_column_text]Taxi Alicante est sp\u00e9cialis\u00e9 dans le service de taxi s\u00fbr et ponctuel. Nous sommes disponibles 24h\/24, tous les jours de l\u2019ann\u00e9e, pour offrir le meilleur service de transfert vers votre destination.<\/p>\n<p>Suite \u00e0 votre pr\u00e9alable r\u00e9servation, nous allons vous chercher \u00e0 l\u2019heure convenue. Vous profiterez d\u2019un voyage tranquille et d\u00e9tendu vers n\u2019importe quel destination d\u2019Espagne. Vous n\u2019avez plus \u00e0 vous pr\u00e9occuper de l\u2019endroit o\u00f9 laisser votre voiture ou avoir \u00e0 demander \u00e0 un membre de la famille ou \u00e0 des amis la faveur d\u2019aller vous chercher ou de vous emmener \u00e0 <a style=\"color: #e62d38;\" href=\"https:\/\/taxialicante.eu\/fr\/transfert-aeroport-alicante-valence\/\"><strong>l\u2019a\u00e9roport<\/strong><\/a> ou \u00e0 la station de train.<\/p>\n<h2>SERVICE DE TAXI VERS ET DEPUIS L&#8217;A\u00c9ROPORT<\/h2>\n<p>De plus, nous faisons un pas en avant dans notre service de taxi. Vous avez besoin d\u2019un <a style=\"color: #e62d38;\" href=\"https:\/\/taxialicante.eu\/fr\/transfert-en-groupe\/\"><strong>transfert pour un groupe d\u2019amis ou votre famille<\/strong><\/a> \u00e0 une adresse sp\u00e9cifique? Taxi Alicante offre aussi des solutions pour ce cas concret. Nous disposons de minibus de jusqu\u2019\u00e0 8 personnes pour pouvoir vous transporter d\u2019une mani\u00e8re confortable et s\u00fbre. Il s\u2019agit d\u2019un groupe plus grand? Consultez-nous pour conna\u00eetre les diff\u00e9rentes possibilit\u00e9s, \u00e0 Taxi Alicante nous sommes flexibles et nous chercherons toujours la meilleure option pour nos clients.<\/p>\n<p>Nous sommes aussi l\u2019option la plus id\u00e9ale pour les entreprises, \u00e9tant donn\u00e9 que nos services de <a style=\"color: #e62d38;\" href=\"https:\/\/taxialicante.eu\/fr\/transfert-pour-entreprises\/\"><strong>transferts pour entreprises<\/strong><\/a> offrent des transferts de passagers de qualit\u00e9. Vous avez des doutes ou vous d\u00e9sirez obtenir plus d\u2019informations concernant notre service de taxi? Contactez-nous sans engagement.[\/vc_column_text][\/vc_column][\/vc_row][vc_row css=&#8221;.vc_custom_1612365891077{border-top-width: 20px !important;}&#8221;][vc_column][boardthemes_image_carousel images=&#8221;5449&#8243; items_on_desktop=&#8221;1&#8243; items_on_tabs=&#8221;1&#8243; items_on_mobile=&#8221;1&#8243; autoplay=&#8221;&#8221; hide_prev_next_buttons=&#8221;&#8221;][\/vc_column][\/vc_row][vc_row content_placement=&#8221;middle&#8221; css=&#8221;.vc_custom_1486585373634{margin-right: 2px !important;margin-left: 2px !important;background-image: url(https:\/\/taxialicante.eu\/wp-content\/uploads\/2017\/02\/service-bg-5-2-1.png?id=1009) !important;background-position: center !important;background-repeat: no-repeat !important;background-size: cover !important;}&#8221;][vc_column][vc_row_inner][vc_column_inner el_class=&#8221;.padding-left-xs-15&#8243; css=&#8221;.vc_custom_1486561868414{padding-top: 120px !important;padding-bottom: 40px !important;padding-left: 58px !important;background-position: center !important;background-repeat: no-repeat !important;background-size: contain !important;}&#8221;][vc_custom_heading text=&#8221;Demandez ici en ligne&#8221; font_container=&#8221;tag:h2|font_size:30|text_align:left|line_height:1&#8243; use_theme_fonts=&#8221;yes&#8221; show_box_icon=&#8221;&#8221; font_weight=&#8221;700&#8243; text_transform=&#8221;none&#8221;][vc_custom_heading text=&#8221;un devis sans engagement.&#8221; font_container=&#8221;tag:h2|font_size:30|text_align:left|line_height:1&#8243; use_theme_fonts=&#8221;yes&#8221; show_box_icon=&#8221;&#8221; font_weight=&#8221;700&#8243; text_transform=&#8221;none&#8221; css=&#8221;.vc_custom_1492851076958{margin-top: 6px !important;}&#8221;][\/vc_column_inner][\/vc_row_inner][boardthemes_button has_arrow=&#8221;yes&#8221; text=&#8221;CLIQUEZ ICI&#8221; link=&#8221;url:http%3A%2F%2Fwww.taxialicante.eu%2Ffr%2Fdevis-transfert-aeroport%2F|||&#8221; css=&#8221;.vc_custom_1490190149576{margin-bottom: 30px !important;margin-left: 45px !important;}&#8221;][\/vc_column][\/vc_row]<\/p>\n<\/section>","protected":false},"excerpt":{"rendered":"<p>[vc_row][vc_column css=&#8221;.vc_custom_1486570994307{margin-top: -20px !important;margin-bottom: -40px !important;}&#8221;][vc_column_text]Taxi Alicante est sp\u00e9cialis\u00e9 dans le service de taxi s\u00fbr et ponctuel. Nous sommes disponibles 24h\/24, tous les jours de l\u2019ann\u00e9e, pour offrir le meilleur service de transfert vers votre destination. Suite \u00e0 votre pr\u00e9alable r\u00e9servation, nous allons vous chercher \u00e0 l\u2019heure convenue. Vous profiterez d\u2019un voyage tranquille et d\u00e9tendu vers n\u2019importe quel destination d\u2019Espagne. Vous n\u2019avez plus \u00e0 vous pr\u00e9occuper de l\u2019endroit o\u00f9 laisser votre voiture ou avoir \u00e0 demander \u00e0 un membre de la famille ou \u00e0 des amis la faveur d\u2019aller vous chercher ou de vous emmener \u00e0 l\u2019a\u00e9roport ou \u00e0 la station de train. SERVICE DE TAXI VERS ET DEPUIS L&#8217;A\u00c9ROPORT De plus, nous faisons un pas en avant dans notre service de taxi. Vous avez besoin d\u2019un transfert pour un groupe d\u2019amis ou votre famille \u00e0 une adresse sp\u00e9cifique? Taxi Alicante offre aussi des solutions pour ce cas concret. Nous disposons de minibus de jusqu\u2019\u00e0 8 personnes pour pouvoir vous transporter d\u2019une mani\u00e8re confortable et s\u00fbre. Il s\u2019agit d\u2019un groupe plus grand? Consultez-nous pour conna\u00eetre les diff\u00e9rentes possibilit\u00e9s, \u00e0 Taxi Alicante nous sommes flexibles et nous chercherons toujours la meilleure option pour nos clients. Nous sommes aussi l\u2019option la plus [&hellip;]<\/p>\n","protected":false},"author":1,"featured_media":0,"parent":0,"menu_order":0,"comment_status":"closed","ping_status":"closed","template":"","meta":{"footnotes":""},"class_list":["post-3287","page","type-page","status-publish","hentry"],"yoast_head":"<!-- This site is optimized with the Yoast SEO plugin v26.5 - https:\/\/yoast.com\/wordpress\/plugins\/seo\/ -->\n<title>Service de taxi en Espagne - Costa Blanca avec Taxi Alicante<\/title>\n<meta name=\"description\" content=\"Service de taxi avec Taxi Alicante en Espagne: garantit un transfert de personnes s\u00fbrs et au meilleur prix. Profiter en toute tranquilit\u00e9 de nos services.\" \/>\n<meta name=\"robots\" content=\"index, follow, max-snippet:-1, max-image-preview:large, max-video-preview:-1\" \/>\n<meta property=\"og:locale\" content=\"fr_FR\" \/>\n<meta property=\"og:type\" content=\"article\" \/>\n<meta property=\"og:title\" content=\"Service de taxi en Espagne - Costa Blanca avec Taxi Alicante\" \/>\n<meta property=\"og:description\" content=\"Service de taxi avec Taxi Alicante en Espagne: garantit un transfert de personnes s\u00fbrs et au meilleur prix. Profiter en toute tranquilit\u00e9 de nos services.\" \/>\n<meta property=\"og:url\" content=\"https:\/\/taxialicante.eu\/fr\/service-de-taxi-costablanca\/\" \/>\n<meta property=\"og:site_name\" content=\"Taxi Alicante\" \/>\n<meta property=\"article:publisher\" content=\"https:\/\/www.facebook.com\/taxialicantevalencia\/?fref=ts\" \/>\n<meta property=\"article:modified_time\" content=\"2021-04-27T12:34:28+00:00\" \/>\n<meta name=\"twitter:card\" content=\"summary_large_image\" \/>\n<meta name=\"twitter:label1\" content=\"Est. reading time\" \/>\n\t<meta name=\"twitter:data1\" content=\"2 minutes\" \/>\n<script type=\"application\/ld+json\" class=\"yoast-schema-graph\">{\"@context\":\"https:\/\/schema.org\",\"@graph\":[{\"@type\":\"WebPage\",\"@id\":\"https:\/\/taxialicante.eu\/fr\/service-de-taxi-costablanca\/\",\"url\":\"https:\/\/taxialicante.eu\/fr\/service-de-taxi-costablanca\/\",\"name\":\"Service de taxi en Espagne - Costa Blanca avec Taxi Alicante\",\"isPartOf\":{\"@id\":\"https:\/\/taxialicante.eu\/#website\"},\"datePublished\":\"2017-02-03T13:17:35+00:00\",\"dateModified\":\"2021-04-27T12:34:28+00:00\",\"description\":\"Service de taxi avec Taxi Alicante en Espagne: garantit un transfert de personnes s\u00fbrs et au meilleur prix. Profiter en toute tranquilit\u00e9 de nos services.\",\"breadcrumb\":{\"@id\":\"https:\/\/taxialicante.eu\/fr\/service-de-taxi-costablanca\/#breadcrumb\"},\"inLanguage\":\"fr\",\"potentialAction\":[{\"@type\":\"ReadAction\",\"target\":[\"https:\/\/taxialicante.eu\/fr\/service-de-taxi-costablanca\/\"]}]},{\"@type\":\"BreadcrumbList\",\"@id\":\"https:\/\/taxialicante.eu\/fr\/service-de-taxi-costablanca\/#breadcrumb\",\"itemListElement\":[{\"@type\":\"ListItem\",\"position\":1,\"name\":\"Home\",\"item\":\"https:\/\/taxialicante.eu\/fr\/\"},{\"@type\":\"ListItem\",\"position\":2,\"name\":\"Service de taxi\"}]},{\"@type\":\"WebSite\",\"@id\":\"https:\/\/taxialicante.eu\/#website\",\"url\":\"https:\/\/taxialicante.eu\/\",\"name\":\"Taxi Alicante\",\"description\":\"25 jaar ervaring in luchthavenvervoer\",\"publisher\":{\"@id\":\"https:\/\/taxialicante.eu\/#organization\"},\"potentialAction\":[{\"@type\":\"SearchAction\",\"target\":{\"@type\":\"EntryPoint\",\"urlTemplate\":\"https:\/\/taxialicante.eu\/?s={search_term_string}\"},\"query-input\":{\"@type\":\"PropertyValueSpecification\",\"valueRequired\":true,\"valueName\":\"search_term_string\"}}],\"inLanguage\":\"fr\"},{\"@type\":\"Organization\",\"@id\":\"https:\/\/taxialicante.eu\/#organization\",\"name\":\"Taxi Alicante\",\"url\":\"https:\/\/taxialicante.eu\/\",\"logo\":{\"@type\":\"ImageObject\",\"inLanguage\":\"fr\",\"@id\":\"https:\/\/taxialicante.eu\/#\/schema\/logo\/image\/\",\"url\":\"https:\/\/taxialicante.eu\/wp-content\/uploads\/2017\/02\/logo-red-1.png\",\"contentUrl\":\"https:\/\/taxialicante.eu\/wp-content\/uploads\/2017\/02\/logo-red-1.png\",\"width\":350,\"height\":84,\"caption\":\"Taxi Alicante\"},\"image\":{\"@id\":\"https:\/\/taxialicante.eu\/#\/schema\/logo\/image\/\"},\"sameAs\":[\"https:\/\/www.facebook.com\/taxialicantevalencia\/?fref=ts\"]}]}<\/script>\n<!-- \/ Yoast SEO plugin. -->","yoast_head_json":{"title":"Service de taxi en Espagne - Costa Blanca avec Taxi Alicante","description":"Service de taxi avec Taxi Alicante en Espagne: garantit un transfert de personnes s\u00fbrs et au meilleur prix. Profiter en toute tranquilit\u00e9 de nos services.","robots":{"index":"index","follow":"follow","max-snippet":"max-snippet:-1","max-image-preview":"max-image-preview:large","max-video-preview":"max-video-preview:-1"},"og_locale":"fr_FR","og_type":"article","og_title":"Service de taxi en Espagne - Costa Blanca avec Taxi Alicante","og_description":"Service de taxi avec Taxi Alicante en Espagne: garantit un transfert de personnes s\u00fbrs et au meilleur prix. Profiter en toute tranquilit\u00e9 de nos services.","og_url":"https:\/\/taxialicante.eu\/fr\/service-de-taxi-costablanca\/","og_site_name":"Taxi Alicante","article_publisher":"https:\/\/www.facebook.com\/taxialicantevalencia\/?fref=ts","article_modified_time":"2021-04-27T12:34:28+00:00","twitter_card":"summary_large_image","twitter_misc":{"Est. reading time":"2 minutes"},"schema":{"@context":"https:\/\/schema.org","@graph":[{"@type":"WebPage","@id":"https:\/\/taxialicante.eu\/fr\/service-de-taxi-costablanca\/","url":"https:\/\/taxialicante.eu\/fr\/service-de-taxi-costablanca\/","name":"Service de taxi en Espagne - Costa Blanca avec Taxi Alicante","isPartOf":{"@id":"https:\/\/taxialicante.eu\/#website"},"datePublished":"2017-02-03T13:17:35+00:00","dateModified":"2021-04-27T12:34:28+00:00","description":"Service de taxi avec Taxi Alicante en Espagne: garantit un transfert de personnes s\u00fbrs et au meilleur prix. Profiter en toute tranquilit\u00e9 de nos services.","breadcrumb":{"@id":"https:\/\/taxialicante.eu\/fr\/service-de-taxi-costablanca\/#breadcrumb"},"inLanguage":"fr","potentialAction":[{"@type":"ReadAction","target":["https:\/\/taxialicante.eu\/fr\/service-de-taxi-costablanca\/"]}]},{"@type":"BreadcrumbList","@id":"https:\/\/taxialicante.eu\/fr\/service-de-taxi-costablanca\/#breadcrumb","itemListElement":[{"@type":"ListItem","position":1,"name":"Home","item":"https:\/\/taxialicante.eu\/fr\/"},{"@type":"ListItem","position":2,"name":"Service de taxi"}]},{"@type":"WebSite","@id":"https:\/\/taxialicante.eu\/#website","url":"https:\/\/taxialicante.eu\/","name":"Taxi Alicante","description":"25 jaar ervaring in luchthavenvervoer","publisher":{"@id":"https:\/\/taxialicante.eu\/#organization"},"potentialAction":[{"@type":"SearchAction","target":{"@type":"EntryPoint","urlTemplate":"https:\/\/taxialicante.eu\/?s={search_term_string}"},"query-input":{"@type":"PropertyValueSpecification","valueRequired":true,"valueName":"search_term_string"}}],"inLanguage":"fr"},{"@type":"Organization","@id":"https:\/\/taxialicante.eu\/#organization","name":"Taxi Alicante","url":"https:\/\/taxialicante.eu\/","logo":{"@type":"ImageObject","inLanguage":"fr","@id":"https:\/\/taxialicante.eu\/#\/schema\/logo\/image\/","url":"https:\/\/taxialicante.eu\/wp-content\/uploads\/2017\/02\/logo-red-1.png","contentUrl":"https:\/\/taxialicante.eu\/wp-content\/uploads\/2017\/02\/logo-red-1.png","width":350,"height":84,"caption":"Taxi Alicante"},"image":{"@id":"https:\/\/taxialicante.eu\/#\/schema\/logo\/image\/"},"sameAs":["https:\/\/www.facebook.com\/taxialicantevalencia\/?fref=ts"]}]}},"_links":{"self":[{"href":"https:\/\/taxialicante.eu\/fr\/wp-json\/wp\/v2\/pages\/3287","targetHints":{"allow":["GET"]}}],"collection":[{"href":"https:\/\/taxialicante.eu\/fr\/wp-json\/wp\/v2\/pages"}],"about":[{"href":"https:\/\/taxialicante.eu\/fr\/wp-json\/wp\/v2\/types\/page"}],"author":[{"embeddable":true,"href":"https:\/\/taxialicante.eu\/fr\/wp-json\/wp\/v2\/users\/1"}],"replies":[{"embeddable":true,"href":"https:\/\/taxialicante.eu\/fr\/wp-json\/wp\/v2\/comments?post=3287"}],"version-history":[{"count":3,"href":"https:\/\/taxialicante.eu\/fr\/wp-json\/wp\/v2\/pages\/3287\/revisions"}],"predecessor-version":[{"id":5459,"href":"https:\/\/taxialicante.eu\/fr\/wp-json\/wp\/v2\/pages\/3287\/revisions\/5459"}],"wp:attachment":[{"href":"https:\/\/taxialicante.eu\/fr\/wp-json\/wp\/v2\/media?parent=3287"}],"curies":[{"name":"wp","href":"https:\/\/api.w.org\/{rel}","templated":true}]}}