{"id":3299,"date":"2016-09-10T03:24:37","date_gmt":"2016-09-10T01:24:37","guid":{"rendered":"http:\/\/www.taxialicante.eu\/luchthavenvervoer-boeken-prijsofferte\/"},"modified":"2023-03-03T20:23:47","modified_gmt":"2023-03-03T19:23:47","slug":"devis-transfert-aeroport","status":"publish","type":"page","link":"https:\/\/taxialicante.eu\/fr\/devis-transfert-aeroport\/","title":{"rendered":"Devis gratuit"},"content":{"rendered":"<section class=\"wpb-content-wrapper\"><p>[vc_row][vc_column css=&#8221;.vc_custom_1486305307868{margin-top: -20px !important;margin-bottom: -30px !important;}&#8221;][vc_column_text]Vous voulez faire une r\u00e9servation online ou solliciter un devis transfert a\u00e9roport sans engagement?<\/p>\n<p>Remplissez le formulaire suivant en compl\u00e9tant tous les champs n\u00e9cessaires suivant votre demande. Nous serons enchant\u00e9s de r\u00e9pondre \u00e0 vos besoins de <a style=\"color: #e62d38;\" href=\"https:\/\/taxialicante.eu\/fr\/transfert-aeroport-alicante-valence\/\"><strong>transfert a\u00e9roport<\/strong><\/a>, <a style=\"color: #e62d38;\" href=\"https:\/\/taxialicante.eu\/fr\/transfert-en-groupe\/\"><strong>transfert de groupe<\/strong><\/a>, <a style=\"color: #e62d38;\" href=\"https:\/\/taxialicante.eu\/fr\/services-de-taxi-costablanca\/\"><strong>service taxi<\/strong><\/a> et <a style=\"color: #e62d38;\" href=\"https:\/\/taxialicante.eu\/fr\/transfert-pour-entreprises\/\"><strong>transfert pour entreprises<\/strong><\/a>.<\/p>\n<p>Avec Taxi Alicante vous recevrez toujours le meilleur service au meilleur prix!<br \/>\n<span style=\"font-size: x-small;\"><i>(*champs obligatoires)<\/i><\/span>[\/vc_column_text][\/vc_column][\/vc_row][vc_row][vc_column css=&#8221;.vc_custom_1486305439484{margin-top: 30px !important;}&#8221;][vc_separator][\/vc_column][\/vc_row][vc_row][vc_column css=&#8221;.vc_custom_1486305520238{margin-top: -30px !important;}&#8221;]\n<div class=\"wpcf7 no-js\" id=\"wpcf7-f3303-o1\" lang=\"nl\" dir=\"ltr\" data-wpcf7-id=\"3303\">\n<div class=\"screen-reader-response\"><p role=\"status\" aria-live=\"polite\" aria-atomic=\"true\"><\/p> <ul><\/ul><\/div>\n<form action=\"\/fr\/wp-json\/wp\/v2\/pages\/3299#wpcf7-f3303-o1\" method=\"post\" class=\"wpcf7-form init\" aria-label=\"Contact form\" novalidate=\"novalidate\" data-status=\"init\">\n<fieldset class=\"hidden-fields-container\"><input type=\"hidden\" name=\"_wpcf7\" value=\"3303\" \/><input type=\"hidden\" name=\"_wpcf7_version\" value=\"6.1.4\" \/><input type=\"hidden\" name=\"_wpcf7_locale\" value=\"nl\" \/><input type=\"hidden\" name=\"_wpcf7_unit_tag\" value=\"wpcf7-f3303-o1\" \/><input type=\"hidden\" name=\"_wpcf7_container_post\" value=\"0\" \/><input type=\"hidden\" name=\"_wpcf7_posted_data_hash\" value=\"\" \/><input type=\"hidden\" name=\"_wpcf7_recaptcha_response\" value=\"\" \/>\n<\/fieldset>\n<div class=\"fgq-wrapper\">\n\t<div class=\"row\">\n\t\t<div class=\"col-xs-6\">\n\t\t\t<div class=\"form-field-wrapper\">\n\t\t\t\t<p><label><br \/>\n<\/label>\n\t\t\t\t<\/p>\n\t\t\t\t<div class=\"form-field-label\">\n\t\t\t\t\t<p>PR\u00c9NOM ET NOM\n\t\t\t\t\t\t<font color=\"red\">*\n\t\t\t\t\t\t<\/font>\n\t\t\t\t\t<\/p>\n\t\t\t\t<\/div>\n\t\t\t\t<div class=\"form-field form-field-user\">\n\t\t\t\t\t<p><span class=\"wpcf7-form-control-wrap\" data-name=\"uw-naam\"><input size=\"40\" maxlength=\"400\" class=\"wpcf7-form-control wpcf7-text wpcf7-validates-as-required\" aria-required=\"true\" aria-invalid=\"false\" value=\"\" type=\"text\" name=\"uw-naam\" \/><\/span>\n\t\t\t\t\t<\/p>\n\t\t\t\t<\/div>\n\t\t\t<\/div>\n\t\t<\/div>\n\t\t<div class=\"col-xs-6\">\n\t\t\t<div class=\"form-field-wrapper\">\n\t\t\t\t<p><label><br \/>\n<\/label>\n\t\t\t\t<\/p>\n\t\t\t\t<div class=\"form-field-label\">\n\t\t\t\t\t<p>EMAIL\n\t\t\t\t\t\t<font color=\"red\">*\n\t\t\t\t\t\t<\/font>\n\t\t\t\t\t<\/p>\n\t\t\t\t<\/div>\n\t\t\t\t<div class=\"form-field form-field-email\">\n\t\t\t\t\t<p><span class=\"wpcf7-form-control-wrap\" data-name=\"uw-email\"><input size=\"40\" maxlength=\"400\" class=\"wpcf7-form-control wpcf7-email wpcf7-validates-as-required wpcf7-text wpcf7-validates-as-email\" aria-required=\"true\" aria-invalid=\"false\" value=\"\" type=\"email\" name=\"uw-email\" \/><\/span>\n\t\t\t\t\t<\/p>\n\t\t\t\t<\/div>\n\t\t\t<\/div>\n\t\t<\/div>\n\t<\/div>\n\t<div class=\"row\">\n\t\t<div class=\"col-xs-6\">\n\t\t\t<div class=\"form-field-wrapper\">\n\t\t\t\t<p><label><br \/>\n<\/label>\n\t\t\t\t<\/p>\n\t\t\t\t<div class=\"form-field-label\">\n\t\t\t\t\t<p>N\u00ba T\u00c9L\u00c9PHONE\n\t\t\t\t\t\t<font color=\"red\">*\n\t\t\t\t\t\t<\/font>\n\t\t\t\t\t<\/p>\n\t\t\t\t<\/div>\n\t\t\t\t<div class=\"form-field form-field-phone\">\n\t\t\t\t\t<p><span class=\"wpcf7-form-control-wrap\" data-name=\"tel-863\"><input size=\"40\" maxlength=\"400\" class=\"wpcf7-form-control wpcf7-tel wpcf7-validates-as-required wpcf7-text wpcf7-validates-as-tel\" aria-required=\"true\" aria-invalid=\"false\" value=\"\" type=\"tel\" name=\"tel-863\" \/><\/span>\n\t\t\t\t\t<\/p>\n\t\t\t\t<\/div>\n\t\t\t<\/div>\n\t\t<\/div>\n\t\t<div class=\"col-xs-6\">\n\t\t\t<div class=\"form-field-wrapper\">\n\t\t\t\t<p><label><br \/>\n<\/label>\n\t\t\t\t<\/p>\n\t\t\t\t<div class=\"form-field-label\">\n\t\t\t\t\t<p>TYPE DE TRANSFERT\n\t\t\t\t\t<\/p>\n\t\t\t\t<\/div>\n\t\t\t\t<div class=\"form-field form-field-select\">\n\t\t\t\t\t<p><span class=\"wpcf7-form-control-wrap\" data-name=\"menu-488\"><select class=\"wpcf7-form-control wpcf7-select\" aria-invalid=\"false\" name=\"menu-488\"><option value=\"Transfert a\u00e9roport\">Transfert a\u00e9roport<\/option><option value=\"Transfert en groupe\">Transfert en groupe<\/option><option value=\"Service de taxi\">Service de taxi<\/option><option value=\"Transfert pour entreprises\">Transfert pour entreprises<\/option><\/select><\/span>\n\t\t\t\t\t<\/p>\n\t\t\t\t<\/div>\n\t\t\t<\/div>\n\t\t<\/div>\n\t<\/div>\n\t<div class=\"row\">\n\t\t<div class=\"col-xs-6\">\n\t\t\t<div class=\"form-field-wrapper\">\n\t\t\t\t<p><label><br \/>\n<\/label>\n\t\t\t\t<\/p>\n\t\t\t\t<div class=\"form-field-label\">\n\t\t\t\t\t<p>NOMBRE D'ADULTES\n\t\t\t\t\t<\/p>\n\t\t\t\t<\/div>\n\t\t\t\t<div class=\"form-field form-field-user\">\n\t\t\t\t\t<p><span class=\"wpcf7-form-control-wrap\" data-name=\"text-803\"><input size=\"40\" maxlength=\"400\" class=\"wpcf7-form-control wpcf7-text\" aria-invalid=\"false\" value=\"\" type=\"text\" name=\"text-803\" \/><\/span>\n\t\t\t\t\t<\/p>\n\t\t\t\t<\/div>\n\t\t\t<\/div>\n\t\t<\/div>\n\t\t<div class=\"col-xs-6\">\n\t\t\t<div class=\"form-field-wrapper\">\n\t\t\t\t<p><label><br \/>\n<\/label>\n\t\t\t\t<\/p>\n\t\t\t\t<div class=\"form-field-label\">\n\t\t\t\t\t<p>NOMBRE D'ENFANTS\n\t\t\t\t\t<\/p>\n\t\t\t\t<\/div>\n\t\t\t\t<div class=\"form-field form-field-user\">\n\t\t\t\t\t<p><span class=\"wpcf7-form-control-wrap\" data-name=\"text-709\"><input size=\"40\" maxlength=\"400\" class=\"wpcf7-form-control wpcf7-text\" aria-invalid=\"false\" value=\"\" type=\"text\" name=\"text-709\" \/><\/span>\n\t\t\t\t\t<\/p>\n\t\t\t\t<\/div>\n\t\t\t<\/div>\n\t\t<\/div>\n\t<\/div>\n\t<div class=\"row\">\n\t\t<div class=\"col-xs-6\">\n\t\t\t<div class=\"form-field-wrapper\">\n\t\t\t\t<p><label><br \/>\n<\/label>\n\t\t\t\t<\/p>\n\t\t\t\t<div class=\"form-field-label\">\n\t\t\t\t\t<p>NUM\u00c9RO DE VOL\n\t\t\t\t\t\t<font color=\"red\">*\n\t\t\t\t\t\t<\/font>\n\t\t\t\t\t<\/p>\n\t\t\t\t<\/div>\n\t\t\t\t<div class=\"form-field form-field-textarea\">\n\t\t\t\t\t<p><span class=\"wpcf7-form-control-wrap\" data-name=\"text-348\"><input size=\"40\" maxlength=\"400\" class=\"wpcf7-form-control wpcf7-text wpcf7-validates-as-required\" aria-required=\"true\" aria-invalid=\"false\" value=\"\" type=\"text\" name=\"text-348\" \/><\/span>\n\t\t\t\t\t<\/p>\n\t\t\t\t<\/div>\n\t\t\t<\/div>\n\t\t<\/div>\n\t\t<div class=\"col-xs-6\">\n\t\t\t<div class=\"form-field-wrapper\">\n\t\t\t\t<p><label><br \/>\n<\/label>\n\t\t\t\t<\/p>\n\t\t\t\t<div class=\"form-field-label\">\n\t\t\t\t\t<p>TYPE & NOMBRE DE BAGAGES\n\t\t\t\t\t<\/p>\n\t\t\t\t<\/div>\n\t\t\t\t<div class=\"form-field form-field-textarea\">\n\t\t\t\t\t<p><span class=\"wpcf7-form-control-wrap\" data-name=\"text-871\"><input size=\"40\" maxlength=\"400\" class=\"wpcf7-form-control wpcf7-text\" aria-invalid=\"false\" value=\"\" type=\"text\" name=\"text-871\" \/><\/span>\n\t\t\t\t\t<\/p>\n\t\t\t\t<\/div>\n\t\t\t<\/div>\n\t\t<\/div>\n\t<\/div>\n\t<div class=\"row\">\n\t\t<div class=\"col-xs-6\">\n\t\t\t<div class=\"form-field-wrapper\">\n\t\t\t\t<p><label><br \/>\n<\/label>\n\t\t\t\t<\/p>\n\t\t\t\t<div class=\"form-field-label\">\n\t\t\t\t\t<p>A\u00c9ROPORT D'ARRIVEE\/DEPART\n\t\t\t\t\t<\/p>\n\t\t\t\t<\/div>\n\t\t\t\t<div class=\"form-field form-field-select\">\n\t\t\t\t\t<p><span class=\"wpcf7-form-control-wrap\" data-name=\"menu-279\"><select class=\"wpcf7-form-control wpcf7-select\" aria-invalid=\"false\" name=\"menu-279\"><option value=\"Alicante\">Alicante<\/option><option value=\"Valence\">Valence<\/option><\/select><\/span>\n\t\t\t\t\t<\/p>\n\t\t\t\t<\/div>\n\t\t\t<\/div>\n\t\t<\/div>\n\t\t<div class=\"col-xs-6\">\n\t\t\t<div class=\"form-field-wrapper\">\n\t\t\t\t<p><label><br \/>\n<\/label>\n\t\t\t\t<\/p>\n\t\t\t\t<div class=\"form-field-label\">\n\t\t\t\t\t<p>R\u00c9SERVER MAINTENANT LE TRAJET DE RETOUR\n\t\t\t\t\t<\/p>\n\t\t\t\t<\/div>\n\t\t\t\t<div class=\"form-field form-field-select\">\n\t\t\t\t\t<p><span class=\"wpcf7-form-control-wrap\" data-name=\"menu-237\"><select class=\"wpcf7-form-control wpcf7-select\" aria-invalid=\"false\" name=\"menu-237\"><option value=\"Oui\">Oui<\/option><option value=\"Non\">Non<\/option><\/select><\/span>\n\t\t\t\t\t<\/p>\n\t\t\t\t<\/div>\n\t\t\t<\/div>\n\t\t<\/div>\n\t<\/div>\n\t<div class=\"row\">\n\t\t<div class=\"col-xs-6\">\n\t\t\t<div class=\"form-field-wrapper\">\n\t\t\t\t<p><label><br \/>\n<\/label>\n\t\t\t\t<\/p>\n\t\t\t\t<div class=\"form-field-label\">\n\t\t\t\t\t<p>DATE D'ARRIVEE (VOL)\n\t\t\t\t\t<\/p>\n\t\t\t\t<\/div>\n\t\t\t\t<div class=\"form-field form-field-date\">\n\t\t\t\t\t<p><span class=\"wpcf7-form-control-wrap\" data-name=\"text-310\"><input size=\"40\" maxlength=\"400\" class=\"wpcf7-form-control wpcf7-text\" aria-invalid=\"false\" placeholder=\"jour\/mois\/ann\u00e9e (seulement remplir pour arriver)\" value=\"\" type=\"text\" name=\"text-310\" \/><\/span>\n\t\t\t\t\t<\/p>\n\t\t\t\t<\/div>\n\t\t\t<\/div>\n\t\t<\/div>\n\t\t<div class=\"col-xs-6\">\n\t\t\t<div class=\"form-field-wrapper\">\n\t\t\t\t<p><label><br \/>\n<\/label>\n\t\t\t\t<\/p>\n\t\t\t\t<div class=\"form-field-label\">\n\t\t\t\t\t<p>HEURE D'ARRIVEE (VOL)\n\t\t\t\t\t<\/p>\n\t\t\t\t<\/div>\n\t\t\t\t<div class=\"form-field form-field-hour\">\n\t\t\t\t\t<p><span class=\"wpcf7-form-control-wrap\" data-name=\"text-652\"><input size=\"40\" maxlength=\"400\" class=\"wpcf7-form-control wpcf7-text\" aria-invalid=\"false\" placeholder=\"heure:minutes (seulement remplir pour arriver)\" value=\"\" type=\"text\" name=\"text-652\" \/><\/span>\n\t\t\t\t\t<\/p>\n\t\t\t\t<\/div>\n\t\t\t<\/div>\n\t\t<\/div>\n\t<\/div>\n\t<div class=\"row\">\n\t\t<div class=\"col-xs-6\">\n\t\t\t<div class=\"form-field-wrapper\">\n\t\t\t\t<p><label><br \/>\n<\/label>\n\t\t\t\t<\/p>\n\t\t\t\t<div class=\"form-field-label\">\n\t\t\t\t\t<p>DATE DE DEPART (VOL)\n\t\t\t\t\t<\/p>\n\t\t\t\t<\/div>\n\t\t\t\t<div class=\"form-field form-field-date\">\n\t\t\t\t\t<p><span class=\"wpcf7-form-control-wrap\" data-name=\"text-972\"><input size=\"40\" maxlength=\"400\" class=\"wpcf7-form-control wpcf7-text\" aria-invalid=\"false\" placeholder=\"jour\/mois\/ann\u00e9e (seulement remplir pour partir)\" value=\"\" type=\"text\" name=\"text-972\" \/><\/span>\n\t\t\t\t\t<\/p>\n\t\t\t\t<\/div>\n\t\t\t<\/div>\n\t\t<\/div>\n\t\t<div class=\"col-xs-6\">\n\t\t\t<div class=\"form-field-wrapper\">\n\t\t\t\t<p><label><br \/>\n<\/label>\n\t\t\t\t<\/p>\n\t\t\t\t<div class=\"form-field-label\">\n\t\t\t\t\t<p>HEURE DE DEPART (VOL)\n\t\t\t\t\t<\/p>\n\t\t\t\t<\/div>\n\t\t\t\t<div class=\"form-field form-field-hour\">\n\t\t\t\t\t<p><span class=\"wpcf7-form-control-wrap\" data-name=\"text-973\"><input size=\"40\" maxlength=\"400\" class=\"wpcf7-form-control wpcf7-text\" aria-invalid=\"false\" placeholder=\"heure:minutes (seulement remplir pour partir)\" value=\"\" type=\"text\" name=\"text-973\" \/><\/span>\n\t\t\t\t\t<\/p>\n\t\t\t\t<\/div>\n\t\t\t<\/div>\n\t\t<\/div>\n\t<\/div>\n\t<div class=\"row\">\n\t\t<div class=\"col-xs-6\">\n\t\t\t<div class=\"form-field-wrapper\">\n\t\t\t\t<p><label><br \/>\n<\/label>\n\t\t\t\t<\/p>\n\t\t\t\t<div class=\"form-field-label\">\n\t\t\t\t\t<p>ADRESSE OU H\u00d4TEL DE DESTINATION\n\t\t\t\t\t<\/p>\n\t\t\t\t<\/div>\n\t\t\t\t<div class=\"form-field form-field-textarea\">\n\t\t\t\t\t<p><span class=\"wpcf7-form-control-wrap\" data-name=\"text-674\"><input size=\"40\" maxlength=\"400\" class=\"wpcf7-form-control wpcf7-text\" aria-invalid=\"false\" placeholder=\"Seulement remplir en cas d&#039;arriver\" value=\"\" type=\"text\" name=\"text-674\" \/><\/span>\n\t\t\t\t\t<\/p>\n\t\t\t\t<\/div>\n\t\t\t<\/div>\n\t\t<\/div>\n\t\t<div class=\"col-xs-6\">\n\t\t\t<div class=\"form-field-wrapper\">\n\t\t\t\t<p><label><br \/>\n<\/label>\n\t\t\t\t<\/p>\n\t\t\t\t<div class=\"form-field-label\">\n\t\t\t\t\t<p>ADRESSE DE RAMASSAGE\n\t\t\t\t\t<\/p>\n\t\t\t\t<\/div>\n\t\t\t\t<div class=\"form-field form-field-textarea\">\n\t\t\t\t\t<p><span class=\"wpcf7-form-control-wrap\" data-name=\"text-186\"><input size=\"40\" maxlength=\"400\" class=\"wpcf7-form-control wpcf7-text\" aria-invalid=\"false\" placeholder=\"Seulement remplir en cas de partir\" value=\"\" type=\"text\" name=\"text-186\" \/><\/span>\n\t\t\t\t\t<\/p>\n\t\t\t\t<\/div>\n\t\t\t<\/div>\n\t\t<\/div>\n\t<\/div>\n\t<div class=\"row\">\n\t\t<div class=\"col-xs-12\">\n\t\t\t<div class=\"form-field-wrapper\">\n\t\t\t\t<div class=\"form-field-label\">\n\t\t\t\t\t<p>INFORMATIONS SUPPL\u00c9MENTAIRES\n\t\t\t\t\t<\/p>\n\t\t\t\t<\/div>\n\t\t\t\t<div class=\"form-field form-field-textarea\">\n\t\t\t\t\t<p><span class=\"wpcf7-form-control-wrap\" data-name=\"extra-informatie\"><textarea cols=\"40\" rows=\"10\" maxlength=\"2000\" class=\"wpcf7-form-control wpcf7-textarea\" aria-invalid=\"false\" name=\"extra-informatie\"><\/textarea><\/span>\n\t\t\t\t\t<\/p>\n\t\t\t\t<\/div>\n\t\t\t<\/div>\n\t\t<\/div>\n\t<\/div>\n\t<div class=\"row\">\n\t\t<div class=\"col-xs-12\">\n\t\t\t<p><button class=\"button-primary button-block\">ENVOYER!<\/button>\n\t\t\t<\/p>\n\t\t<\/div>\n\t<\/div>\n<\/div><div class=\"wpcf7-response-output\" aria-hidden=\"true\"><\/div>\n<\/form>\n<\/div>\n[\/vc_column][\/vc_row][vc_row css=&#8221;.vc_custom_1473481338754{margin-top: 65px !important;padding-right: 15px !important;padding-left: 15px !important;}&#8221;][vc_column css=&#8221;.vc_custom_1486304698797{margin-top: -50px !important;}&#8221;][vc_row_inner css=&#8221;.vc_custom_1486763330787{padding-top: 75px !important;padding-right: 50px !important;padding-bottom: 75px !important;padding-left: 50px !important;background-image: url(https:\/\/taxialicante.eu\/wp-content\/uploads\/2016\/09\/bannerteamwerken-1.jpg?id=1423) !important;background-position: center !important;background-repeat: no-repeat !important;background-size: cover !important;}&#8221;][vc_column_inner width=&#8221;2\/3&#8243; css=&#8221;.vc_custom_1486763623074{margin-top: -30px !important;}&#8221;][vc_custom_heading text=&#8221;Vous voulez faire partie de notre \u00e9quipe?&#8221; font_container=&#8221;tag:h2|font_size:20|text_align:left|color:%23ffffff|line_height:1&#8243; use_theme_fonts=&#8221;yes&#8221; show_box_icon=&#8221;&#8221; font_weight=&#8221;700&#8243; text_transform=&#8221;none&#8221; link=&#8221;|||&#8221;][vc_custom_heading text=&#8221;<b>ENVOYER ICI VOTRE CV!<\/b>&#8221; font_container=&#8221;tag:h2|font_size:36|text_align:left|color:%23e62d38|line_height:1&#8243; use_theme_fonts=&#8221;yes&#8221; show_box_icon=&#8221;&#8221; font_weight=&#8221;700&#8243; text_transform=&#8221;none&#8221; css=&#8221;.vc_custom_1492852427681{margin-top: 4px !important;}&#8221;][\/vc_column_inner][vc_column_inner el_class=&#8221;text-align-right&#8221; width=&#8221;1\/3&#8243; css=&#8221;.vc_custom_1486763493418{padding-top: 5px !important;}&#8221;][boardthemes_button has_arrow=&#8221;&#8221; text=&#8221;CLIQUEZ ICI&#8221; link=&#8221;url:http%3A%2F%2Fwww.taxialicante.eu%2Ffr%2Ftransferts-economiques-aeroport%2F|||&#8221; el_class=&#8221;button-small&#8221;][\/vc_column_inner][\/vc_row_inner][\/vc_column][\/vc_row]<\/p>\n<\/section>","protected":false},"excerpt":{"rendered":"<p>[vc_row][vc_column css=&#8221;.vc_custom_1486305307868{margin-top: -20px !important;margin-bottom: -30px !important;}&#8221;][vc_column_text]Vous voulez faire une r\u00e9servation online ou solliciter un devis transfert a\u00e9roport sans engagement? Remplissez le formulaire suivant en compl\u00e9tant tous les champs n\u00e9cessaires suivant votre demande. Nous serons enchant\u00e9s de r\u00e9pondre \u00e0 vos besoins de transfert a\u00e9roport, transfert de groupe, service taxi et transfert pour entreprises. Avec Taxi Alicante vous recevrez toujours le meilleur service au meilleur prix! (*champs obligatoires)[\/vc_column_text][\/vc_column][\/vc_row][vc_row][vc_column css=&#8221;.vc_custom_1486305439484{margin-top: 30px !important;}&#8221;][vc_separator][\/vc_column][\/vc_row][vc_row][vc_column css=&#8221;.vc_custom_1486305520238{margin-top: -30px !important;}&#8221;][\/vc_column][\/vc_row][vc_row css=&#8221;.vc_custom_1473481338754{margin-top: 65px !important;padding-right: 15px !important;padding-left: 15px !important;}&#8221;][vc_column css=&#8221;.vc_custom_1486304698797{margin-top: -50px !important;}&#8221;][vc_row_inner css=&#8221;.vc_custom_1486763330787{padding-top: 75px !important;padding-right: 50px !important;padding-bottom: 75px !important;padding-left: 50px !important;background-image: url(https:\/\/taxialicante.eu\/wp-content\/uploads\/2016\/09\/bannerteamwerken-1.jpg?id=1423) !important;background-position: center !important;background-repeat: no-repeat !important;background-size: cover !important;}&#8221;][vc_column_inner width=&#8221;2\/3&#8243; css=&#8221;.vc_custom_1486763623074{margin-top: -30px !important;}&#8221;][vc_custom_heading text=&#8221;Vous voulez faire partie de notre \u00e9quipe?&#8221; font_container=&#8221;tag:h2|font_size:20|text_align:left|color:%23ffffff|line_height:1&#8243; use_theme_fonts=&#8221;yes&#8221; show_box_icon=&#8221;&#8221; font_weight=&#8221;700&#8243; text_transform=&#8221;none&#8221; link=&#8221;|||&#8221;][vc_custom_heading text=&#8221;ENVOYER ICI VOTRE CV!&#8221; font_container=&#8221;tag:h2|font_size:36|text_align:left|color:%23e62d38|line_height:1&#8243; use_theme_fonts=&#8221;yes&#8221; show_box_icon=&#8221;&#8221; font_weight=&#8221;700&#8243; text_transform=&#8221;none&#8221; css=&#8221;.vc_custom_1492852427681{margin-top: 4px !important;}&#8221;][\/vc_column_inner][vc_column_inner el_class=&#8221;text-align-right&#8221; width=&#8221;1\/3&#8243; css=&#8221;.vc_custom_1486763493418{padding-top: 5px !important;}&#8221;][boardthemes_button has_arrow=&#8221;&#8221; text=&#8221;CLIQUEZ ICI&#8221; link=&#8221;url:http%3A%2F%2Fwww.taxialicante.eu%2Ffr%2Ftransferts-economiques-aeroport%2F|||&#8221; el_class=&#8221;button-small&#8221;][\/vc_column_inner][\/vc_row_inner][\/vc_column][\/vc_row]<\/p>\n","protected":false},"author":1,"featured_media":0,"parent":0,"menu_order":0,"comment_status":"closed","ping_status":"closed","template":"","meta":{"footnotes":""},"class_list":["post-3299","page","type-page","status-publish","hentry"],"yoast_head":"<!-- This site is optimized with the Yoast SEO plugin v26.5 - https:\/\/yoast.com\/wordpress\/plugins\/seo\/ -->\n<title>Devis transfert a\u00e9roport? Avec Taxi Alicante \u00e0 la Costa Blanca<\/title>\n<meta name=\"description\" content=\"R\u00e9server un service de transfert online ou recevoir un devis transfert a\u00e9roport \u00e0 des prix concurrentiels? Taxi Alicante, le meilleur service d\u2019Espagne.\" \/>\n<meta name=\"robots\" content=\"index, follow, max-snippet:-1, max-image-preview:large, max-video-preview:-1\" \/>\n<meta property=\"og:locale\" content=\"fr_FR\" \/>\n<meta property=\"og:type\" content=\"article\" \/>\n<meta property=\"og:title\" content=\"Devis transfert a\u00e9roport? Avec Taxi Alicante \u00e0 la Costa Blanca\" \/>\n<meta property=\"og:description\" content=\"R\u00e9server un service de transfert online ou recevoir un devis transfert a\u00e9roport \u00e0 des prix concurrentiels? Taxi Alicante, le meilleur service d\u2019Espagne.\" \/>\n<meta property=\"og:url\" content=\"https:\/\/taxialicante.eu\/fr\/devis-transfert-aeroport\/\" \/>\n<meta property=\"og:site_name\" content=\"Taxi Alicante\" \/>\n<meta property=\"article:publisher\" content=\"https:\/\/www.facebook.com\/taxialicantevalencia\/?fref=ts\" \/>\n<meta property=\"article:modified_time\" content=\"2023-03-03T19:23:47+00:00\" \/>\n<meta name=\"twitter:card\" content=\"summary_large_image\" \/>\n<meta name=\"twitter:label1\" content=\"Est. reading time\" \/>\n\t<meta name=\"twitter:data1\" content=\"1 minute\" \/>\n<script type=\"application\/ld+json\" class=\"yoast-schema-graph\">{\"@context\":\"https:\/\/schema.org\",\"@graph\":[{\"@type\":\"WebPage\",\"@id\":\"https:\/\/taxialicante.eu\/fr\/devis-transfert-aeroport\/\",\"url\":\"https:\/\/taxialicante.eu\/fr\/devis-transfert-aeroport\/\",\"name\":\"Devis transfert a\u00e9roport? Avec Taxi Alicante \u00e0 la Costa Blanca\",\"isPartOf\":{\"@id\":\"https:\/\/taxialicante.eu\/#website\"},\"datePublished\":\"2016-09-10T01:24:37+00:00\",\"dateModified\":\"2023-03-03T19:23:47+00:00\",\"description\":\"R\u00e9server un service de transfert online ou recevoir un devis transfert a\u00e9roport \u00e0 des prix concurrentiels? Taxi Alicante, le meilleur service d\u2019Espagne.\",\"breadcrumb\":{\"@id\":\"https:\/\/taxialicante.eu\/fr\/devis-transfert-aeroport\/#breadcrumb\"},\"inLanguage\":\"fr\",\"potentialAction\":[{\"@type\":\"ReadAction\",\"target\":[\"https:\/\/taxialicante.eu\/fr\/devis-transfert-aeroport\/\"]}]},{\"@type\":\"BreadcrumbList\",\"@id\":\"https:\/\/taxialicante.eu\/fr\/devis-transfert-aeroport\/#breadcrumb\",\"itemListElement\":[{\"@type\":\"ListItem\",\"position\":1,\"name\":\"Home\",\"item\":\"https:\/\/taxialicante.eu\/fr\/\"},{\"@type\":\"ListItem\",\"position\":2,\"name\":\"Devis gratuit\"}]},{\"@type\":\"WebSite\",\"@id\":\"https:\/\/taxialicante.eu\/#website\",\"url\":\"https:\/\/taxialicante.eu\/\",\"name\":\"Taxi Alicante\",\"description\":\"25 jaar ervaring in luchthavenvervoer\",\"publisher\":{\"@id\":\"https:\/\/taxialicante.eu\/#organization\"},\"potentialAction\":[{\"@type\":\"SearchAction\",\"target\":{\"@type\":\"EntryPoint\",\"urlTemplate\":\"https:\/\/taxialicante.eu\/?s={search_term_string}\"},\"query-input\":{\"@type\":\"PropertyValueSpecification\",\"valueRequired\":true,\"valueName\":\"search_term_string\"}}],\"inLanguage\":\"fr\"},{\"@type\":\"Organization\",\"@id\":\"https:\/\/taxialicante.eu\/#organization\",\"name\":\"Taxi Alicante\",\"url\":\"https:\/\/taxialicante.eu\/\",\"logo\":{\"@type\":\"ImageObject\",\"inLanguage\":\"fr\",\"@id\":\"https:\/\/taxialicante.eu\/#\/schema\/logo\/image\/\",\"url\":\"https:\/\/taxialicante.eu\/wp-content\/uploads\/2017\/02\/logo-red-1.png\",\"contentUrl\":\"https:\/\/taxialicante.eu\/wp-content\/uploads\/2017\/02\/logo-red-1.png\",\"width\":350,\"height\":84,\"caption\":\"Taxi Alicante\"},\"image\":{\"@id\":\"https:\/\/taxialicante.eu\/#\/schema\/logo\/image\/\"},\"sameAs\":[\"https:\/\/www.facebook.com\/taxialicantevalencia\/?fref=ts\"]}]}<\/script>\n<!-- \/ Yoast SEO plugin. -->","yoast_head_json":{"title":"Devis transfert a\u00e9roport? Avec Taxi Alicante \u00e0 la Costa Blanca","description":"R\u00e9server un service de transfert online ou recevoir un devis transfert a\u00e9roport \u00e0 des prix concurrentiels? Taxi Alicante, le meilleur service d\u2019Espagne.","robots":{"index":"index","follow":"follow","max-snippet":"max-snippet:-1","max-image-preview":"max-image-preview:large","max-video-preview":"max-video-preview:-1"},"og_locale":"fr_FR","og_type":"article","og_title":"Devis transfert a\u00e9roport? Avec Taxi Alicante \u00e0 la Costa Blanca","og_description":"R\u00e9server un service de transfert online ou recevoir un devis transfert a\u00e9roport \u00e0 des prix concurrentiels? Taxi Alicante, le meilleur service d\u2019Espagne.","og_url":"https:\/\/taxialicante.eu\/fr\/devis-transfert-aeroport\/","og_site_name":"Taxi Alicante","article_publisher":"https:\/\/www.facebook.com\/taxialicantevalencia\/?fref=ts","article_modified_time":"2023-03-03T19:23:47+00:00","twitter_card":"summary_large_image","twitter_misc":{"Est. reading time":"1 minute"},"schema":{"@context":"https:\/\/schema.org","@graph":[{"@type":"WebPage","@id":"https:\/\/taxialicante.eu\/fr\/devis-transfert-aeroport\/","url":"https:\/\/taxialicante.eu\/fr\/devis-transfert-aeroport\/","name":"Devis transfert a\u00e9roport? Avec Taxi Alicante \u00e0 la Costa Blanca","isPartOf":{"@id":"https:\/\/taxialicante.eu\/#website"},"datePublished":"2016-09-10T01:24:37+00:00","dateModified":"2023-03-03T19:23:47+00:00","description":"R\u00e9server un service de transfert online ou recevoir un devis transfert a\u00e9roport \u00e0 des prix concurrentiels? Taxi Alicante, le meilleur service d\u2019Espagne.","breadcrumb":{"@id":"https:\/\/taxialicante.eu\/fr\/devis-transfert-aeroport\/#breadcrumb"},"inLanguage":"fr","potentialAction":[{"@type":"ReadAction","target":["https:\/\/taxialicante.eu\/fr\/devis-transfert-aeroport\/"]}]},{"@type":"BreadcrumbList","@id":"https:\/\/taxialicante.eu\/fr\/devis-transfert-aeroport\/#breadcrumb","itemListElement":[{"@type":"ListItem","position":1,"name":"Home","item":"https:\/\/taxialicante.eu\/fr\/"},{"@type":"ListItem","position":2,"name":"Devis gratuit"}]},{"@type":"WebSite","@id":"https:\/\/taxialicante.eu\/#website","url":"https:\/\/taxialicante.eu\/","name":"Taxi Alicante","description":"25 jaar ervaring in luchthavenvervoer","publisher":{"@id":"https:\/\/taxialicante.eu\/#organization"},"potentialAction":[{"@type":"SearchAction","target":{"@type":"EntryPoint","urlTemplate":"https:\/\/taxialicante.eu\/?s={search_term_string}"},"query-input":{"@type":"PropertyValueSpecification","valueRequired":true,"valueName":"search_term_string"}}],"inLanguage":"fr"},{"@type":"Organization","@id":"https:\/\/taxialicante.eu\/#organization","name":"Taxi Alicante","url":"https:\/\/taxialicante.eu\/","logo":{"@type":"ImageObject","inLanguage":"fr","@id":"https:\/\/taxialicante.eu\/#\/schema\/logo\/image\/","url":"https:\/\/taxialicante.eu\/wp-content\/uploads\/2017\/02\/logo-red-1.png","contentUrl":"https:\/\/taxialicante.eu\/wp-content\/uploads\/2017\/02\/logo-red-1.png","width":350,"height":84,"caption":"Taxi Alicante"},"image":{"@id":"https:\/\/taxialicante.eu\/#\/schema\/logo\/image\/"},"sameAs":["https:\/\/www.facebook.com\/taxialicantevalencia\/?fref=ts"]}]}},"_links":{"self":[{"href":"https:\/\/taxialicante.eu\/fr\/wp-json\/wp\/v2\/pages\/3299","targetHints":{"allow":["GET"]}}],"collection":[{"href":"https:\/\/taxialicante.eu\/fr\/wp-json\/wp\/v2\/pages"}],"about":[{"href":"https:\/\/taxialicante.eu\/fr\/wp-json\/wp\/v2\/types\/page"}],"author":[{"embeddable":true,"href":"https:\/\/taxialicante.eu\/fr\/wp-json\/wp\/v2\/users\/1"}],"replies":[{"embeddable":true,"href":"https:\/\/taxialicante.eu\/fr\/wp-json\/wp\/v2\/comments?post=3299"}],"version-history":[{"count":1,"href":"https:\/\/taxialicante.eu\/fr\/wp-json\/wp\/v2\/pages\/3299\/revisions"}],"predecessor-version":[{"id":5382,"href":"https:\/\/taxialicante.eu\/fr\/wp-json\/wp\/v2\/pages\/3299\/revisions\/5382"}],"wp:attachment":[{"href":"https:\/\/taxialicante.eu\/fr\/wp-json\/wp\/v2\/media?parent=3299"}],"curies":[{"name":"wp","href":"https:\/\/api.w.org\/{rel}","templated":true}]}}