{"id":4444,"date":"2018-12-11T11:57:04","date_gmt":"2018-12-11T10:57:04","guid":{"rendered":"http:\/\/www.taxialicante.eu\/ceremonievervoer\/"},"modified":"2021-04-05T18:52:36","modified_gmt":"2021-04-05T16:52:36","slug":"transport-de-ceremonie","status":"publish","type":"page","link":"https:\/\/taxialicante.eu\/fr\/transport-de-ceremonie\/","title":{"rendered":"Transport de c\u00e9r\u00e9monie"},"content":{"rendered":"<section class=\"wpb-content-wrapper\"><p>[vc_row][vc_column css=&#8221;.vc_custom_1486570994307{margin-top: -20px !important;margin-bottom: -40px !important;}&#8221;][vc_column_text]Le grand jour est-il \u00e0 la porte ou organisez-vous un \u00e9v\u00e9nement sp\u00e9cial? Vous cherchez un transport de c\u00e9r\u00e9monie avec juste ce petit plus? Alors d\u00e9couvrez nos belles voitures de c\u00e9r\u00e9monie. Le jour de votre mariage est l\u2019un des jours les plus importants de votre vie. Chez <strong><a style=\"color: #e62d38;\" href=\"https:\/\/taxialicante.eu\/fr\/\">Taxi Alicante<\/a><\/strong>, nous faisons tout pour r\u00e9pondre \u00e0 vos besoins. De cette fa\u00e7on, nous nous assurons que vous et vos invit\u00e9s arrivez \u00e0 l&#8217;heure, dans le confort et le style. Nous travaillons avec votre <strong>wedding planner<\/strong> pour organiser votre transport de mariage sur la Costa Blanca.<\/p>\n<h2>D\u00e9couvrez les possibilit\u00e9s du transport de c\u00e9r\u00e9monie<\/h2>\n<p>En ce qui concerne le transport de c\u00e9r\u00e9monie, de nombreuses options s&#8217;offrent \u00e0 vous: optez pour une voiture de loisir amusante, une limousine ou une voiture de luxe comme notre <strong><a style=\"color: #e62d38;\" href=\"https:\/\/taxialicante.eu\/fr\/transfert-pour-entreprises\/\">Mercedes Classe S<\/a><\/strong>. Par exemple, sous transport de mariage, vous avez \u00e9galement des navettes qui vous emm\u00e8nent avec vos invit\u00e9s du parking \u00e0 votre salle de f\u00eate. Taxi Alicante dispose toujours de voitures de c\u00e9r\u00e9monie avec chauffeur. Nous prenons soin de vous partout: service de prise en charge \u00e0 la salle de f\u00eate, chez vous, \u00e0 l&#8217;\u00e9glise ou partout o\u00f9 vous le souhaitez, de mani\u00e8re unique. Nous aimons travailler avec vous (ou avec votre organisateur de mariage) en cette journ\u00e9e m\u00e9morable pour amener tout le monde dans des endroits diff\u00e9rents et nous faisons tout pour que cette journ\u00e9e se passe le mieux possible.<\/p>\n<p>Vous allez bient\u00f4t vous marier, organiser un \u00e9v\u00e9nement amusant ou vous souhaitez \u00eatre transport\u00e9 d&#8217;une mani\u00e8re sp\u00e9ciale? Alors, assurez-vous de compter sur notre <strong><a style=\"color: #e62d38;\" href=\"https:\/\/taxialicante.eu\/fr\/transport-aeroport\/\">exp\u00e9rience<\/a><\/strong> pour votre transport de c\u00e9r\u00e9monie sur la Costa Blanca!<\/p>\n<h2>N&#8217;h\u00e9sitez pas \u00e0 nous contacter<\/h2>\n<p>Taxi Alicante est l\u00e0 pour vous, pour donner \u00e0 votre mariage un peu plus de succ\u00e8s. Nous avons des employ\u00e9s multilingues et discrets qui assurent une circulation fluide avec des voitures luxueusement \u00e9quip\u00e9es. \u00cates-vous devenu curieux de savoir ce que nous pouvons faire pour vous? N&#8217;h\u00e9sitez pas \u00e0 nous contacter, nous nous ferons un plaisir de vous aider \u00e0 trouver la voiture ou la d\u00e9coration id\u00e9ale. Chaque opportunit\u00e9 \u00e9tant unique, nous n\u2019utilisons pas de liste de prix g\u00e9n\u00e9rale. Un <strong><a style=\"color: #e62d38;\" href=\"https:\/\/taxialicante.eu\/fr\/devis-transfert-aeroport\/\">devis gratuit<\/a>\u00a0<\/strong>est \u00e9tabli en fonction des besoins et des souhaits de notre client.[\/vc_column_text][\/vc_column][\/vc_row][vc_row css=&#8221;.vc_custom_1486580172252{margin-top: 40px !important;}&#8221;][vc_column][vc_custom_heading text=&#8221;Mercedes S-Klasse&#8221; use_theme_fonts=&#8221;yes&#8221; font_weight=&#8221;400&#8243; text_transform=&#8221;none&#8221;][vc_gallery type=&#8221;image_grid&#8221; images=&#8221;4381,4382,4383,4384&#8243;][vc_custom_heading text=&#8221;Jaguar XJ Executive&#8221; use_theme_fonts=&#8221;yes&#8221; font_weight=&#8221;400&#8243; text_transform=&#8221;none&#8221;][vc_gallery type=&#8221;image_grid&#8221; images=&#8221;4376,4377,4379,4378&#8243;][vc_custom_heading text=&#8221;Jaguar XJ 3 Sovereign 4.2&#8243; use_theme_fonts=&#8221;yes&#8221; font_weight=&#8221;400&#8243; text_transform=&#8221;none&#8221;][vc_gallery type=&#8221;image_grid&#8221; images=&#8221;4386,4387,4389,4388&#8243;][vc_custom_heading text=&#8221;Jaguar Daimler 4.0&#8243; use_theme_fonts=&#8221;yes&#8221; font_weight=&#8221;400&#8243; text_transform=&#8221;none&#8221;][vc_gallery type=&#8221;image_grid&#8221; images=&#8221;4397,4398,4400,4399&#8243;][vc_custom_heading text=&#8221;Mini Cooper&#8221; use_theme_fonts=&#8221;yes&#8221; font_weight=&#8221;400&#8243; text_transform=&#8221;none&#8221;][vc_gallery type=&#8221;image_grid&#8221; images=&#8221;4391,4392,4393,4394&#8243;][vc_custom_heading text=&#8221;Limousine Lincoln&#8221; use_theme_fonts=&#8221;yes&#8221; font_weight=&#8221;400&#8243; text_transform=&#8221;none&#8221;][vc_gallery type=&#8221;image_grid&#8221; images=&#8221;4371,4373,4370,4372&#8243;][\/vc_column][\/vc_row][vc_row content_placement=&#8221;middle&#8221; css=&#8221;.vc_custom_1486585373634{margin-right: 2px !important;margin-left: 2px !important;background-image: url(https:\/\/taxialicante.eu\/wp-content\/uploads\/2017\/02\/service-bg-5-2-1.png?id=1009) !important;background-position: center !important;background-repeat: no-repeat !important;background-size: cover !important;}&#8221;][vc_column][vc_row_inner][vc_column_inner el_class=&#8221;.padding-left-xs-15&#8243; css=&#8221;.vc_custom_1486561868414{padding-top: 120px !important;padding-bottom: 40px !important;padding-left: 58px !important;background-position: center !important;background-repeat: no-repeat !important;background-size: contain !important;}&#8221;][vc_custom_heading text=&#8221;Demandez ici en ligne&#8221; font_container=&#8221;tag:h2|font_size:30|text_align:left|line_height:1&#8243; use_theme_fonts=&#8221;yes&#8221; show_box_icon=&#8221;&#8221; font_weight=&#8221;700&#8243; text_transform=&#8221;none&#8221;][vc_custom_heading text=&#8221;un devis sans engagement.&#8221; font_container=&#8221;tag:h2|font_size:30|text_align:left|line_height:1&#8243; use_theme_fonts=&#8221;yes&#8221; show_box_icon=&#8221;&#8221; font_weight=&#8221;700&#8243; text_transform=&#8221;none&#8221; css=&#8221;.vc_custom_1547052328533{margin-top: 6px !important;}&#8221;][\/vc_column_inner][\/vc_row_inner][boardthemes_button has_arrow=&#8221;yes&#8221; text=&#8221;CLIQUEZ ICI&#8221; link=&#8221;url:http%3A%2F%2Fwww.taxialicante.eu%2Ffr%2Fdevis-transfert-aeroport%2F|||&#8221; css=&#8221;.vc_custom_1490189879712{margin-bottom: 30px !important;margin-left: 45px !important;}&#8221;][\/vc_column][\/vc_row]<\/p>\n<\/section>","protected":false},"excerpt":{"rendered":"<p>[vc_row][vc_column css=&#8221;.vc_custom_1486570994307{margin-top: -20px !important;margin-bottom: -40px !important;}&#8221;][vc_column_text]Le grand jour est-il \u00e0 la porte ou organisez-vous un \u00e9v\u00e9nement sp\u00e9cial? Vous cherchez un transport de c\u00e9r\u00e9monie avec juste ce petit plus? Alors d\u00e9couvrez nos belles voitures de c\u00e9r\u00e9monie. Le jour de votre mariage est l\u2019un des jours les plus importants de votre vie. Chez Taxi Alicante, nous faisons tout pour r\u00e9pondre \u00e0 vos besoins. De cette fa\u00e7on, nous nous assurons que vous et vos invit\u00e9s arrivez \u00e0 l&#8217;heure, dans le confort et le style. Nous travaillons avec votre wedding planner pour organiser votre transport de mariage sur la Costa Blanca. D\u00e9couvrez les possibilit\u00e9s du transport de c\u00e9r\u00e9monie En ce qui concerne le transport de c\u00e9r\u00e9monie, de nombreuses options s&#8217;offrent \u00e0 vous: optez pour une voiture de loisir amusante, une limousine ou une voiture de luxe comme notre Mercedes Classe S. Par exemple, sous transport de mariage, vous avez \u00e9galement des navettes qui vous emm\u00e8nent avec vos invit\u00e9s du parking \u00e0 votre salle de f\u00eate. Taxi Alicante dispose toujours de voitures de c\u00e9r\u00e9monie avec chauffeur. Nous prenons soin de vous partout: service de prise en charge \u00e0 la salle de f\u00eate, chez vous, \u00e0 l&#8217;\u00e9glise ou partout o\u00f9 vous le souhaitez, de mani\u00e8re unique. [&hellip;]<\/p>\n","protected":false},"author":1,"featured_media":0,"parent":0,"menu_order":0,"comment_status":"closed","ping_status":"closed","template":"","meta":{"footnotes":""},"class_list":["post-4444","page","type-page","status-publish","hentry"],"yoast_head":"<!-- This site is optimized with the Yoast SEO plugin v26.5 - https:\/\/yoast.com\/wordpress\/plugins\/seo\/ -->\n<title>Transport de c\u00e9r\u00e9monie - Taxi Alicante sur le Costa Blanca en Espagne<\/title>\n<meta name=\"description\" content=\"Le grand jour est-il \u00e0 la porte ou organisez-vous un \u00e9v\u00e9nement sp\u00e9cial? Vous cherchez un transport de c\u00e9r\u00e9monie avec juste ce petit plus?\" \/>\n<meta name=\"robots\" content=\"index, follow, max-snippet:-1, max-image-preview:large, max-video-preview:-1\" \/>\n<meta property=\"og:locale\" content=\"fr_FR\" \/>\n<meta property=\"og:type\" content=\"article\" \/>\n<meta property=\"og:title\" content=\"Transport de c\u00e9r\u00e9monie - Taxi Alicante sur le Costa Blanca en Espagne\" \/>\n<meta property=\"og:description\" content=\"Le grand jour est-il \u00e0 la porte ou organisez-vous un \u00e9v\u00e9nement sp\u00e9cial? Vous cherchez un transport de c\u00e9r\u00e9monie avec juste ce petit plus?\" \/>\n<meta property=\"og:url\" content=\"https:\/\/taxialicante.eu\/fr\/transport-de-ceremonie\/\" \/>\n<meta property=\"og:site_name\" content=\"Taxi Alicante\" \/>\n<meta property=\"article:publisher\" content=\"https:\/\/www.facebook.com\/taxialicantevalencia\/?fref=ts\" \/>\n<meta property=\"article:modified_time\" content=\"2021-04-05T16:52:36+00:00\" \/>\n<meta name=\"twitter:card\" content=\"summary_large_image\" \/>\n<meta name=\"twitter:label1\" content=\"Est. reading time\" \/>\n\t<meta name=\"twitter:data1\" content=\"3 minutes\" \/>\n<script type=\"application\/ld+json\" class=\"yoast-schema-graph\">{\"@context\":\"https:\/\/schema.org\",\"@graph\":[{\"@type\":\"WebPage\",\"@id\":\"https:\/\/taxialicante.eu\/fr\/transport-de-ceremonie\/\",\"url\":\"https:\/\/taxialicante.eu\/fr\/transport-de-ceremonie\/\",\"name\":\"Transport de c\u00e9r\u00e9monie - Taxi Alicante sur le Costa Blanca en Espagne\",\"isPartOf\":{\"@id\":\"https:\/\/taxialicante.eu\/#website\"},\"datePublished\":\"2018-12-11T10:57:04+00:00\",\"dateModified\":\"2021-04-05T16:52:36+00:00\",\"description\":\"Le grand jour est-il \u00e0 la porte ou organisez-vous un \u00e9v\u00e9nement sp\u00e9cial? Vous cherchez un transport de c\u00e9r\u00e9monie avec juste ce petit plus?\",\"breadcrumb\":{\"@id\":\"https:\/\/taxialicante.eu\/fr\/transport-de-ceremonie\/#breadcrumb\"},\"inLanguage\":\"fr\",\"potentialAction\":[{\"@type\":\"ReadAction\",\"target\":[\"https:\/\/taxialicante.eu\/fr\/transport-de-ceremonie\/\"]}]},{\"@type\":\"BreadcrumbList\",\"@id\":\"https:\/\/taxialicante.eu\/fr\/transport-de-ceremonie\/#breadcrumb\",\"itemListElement\":[{\"@type\":\"ListItem\",\"position\":1,\"name\":\"Home\",\"item\":\"https:\/\/taxialicante.eu\/fr\/\"},{\"@type\":\"ListItem\",\"position\":2,\"name\":\"Transport de c\u00e9r\u00e9monie\"}]},{\"@type\":\"WebSite\",\"@id\":\"https:\/\/taxialicante.eu\/#website\",\"url\":\"https:\/\/taxialicante.eu\/\",\"name\":\"Taxi Alicante\",\"description\":\"25 jaar ervaring in luchthavenvervoer\",\"publisher\":{\"@id\":\"https:\/\/taxialicante.eu\/#organization\"},\"potentialAction\":[{\"@type\":\"SearchAction\",\"target\":{\"@type\":\"EntryPoint\",\"urlTemplate\":\"https:\/\/taxialicante.eu\/?s={search_term_string}\"},\"query-input\":{\"@type\":\"PropertyValueSpecification\",\"valueRequired\":true,\"valueName\":\"search_term_string\"}}],\"inLanguage\":\"fr\"},{\"@type\":\"Organization\",\"@id\":\"https:\/\/taxialicante.eu\/#organization\",\"name\":\"Taxi Alicante\",\"url\":\"https:\/\/taxialicante.eu\/\",\"logo\":{\"@type\":\"ImageObject\",\"inLanguage\":\"fr\",\"@id\":\"https:\/\/taxialicante.eu\/#\/schema\/logo\/image\/\",\"url\":\"https:\/\/taxialicante.eu\/wp-content\/uploads\/2017\/02\/logo-red-1.png\",\"contentUrl\":\"https:\/\/taxialicante.eu\/wp-content\/uploads\/2017\/02\/logo-red-1.png\",\"width\":350,\"height\":84,\"caption\":\"Taxi Alicante\"},\"image\":{\"@id\":\"https:\/\/taxialicante.eu\/#\/schema\/logo\/image\/\"},\"sameAs\":[\"https:\/\/www.facebook.com\/taxialicantevalencia\/?fref=ts\"]}]}<\/script>\n<!-- \/ Yoast SEO plugin. -->","yoast_head_json":{"title":"Transport de c\u00e9r\u00e9monie - Taxi Alicante sur le Costa Blanca en Espagne","description":"Le grand jour est-il \u00e0 la porte ou organisez-vous un \u00e9v\u00e9nement sp\u00e9cial? Vous cherchez un transport de c\u00e9r\u00e9monie avec juste ce petit plus?","robots":{"index":"index","follow":"follow","max-snippet":"max-snippet:-1","max-image-preview":"max-image-preview:large","max-video-preview":"max-video-preview:-1"},"og_locale":"fr_FR","og_type":"article","og_title":"Transport de c\u00e9r\u00e9monie - Taxi Alicante sur le Costa Blanca en Espagne","og_description":"Le grand jour est-il \u00e0 la porte ou organisez-vous un \u00e9v\u00e9nement sp\u00e9cial? Vous cherchez un transport de c\u00e9r\u00e9monie avec juste ce petit plus?","og_url":"https:\/\/taxialicante.eu\/fr\/transport-de-ceremonie\/","og_site_name":"Taxi Alicante","article_publisher":"https:\/\/www.facebook.com\/taxialicantevalencia\/?fref=ts","article_modified_time":"2021-04-05T16:52:36+00:00","twitter_card":"summary_large_image","twitter_misc":{"Est. reading time":"3 minutes"},"schema":{"@context":"https:\/\/schema.org","@graph":[{"@type":"WebPage","@id":"https:\/\/taxialicante.eu\/fr\/transport-de-ceremonie\/","url":"https:\/\/taxialicante.eu\/fr\/transport-de-ceremonie\/","name":"Transport de c\u00e9r\u00e9monie - Taxi Alicante sur le Costa Blanca en Espagne","isPartOf":{"@id":"https:\/\/taxialicante.eu\/#website"},"datePublished":"2018-12-11T10:57:04+00:00","dateModified":"2021-04-05T16:52:36+00:00","description":"Le grand jour est-il \u00e0 la porte ou organisez-vous un \u00e9v\u00e9nement sp\u00e9cial? Vous cherchez un transport de c\u00e9r\u00e9monie avec juste ce petit plus?","breadcrumb":{"@id":"https:\/\/taxialicante.eu\/fr\/transport-de-ceremonie\/#breadcrumb"},"inLanguage":"fr","potentialAction":[{"@type":"ReadAction","target":["https:\/\/taxialicante.eu\/fr\/transport-de-ceremonie\/"]}]},{"@type":"BreadcrumbList","@id":"https:\/\/taxialicante.eu\/fr\/transport-de-ceremonie\/#breadcrumb","itemListElement":[{"@type":"ListItem","position":1,"name":"Home","item":"https:\/\/taxialicante.eu\/fr\/"},{"@type":"ListItem","position":2,"name":"Transport de c\u00e9r\u00e9monie"}]},{"@type":"WebSite","@id":"https:\/\/taxialicante.eu\/#website","url":"https:\/\/taxialicante.eu\/","name":"Taxi Alicante","description":"25 jaar ervaring in luchthavenvervoer","publisher":{"@id":"https:\/\/taxialicante.eu\/#organization"},"potentialAction":[{"@type":"SearchAction","target":{"@type":"EntryPoint","urlTemplate":"https:\/\/taxialicante.eu\/?s={search_term_string}"},"query-input":{"@type":"PropertyValueSpecification","valueRequired":true,"valueName":"search_term_string"}}],"inLanguage":"fr"},{"@type":"Organization","@id":"https:\/\/taxialicante.eu\/#organization","name":"Taxi Alicante","url":"https:\/\/taxialicante.eu\/","logo":{"@type":"ImageObject","inLanguage":"fr","@id":"https:\/\/taxialicante.eu\/#\/schema\/logo\/image\/","url":"https:\/\/taxialicante.eu\/wp-content\/uploads\/2017\/02\/logo-red-1.png","contentUrl":"https:\/\/taxialicante.eu\/wp-content\/uploads\/2017\/02\/logo-red-1.png","width":350,"height":84,"caption":"Taxi Alicante"},"image":{"@id":"https:\/\/taxialicante.eu\/#\/schema\/logo\/image\/"},"sameAs":["https:\/\/www.facebook.com\/taxialicantevalencia\/?fref=ts"]}]}},"_links":{"self":[{"href":"https:\/\/taxialicante.eu\/fr\/wp-json\/wp\/v2\/pages\/4444","targetHints":{"allow":["GET"]}}],"collection":[{"href":"https:\/\/taxialicante.eu\/fr\/wp-json\/wp\/v2\/pages"}],"about":[{"href":"https:\/\/taxialicante.eu\/fr\/wp-json\/wp\/v2\/types\/page"}],"author":[{"embeddable":true,"href":"https:\/\/taxialicante.eu\/fr\/wp-json\/wp\/v2\/users\/1"}],"replies":[{"embeddable":true,"href":"https:\/\/taxialicante.eu\/fr\/wp-json\/wp\/v2\/comments?post=4444"}],"version-history":[{"count":2,"href":"https:\/\/taxialicante.eu\/fr\/wp-json\/wp\/v2\/pages\/4444\/revisions"}],"predecessor-version":[{"id":5378,"href":"https:\/\/taxialicante.eu\/fr\/wp-json\/wp\/v2\/pages\/4444\/revisions\/5378"}],"wp:attachment":[{"href":"https:\/\/taxialicante.eu\/fr\/wp-json\/wp\/v2\/media?parent=4444"}],"curies":[{"name":"wp","href":"https:\/\/api.w.org\/{rel}","templated":true}]}}